{"id":20540,"date":"2025-01-26T22:11:05","date_gmt":"2025-01-26T22:11:05","guid":{"rendered":"https:\/\/bioefekts.lv\/product\/vitmine-paruostas-naudoti\/"},"modified":"2025-03-05T14:12:35","modified_gmt":"2025-03-05T14:12:35","slug":"vitmine-paruostas-naudoti","status":"publish","type":"product","link":"https:\/\/bioefekts.lv\/lt\/produktas\/vitmine-paruostas-naudoti\/","title":{"rendered":"Vitmin &#8211; paruo\u0161tas naudoti"},"content":{"rendered":"\t\t<div data-elementor-type=\"product-post\" data-elementor-id=\"20540\" class=\"elementor elementor-20540 elementor-17074\" data-elementor-post-type=\"product\">\n\t\t\t\t<div class=\"elementor-element elementor-element-22c0ad1b e-flex e-con-boxed e-con e-parent\" data-id=\"22c0ad1b\" data-element_type=\"container\" data-e-type=\"container\">\n\t\t\t\t\t<div class=\"e-con-inner\">\n\t\t<div class=\"elementor-element elementor-element-34580e5 e-con-full e-flex e-con e-child\" data-id=\"34580e5\" data-element_type=\"container\" data-e-type=\"container\">\n\t\t\t\t<div class=\"elementor-element elementor-element-4c34e552 color-scheme-inherit text-left elementor-widget elementor-widget-text-editor\" data-id=\"4c34e552\" data-element_type=\"widget\" data-e-type=\"widget\" data-widget_type=\"text-editor.default\">\n\t\t\t\t<div class=\"elementor-widget-container\">\n\t\t\t\t\t\t\t\t\t<p><strong>Vitaminai naudojami<\/strong> s\u0117kloms daiginti, augalams \u0161aknyti ir augal\u0173 augimui skatinti. Jie aktyvina med\u017eiag\u0173 apykait\u0105 ir gerina mineralini\u0173 med\u017eiag\u0173 pasisavinim\u0105. Vitminas ypa\u010d rekomenduojamas l\u0117to, sunkiai dygstan\u010dioms s\u0117kloms, retiems ar vertingiems augalams apdoroti ir lauko augalams auginti. Vitmine sud\u0117tyje yra \u012fvairi\u0173 mikroorganizm\u0173 i\u0161skiriam\u0173 augalams nauding\u0173 auxin\u0173 ir citokin\u0173. S\u0117kl\u0173 apdorojimas Vitminu padidina s\u0117kl\u0173 apvalkalo pralaidum\u0105 ir pagerina s\u0117kl\u0173 dygim\u0105. Daig\u0173 apdorojimas Vitmin tirpalu laistant daigus pagerina \u012fsi\u0161aknijim\u0105 ir ekstensyvios \u0161akn\u0173 sistemos vystym\u0105si, sustiprina lap\u0173 ir stieb\u0173 augim\u0105, d\u0117l to augalai i\u0161auga vienodi. \u0160akn\u0173 svoris padid\u0117ja iki 60 %.<br>Vitmin taip pat skatina augal\u0173 imunitet\u0105 ir atsparum\u0105 nepalanki\u0173 aplinkos s\u0105lyg\u0173 sukeltam stresui, gali b\u016bti naudojamas vis\u0173 r\u016b\u0161i\u0173 pas\u0117liams.<br>Preparatas veikia augal\u0173 vystym\u0105si 3 b\u016bdais &#8211; aktyvina baltym\u0173 sintez\u0119, didina ferment\u0173 aktyvum\u0105, gerina membran\u0173 transportines savybes. Jis skatina stiprios \u0161akn\u0173 sistemos vystym\u0105si, \u0161akojim\u0105si ir kr\u016bmijim\u0105si, \u017eiedini\u0173 pumpur\u0173 skai\u010diaus did\u0117jim\u0105 ir derliaus augim\u0105. Vitminu apdoroti augalai duoda didesn\u012f derli\u0173 &#8211; vasariniai kvie\u010diai 0,4-0,5 t\/ha; mie\u017eiai 0,5 t\/ha; cukriniai runkeliai 0,4-0,8 t\/ha &#8211; apie apdorojimo laik\u0105 ir doz\u0117s parinkim\u0105 teiraukit\u0117s m\u016bs\u0173 konsultant\u0173.<br>Augal\u0173 laistymas Vitmino tirpalu skatina \u0161akn\u0173 sistemos vystym\u0105si ir augalo geb\u0117jim\u0105 pasisavinti reikalingas maisto med\u017eiagas.<br>Pur\u0161kimas Vitmin tirpalu vegetacijos prad\u017eioje padidins \u0161onini\u0173 \u0161ak\u0173, \u017eiedini\u0173 pumpur\u0173 formavim\u0105si ir kr\u016bmijim\u0105si.<br>Pur\u0161kimas Vitmin tirpalu vis\u0105 vegetacijos laikotarp\u012f padidins augal\u0173 geb\u0117jim\u0105 subrandinti vis\u0105 derli\u0173.<br>Pur\u0161kimas Vitmin tirpalu antroje vasaros pus\u0117je prailgins augal\u0173 &#8222;jaunyst\u0119\" ir ilgesn\u012f lap\u0173 i\u0161silaikym\u0105, maisto med\u017eiag\u0173 kaupim\u0105si ir pasiruo\u0161im\u0105 \u017eiemojimui.        <br><strong>SVARBU<\/strong><\/p><ul><li><p>\u0160ias tr\u0105\u0161as leid\u017eiama naudoti ekologin\u0117je \u017eemdirbyst\u0117je pagal Europos Komisijos reglament\u0105 2021\/1165.<\/p><\/li><li>Efektyvum\u0105 didina pakankama dirvos dr\u0117gm\u0117 ir \u0161iluma (+15-25\u00b0 C).<\/li><li>Visas mikrobiologines tr\u0105\u0161as galima derinti tarpusavyje.<\/li><li>Tarp gydymo ir derliaus nu\u0117mimo n\u0117ra laukimo laikotarpio.<\/li><\/ul><p><strong>LAIKYMAS<\/strong><br>Preparatas turi b\u016bti laikomas originalioje pakuot\u0117je, tamsioje ir v\u0117sioje vietoje (nuo +3\u00b0 iki +10\u00b0C), apsaugotoje nuo saul\u0117s spinduli\u0173. Tinkamumo laikas &#8211; 2 metai nuo pagaminimo datos, \u017er. etiket\u0119. <\/p>\t\t\t\t\t\t\t\t<\/div>\n\t\t\t\t<\/div>\n\t\t\t\t<\/div>\n\t\t<div class=\"elementor-element elementor-element-5a7eec6a e-con-full e-flex e-con e-child\" data-id=\"5a7eec6a\" data-element_type=\"container\" data-e-type=\"container\" data-settings=\"{&quot;background_background&quot;:&quot;classic&quot;}\">\n\t\t\t\t<div class=\"elementor-element elementor-element-5e90068f elementor-widget elementor-widget-heading\" data-id=\"5e90068f\" data-element_type=\"widget\" data-e-type=\"widget\" data-widget_type=\"heading.default\">\n\t\t\t\t<div class=\"elementor-widget-container\">\n\t\t\t\t\t<h3 class=\"elementor-heading-title elementor-size-default\">Doz\u0117s<\/h3>\t\t\t\t<\/div>\n\t\t\t\t<\/div>\n\t\t\t\t<div class=\"elementor-element elementor-element-16dabea1 elementor-widget elementor-widget-wd_text_block\" data-id=\"16dabea1\" data-element_type=\"widget\" data-e-type=\"widget\" data-widget_type=\"wd_text_block.default\">\n\t\t\t\t<div class=\"elementor-widget-container\">\n\t\t\t\t\t\t\t<div class=\"wd-text-block reset-last-child text-left\">\n\t\t\t\n\t\t\t<p>Paruo\u0161ta purk\u0161ti s\u0117klas, auginius, lapus.<br><strong>Tinkamumo laikas<\/strong>: neatidaryta - 2 metai.<\/p>\n\t\t\t\t\t<\/div>\n\t\t\t\t\t\t<\/div>\n\t\t\t\t<\/div>\n\t\t\t\t<\/div>\n\t\t\t\t\t<\/div>\n\t\t\t\t<\/div>\n\t\t<div class=\"wd-negative-gap elementor-element elementor-element-4581d0f9 e-flex e-con-boxed e-con e-parent\" data-id=\"4581d0f9\" data-element_type=\"container\" data-e-type=\"container\">\n\t\t\t\t\t<div class=\"e-con-inner\">\n\t\t\t\t<div class=\"elementor-element elementor-element-75173e29 elementor-widget elementor-widget-heading\" data-id=\"75173e29\" data-element_type=\"widget\" data-e-type=\"widget\" data-widget_type=\"heading.default\">\n\t\t\t\t<div class=\"elementor-widget-container\">\n\t\t\t\t\t<h3 class=\"elementor-heading-title elementor-size-default\">Naudokite<\/h3>\t\t\t\t<\/div>\n\t\t\t\t<\/div>\n\t\t\t\t\t<\/div>\n\t\t\t\t<\/div>\n\t\t<div class=\"wd-negative-gap elementor-element elementor-element-1070c6e5 e-flex e-con-boxed e-con e-parent\" data-id=\"1070c6e5\" data-element_type=\"container\" data-e-type=\"container\">\n\t\t\t\t\t<div class=\"e-con-inner\">\n\t\t<div class=\"elementor-element elementor-element-4bec8251 e-con-full e-flex e-con e-child\" data-id=\"4bec8251\" data-element_type=\"container\" data-e-type=\"container\">\n\t\t\t\t<div class=\"elementor-element elementor-element-6a691a0f color-scheme-inherit text-left elementor-widget elementor-widget-text-editor\" data-id=\"6a691a0f\" data-element_type=\"widget\" data-e-type=\"widget\" data-widget_type=\"text-editor.default\">\n\t\t\t\t<div class=\"elementor-widget-container\">\n\t\t\t\t\t\t\t\t\t<ul><li>S\u0117kl\u0173 apdorojimas &#8211; smulkios s\u0117klos s\u0117jamos \u012f dirv\u0105, apipur\u0161kiamos Vitmino tirpalu ir u\u017epilamos dirva. Stambesni\u0173 s\u0117kl\u0173 (pupeli\u0173, \u017eirni\u0173, svog\u016bn\u0173, \u010desnak\u0173, bulvi\u0173, \u017dydin\u010dioms svog\u016bnin\u0117ms g\u0117l\u0117ms, &#8230; ) mirkymui naudojamas i\u0161 koncentrato pagamintas tirpalas. <\/li><li>Augini\u0173 apdorojimas &#8211; nupjauti auginiai apipur\u0161kiami Vitmino tirpalu, tada apdorojami pagal pasirinkt\u0105 metod\u0105.<\/li><li>Sodinimas &#8211; pur\u0161kiamos ir sodinamos plik\u0173 sodinuk\u0173 \u0161aknys. \u012esigytus konteinerinius augalus, augalus vazon\u0117liuose ar kitus sodinukus, kuri\u0173 \u0161akn\u0173 gumulas yra \u017eem\u0117je, prie\u0161 sodinim\u0105 rekomenduojama apdoroti i\u0161 koncentrato pagamintu tirpalu. <\/li><li>Sezono metu nepatartina purk\u0161ti Vitmin\u0173 tirpalu augal\u0173, kuriuos reikia i\u0161tempti &#8211; agurk\u0173, moli\u016bg\u0173. Pomidor\u0173 augalus reik\u0117t\u0173 laistyti pirm\u0173j\u0173 3 tikr\u0173j\u0173 lapeli\u0173 tarpsniu, o ne purk\u0161ti v\u0117liau, kad neskatintum\u0117te pa\u017east\u0173 augimo. <\/li><li>Jei saul\u0117s nudegintus augalus apipurk\u0161ite Vitmino tirpalu (50 ml\/1 l vandens), jie grei\u010diau atsigaus ir i\u0161leis naujus \u016bglius.<br>Jei numatomi kar\u0161ti orai arba i\u0161vykstate atostogauti ir augalai lieka be prie\u017ei\u016bros, apipurk\u0161kite juos Vitmino tirpalu, jis pad\u0117s jiems susidoroti su kar\u0161\u010dio ir sausros sukeltu stresu ir jie jausis geriau.<\/li><li>\u0160ildymo sezono prad\u017eioje kambariniai augalai apipur\u0161kiami Vitmino tirpalu, kad suma\u017e\u0117t\u0173 sauso oro ir klimato kaitos keliamas stresas. Persodinti ar persodinti kambariniai augalai laistomi i\u0161 koncentrato pagamintu Vitmin tirpalu, kad b\u016bt\u0173 skatinamas nauj\u0173 \u0161akn\u0173 vystymasis ir maisto med\u017eiag\u0173 \u012fsisavinimas. <\/li><li>Jei prognozuojamos \u0161alnos, dien\u0105 prie\u0161 tai nupurk\u0161kite augalus Vitmin tirpalu ir jie ma\u017eiau nukent\u0117s. Ryte po \u0161aln\u0173 taip pat patartina purk\u0161ti tuo pa\u010diu tirpalu, kad augalai grei\u010diau i\u0161dygt\u0173 ir b\u016bt\u0173 ma\u017eiau pa\u017eeisti. <\/li><\/ul><p>Dekoratyviniams augalams ir g\u0117l\u0117ms rekomenduojama padidinti 2-3 Doz\u0117s.<br>Produktas yra draugi\u0161kas \u017emon\u0117ms, gyv\u016bnams, bit\u0117ms ir kitiems apdulkintojams.<\/p>\t\t\t\t\t\t\t\t<\/div>\n\t\t\t\t<\/div>\n\t\t\t\t<\/div>\n\t\t<div class=\"elementor-element elementor-element-f888495 e-con-full e-flex e-con e-child\" data-id=\"f888495\" data-element_type=\"container\" data-e-type=\"container\">\n\t\t<div class=\"elementor-element elementor-element-47145980 e-con-full e-flex e-con e-child\" data-id=\"47145980\" data-element_type=\"container\" data-e-type=\"container\">\n\t\t<div class=\"elementor-element elementor-element-15b97edd e-con-full e-flex e-con e-child\" data-id=\"15b97edd\" data-element_type=\"container\" data-e-type=\"container\">\n\t\t\t\t<div class=\"elementor-element elementor-element-798b62b0 elementor-widget elementor-widget-video\" data-id=\"798b62b0\" data-element_type=\"widget\" data-e-type=\"widget\" data-settings=\"{&quot;youtube_url&quot;:&quot;https:\\\/\\\/www.youtube.com\\\/watch?v=qv3VeuNt_l0&quot;,&quot;autoplay&quot;:&quot;yes&quot;,&quot;show_image_overlay&quot;:&quot;yes&quot;,&quot;image_overlay&quot;:{&quot;url&quot;:&quot;https:\\\/\\\/bioefekts.lv\\\/wp-content\\\/uploads\\\/2025\\\/01\\\/Zemenes-Thumbnail.jpg&quot;,&quot;id&quot;:18956,&quot;size&quot;:&quot;&quot;,&quot;alt&quot;:&quot;&quot;,&quot;source&quot;:&quot;library&quot;},&quot;lightbox&quot;:&quot;yes&quot;,&quot;video_type&quot;:&quot;youtube&quot;,&quot;controls&quot;:&quot;yes&quot;}\" data-widget_type=\"video.default\">\n\t\t\t\t<div class=\"elementor-widget-container\">\n\t\t\t\t\t\t\t<div class=\"elementor-wrapper elementor-open-lightbox\">\n\t\t\t\t\t\t\t<div class=\"elementor-custom-embed-image-overlay\" data-elementor-open-lightbox=\"yes\" data-elementor-lightbox=\"{&quot;type&quot;:&quot;video&quot;,&quot;videoType&quot;:&quot;youtube&quot;,&quot;url&quot;:&quot;https:\\\/\\\/www.youtube.com\\\/embed\\\/qv3VeuNt_l0?feature=oembed&amp;start&amp;end&amp;wmode=opaque&amp;loop=0&amp;controls=1&amp;mute=0&amp;rel=0&amp;cc_load_policy=0&quot;,&quot;autoplay&quot;:&quot;yes&quot;,&quot;modalOptions&quot;:{&quot;id&quot;:&quot;elementor-lightbox-798b62b0&quot;,&quot;entranceAnimation&quot;:&quot;&quot;,&quot;entranceAnimation_tablet&quot;:&quot;&quot;,&quot;entranceAnimation_mobile&quot;:&quot;&quot;,&quot;videoAspectRatio&quot;:&quot;169&quot;}}\" data-e-action-hash=\"#elementor-action%3Aaction%3Dlightbox%26settings%3DeyJ0eXBlIjoidmlkZW8iLCJ2aWRlb1R5cGUiOiJ5b3V0dWJlIiwidXJsIjoiaHR0cHM6XC9cL3d3dy55b3V0dWJlLmNvbVwvZW1iZWRcL3F2M1ZldU50X2wwP2ZlYXR1cmU9b2VtYmVkJnN0YXJ0JmVuZCZ3bW9kZT1vcGFxdWUmbG9vcD0wJmNvbnRyb2xzPTEmbXV0ZT0wJnJlbD0wJmNjX2xvYWRfcG9saWN5PTAiLCJhdXRvcGxheSI6InllcyIsIm1vZGFsT3B0aW9ucyI6eyJpZCI6ImVsZW1lbnRvci1saWdodGJveC03OThiNjJiMCIsImVudHJhbmNlQW5pbWF0aW9uIjoiIiwiZW50cmFuY2VBbmltYXRpb25fdGFibGV0IjoiIiwiZW50cmFuY2VBbmltYXRpb25fbW9iaWxlIjoiIiwidmlkZW9Bc3BlY3RSYXRpbyI6IjE2OSJ9fQ%3D%3D\">\n\t\t\t\t\t\t\t\t\t\t\t<img loading=\"lazy\" decoding=\"async\" width=\"600\" height=\"338\" src=\"https:\/\/bioefekts.lv\/wp-content\/uploads\/2025\/01\/Zemenes-Thumbnail.jpg\" class=\"attachment-full size-full wp-image-18956 wvs-archive-product-image\" alt=\"st\u0101dam zemenes\" srcset=\"https:\/\/bioefekts.lv\/wp-content\/uploads\/2025\/01\/Zemenes-Thumbnail.jpg 600w, https:\/\/bioefekts.lv\/wp-content\/uploads\/2025\/01\/Zemenes-Thumbnail-430x242.jpg 430w, https:\/\/bioefekts.lv\/wp-content\/uploads\/2025\/01\/Zemenes-Thumbnail-150x85.jpg 150w, https:\/\/bioefekts.lv\/wp-content\/uploads\/2025\/01\/Zemenes-Thumbnail-400x225.jpg 400w\" sizes=\"auto, (max-width: 600px) 100vw, 600px\" \/>\t\t\t\t\t\t\t\t\t\t\t\t\t\t\t\t<div class=\"elementor-custom-embed-play\" role=\"button\" aria-label=\"Play Video\" tabindex=\"0\">\n\t\t\t\t\t\t\t<svg aria-hidden=\"true\" class=\"e-font-icon-svg e-eicon-play\" viewBox=\"0 0 1000 1000\" xmlns=\"http:\/\/www.w3.org\/2000\/svg\"><path d=\"M838 162C746 71 633 25 500 25 371 25 258 71 163 162 71 254 25 367 25 500 25 633 71 746 163 837 254 929 367 979 500 979 633 979 746 933 838 837 929 746 975 633 975 500 975 367 929 254 838 162M808 192C892 279 933 379 933 500 933 621 892 725 808 808 725 892 621 938 500 938 379 938 279 896 196 808 113 725 67 621 67 500 67 379 108 279 196 192 279 108 383 62 500 62 621 62 721 108 808 192M438 392V642L642 517 438 392Z\"><\/path><\/svg>\t\t\t\t\t\t<\/div>\n\t\t\t\t\t\t\t\t\t<\/div>\n\t\t\t\t\t<\/div>\n\t\t\t\t\t\t<\/div>\n\t\t\t\t<\/div>\n\t\t\t\t<\/div>\n\t\t<div class=\"elementor-element elementor-element-6c3f4ef6 e-con-full e-flex e-con e-child\" data-id=\"6c3f4ef6\" data-element_type=\"container\" data-e-type=\"container\">\n\t\t<a class=\"elementor-element elementor-element-559b32d8 e-con-full e-flex e-con e-child\" data-id=\"559b32d8\" data-element_type=\"container\" data-e-type=\"container\" data-settings=\"{&quot;background_background&quot;:&quot;classic&quot;}\" href=\"#elementor-action%3Aaction%3Dlightbox%26settings%3DeyJ0eXBlIjoidmlkZW8iLCJ2aWRlb1R5cGUiOiJ5b3V0dWJlIiwidXJsIjoiaHR0cHM6XC9cL3d3dy55b3V0dWJlLmNvbVwvZW1iZWRcL3F2M1ZldU50X2wwP2ZlYXR1cmU9b2VtYmVkIn0%3D\">\n\t\t\t\t<div class=\"elementor-element elementor-element-36238d57 elementor-widget elementor-widget-heading\" data-id=\"36238d57\" data-element_type=\"widget\" data-e-type=\"widget\" data-widget_type=\"heading.default\">\n\t\t\t\t<div class=\"elementor-widget-container\">\n\t\t\t\t\t<p class=\"elementor-heading-title elementor-size-default\">Vaizdo pamoka, kaip sodinti Bra\u0161k\u0117ms su \"Bacilonu<\/p>\t\t\t\t<\/div>\n\t\t\t\t<\/div>\n\t\t\t\t<\/a>\n\t\t\t\t<\/div>\n\t\t\t\t<\/div>\n\t\t<div class=\"elementor-element elementor-element-572a4436 e-con-full e-flex e-con e-child\" data-id=\"572a4436\" data-element_type=\"container\" data-e-type=\"container\">\n\t\t<div class=\"elementor-element elementor-element-417ecec4 e-con-full e-flex e-con e-child\" data-id=\"417ecec4\" data-element_type=\"container\" data-e-type=\"container\">\n\t\t\t\t<\/div>\n\t\t<div class=\"elementor-element elementor-element-74a0c593 e-con-full e-flex e-con e-child\" data-id=\"74a0c593\" data-element_type=\"container\" data-e-type=\"container\">\n\t\t\t\t<\/div>\n\t\t\t\t<\/div>\n\t\t<div class=\"elementor-element elementor-element-1d768a0b e-con-full e-flex e-con e-child\" data-id=\"1d768a0b\" data-element_type=\"container\" data-e-type=\"container\">\n\t\t<div class=\"elementor-element elementor-element-3ca7b343 e-con-full e-flex e-con e-child\" data-id=\"3ca7b343\" data-element_type=\"container\" data-e-type=\"container\">\n\t\t\t\t<\/div>\n\t\t<div class=\"elementor-element elementor-element-2f2e39e3 e-con-full e-flex e-con e-child\" data-id=\"2f2e39e3\" data-element_type=\"container\" data-e-type=\"container\">\n\t\t\t\t<\/div>\n\t\t\t\t<\/div>\n\t\t<div class=\"elementor-element elementor-element-431e2714 e-con-full e-flex e-con e-child\" data-id=\"431e2714\" data-element_type=\"container\" data-e-type=\"container\">\n\t\t<div class=\"elementor-element elementor-element-d0559c1 e-con-full e-flex e-con e-child\" data-id=\"d0559c1\" data-element_type=\"container\" data-e-type=\"container\">\n\t\t\t\t<\/div>\n\t\t<div class=\"elementor-element elementor-element-74da1d33 e-con-full e-flex e-con e-child\" data-id=\"74da1d33\" data-element_type=\"container\" data-e-type=\"container\">\n\t\t\t\t<\/div>\n\t\t\t\t<\/div>\n\t\t\t\t<\/div>\n\t\t\t\t\t<\/div>\n\t\t\t\t<\/div>\n\t\t<div class=\"wd-negative-gap elementor-element elementor-element-41a92e94 e-flex e-con-boxed e-con e-parent\" data-id=\"41a92e94\" data-element_type=\"container\" data-e-type=\"container\">\n\t\t\t\t\t<div class=\"e-con-inner\">\n\t\t\t\t<div class=\"elementor-element elementor-element-26e9dbc5 elementor-widget elementor-widget-wd_text_block\" data-id=\"26e9dbc5\" data-element_type=\"widget\" data-e-type=\"widget\" data-widget_type=\"wd_text_block.default\">\n\t\t\t\t<div class=\"elementor-widget-container\">\n\t\t\t\t\t\t\t<div class=\"wd-text-block reset-last-child text-left\">\n\t\t\t\n\t\t\t<h2><strong>Naudokite taip<\/strong><\/h2>\n\t\t\t\t\t<\/div>\n\t\t\t\t\t\t<\/div>\n\t\t\t\t<\/div>\n\t\t\t\t\t<\/div>\n\t\t\t\t<\/div>\n\t\t<div class=\"wd-negative-gap elementor-element elementor-element-7355a921 e-grid e-con-boxed e-con e-parent\" data-id=\"7355a921\" data-element_type=\"container\" data-e-type=\"container\">\n\t\t\t\t\t<div class=\"e-con-inner\">\n\t\t\t\t<div class=\"elementor-element elementor-element-3659fa43 elementor-position-top elementor-widget elementor-widget-image-box\" data-id=\"3659fa43\" data-element_type=\"widget\" data-e-type=\"widget\" data-widget_type=\"image-box.default\">\n\t\t\t\t<div class=\"elementor-widget-container\">\n\t\t\t\t\t<div class=\"elementor-image-box-wrapper\"><figure class=\"elementor-image-box-img\"><img loading=\"lazy\" decoding=\"async\" width=\"522\" height=\"494\" src=\"https:\/\/bioefekts.lv\/wp-content\/uploads\/2025\/01\/Instruction-Spray-1.png\" class=\"attachment-full size-full wp-image-19272 wvs-archive-product-image\" alt=\"bioefekta products apstr\u0101d\u0101 augu\" srcset=\"https:\/\/bioefekts.lv\/wp-content\/uploads\/2025\/01\/Instruction-Spray-1.png 522w, https:\/\/bioefekts.lv\/wp-content\/uploads\/2025\/01\/Instruction-Spray-1-430x407.png 430w, https:\/\/bioefekts.lv\/wp-content\/uploads\/2025\/01\/Instruction-Spray-1-150x142.png 150w, https:\/\/bioefekts.lv\/wp-content\/uploads\/2025\/01\/Instruction-Spray-1-317x300.png 317w\" sizes=\"auto, (max-width: 522px) 100vw, 522px\" \/><\/figure><div class=\"elementor-image-box-content\"><h3 class=\"elementor-image-box-title\">S\u0117jos metu<\/h3><p class=\"elementor-image-box-description\">pur\u0161kiamos ir s\u0117jamos s\u0117klos. S\u0117klos, \u012fterptos \u012f s\u0117jos vadov\u0105, taip pat gali b\u016bti pur\u0161kiamos. <\/p><\/div><\/div>\t\t\t\t<\/div>\n\t\t\t\t<\/div>\n\t\t\t\t<div class=\"elementor-element elementor-element-3fe73213 elementor-position-top elementor-widget elementor-widget-image-box\" data-id=\"3fe73213\" data-element_type=\"widget\" data-e-type=\"widget\" data-widget_type=\"image-box.default\">\n\t\t\t\t<div class=\"elementor-widget-container\">\n\t\t\t\t\t<div class=\"elementor-image-box-wrapper\"><figure class=\"elementor-image-box-img\"><img loading=\"lazy\" decoding=\"async\" width=\"522\" height=\"494\" src=\"https:\/\/bioefekts.lv\/wp-content\/uploads\/2025\/01\/Instruction-Spray-2.png\" class=\"attachment-full size-full wp-image-19276 wvs-archive-product-image\" alt=\"bioefekta products aizsarg\u0101 augu\" srcset=\"https:\/\/bioefekts.lv\/wp-content\/uploads\/2025\/01\/Instruction-Spray-2.png 522w, https:\/\/bioefekts.lv\/wp-content\/uploads\/2025\/01\/Instruction-Spray-2-430x407.png 430w, https:\/\/bioefekts.lv\/wp-content\/uploads\/2025\/01\/Instruction-Spray-2-150x142.png 150w, https:\/\/bioefekts.lv\/wp-content\/uploads\/2025\/01\/Instruction-Spray-2-317x300.png 317w\" sizes=\"auto, (max-width: 522px) 100vw, 522px\" \/><\/figure><div class=\"elementor-image-box-content\"><h3 class=\"elementor-image-box-title\">Auginimo sezono metu<\/h3><p class=\"elementor-image-box-description\">Purk\u0161kite ant\u017eemines augalo dalis, kad paskatintum\u0117te \u0161onini\u0173 \u0161ak\u0173 augim\u0105, padidintum\u0117te \u017eiedini\u0173 pumpur\u0173 skai\u010di\u0173.<\/p><\/div><\/div>\t\t\t\t<\/div>\n\t\t\t\t<\/div>\n\t\t\t\t<div class=\"elementor-element elementor-element-4bc4b66 elementor-position-top elementor-widget elementor-widget-image-box\" data-id=\"4bc4b66\" data-element_type=\"widget\" data-e-type=\"widget\" data-widget_type=\"image-box.default\">\n\t\t\t\t<div class=\"elementor-widget-container\">\n\t\t\t\t\t<div class=\"elementor-image-box-wrapper\"><figure class=\"elementor-image-box-img\"><img loading=\"lazy\" decoding=\"async\" width=\"522\" height=\"494\" src=\"https:\/\/bioefekts.lv\/wp-content\/uploads\/2025\/01\/Instruction-Spray-2.png\" class=\"attachment-full size-full wp-image-19276 wvs-archive-product-image\" alt=\"bioefekta products aizsarg\u0101 augu\" srcset=\"https:\/\/bioefekts.lv\/wp-content\/uploads\/2025\/01\/Instruction-Spray-2.png 522w, https:\/\/bioefekts.lv\/wp-content\/uploads\/2025\/01\/Instruction-Spray-2-430x407.png 430w, https:\/\/bioefekts.lv\/wp-content\/uploads\/2025\/01\/Instruction-Spray-2-150x142.png 150w, https:\/\/bioefekts.lv\/wp-content\/uploads\/2025\/01\/Instruction-Spray-2-317x300.png 317w\" sizes=\"auto, (max-width: 522px) 100vw, 522px\" \/><\/figure><div class=\"elementor-image-box-content\"><h3 class=\"elementor-image-box-title\">Streso mal\u0161inimui<\/h3><p class=\"elementor-image-box-description\">Purk\u0161kite likus 2 dienoms iki \u0161aln\u0173 ir i\u0161 karto po j\u0173, taip pat prie\u0161 prasidedant kar\u0161tiems orams, kad suma\u017eintum\u0117te pa\u017eeist\u0173 augal\u0173 skai\u010di\u0173.<\/p><\/div><\/div>\t\t\t\t<\/div>\n\t\t\t\t<\/div>\n\t\t\t\t<div class=\"elementor-element elementor-element-472cdb58 elementor-position-top elementor-widget elementor-widget-image-box\" data-id=\"472cdb58\" data-element_type=\"widget\" data-e-type=\"widget\" data-widget_type=\"image-box.default\">\n\t\t\t\t<div class=\"elementor-widget-container\">\n\t\t\t\t\t<div class=\"elementor-image-box-wrapper\"><figure class=\"elementor-image-box-img\"><img loading=\"lazy\" decoding=\"async\" width=\"522\" height=\"494\" src=\"https:\/\/bioefekts.lv\/wp-content\/uploads\/2025\/01\/Usage-instruction-4.png\" class=\"attachment-full size-full wp-image-18948 wvs-archive-product-image\" alt=\"St\u0101ds aug\" srcset=\"https:\/\/bioefekts.lv\/wp-content\/uploads\/2025\/01\/Usage-instruction-4.png 522w, https:\/\/bioefekts.lv\/wp-content\/uploads\/2025\/01\/Usage-instruction-4-430x407.png 430w, https:\/\/bioefekts.lv\/wp-content\/uploads\/2025\/01\/Usage-instruction-4-150x142.png 150w, https:\/\/bioefekts.lv\/wp-content\/uploads\/2025\/01\/Usage-instruction-4-317x300.png 317w\" sizes=\"auto, (max-width: 522px) 100vw, 522px\" \/><\/figure><div class=\"elementor-image-box-content\"><h3 class=\"elementor-image-box-title\">Rezultatas<\/h3><p class=\"elementor-image-box-description\">Augalas yra gyvybingas, nuostabiai \u017eydi ir duoda gaus\u0173 derli\u0173, kuriame gausu svarbiausi\u0173 maistini\u0173 med\u017eiag\u0173.<\/p><\/div><\/div>\t\t\t\t<\/div>\n\t\t\t\t<\/div>\n\t\t\t\t\t<\/div>\n\t\t\t\t<\/div>\n\t\t<div class=\"elementor-element elementor-element-7f731f0b e-flex e-con-boxed e-con e-parent\" data-id=\"7f731f0b\" data-element_type=\"container\" data-e-type=\"container\">\n\t\t\t\t\t<div class=\"e-con-inner\">\n\t\t\t\t\t<\/div>\n\t\t\t\t<\/div>\n\t\t\t\t<\/div>\n\t\t","protected":false},"excerpt":{"rendered":"<ul>\n<li style=\"text-align: left\">Gerina augal\u0173 augim\u0105 ir chlorofilo sintez\u0119<\/li>\n<li style=\"text-align: left\">Skatina stipri\u0105 \u0161akn\u0173 sistem\u0105 ir \u0161onines \u0161akas<\/li>\n<li style=\"text-align: left\">Padidina \u017eiedini\u0173 pumpur\u0173 u\u017esimezgim\u0105 ir prailgina \u017eyd\u0117jim\u0105<\/li>\n<li style=\"text-align: left\">Stabdo sen\u0117jim\u0105 ir didina kokybi\u0161k\u0173 augal\u0173 derli\u0173.<\/li>\n<li style=\"text-align: left\">Rekomenduojamas s\u0117kl\u0173 daiginimui ir augini\u0173 \u0161aknijimui<\/li>\n<\/ul>\n","protected":false},"featured_media":19080,"comment_status":"open","ping_status":"closed","template":"","meta":{"om_disable_all_campaigns":false,"_monsterinsights_skip_tracking":false,"_monsterinsights_sitenote_active":false,"_monsterinsights_sitenote_note":"","_monsterinsights_sitenote_category":0},"product_brand":[],"product_cat":[240,239,238,237,297],"product_tag":[],"class_list":{"0":"post-20540","1":"product","2":"type-product","3":"status-publish","4":"has-post-thumbnail","6":"product_cat-kambariniams-augalams","7":"product_cat-paparciams","8":"product_cat-siltnamiams","9":"product_cat-sodui","10":"product_cat-vitminas","12":"first","13":"instock","14":"shipping-taxable","15":"purchasable","16":"product-type-variable","17":"has-default-attributes","18":"wvs-archive-product-wrapper"},"aioseo_notices":[],"_links":{"self":[{"href":"https:\/\/bioefekts.lv\/lt\/wp-json\/wp\/v2\/product\/20540","targetHints":{"allow":["GET"]}}],"collection":[{"href":"https:\/\/bioefekts.lv\/lt\/wp-json\/wp\/v2\/product"}],"about":[{"href":"https:\/\/bioefekts.lv\/lt\/wp-json\/wp\/v2\/types\/product"}],"replies":[{"embeddable":true,"href":"https:\/\/bioefekts.lv\/lt\/wp-json\/wp\/v2\/comments?post=20540"}],"version-history":[{"count":0,"href":"https:\/\/bioefekts.lv\/lt\/wp-json\/wp\/v2\/product\/20540\/revisions"}],"wp:featuredmedia":[{"embeddable":true,"href":"https:\/\/bioefekts.lv\/lt\/wp-json\/wp\/v2\/media\/19080"}],"wp:attachment":[{"href":"https:\/\/bioefekts.lv\/lt\/wp-json\/wp\/v2\/media?parent=20540"}],"wp:term":[{"taxonomy":"product_brand","embeddable":true,"href":"https:\/\/bioefekts.lv\/lt\/wp-json\/wp\/v2\/product_brand?post=20540"},{"taxonomy":"product_cat","embeddable":true,"href":"https:\/\/bioefekts.lv\/lt\/wp-json\/wp\/v2\/product_cat?post=20540"},{"taxonomy":"product_tag","embeddable":true,"href":"https:\/\/bioefekts.lv\/lt\/wp-json\/wp\/v2\/product_tag?post=20540"}],"curies":[{"name":"wp","href":"https:\/\/api.w.org\/{rel}","templated":true}]}}