{"id":20521,"date":"2025-01-20T16:31:26","date_gmt":"2025-01-20T16:31:26","guid":{"rendered":"https:\/\/bioefekts.lv\/product\/subtimiksas-skystas-koncentratas\/"},"modified":"2025-03-05T14:19:02","modified_gmt":"2025-03-05T14:19:02","slug":"subtimiksas-skystas-koncentratas","status":"publish","type":"product","link":"https:\/\/bioefekts.lv\/lt\/produktas\/subtimiksas-skystas-koncentratas\/","title":{"rendered":"Subtimix &#8211; skystas koncentratas"},"content":{"rendered":"\t\t<div data-elementor-type=\"product-post\" data-elementor-id=\"20521\" class=\"elementor elementor-20521 elementor-16590\" data-elementor-post-type=\"product\">\n\t\t\t\t<div class=\"elementor-element elementor-element-4ca87e72 e-flex e-con-boxed e-con e-parent\" data-id=\"4ca87e72\" data-element_type=\"container\" data-e-type=\"container\">\n\t\t\t\t\t<div class=\"e-con-inner\">\n\t\t<div class=\"elementor-element elementor-element-ccfaca5 e-con-full e-flex e-con e-child\" data-id=\"ccfaca5\" data-element_type=\"container\" data-e-type=\"container\">\n\t\t\t\t<div class=\"elementor-element elementor-element-48ca5fe3 color-scheme-inherit text-left elementor-widget elementor-widget-text-editor\" data-id=\"48ca5fe3\" data-element_type=\"widget\" data-e-type=\"widget\" data-widget_type=\"text-editor.default\">\n\t\t\t\t<div class=\"elementor-widget-container\">\n\t\t\t\t\t\t\t\t\t<p>Mikroorganizmai, esantys <strong>Subtimix, paver\u010dia<\/strong> dirvo\u017eemyje esan\u010dius fosforo ir kalio junginius \u012f augalams tinkam\u0105 form\u0105. Fosforas ir kalis skatina \u017eied\u0173, vaisi\u0173 ir s\u0117kl\u0173 formavim\u0105si, didina kokybi\u0161ko derliaus kiek\u012f, prisideda prie greitesnio pas\u0117li\u0173 brendimo ir s\u0117kmingesnio \u017eiemojimo. Subtimiksas Jis padeda formuotis stipriai \u0161akn\u0173 sistemai, vystytis ir augti stiebams, gerina ir praturtina dirvo\u017eem\u012f, didina augalui nauding\u0173 mikroorganizm\u0173 skai\u010di\u0173 rizosferoje.  <br>Mikrobiologinio preparato sud\u0117tyje yra dirvo\u017eemio mikroorganizm\u0173, kurie taip pat gamina fitohormonus ir antimikrobines med\u017eiagas, stiprinan\u010dias augalo atsparum\u0105 ir sukelian\u010dias apsaugin\u0119 reakcij\u0105, didinan\u010di\u0105 nat\u016bral\u0173 augalo imunitet\u0105. Produktas tinka \u012fvairiems dirvo\u017eemio tipams ir augalams ir gali b\u016bti naudojamas vis\u0105 vegetacijos sezon\u0105 patalpose, \u0160iltnamiuose ir lauke. <\/p><p><strong>SVARBU<\/strong><\/p><ul><li><p>\u0160ias tr\u0105\u0161as leid\u017eiama naudoti ekologin\u0117je \u017eemdirbyst\u0117je pagal Europos Komisijos reglament\u0105 2021\/1165.<\/p><\/li><li>Jo negalima mai\u0161yti su fungicidais.<\/li><li>Efektyvum\u0105 didina pakankama dirvos dr\u0117gm\u0117 ir \u0161iluma (+15-25\u00b0 C).<\/li><li>Didesn\u0117s nei nurodyta Doz\u0117s naudojimas nekenkia augalams, \u017emon\u0117ms, gyv\u016bnams ar aplinkai.<\/li><li>Visas mikrobiologines tr\u0105\u0161as galima derinti tarpusavyje.<\/li><li>Tarp gydymo ir derliaus nu\u0117mimo n\u0117ra laukimo laikotarpio.<\/li><\/ul><p><strong>LAIKYMAS<\/strong><br>Preparatas turi b\u016bti laikomas originalioje pakuot\u0117je, tamsioje ir v\u0117sioje vietoje (nuo +3\u00b0 iki +10\u00b0C), apsaugotoje nuo saul\u0117s spinduli\u0173. Tinkamumo laikas &#8211; 3 m\u0117nesiai nuo pagaminimo datos, \u017er. etiket\u0119. <\/p>\t\t\t\t\t\t\t\t<\/div>\n\t\t\t\t<\/div>\n\t\t\t\t<\/div>\n\t\t<div class=\"elementor-element elementor-element-6bbb5f75 e-con-full e-flex e-con e-child\" data-id=\"6bbb5f75\" data-element_type=\"container\" data-e-type=\"container\" data-settings=\"{&quot;background_background&quot;:&quot;classic&quot;}\">\n\t\t\t\t<div class=\"elementor-element elementor-element-18d120a1 elementor-widget elementor-widget-heading\" data-id=\"18d120a1\" data-element_type=\"widget\" data-e-type=\"widget\" data-widget_type=\"heading.default\">\n\t\t\t\t<div class=\"elementor-widget-container\">\n\t\t\t\t\t<h3 class=\"elementor-heading-title elementor-size-default\">Doz\u0117s<\/h3>\t\t\t\t<\/div>\n\t\t\t\t<\/div>\n\t\t\t\t<div class=\"elementor-element elementor-element-7cb55f92 elementor-widget elementor-widget-wd_text_block\" data-id=\"7cb55f92\" data-element_type=\"widget\" data-e-type=\"widget\" data-widget_type=\"wd_text_block.default\">\n\t\t\t\t<div class=\"elementor-widget-container\">\n\t\t\t\t\t\t\t<div class=\"wd-text-block reset-last-child text-left\">\n\t\t\t\n\t\t\t<ul><li>Paruo\u0161kite 500 ml\/5 l vandens tirpal\u0105, i\u0161purk\u0161kite arba apipurk\u0161kite dirv\u0105.  <\/li><li>I\u0161tr\u0119\u0161tame dirvo\u017eemyje Doz\u0117s padidinama 2-3 kartus.<\/li><li>Didesn\u0117s nei nurodyta Doz\u0117s naudojimas nekenkia augalams, \u017emon\u0117ms, gyv\u016bnams ar aplinkai ir nesukelia atsparumo.<\/li><\/ul><p><strong>Tinkamumo laikas<\/strong>: neatidarytas - 3 m\u0117nesiai, paruo\u0161t\u0105 tirpal\u0105 reikia naudoti nedelsiant.<\/p>\n\t\t\t\t\t<\/div>\n\t\t\t\t\t\t<\/div>\n\t\t\t\t<\/div>\n\t\t\t\t<\/div>\n\t\t\t\t\t<\/div>\n\t\t\t\t<\/div>\n\t\t<div class=\"wd-negative-gap elementor-element elementor-element-210b33ce e-flex e-con-boxed e-con e-parent\" data-id=\"210b33ce\" data-element_type=\"container\" data-e-type=\"container\">\n\t\t\t\t\t<div class=\"e-con-inner\">\n\t\t\t\t<div class=\"elementor-element elementor-element-6d55fa5c elementor-widget elementor-widget-heading\" data-id=\"6d55fa5c\" data-element_type=\"widget\" data-e-type=\"widget\" data-widget_type=\"heading.default\">\n\t\t\t\t<div class=\"elementor-widget-container\">\n\t\t\t\t\t<h3 class=\"elementor-heading-title elementor-size-default\">Naudokite<\/h3>\t\t\t\t<\/div>\n\t\t\t\t<\/div>\n\t\t\t\t\t<\/div>\n\t\t\t\t<\/div>\n\t\t<div class=\"wd-negative-gap elementor-element elementor-element-716f2ff1 e-flex e-con-boxed e-con e-parent\" data-id=\"716f2ff1\" data-element_type=\"container\" data-e-type=\"container\">\n\t\t\t\t\t<div class=\"e-con-inner\">\n\t\t<div class=\"elementor-element elementor-element-5a5161fc e-con-full e-flex e-con e-child\" data-id=\"5a5161fc\" data-element_type=\"container\" data-e-type=\"container\">\n\t\t\t\t<div class=\"elementor-element elementor-element-43980616 color-scheme-inherit text-left elementor-widget elementor-widget-text-editor\" data-id=\"43980616\" data-element_type=\"widget\" data-e-type=\"widget\" data-widget_type=\"text-editor.default\">\n\t\t\t\t<div class=\"elementor-widget-container\">\n\t\t\t\t\t\t\t\t\t<ul><li>Dirvos gerinimas &#8211; purk\u0161kite arba laistykite dirv\u0105, supurenkite vir\u0161utinius 10-15 cm dirvos sluoksnius, palaikykite dr\u0117gm\u0119. Pageidautina, kad dirvos temperat\u016bra b\u016bt\u0173 auk\u0161tesn\u0117 nei +10 \u00b0C. <\/li><li>S\u0117kl\u0173, daig\u0173 apdorojimas &#8211; s\u0117jamos smulkios s\u0117klos, apipur\u0161kiamos paruo\u0161tu tirpalu ir u\u017epilamos \u017eem\u0117mis. Stambiausios s\u0117klos pamerkiamos \u012f tirpal\u0105, jei reikia, i\u0161d\u017eiovinamos ir pas\u0117jamos. Svog\u016bnai, \u010desnakai, \u017dydin\u010dios svog\u016bnin\u0117s g\u0117l\u0117s mirkomi tirpale arba pur\u0161kiami, paskui pas\u0117jami.  <\/li><li>Bra\u0161ki\u0173 augalai, kr\u016bmai ir med\u017ei\u0173 sodinukai mirkomi skystyje arba pur\u0161kiamos ir rodomos \u0161aknys.<\/li><li>Paruo\u0161t\u0105 tirpal\u0105 rekomenduojama naudoti \u012fsigytiems konteineriniams augalams, vazoniniams augalams ar kitiems sodinukams, kuri\u0173 \u0161akn\u0173 gumulas yra \u017eem\u0117je, prie\u0161 sodinim\u0105.<\/li><\/ul><p>Naudojimo da\u017enumas neribojamas, geriausia kelis kartus per sezon\u0105.<\/p><p>Produktas nekenksmingas \u017emon\u0117ms, gyv\u016bnams, bit\u0117ms ir kitiems apdulkintojams.<\/p>\t\t\t\t\t\t\t\t<\/div>\n\t\t\t\t<\/div>\n\t\t\t\t<\/div>\n\t\t<div class=\"elementor-element elementor-element-529f222f e-con-full e-flex e-con e-child\" data-id=\"529f222f\" data-element_type=\"container\" data-e-type=\"container\">\n\t\t<div class=\"elementor-element elementor-element-7f9569a0 e-con-full e-flex e-con e-child\" data-id=\"7f9569a0\" data-element_type=\"container\" data-e-type=\"container\">\n\t\t<div class=\"elementor-element elementor-element-6d651cd1 e-con-full e-flex e-con e-child\" data-id=\"6d651cd1\" data-element_type=\"container\" data-e-type=\"container\">\n\t\t\t\t<div class=\"elementor-element elementor-element-3b498cc7 elementor-widget elementor-widget-video\" data-id=\"3b498cc7\" data-element_type=\"widget\" data-e-type=\"widget\" data-settings=\"{&quot;youtube_url&quot;:&quot;https:\\\/\\\/www.youtube.com\\\/watch?v=qv3VeuNt_l0&quot;,&quot;autoplay&quot;:&quot;yes&quot;,&quot;show_image_overlay&quot;:&quot;yes&quot;,&quot;image_overlay&quot;:{&quot;url&quot;:&quot;https:\\\/\\\/bioefekts.lv\\\/wp-content\\\/uploads\\\/2025\\\/01\\\/Zemenes-Thumbnail.jpg&quot;,&quot;id&quot;:18956,&quot;size&quot;:&quot;&quot;,&quot;alt&quot;:&quot;&quot;,&quot;source&quot;:&quot;library&quot;},&quot;lightbox&quot;:&quot;yes&quot;,&quot;video_type&quot;:&quot;youtube&quot;,&quot;controls&quot;:&quot;yes&quot;}\" data-widget_type=\"video.default\">\n\t\t\t\t<div class=\"elementor-widget-container\">\n\t\t\t\t\t\t\t<div class=\"elementor-wrapper elementor-open-lightbox\">\n\t\t\t\t\t\t\t<div class=\"elementor-custom-embed-image-overlay\" data-elementor-open-lightbox=\"yes\" data-elementor-lightbox=\"{&quot;type&quot;:&quot;video&quot;,&quot;videoType&quot;:&quot;youtube&quot;,&quot;url&quot;:&quot;https:\\\/\\\/www.youtube.com\\\/embed\\\/qv3VeuNt_l0?feature=oembed&amp;start&amp;end&amp;wmode=opaque&amp;loop=0&amp;controls=1&amp;mute=0&amp;rel=0&amp;cc_load_policy=0&quot;,&quot;autoplay&quot;:&quot;yes&quot;,&quot;modalOptions&quot;:{&quot;id&quot;:&quot;elementor-lightbox-3b498cc7&quot;,&quot;entranceAnimation&quot;:&quot;&quot;,&quot;entranceAnimation_tablet&quot;:&quot;&quot;,&quot;entranceAnimation_mobile&quot;:&quot;&quot;,&quot;videoAspectRatio&quot;:&quot;169&quot;}}\" data-e-action-hash=\"#elementor-action%3Aaction%3Dlightbox%26settings%3DeyJ0eXBlIjoidmlkZW8iLCJ2aWRlb1R5cGUiOiJ5b3V0dWJlIiwidXJsIjoiaHR0cHM6XC9cL3d3dy55b3V0dWJlLmNvbVwvZW1iZWRcL3F2M1ZldU50X2wwP2ZlYXR1cmU9b2VtYmVkJnN0YXJ0JmVuZCZ3bW9kZT1vcGFxdWUmbG9vcD0wJmNvbnRyb2xzPTEmbXV0ZT0wJnJlbD0wJmNjX2xvYWRfcG9saWN5PTAiLCJhdXRvcGxheSI6InllcyIsIm1vZGFsT3B0aW9ucyI6eyJpZCI6ImVsZW1lbnRvci1saWdodGJveC0zYjQ5OGNjNyIsImVudHJhbmNlQW5pbWF0aW9uIjoiIiwiZW50cmFuY2VBbmltYXRpb25fdGFibGV0IjoiIiwiZW50cmFuY2VBbmltYXRpb25fbW9iaWxlIjoiIiwidmlkZW9Bc3BlY3RSYXRpbyI6IjE2OSJ9fQ%3D%3D\">\n\t\t\t\t\t\t\t\t\t\t\t<img loading=\"lazy\" decoding=\"async\" width=\"600\" height=\"338\" src=\"https:\/\/bioefekts.lv\/wp-content\/uploads\/2025\/01\/Zemenes-Thumbnail.jpg\" class=\"attachment-full size-full wp-image-18956 wvs-archive-product-image\" alt=\"st\u0101dam zemenes\" srcset=\"https:\/\/bioefekts.lv\/wp-content\/uploads\/2025\/01\/Zemenes-Thumbnail.jpg 600w, https:\/\/bioefekts.lv\/wp-content\/uploads\/2025\/01\/Zemenes-Thumbnail-430x242.jpg 430w, https:\/\/bioefekts.lv\/wp-content\/uploads\/2025\/01\/Zemenes-Thumbnail-150x85.jpg 150w, https:\/\/bioefekts.lv\/wp-content\/uploads\/2025\/01\/Zemenes-Thumbnail-400x225.jpg 400w\" sizes=\"auto, (max-width: 600px) 100vw, 600px\" \/>\t\t\t\t\t\t\t\t\t\t\t\t\t\t\t\t<div class=\"elementor-custom-embed-play\" role=\"button\" aria-label=\"Play Video\" tabindex=\"0\">\n\t\t\t\t\t\t\t<svg aria-hidden=\"true\" class=\"e-font-icon-svg e-eicon-play\" viewBox=\"0 0 1000 1000\" xmlns=\"http:\/\/www.w3.org\/2000\/svg\"><path d=\"M838 162C746 71 633 25 500 25 371 25 258 71 163 162 71 254 25 367 25 500 25 633 71 746 163 837 254 929 367 979 500 979 633 979 746 933 838 837 929 746 975 633 975 500 975 367 929 254 838 162M808 192C892 279 933 379 933 500 933 621 892 725 808 808 725 892 621 938 500 938 379 938 279 896 196 808 113 725 67 621 67 500 67 379 108 279 196 192 279 108 383 62 500 62 621 62 721 108 808 192M438 392V642L642 517 438 392Z\"><\/path><\/svg>\t\t\t\t\t\t<\/div>\n\t\t\t\t\t\t\t\t\t<\/div>\n\t\t\t\t\t<\/div>\n\t\t\t\t\t\t<\/div>\n\t\t\t\t<\/div>\n\t\t\t\t<\/div>\n\t\t<div class=\"elementor-element elementor-element-5ed61bc6 e-con-full e-flex e-con e-child\" data-id=\"5ed61bc6\" data-element_type=\"container\" data-e-type=\"container\">\n\t\t<a class=\"elementor-element elementor-element-2e9fce53 e-con-full e-flex e-con e-child\" data-id=\"2e9fce53\" data-element_type=\"container\" data-e-type=\"container\" data-settings=\"{&quot;background_background&quot;:&quot;classic&quot;}\" href=\"#elementor-action%3Aaction%3Dlightbox%26settings%3DeyJ0eXBlIjoidmlkZW8iLCJ2aWRlb1R5cGUiOiJ5b3V0dWJlIiwidXJsIjoiaHR0cHM6XC9cL3d3dy55b3V0dWJlLmNvbVwvZW1iZWRcL3F2M1ZldU50X2wwP2ZlYXR1cmU9b2VtYmVkIn0%3D\">\n\t\t\t\t<div class=\"elementor-element elementor-element-1bb70750 elementor-widget elementor-widget-heading\" data-id=\"1bb70750\" data-element_type=\"widget\" data-e-type=\"widget\" data-widget_type=\"heading.default\">\n\t\t\t\t<div class=\"elementor-widget-container\">\n\t\t\t\t\t<p class=\"elementor-heading-title elementor-size-default\">Vaizdo pamoka, kaip sodinti Bra\u0161k\u0117ms su \"Bacilonu<\/p>\t\t\t\t<\/div>\n\t\t\t\t<\/div>\n\t\t\t\t<\/a>\n\t\t\t\t<\/div>\n\t\t\t\t<\/div>\n\t\t<div class=\"elementor-element elementor-element-5adc14dc e-con-full e-flex e-con e-child\" data-id=\"5adc14dc\" data-element_type=\"container\" data-e-type=\"container\">\n\t\t<div class=\"elementor-element elementor-element-d5d17a e-con-full e-flex e-con e-child\" data-id=\"d5d17a\" data-element_type=\"container\" data-e-type=\"container\">\n\t\t\t\t<\/div>\n\t\t<div class=\"elementor-element elementor-element-1106c638 e-con-full e-flex e-con e-child\" data-id=\"1106c638\" data-element_type=\"container\" data-e-type=\"container\">\n\t\t\t\t<\/div>\n\t\t\t\t<\/div>\n\t\t<div class=\"elementor-element elementor-element-3009b2ae e-con-full e-flex e-con e-child\" data-id=\"3009b2ae\" data-element_type=\"container\" data-e-type=\"container\">\n\t\t<div class=\"elementor-element elementor-element-5abbc1d3 e-con-full e-flex e-con e-child\" data-id=\"5abbc1d3\" data-element_type=\"container\" data-e-type=\"container\">\n\t\t\t\t<\/div>\n\t\t<div class=\"elementor-element elementor-element-771c58b0 e-con-full e-flex e-con e-child\" data-id=\"771c58b0\" data-element_type=\"container\" data-e-type=\"container\">\n\t\t\t\t<\/div>\n\t\t\t\t<\/div>\n\t\t<div class=\"elementor-element elementor-element-54d234f e-con-full e-flex e-con e-child\" data-id=\"54d234f\" data-element_type=\"container\" data-e-type=\"container\">\n\t\t<div class=\"elementor-element elementor-element-73dce97e e-con-full e-flex e-con e-child\" data-id=\"73dce97e\" data-element_type=\"container\" data-e-type=\"container\">\n\t\t\t\t<\/div>\n\t\t<div class=\"elementor-element elementor-element-2f898dec e-con-full e-flex e-con e-child\" data-id=\"2f898dec\" data-element_type=\"container\" data-e-type=\"container\">\n\t\t\t\t<\/div>\n\t\t\t\t<\/div>\n\t\t\t\t<\/div>\n\t\t\t\t\t<\/div>\n\t\t\t\t<\/div>\n\t\t<div class=\"wd-negative-gap elementor-element elementor-element-4965b1c8 e-flex e-con-boxed e-con e-parent\" data-id=\"4965b1c8\" data-element_type=\"container\" data-e-type=\"container\">\n\t\t\t\t\t<div class=\"e-con-inner\">\n\t\t\t\t<div class=\"elementor-element elementor-element-43296a91 elementor-widget elementor-widget-wd_text_block\" data-id=\"43296a91\" data-element_type=\"widget\" data-e-type=\"widget\" data-widget_type=\"wd_text_block.default\">\n\t\t\t\t<div class=\"elementor-widget-container\">\n\t\t\t\t\t\t\t<div class=\"wd-text-block reset-last-child text-left\">\n\t\t\t\n\t\t\t<h2><strong>Naudokite taip<\/strong><\/h2>\n\t\t\t\t\t<\/div>\n\t\t\t\t\t\t<\/div>\n\t\t\t\t<\/div>\n\t\t\t\t\t<\/div>\n\t\t\t\t<\/div>\n\t\t<div class=\"wd-negative-gap elementor-element elementor-element-35d04e8d e-grid e-con-boxed e-con e-parent\" data-id=\"35d04e8d\" data-element_type=\"container\" data-e-type=\"container\">\n\t\t\t\t\t<div class=\"e-con-inner\">\n\t\t\t\t<div class=\"elementor-element elementor-element-35d69010 elementor-position-top elementor-widget elementor-widget-image-box\" data-id=\"35d69010\" data-element_type=\"widget\" data-e-type=\"widget\" data-widget_type=\"image-box.default\">\n\t\t\t\t<div class=\"elementor-widget-container\">\n\t\t\t\t\t<div class=\"elementor-image-box-wrapper\"><figure class=\"elementor-image-box-img\"><img loading=\"lazy\" decoding=\"async\" width=\"522\" height=\"494\" src=\"https:\/\/bioefekts.lv\/wp-content\/uploads\/2025\/01\/instruction-5.png\" class=\"attachment-full size-full wp-image-19280 wvs-archive-product-image\" alt=\"bioefekta produkti atjauno augsni\" srcset=\"https:\/\/bioefekts.lv\/wp-content\/uploads\/2025\/01\/instruction-5.png 522w, https:\/\/bioefekts.lv\/wp-content\/uploads\/2025\/01\/instruction-5-430x407.png 430w, https:\/\/bioefekts.lv\/wp-content\/uploads\/2025\/01\/instruction-5-150x142.png 150w, https:\/\/bioefekts.lv\/wp-content\/uploads\/2025\/01\/instruction-5-317x300.png 317w\" sizes=\"auto, (max-width: 522px) 100vw, 522px\" \/><\/figure><div class=\"elementor-image-box-content\"><h3 class=\"elementor-image-box-title\">Dirvo\u017eemiui gerinti<\/h3><p class=\"elementor-image-box-description\">prie\u0161 s\u0117jant pas\u0117lius, i\u0161purk\u0161kite arba u\u017epilkite paruo\u0161t\u0105 tirpal\u0105 ant dirvos ir \u012fterpkite tr\u0105\u0161as 10-15 cm gylyje.<\/p><\/div><\/div>\t\t\t\t<\/div>\n\t\t\t\t<\/div>\n\t\t\t\t<div class=\"elementor-element elementor-element-5007c264 elementor-position-top elementor-widget elementor-widget-image-box\" data-id=\"5007c264\" data-element_type=\"widget\" data-e-type=\"widget\" data-widget_type=\"image-box.default\">\n\t\t\t\t<div class=\"elementor-widget-container\">\n\t\t\t\t\t<div class=\"elementor-image-box-wrapper\"><figure class=\"elementor-image-box-img\"><img loading=\"lazy\" decoding=\"async\" width=\"522\" height=\"494\" src=\"https:\/\/bioefekts.lv\/wp-content\/uploads\/2025\/01\/Instruction-Spray-1.png\" class=\"attachment-full size-full wp-image-19272 wvs-archive-product-image\" alt=\"bioefekta products apstr\u0101d\u0101 augu\" srcset=\"https:\/\/bioefekts.lv\/wp-content\/uploads\/2025\/01\/Instruction-Spray-1.png 522w, https:\/\/bioefekts.lv\/wp-content\/uploads\/2025\/01\/Instruction-Spray-1-430x407.png 430w, https:\/\/bioefekts.lv\/wp-content\/uploads\/2025\/01\/Instruction-Spray-1-150x142.png 150w, https:\/\/bioefekts.lv\/wp-content\/uploads\/2025\/01\/Instruction-Spray-1-317x300.png 317w\" sizes=\"auto, (max-width: 522px) 100vw, 522px\" \/><\/figure><div class=\"elementor-image-box-content\"><h3 class=\"elementor-image-box-title\">S\u0117jos metu<\/h3><p class=\"elementor-image-box-description\">pur\u0161kiamos s\u0117klos arba stambios s\u0117klos mirkomos paruo\u0161tame tirpale ir tada s\u0117jamos, galima purk\u0161ti s\u0117klas, \u012fd\u0117tas \u012f s\u0117jos kreipian\u010di\u0105j\u0105.<\/p><\/div><\/div>\t\t\t\t<\/div>\n\t\t\t\t<\/div>\n\t\t\t\t<div class=\"elementor-element elementor-element-4cb78e54 elementor-position-top elementor-widget elementor-widget-image-box\" data-id=\"4cb78e54\" data-element_type=\"widget\" data-e-type=\"widget\" data-widget_type=\"image-box.default\">\n\t\t\t\t<div class=\"elementor-widget-container\">\n\t\t\t\t\t<div class=\"elementor-image-box-wrapper\"><figure class=\"elementor-image-box-img\"><img loading=\"lazy\" decoding=\"async\" width=\"522\" height=\"494\" src=\"https:\/\/bioefekts.lv\/wp-content\/uploads\/2025\/02\/instruction-Lejkanna.png\" class=\"attachment-full size-full wp-image-19288 wvs-archive-product-image\" alt=\"bioefekta produkts apstr\u0101d\u0101 augu\" srcset=\"https:\/\/bioefekts.lv\/wp-content\/uploads\/2025\/02\/instruction-Lejkanna.png 522w, https:\/\/bioefekts.lv\/wp-content\/uploads\/2025\/02\/instruction-Lejkanna-430x407.png 430w, https:\/\/bioefekts.lv\/wp-content\/uploads\/2025\/02\/instruction-Lejkanna-150x142.png 150w, https:\/\/bioefekts.lv\/wp-content\/uploads\/2025\/02\/instruction-Lejkanna-317x300.png 317w\" sizes=\"auto, (max-width: 522px) 100vw, 522px\" \/><\/figure><div class=\"elementor-image-box-content\"><h3 class=\"elementor-image-box-title\">Sodinimas,<\/h3><p class=\"elementor-image-box-description\">plikas \u0161aknis turintys daigai mirkomi tirpale, tada rodomi. Sodinukai su \u0161akn\u0173 kamuoliu, padengtu dirvo\u017eemiu, sodinami ir laistomi paruo\u0161tu tirpalu, i\u0161laikant dirvo\u017eem\u012f dr\u0117gn\u0105.  Pakartotinai tepkite 2-3 kartus per sezon\u0105.<\/p><\/div><\/div>\t\t\t\t<\/div>\n\t\t\t\t<\/div>\n\t\t\t\t<div class=\"elementor-element elementor-element-49fc5ef9 elementor-position-top elementor-widget elementor-widget-image-box\" data-id=\"49fc5ef9\" data-element_type=\"widget\" data-e-type=\"widget\" data-widget_type=\"image-box.default\">\n\t\t\t\t<div class=\"elementor-widget-container\">\n\t\t\t\t\t<div class=\"elementor-image-box-wrapper\"><figure class=\"elementor-image-box-img\"><img loading=\"lazy\" decoding=\"async\" width=\"522\" height=\"494\" src=\"https:\/\/bioefekts.lv\/wp-content\/uploads\/2025\/01\/Usage-instruction-4.png\" class=\"attachment-full size-full wp-image-18948 wvs-archive-product-image\" alt=\"St\u0101ds aug\" srcset=\"https:\/\/bioefekts.lv\/wp-content\/uploads\/2025\/01\/Usage-instruction-4.png 522w, https:\/\/bioefekts.lv\/wp-content\/uploads\/2025\/01\/Usage-instruction-4-430x407.png 430w, https:\/\/bioefekts.lv\/wp-content\/uploads\/2025\/01\/Usage-instruction-4-150x142.png 150w, https:\/\/bioefekts.lv\/wp-content\/uploads\/2025\/01\/Usage-instruction-4-317x300.png 317w\" sizes=\"auto, (max-width: 522px) 100vw, 522px\" \/><\/figure><div class=\"elementor-image-box-content\"><h3 class=\"elementor-image-box-title\">Rezultatas<\/h3><p class=\"elementor-image-box-description\">Augalas yra gyvybingas, nuostabiai \u017eydi ir duoda gaus\u0173 derli\u0173, kuriame gausu svarbiausi\u0173 maistini\u0173 med\u017eiag\u0173.<\/p><\/div><\/div>\t\t\t\t<\/div>\n\t\t\t\t<\/div>\n\t\t\t\t\t<\/div>\n\t\t\t\t<\/div>\n\t\t<div class=\"elementor-element elementor-element-521bb3b e-flex e-con-boxed e-con e-parent\" data-id=\"521bb3b\" data-element_type=\"container\" data-e-type=\"container\">\n\t\t\t\t\t<div class=\"e-con-inner\">\n\t\t\t\t\t<\/div>\n\t\t\t\t<\/div>\n\t\t\t\t<\/div>\n\t\t","protected":false},"excerpt":{"rendered":"<ul>\n<li style=\"text-align: left\">Padidina augalui prieinamo fosforo ir kalio kiek\u012f<\/li>\n<li style=\"text-align: left\">Skatina pas\u0117li\u0173 \u0161akn\u0173 sistemos vystym\u0105si<\/li>\n<li style=\"text-align: left\">Stiprina \u017eyd\u0117jim\u0105 ir vaisi\u0173 bei s\u0117kl\u0173 gamyb\u0105<\/li>\n<li style=\"text-align: left\">gerina ir praturtina dirvo\u017eem\u012f<\/li>\n<\/ul>\n","protected":false},"featured_media":19260,"comment_status":"open","ping_status":"closed","template":"","meta":{"om_disable_all_campaigns":false,"_monsterinsights_skip_tracking":false,"_monsterinsights_sitenote_active":false,"_monsterinsights_sitenote_note":"","_monsterinsights_sitenote_category":0},"product_brand":[],"product_cat":[240,317,239,238,237,315],"product_tag":[],"class_list":{"0":"post-20521","1":"product","2":"type-product","3":"status-publish","4":"has-post-thumbnail","6":"product_cat-kambariniams-augalams","7":"product_cat-keliu-produktu","8":"product_cat-paparciams","9":"product_cat-siltnamiams","10":"product_cat-sodui","11":"product_cat-subtimiksas","13":"first","14":"instock","15":"shipping-taxable","16":"purchasable","17":"product-type-variable","18":"has-default-attributes","19":"wvs-archive-product-wrapper"},"aioseo_notices":[],"_links":{"self":[{"href":"https:\/\/bioefekts.lv\/lt\/wp-json\/wp\/v2\/product\/20521","targetHints":{"allow":["GET"]}}],"collection":[{"href":"https:\/\/bioefekts.lv\/lt\/wp-json\/wp\/v2\/product"}],"about":[{"href":"https:\/\/bioefekts.lv\/lt\/wp-json\/wp\/v2\/types\/product"}],"replies":[{"embeddable":true,"href":"https:\/\/bioefekts.lv\/lt\/wp-json\/wp\/v2\/comments?post=20521"}],"version-history":[{"count":0,"href":"https:\/\/bioefekts.lv\/lt\/wp-json\/wp\/v2\/product\/20521\/revisions"}],"wp:featuredmedia":[{"embeddable":true,"href":"https:\/\/bioefekts.lv\/lt\/wp-json\/wp\/v2\/media\/19260"}],"wp:attachment":[{"href":"https:\/\/bioefekts.lv\/lt\/wp-json\/wp\/v2\/media?parent=20521"}],"wp:term":[{"taxonomy":"product_brand","embeddable":true,"href":"https:\/\/bioefekts.lv\/lt\/wp-json\/wp\/v2\/product_brand?post=20521"},{"taxonomy":"product_cat","embeddable":true,"href":"https:\/\/bioefekts.lv\/lt\/wp-json\/wp\/v2\/product_cat?post=20521"},{"taxonomy":"product_tag","embeddable":true,"href":"https:\/\/bioefekts.lv\/lt\/wp-json\/wp\/v2\/product_tag?post=20521"}],"curies":[{"name":"wp","href":"https:\/\/api.w.org\/{rel}","templated":true}]}}