{"id":20513,"date":"2025-01-28T16:40:50","date_gmt":"2025-01-28T14:40:50","guid":{"rendered":"https:\/\/bioefekts.lv\/product\/vitmiksas-paruostas-naudoti\/"},"modified":"2025-03-05T14:07:56","modified_gmt":"2025-03-05T14:07:56","slug":"vitmiksas-paruostas-naudoti","status":"publish","type":"product","link":"https:\/\/bioefekts.lv\/lt\/produktas\/vitmiksas-paruostas-naudoti\/","title":{"rendered":"Vitmix &#8211; paruo\u0161tas naudoti"},"content":{"rendered":"\t\t<div data-elementor-type=\"product-post\" data-elementor-id=\"20513\" class=\"elementor elementor-20513 elementor-17395\" data-elementor-post-type=\"product\">\n\t\t\t\t<div class=\"elementor-element elementor-element-ca46552 e-flex e-con-boxed e-con e-parent\" data-id=\"ca46552\" data-element_type=\"container\" data-e-type=\"container\">\n\t\t\t\t\t<div class=\"e-con-inner\">\n\t\t<div class=\"elementor-element elementor-element-4d7f612 e-con-full e-flex e-con e-child\" data-id=\"4d7f612\" data-element_type=\"container\" data-e-type=\"container\">\n\t\t\t\t<div class=\"elementor-element elementor-element-2bfc065f color-scheme-inherit text-left elementor-widget elementor-widget-text-editor\" data-id=\"2bfc065f\" data-element_type=\"widget\" data-e-type=\"widget\" data-widget_type=\"text-editor.default\">\n\t\t\t\t<div class=\"elementor-widget-container\">\n\t\t\t\t\t\t\t\t\t<p><strong>Vitmix &#8211; tai<\/strong> skystos tr\u0105\u0161os, skirtos greitai pasisavinti tr\u016bkstamas maistines med\u017eiagas per lapus. Jos sud\u0117tyje yra organinio azoto ir anglies, taip pat esmini\u0173 mikroelement\u0173, reikaling\u0173 vystymuisi ir derliui, kurie yra lengvai augalo pasisavinami ir panaudojami. Nupur\u0161kus ant lap\u0173, tr\u016bkstamos maisto med\u017eiagos pasisavinamos daug grei\u010diau nei per \u0161akn\u0173 sistem\u0105, tod\u0117l atkuriamas subalansuotas vystymasis ir i\u0161auginami kokybi\u0161ki augalai.<br>Daugiame\u010di\u0173 augal\u0173 pur\u0161kimas Vitmiksas tirpalu skatina greit\u0105 vegetacijos atsinaujinim\u0105 pavasar\u012f. Vis\u0105 sezon\u0105 per lapus maitinant dekoratyvinius augalus Vitmiksas tirpalu, suaktyv\u0117ja fotosintez\u0117, pager\u0117ja \u017ealioji spalva ir augal\u0173 i\u0161vaizda, pagaus\u0117ja \u017eiedini\u0173 pumpur\u0173 formavimasis ir pailg\u0117ja \u017eyd\u0117jimas.<br>Apr\u016bpinant augalus svarbiausiais mikroelementais, ypa\u010d variu, i\u0161ry\u0161k\u0117ja \u017eied\u0173 spalva, vaisi\u0173 ir dar\u017eovi\u0173 skonis.<br>Magnis atlieka svarb\u0173 vaidmen\u012f stiprinant augal\u0173 imunitet\u0105. Jis stiprina augalo apsaug\u0105 nuo patogenini\u0173 gryb\u0173, virus\u0173 ir bakterij\u0173 sukeliam\u0173 lig\u0173. Jei augalams tr\u016bksta magnio, fungicidai ir kiti produktai ma\u017eai veiksmingi.<br>Tr\u0105\u0161os pasi\u017eymi ilgalaikiu poveikiu, o tai svarbu ruo\u0161iant augalus \u017eiemai.     <br><strong>SVARBU<\/strong><br>Pakankama dirvos dr\u0117gm\u0117 ir \u0161iluma (nuo +15\u00b0 iki +25\u00b0C) padidina efektyvum\u0105.<br><strong>LAIKYMAS<\/strong><br>Preparatas turi b\u016bti laikomas nuo +3\u00b0 iki +27 \u00b0C temperat\u016broje. Neatidarytos pakuot\u0117s tinkamumo laikas &#8211; 2 metai nuo pagaminimo datos, \u017er. etiket\u0119. <\/p>\t\t\t\t\t\t\t\t<\/div>\n\t\t\t\t<\/div>\n\t\t\t\t<\/div>\n\t\t<div class=\"elementor-element elementor-element-34085fec e-con-full e-flex e-con e-child\" data-id=\"34085fec\" data-element_type=\"container\" data-e-type=\"container\" data-settings=\"{&quot;background_background&quot;:&quot;classic&quot;}\">\n\t\t\t\t<div class=\"elementor-element elementor-element-7e146247 elementor-widget elementor-widget-heading\" data-id=\"7e146247\" data-element_type=\"widget\" data-e-type=\"widget\" data-widget_type=\"heading.default\">\n\t\t\t\t<div class=\"elementor-widget-container\">\n\t\t\t\t\t<h3 class=\"elementor-heading-title elementor-size-default\">Doz\u0117s<\/h3>\t\t\t\t<\/div>\n\t\t\t\t<\/div>\n\t\t\t\t<div class=\"elementor-element elementor-element-36061a85 elementor-widget elementor-widget-wd_text_block\" data-id=\"36061a85\" data-element_type=\"widget\" data-e-type=\"widget\" data-widget_type=\"wd_text_block.default\">\n\t\t\t\t<div class=\"elementor-widget-container\">\n\t\t\t\t\t\t\t<div class=\"wd-text-block reset-last-child text-left\">\n\t\t\t\n\t\t\t<p>Paruo\u0161ta purk\u0161ti ant lap\u0173<\/p><p><strong>Galiojimo laikas<\/strong>: neatidarytas - 2 metai<\/p>\n\t\t\t\t\t<\/div>\n\t\t\t\t\t\t<\/div>\n\t\t\t\t<\/div>\n\t\t\t\t<\/div>\n\t\t\t\t\t<\/div>\n\t\t\t\t<\/div>\n\t\t<div class=\"wd-negative-gap elementor-element elementor-element-6cdc3162 e-flex e-con-boxed e-con e-parent\" data-id=\"6cdc3162\" data-element_type=\"container\" data-e-type=\"container\">\n\t\t\t\t\t<div class=\"e-con-inner\">\n\t\t\t\t<div class=\"elementor-element elementor-element-302c47b0 elementor-widget elementor-widget-heading\" data-id=\"302c47b0\" data-element_type=\"widget\" data-e-type=\"widget\" data-widget_type=\"heading.default\">\n\t\t\t\t<div class=\"elementor-widget-container\">\n\t\t\t\t\t<h3 class=\"elementor-heading-title elementor-size-default\">Naudokite<\/h3>\t\t\t\t<\/div>\n\t\t\t\t<\/div>\n\t\t\t\t\t<\/div>\n\t\t\t\t<\/div>\n\t\t<div class=\"wd-negative-gap elementor-element elementor-element-7633501 e-flex e-con-boxed e-con e-parent\" data-id=\"7633501\" data-element_type=\"container\" data-e-type=\"container\">\n\t\t\t\t\t<div class=\"e-con-inner\">\n\t\t<div class=\"elementor-element elementor-element-683c0a0e e-con-full e-flex e-con e-child\" data-id=\"683c0a0e\" data-element_type=\"container\" data-e-type=\"container\">\n\t\t\t\t<div class=\"elementor-element elementor-element-45de4b2f color-scheme-inherit text-left elementor-widget elementor-widget-text-editor\" data-id=\"45de4b2f\" data-element_type=\"widget\" data-e-type=\"widget\" data-widget_type=\"text-editor.default\">\n\t\t\t\t<div class=\"elementor-widget-container\">\n\t\t\t\t\t\t\t\t\t<ul><li><strong>\u0160iltnamiams ir sodams<\/strong> Vitmiksas tinka visiems sezonams, o Kambariniams augalams &#8211; i\u0161tisus metus. Vitmiksas Tirpalas paruo\u0161tas purk\u0161ti ant ant\u017eemin\u0117s augalo dalies, geriausia debesuotomis dienomis, anksti ryte arba po piet\u0173, kad b\u016bt\u0173 i\u0161vengta saul\u0117s nudegim\u0173. <\/li><li><strong>Sodinimas<\/strong> &#8211; pirm\u0105 kart\u0105 lap\u0173 tr\u0105\u0161omis tr\u0119\u0161iama pra\u0117jus 10 dien\u0173 po sodinimo. Kitas tr\u0119\u0161imas atliekamas po 14 dien\u0173, ta\u010diau tr\u0119\u0161imo da\u017enumas priklauso nuo augal\u0173 poreikio maisto med\u017eiagoms ir j\u016bs\u0173 sodo dirvo\u017eemio sud\u0117ties &#8211; steb\u0117kite, kaip vystosi augalai. <\/li><li><strong>Daugiame\u010diai ir dekoratyviniai augalai<\/strong> &#8211; pirmasis pur\u0161kimas ant lap\u0173, kai dirva \u012f\u0161yla vir\u0161 +10 \u00b0C ir atsinaujina vegetacija, pakartotinai po 2 savai\u010di\u0173.<\/li><li>Pur\u0161kimo da\u017enumas priklauso nuo sodo dirvo\u017eemio derlingumo &#8211; b\u016btina steb\u0117ti augalus ir purk\u0161ti pasteb\u0117jus mikroelement\u0173 ar makroelement\u0173 tr\u016bkumo po\u017eymi\u0173.<br>Produktas yra nekenksmingas \u017emon\u0117ms, gyv\u016bnams, bit\u0117ms ir kitiems apdulkintojams.<\/li><\/ul>\t\t\t\t\t\t\t\t<\/div>\n\t\t\t\t<\/div>\n\t\t\t\t<\/div>\n\t\t<div class=\"elementor-element elementor-element-5e5c56a7 e-con-full e-flex e-con e-child\" data-id=\"5e5c56a7\" data-element_type=\"container\" data-e-type=\"container\">\n\t\t<div class=\"elementor-element elementor-element-3315ae3c e-con-full e-flex e-con e-child\" data-id=\"3315ae3c\" data-element_type=\"container\" data-e-type=\"container\">\n\t\t<div class=\"elementor-element elementor-element-38826f55 e-con-full e-flex e-con e-child\" data-id=\"38826f55\" data-element_type=\"container\" data-e-type=\"container\">\n\t\t\t\t<div class=\"elementor-element elementor-element-15e40636 elementor-widget elementor-widget-video\" data-id=\"15e40636\" data-element_type=\"widget\" data-e-type=\"widget\" data-settings=\"{&quot;youtube_url&quot;:&quot;https:\\\/\\\/www.youtube.com\\\/watch?v=qv3VeuNt_l0&quot;,&quot;autoplay&quot;:&quot;yes&quot;,&quot;show_image_overlay&quot;:&quot;yes&quot;,&quot;image_overlay&quot;:{&quot;url&quot;:&quot;https:\\\/\\\/bioefekts.lv\\\/wp-content\\\/uploads\\\/2025\\\/01\\\/Zemenes-Thumbnail.jpg&quot;,&quot;id&quot;:18956,&quot;size&quot;:&quot;&quot;,&quot;alt&quot;:&quot;&quot;,&quot;source&quot;:&quot;library&quot;},&quot;lightbox&quot;:&quot;yes&quot;,&quot;video_type&quot;:&quot;youtube&quot;,&quot;controls&quot;:&quot;yes&quot;}\" data-widget_type=\"video.default\">\n\t\t\t\t<div class=\"elementor-widget-container\">\n\t\t\t\t\t\t\t<div class=\"elementor-wrapper elementor-open-lightbox\">\n\t\t\t\t\t\t\t<div class=\"elementor-custom-embed-image-overlay\" data-elementor-open-lightbox=\"yes\" data-elementor-lightbox=\"{&quot;type&quot;:&quot;video&quot;,&quot;videoType&quot;:&quot;youtube&quot;,&quot;url&quot;:&quot;https:\\\/\\\/www.youtube.com\\\/embed\\\/qv3VeuNt_l0?feature=oembed&amp;start&amp;end&amp;wmode=opaque&amp;loop=0&amp;controls=1&amp;mute=0&amp;rel=0&amp;cc_load_policy=0&quot;,&quot;autoplay&quot;:&quot;yes&quot;,&quot;modalOptions&quot;:{&quot;id&quot;:&quot;elementor-lightbox-15e40636&quot;,&quot;entranceAnimation&quot;:&quot;&quot;,&quot;entranceAnimation_tablet&quot;:&quot;&quot;,&quot;entranceAnimation_mobile&quot;:&quot;&quot;,&quot;videoAspectRatio&quot;:&quot;169&quot;}}\" data-e-action-hash=\"#elementor-action%3Aaction%3Dlightbox%26settings%3DeyJ0eXBlIjoidmlkZW8iLCJ2aWRlb1R5cGUiOiJ5b3V0dWJlIiwidXJsIjoiaHR0cHM6XC9cL3d3dy55b3V0dWJlLmNvbVwvZW1iZWRcL3F2M1ZldU50X2wwP2ZlYXR1cmU9b2VtYmVkJnN0YXJ0JmVuZCZ3bW9kZT1vcGFxdWUmbG9vcD0wJmNvbnRyb2xzPTEmbXV0ZT0wJnJlbD0wJmNjX2xvYWRfcG9saWN5PTAiLCJhdXRvcGxheSI6InllcyIsIm1vZGFsT3B0aW9ucyI6eyJpZCI6ImVsZW1lbnRvci1saWdodGJveC0xNWU0MDYzNiIsImVudHJhbmNlQW5pbWF0aW9uIjoiIiwiZW50cmFuY2VBbmltYXRpb25fdGFibGV0IjoiIiwiZW50cmFuY2VBbmltYXRpb25fbW9iaWxlIjoiIiwidmlkZW9Bc3BlY3RSYXRpbyI6IjE2OSJ9fQ%3D%3D\">\n\t\t\t\t\t\t\t\t\t\t\t<img loading=\"lazy\" decoding=\"async\" width=\"600\" height=\"338\" src=\"https:\/\/bioefekts.lv\/wp-content\/uploads\/2025\/01\/Zemenes-Thumbnail.jpg\" class=\"attachment-full size-full wp-image-18956 wvs-archive-product-image\" alt=\"st\u0101dam zemenes\" srcset=\"https:\/\/bioefekts.lv\/wp-content\/uploads\/2025\/01\/Zemenes-Thumbnail.jpg 600w, https:\/\/bioefekts.lv\/wp-content\/uploads\/2025\/01\/Zemenes-Thumbnail-430x242.jpg 430w, https:\/\/bioefekts.lv\/wp-content\/uploads\/2025\/01\/Zemenes-Thumbnail-150x85.jpg 150w, https:\/\/bioefekts.lv\/wp-content\/uploads\/2025\/01\/Zemenes-Thumbnail-400x225.jpg 400w\" sizes=\"auto, (max-width: 600px) 100vw, 600px\" \/>\t\t\t\t\t\t\t\t\t\t\t\t\t\t\t\t<div class=\"elementor-custom-embed-play\" role=\"button\" aria-label=\"Play Video\" tabindex=\"0\">\n\t\t\t\t\t\t\t<svg aria-hidden=\"true\" class=\"e-font-icon-svg e-eicon-play\" viewBox=\"0 0 1000 1000\" xmlns=\"http:\/\/www.w3.org\/2000\/svg\"><path d=\"M838 162C746 71 633 25 500 25 371 25 258 71 163 162 71 254 25 367 25 500 25 633 71 746 163 837 254 929 367 979 500 979 633 979 746 933 838 837 929 746 975 633 975 500 975 367 929 254 838 162M808 192C892 279 933 379 933 500 933 621 892 725 808 808 725 892 621 938 500 938 379 938 279 896 196 808 113 725 67 621 67 500 67 379 108 279 196 192 279 108 383 62 500 62 621 62 721 108 808 192M438 392V642L642 517 438 392Z\"><\/path><\/svg>\t\t\t\t\t\t<\/div>\n\t\t\t\t\t\t\t\t\t<\/div>\n\t\t\t\t\t<\/div>\n\t\t\t\t\t\t<\/div>\n\t\t\t\t<\/div>\n\t\t\t\t<\/div>\n\t\t<div class=\"elementor-element elementor-element-76e8c4f3 e-con-full e-flex e-con e-child\" data-id=\"76e8c4f3\" data-element_type=\"container\" data-e-type=\"container\">\n\t\t<a class=\"elementor-element elementor-element-45d95dae e-con-full e-flex e-con e-child\" data-id=\"45d95dae\" data-element_type=\"container\" data-e-type=\"container\" data-settings=\"{&quot;background_background&quot;:&quot;classic&quot;}\" href=\"#elementor-action%3Aaction%3Dlightbox%26settings%3DeyJ0eXBlIjoidmlkZW8iLCJ2aWRlb1R5cGUiOiJ5b3V0dWJlIiwidXJsIjoiaHR0cHM6XC9cL3d3dy55b3V0dWJlLmNvbVwvZW1iZWRcL3F2M1ZldU50X2wwP2ZlYXR1cmU9b2VtYmVkIn0%3D\">\n\t\t\t\t<div class=\"elementor-element elementor-element-4240dea4 elementor-widget elementor-widget-heading\" data-id=\"4240dea4\" data-element_type=\"widget\" data-e-type=\"widget\" data-widget_type=\"heading.default\">\n\t\t\t\t<div class=\"elementor-widget-container\">\n\t\t\t\t\t<p class=\"elementor-heading-title elementor-size-default\">Vaizdo pamoka, kaip sodinti Bra\u0161k\u0117ms su \"Bacilonu<\/p>\t\t\t\t<\/div>\n\t\t\t\t<\/div>\n\t\t\t\t<\/a>\n\t\t\t\t<\/div>\n\t\t\t\t<\/div>\n\t\t<div class=\"elementor-element elementor-element-708f6234 e-con-full e-flex e-con e-child\" data-id=\"708f6234\" data-element_type=\"container\" data-e-type=\"container\">\n\t\t<div class=\"elementor-element elementor-element-2aeb08db e-con-full e-flex e-con e-child\" data-id=\"2aeb08db\" data-element_type=\"container\" data-e-type=\"container\">\n\t\t\t\t<\/div>\n\t\t<div class=\"elementor-element elementor-element-589eeb43 e-con-full e-flex e-con e-child\" data-id=\"589eeb43\" data-element_type=\"container\" data-e-type=\"container\">\n\t\t\t\t<\/div>\n\t\t\t\t<\/div>\n\t\t<div class=\"elementor-element elementor-element-388e8bad e-con-full e-flex e-con e-child\" data-id=\"388e8bad\" data-element_type=\"container\" data-e-type=\"container\">\n\t\t<div class=\"elementor-element elementor-element-4a7b3976 e-con-full e-flex e-con e-child\" data-id=\"4a7b3976\" data-element_type=\"container\" data-e-type=\"container\">\n\t\t\t\t<\/div>\n\t\t<div class=\"elementor-element elementor-element-43052a61 e-con-full e-flex e-con e-child\" data-id=\"43052a61\" data-element_type=\"container\" data-e-type=\"container\">\n\t\t\t\t<\/div>\n\t\t\t\t<\/div>\n\t\t<div class=\"elementor-element elementor-element-45dd04c9 e-con-full e-flex e-con e-child\" data-id=\"45dd04c9\" data-element_type=\"container\" data-e-type=\"container\">\n\t\t<div class=\"elementor-element elementor-element-3291d723 e-con-full e-flex e-con e-child\" data-id=\"3291d723\" data-element_type=\"container\" data-e-type=\"container\">\n\t\t\t\t<\/div>\n\t\t<div class=\"elementor-element elementor-element-15631661 e-con-full e-flex e-con e-child\" data-id=\"15631661\" data-element_type=\"container\" data-e-type=\"container\">\n\t\t\t\t<\/div>\n\t\t\t\t<\/div>\n\t\t\t\t<\/div>\n\t\t\t\t\t<\/div>\n\t\t\t\t<\/div>\n\t\t<div class=\"wd-negative-gap elementor-element elementor-element-3970b0e3 e-flex e-con-boxed e-con e-parent\" data-id=\"3970b0e3\" data-element_type=\"container\" data-e-type=\"container\">\n\t\t\t\t\t<div class=\"e-con-inner\">\n\t\t\t\t<div class=\"elementor-element elementor-element-4642b30e elementor-widget elementor-widget-wd_text_block\" data-id=\"4642b30e\" data-element_type=\"widget\" data-e-type=\"widget\" data-widget_type=\"wd_text_block.default\">\n\t\t\t\t<div class=\"elementor-widget-container\">\n\t\t\t\t\t\t\t<div class=\"wd-text-block reset-last-child text-left\">\n\t\t\t\n\t\t\t<h2><strong>Naudokite taip<\/strong><\/h2>\n\t\t\t\t\t<\/div>\n\t\t\t\t\t\t<\/div>\n\t\t\t\t<\/div>\n\t\t\t\t\t<\/div>\n\t\t\t\t<\/div>\n\t\t<div class=\"wd-negative-gap elementor-element elementor-element-7a6097c9 e-grid e-con-boxed e-con e-parent\" data-id=\"7a6097c9\" data-element_type=\"container\" data-e-type=\"container\">\n\t\t\t\t\t<div class=\"e-con-inner\">\n\t\t\t\t<div class=\"elementor-element elementor-element-4f2216a6 elementor-position-top elementor-widget elementor-widget-image-box\" data-id=\"4f2216a6\" data-element_type=\"widget\" data-e-type=\"widget\" data-widget_type=\"image-box.default\">\n\t\t\t\t<div class=\"elementor-widget-container\">\n\t\t\t\t\t<div class=\"elementor-image-box-wrapper\"><figure class=\"elementor-image-box-img\"><img loading=\"lazy\" decoding=\"async\" width=\"522\" height=\"494\" src=\"https:\/\/bioefekts.lv\/wp-content\/uploads\/2025\/01\/Instruction-Spray-2.png\" class=\"attachment-full size-full wp-image-19276 wvs-archive-product-image\" alt=\"bioefekta products aizsarg\u0101 augu\" srcset=\"https:\/\/bioefekts.lv\/wp-content\/uploads\/2025\/01\/Instruction-Spray-2.png 522w, https:\/\/bioefekts.lv\/wp-content\/uploads\/2025\/01\/Instruction-Spray-2-430x407.png 430w, https:\/\/bioefekts.lv\/wp-content\/uploads\/2025\/01\/Instruction-Spray-2-150x142.png 150w, https:\/\/bioefekts.lv\/wp-content\/uploads\/2025\/01\/Instruction-Spray-2-317x300.png 317w\" sizes=\"auto, (max-width: 522px) 100vw, 522px\" \/><\/figure><div class=\"elementor-image-box-content\"><h3 class=\"elementor-image-box-title\">Po sodinimo<\/h3><p class=\"elementor-image-box-description\">Augalus purk\u0161kite 10 dien\u0105, o po to kas 2 savaites pagal poreik\u012f.<\/p><\/div><\/div>\t\t\t\t<\/div>\n\t\t\t\t<\/div>\n\t\t\t\t<div class=\"elementor-element elementor-element-29b274df elementor-position-top elementor-widget elementor-widget-image-box\" data-id=\"29b274df\" data-element_type=\"widget\" data-e-type=\"widget\" data-widget_type=\"image-box.default\">\n\t\t\t\t<div class=\"elementor-widget-container\">\n\t\t\t\t\t<div class=\"elementor-image-box-wrapper\"><figure class=\"elementor-image-box-img\"><img loading=\"lazy\" decoding=\"async\" width=\"522\" height=\"494\" src=\"https:\/\/bioefekts.lv\/wp-content\/uploads\/2025\/01\/Instruction-Spray-2.png\" class=\"attachment-full size-full wp-image-19276 wvs-archive-product-image\" alt=\"bioefekta products aizsarg\u0101 augu\" srcset=\"https:\/\/bioefekts.lv\/wp-content\/uploads\/2025\/01\/Instruction-Spray-2.png 522w, https:\/\/bioefekts.lv\/wp-content\/uploads\/2025\/01\/Instruction-Spray-2-430x407.png 430w, https:\/\/bioefekts.lv\/wp-content\/uploads\/2025\/01\/Instruction-Spray-2-150x142.png 150w, https:\/\/bioefekts.lv\/wp-content\/uploads\/2025\/01\/Instruction-Spray-2-317x300.png 317w\" sizes=\"auto, (max-width: 522px) 100vw, 522px\" \/><\/figure><div class=\"elementor-image-box-content\"><h3 class=\"elementor-image-box-title\">Auginimo sezono metu<\/h3><p class=\"elementor-image-box-description\">steb\u0117kite augal\u0173 vystym\u0105si, jei tr\u016bksta maistini\u0173 med\u017eiag\u0173, purk\u0161kite ant\u017eemines augalo dalis.<\/p><\/div><\/div>\t\t\t\t<\/div>\n\t\t\t\t<\/div>\n\t\t\t\t<div class=\"elementor-element elementor-element-5999cde9 elementor-position-top elementor-widget elementor-widget-image-box\" data-id=\"5999cde9\" data-element_type=\"widget\" data-e-type=\"widget\" data-widget_type=\"image-box.default\">\n\t\t\t\t<div class=\"elementor-widget-container\">\n\t\t\t\t\t<div class=\"elementor-image-box-wrapper\"><figure class=\"elementor-image-box-img\"><img loading=\"lazy\" decoding=\"async\" width=\"522\" height=\"494\" src=\"https:\/\/bioefekts.lv\/wp-content\/uploads\/2025\/02\/instruction-Lejkanna.png\" class=\"attachment-full size-full wp-image-19288 wvs-archive-product-image\" alt=\"bioefekta produkts apstr\u0101d\u0101 augu\" srcset=\"https:\/\/bioefekts.lv\/wp-content\/uploads\/2025\/02\/instruction-Lejkanna.png 522w, https:\/\/bioefekts.lv\/wp-content\/uploads\/2025\/02\/instruction-Lejkanna-430x407.png 430w, https:\/\/bioefekts.lv\/wp-content\/uploads\/2025\/02\/instruction-Lejkanna-150x142.png 150w, https:\/\/bioefekts.lv\/wp-content\/uploads\/2025\/02\/instruction-Lejkanna-317x300.png 317w\" sizes=\"auto, (max-width: 522px) 100vw, 522px\" \/><\/figure><div class=\"elementor-image-box-content\"><h3 class=\"elementor-image-box-title\">Vis\u0105 sezon\u0105<\/h3><p class=\"elementor-image-box-description\">dirvo\u017eemis aplink augalo \u0161aknis turi b\u016bti dr\u0117gnas, kad mikroorganizmai gal\u0117t\u0173 daugintis ir atlikti savo darb\u0105.<\/p><\/div><\/div>\t\t\t\t<\/div>\n\t\t\t\t<\/div>\n\t\t\t\t<div class=\"elementor-element elementor-element-50f60cd7 elementor-position-top elementor-widget elementor-widget-image-box\" data-id=\"50f60cd7\" data-element_type=\"widget\" data-e-type=\"widget\" data-widget_type=\"image-box.default\">\n\t\t\t\t<div class=\"elementor-widget-container\">\n\t\t\t\t\t<div class=\"elementor-image-box-wrapper\"><figure class=\"elementor-image-box-img\"><img loading=\"lazy\" decoding=\"async\" width=\"522\" height=\"494\" src=\"https:\/\/bioefekts.lv\/wp-content\/uploads\/2025\/01\/Usage-instruction-4.png\" class=\"attachment-full size-full wp-image-18948 wvs-archive-product-image\" alt=\"St\u0101ds aug\" srcset=\"https:\/\/bioefekts.lv\/wp-content\/uploads\/2025\/01\/Usage-instruction-4.png 522w, https:\/\/bioefekts.lv\/wp-content\/uploads\/2025\/01\/Usage-instruction-4-430x407.png 430w, https:\/\/bioefekts.lv\/wp-content\/uploads\/2025\/01\/Usage-instruction-4-150x142.png 150w, https:\/\/bioefekts.lv\/wp-content\/uploads\/2025\/01\/Usage-instruction-4-317x300.png 317w\" sizes=\"auto, (max-width: 522px) 100vw, 522px\" \/><\/figure><div class=\"elementor-image-box-content\"><h3 class=\"elementor-image-box-title\">Rezultatas<\/h3><p class=\"elementor-image-box-description\">Augalas yra gyvybingas, nuostabiai \u017eydi ir duoda gaus\u0173 derli\u0173, kuriame gausu svarbiausi\u0173 maistini\u0173 med\u017eiag\u0173.<\/p><\/div><\/div>\t\t\t\t<\/div>\n\t\t\t\t<\/div>\n\t\t\t\t\t<\/div>\n\t\t\t\t<\/div>\n\t\t<div class=\"elementor-element elementor-element-298ce6c5 e-flex e-con-boxed e-con e-parent\" data-id=\"298ce6c5\" data-element_type=\"container\" data-e-type=\"container\">\n\t\t\t\t\t<div class=\"e-con-inner\">\n\t\t\t\t\t<\/div>\n\t\t\t\t<\/div>\n\t\t\t\t<\/div>\n\t\t","protected":false},"excerpt":{"rendered":"<ul>\n<li style=\"text-align: left\">Greitam tr\u016bkstam\u0173 maistini\u0173 med\u017eiag\u0173 pasisavinimui per lapus<\/li>\n<li style=\"text-align: left\">Skatina greit\u0105 augalijos atsinaujinim\u0105 pavasar\u012f<\/li>\n<li style=\"text-align: left\">Magnis stiprina augal\u0173 apsaug\u0105 nuo grybelini\u0173, virusini\u0173 ir bakterini\u0173 lig\u0173.<\/li>\n<li style=\"text-align: left\">Ilgalaikis poveikis<\/li>\n<\/ul>\n","protected":false},"featured_media":19172,"comment_status":"open","ping_status":"closed","template":"","meta":{"om_disable_all_campaigns":false,"_monsterinsights_skip_tracking":false,"_monsterinsights_sitenote_active":false,"_monsterinsights_sitenote_note":"","_monsterinsights_sitenote_category":0},"product_brand":[],"product_cat":[240,239,238,237],"product_tag":[],"class_list":{"0":"post-20513","1":"product","2":"type-product","3":"status-publish","4":"has-post-thumbnail","6":"product_cat-kambariniams-augalams","7":"product_cat-paparciams","8":"product_cat-siltnamiams","9":"product_cat-sodui","11":"first","12":"instock","13":"shipping-taxable","14":"purchasable","15":"product-type-variable","16":"has-default-attributes","17":"wvs-archive-product-wrapper"},"aioseo_notices":[],"_links":{"self":[{"href":"https:\/\/bioefekts.lv\/lt\/wp-json\/wp\/v2\/product\/20513","targetHints":{"allow":["GET"]}}],"collection":[{"href":"https:\/\/bioefekts.lv\/lt\/wp-json\/wp\/v2\/product"}],"about":[{"href":"https:\/\/bioefekts.lv\/lt\/wp-json\/wp\/v2\/types\/product"}],"replies":[{"embeddable":true,"href":"https:\/\/bioefekts.lv\/lt\/wp-json\/wp\/v2\/comments?post=20513"}],"version-history":[{"count":0,"href":"https:\/\/bioefekts.lv\/lt\/wp-json\/wp\/v2\/product\/20513\/revisions"}],"wp:featuredmedia":[{"embeddable":true,"href":"https:\/\/bioefekts.lv\/lt\/wp-json\/wp\/v2\/media\/19172"}],"wp:attachment":[{"href":"https:\/\/bioefekts.lv\/lt\/wp-json\/wp\/v2\/media?parent=20513"}],"wp:term":[{"taxonomy":"product_brand","embeddable":true,"href":"https:\/\/bioefekts.lv\/lt\/wp-json\/wp\/v2\/product_brand?post=20513"},{"taxonomy":"product_cat","embeddable":true,"href":"https:\/\/bioefekts.lv\/lt\/wp-json\/wp\/v2\/product_cat?post=20513"},{"taxonomy":"product_tag","embeddable":true,"href":"https:\/\/bioefekts.lv\/lt\/wp-json\/wp\/v2\/product_tag?post=20513"}],"curies":[{"name":"wp","href":"https:\/\/api.w.org\/{rel}","templated":true}]}}