{"id":20504,"date":"2025-01-20T16:31:21","date_gmt":"2025-01-20T16:31:21","guid":{"rendered":"https:\/\/bioefekts.lv\/product\/subtimiksas-iterpti-i-dirvozemi\/"},"modified":"2025-03-05T14:25:54","modified_gmt":"2025-03-05T14:25:54","slug":"subtimiksas-iterpti-i-dirvozemi","status":"publish","type":"product","link":"https:\/\/bioefekts.lv\/lt\/produktas\/subtimiksas-iterpti-i-dirvozemi\/","title":{"rendered":"Subtimix &#8211; \u012fterpimui \u012f dirvo\u017eem\u012f"},"content":{"rendered":"\t\t<div data-elementor-type=\"product-post\" data-elementor-id=\"20504\" class=\"elementor elementor-20504 elementor-16582\" data-elementor-post-type=\"product\">\n\t\t\t\t<div class=\"elementor-element elementor-element-38556dd8 e-flex e-con-boxed e-con e-parent\" data-id=\"38556dd8\" data-element_type=\"container\" data-e-type=\"container\">\n\t\t\t\t\t<div class=\"e-con-inner\">\n\t\t<div class=\"elementor-element elementor-element-30dc2fae e-con-full e-flex e-con e-child\" data-id=\"30dc2fae\" data-element_type=\"container\" data-e-type=\"container\">\n\t\t\t\t<div class=\"elementor-element elementor-element-45dd0817 color-scheme-inherit text-left elementor-widget elementor-widget-text-editor\" data-id=\"45dd0817\" data-element_type=\"widget\" data-e-type=\"widget\" data-widget_type=\"text-editor.default\">\n\t\t\t\t<div class=\"elementor-widget-container\">\n\t\t\t\t\t\t\t\t\t<p>Mikroorganizmai, esantys Subtimix<strong> paver\u010dia<\/strong> dirvo\u017eemyje esan\u010dius fosforo ir kalio junginius \u012f augalams tinkam\u0105 form\u0105. Fosforas ir kalis skatina \u017eied\u0173, vaisi\u0173 ir s\u0117kl\u0173 formavim\u0105si, didina kokybi\u0161ko derliaus kiek\u012f, prisideda prie greitesnio pas\u0117li\u0173 brendimo ir s\u0117kmingesnio \u017eiemojimo. Subtimix Jis padeda formuotis stipriai \u0161akn\u0173 sistemai, vystytis ir augti stiebams, gerina ir praturtina dirvo\u017eem\u012f, didina augalui nauding\u0173 mikroorganizm\u0173 skai\u010di\u0173 rizosferoje.  <br>Mikrobiologinio preparato sud\u0117tyje yra dirvo\u017eemio mikroorganizm\u0173, kurie taip pat gamina fitohormonus ir antimikrobines med\u017eiagas, stiprinan\u010dias augalo atsparum\u0105 ir sukelian\u010dias apsaugin\u0119 reakcij\u0105, didinan\u010di\u0105 nat\u016bral\u0173 augalo imunitet\u0105. Produktas tinka \u012fvairiems dirvo\u017eemio tipams ir augalams ir gali b\u016bti naudojamas vis\u0105 vegetacijos sezon\u0105 patalpose, \u0160iltnamiuose ir lauke. <\/p><p><strong>SVARBU<\/strong><\/p><ul><li><p>\u0160ias tr\u0105\u0161as leid\u017eiama naudoti ekologin\u0117je \u017eemdirbyst\u0117je pagal Europos Komisijos reglament\u0105 2021\/1165.<\/p><\/li><li>Jo negalima mai\u0161yti su fungicidais.<\/li><li>Efektyvum\u0105 didina pakankama dirvos dr\u0117gm\u0117 ir \u0161iluma (+15-25\u00b0 C).<\/li><li>Didesn\u0117s nei nurodyta Doz\u0117s naudojimas nekenkia augalams, \u017emon\u0117ms, gyv\u016bnams ar aplinkai.<\/li><li>Visas mikrobiologines tr\u0105\u0161as galima derinti tarpusavyje.<\/li><li>Tarp gydymo ir derliaus nu\u0117mimo n\u0117ra laukimo laikotarpio.<\/li><\/ul><p><strong>LAIKYMAS<\/strong><br>Preparatas turi b\u016bti laikomas nuo +3\u00b0 iki +27 \u00b0C temperat\u016broje. Neatidarytos pakuot\u0117s tinkamumo laikas &#8211; 2 metai nuo pagaminimo datos, \u017er. etiket\u0119. <\/p>\t\t\t\t\t\t\t\t<\/div>\n\t\t\t\t<\/div>\n\t\t\t\t<\/div>\n\t\t<div class=\"elementor-element elementor-element-204735e3 e-con-full e-flex e-con e-child\" data-id=\"204735e3\" data-element_type=\"container\" data-e-type=\"container\" data-settings=\"{&quot;background_background&quot;:&quot;classic&quot;}\">\n\t\t\t\t<div class=\"elementor-element elementor-element-13e3435a elementor-widget elementor-widget-heading\" data-id=\"13e3435a\" data-element_type=\"widget\" data-e-type=\"widget\" data-widget_type=\"heading.default\">\n\t\t\t\t<div class=\"elementor-widget-container\">\n\t\t\t\t\t<h3 class=\"elementor-heading-title elementor-size-default\">Doz\u0117s<\/h3>\t\t\t\t<\/div>\n\t\t\t\t<\/div>\n\t\t\t\t<div class=\"elementor-element elementor-element-56659221 elementor-widget elementor-widget-wd_text_block\" data-id=\"56659221\" data-element_type=\"widget\" data-e-type=\"widget\" data-widget_type=\"wd_text_block.default\">\n\t\t\t\t<div class=\"elementor-widget-container\">\n\t\t\t\t\t\t\t<div class=\"wd-text-block reset-last-child text-left\">\n\t\t\t\n\t\t\t<p>200g\/20m\u00b2<br>500g\/50m\u00b2<br>2kg\/200m\u00b2<br>5kg\/500m\u00b2<br>Nuskurdintose dirvose norm\u0105 padidinkite 2-3 kartus.<br>Naudojimas vir\u0161 nurodytos doz\u0117s nekenkia<strong>augalams, \u017emon\u0117ms, gyv\u016bnams<\/strong> ar aplinkai ir nesukelia atsparumo.<br> Galiojimo laikas: neatidarytas - 2 metai.<\/p>\n\t\t\t\t\t<\/div>\n\t\t\t\t\t\t<\/div>\n\t\t\t\t<\/div>\n\t\t\t\t<\/div>\n\t\t\t\t\t<\/div>\n\t\t\t\t<\/div>\n\t\t<div class=\"wd-negative-gap elementor-element elementor-element-3b6abc9a e-flex e-con-boxed e-con e-parent\" data-id=\"3b6abc9a\" data-element_type=\"container\" data-e-type=\"container\">\n\t\t\t\t\t<div class=\"e-con-inner\">\n\t\t\t\t<div class=\"elementor-element elementor-element-4c8ed1fc elementor-widget elementor-widget-heading\" data-id=\"4c8ed1fc\" data-element_type=\"widget\" data-e-type=\"widget\" data-widget_type=\"heading.default\">\n\t\t\t\t<div class=\"elementor-widget-container\">\n\t\t\t\t\t<h3 class=\"elementor-heading-title elementor-size-default\">Naudokite<\/h3>\t\t\t\t<\/div>\n\t\t\t\t<\/div>\n\t\t\t\t\t<\/div>\n\t\t\t\t<\/div>\n\t\t<div class=\"wd-negative-gap elementor-element elementor-element-6fe7037f e-flex e-con-boxed e-con e-parent\" data-id=\"6fe7037f\" data-element_type=\"container\" data-e-type=\"container\">\n\t\t\t\t\t<div class=\"e-con-inner\">\n\t\t<div class=\"elementor-element elementor-element-31e9618e e-con-full e-flex e-con e-child\" data-id=\"31e9618e\" data-element_type=\"container\" data-e-type=\"container\">\n\t\t\t\t<div class=\"elementor-element elementor-element-2d383bde color-scheme-inherit text-left elementor-widget elementor-widget-text-editor\" data-id=\"2d383bde\" data-element_type=\"widget\" data-e-type=\"widget\" data-widget_type=\"text-editor.default\">\n\t\t\t\t<div class=\"elementor-widget-container\">\n\t\t\t\t\t\t\t\t\t<ul><li><strong>Gerina dirvo\u017eem\u012f<\/strong> &#8211; prasiskverbia 10-15 cm \u012f vir\u0161utin\u012f dirvo\u017eemio sluoksn\u012f, palaiko dirvo\u017eemio dr\u0117gm\u0119.<\/li><li><strong>Sodinimas &#8211; sodinimo<\/strong> duobut\u0117je prie \u0161akn\u0173 arba tiesiogiai prie \u0161akn\u0173.<\/li><li><strong>S\u0117ja<\/strong> &#8211; \u012ftrinkite \u012f s\u0117jos gid\u0105, s\u0117klas s\u0117kite tiesiai ant preparato.<br>Ankstesni\u0173 met\u0173 sodinuk\u0173 &#8211; \u012ftrinkite aplink augal\u0105 (prie \u0161akn\u0173) ir palaikykite dr\u0117gm\u0119.<\/li><li><strong>Kambariniams augalams<\/strong> &#8211; \u012f substrat\u0105 prie\u0161 sodinim\u0105. Jau pasodintiems kambariniams augalams jis \u012fterpiamas ir \u012fmai\u0161omas \u012f vir\u0161utin\u012f dirvo\u017eemio sluoksn\u012f. <\/li><\/ul><p>Rekomenduojama kelis kartus per sezon\u0105 pakartotinai tepti produkt\u0105 prie augalo \u0161akn\u0173 ir palaikyti dirvos dr\u0117gm\u0119.<br>Produktas yra draugi\u0161kas \u017emon\u0117ms, gyv\u016bnams, bit\u0117ms ir kitiems apdulkintojams.<\/p>\t\t\t\t\t\t\t\t<\/div>\n\t\t\t\t<\/div>\n\t\t\t\t<\/div>\n\t\t<div class=\"elementor-element elementor-element-4df3be50 e-con-full e-flex e-con e-child\" data-id=\"4df3be50\" data-element_type=\"container\" data-e-type=\"container\">\n\t\t<div class=\"elementor-element elementor-element-2caf66bf e-con-full e-flex e-con e-child\" data-id=\"2caf66bf\" data-element_type=\"container\" data-e-type=\"container\">\n\t\t<div class=\"elementor-element elementor-element-1302932c e-con-full e-flex e-con e-child\" data-id=\"1302932c\" data-element_type=\"container\" data-e-type=\"container\">\n\t\t\t\t<div class=\"elementor-element elementor-element-d53e9ba elementor-widget elementor-widget-video\" data-id=\"d53e9ba\" data-element_type=\"widget\" data-e-type=\"widget\" data-settings=\"{&quot;youtube_url&quot;:&quot;https:\\\/\\\/www.youtube.com\\\/watch?v=qv3VeuNt_l0&quot;,&quot;autoplay&quot;:&quot;yes&quot;,&quot;show_image_overlay&quot;:&quot;yes&quot;,&quot;image_overlay&quot;:{&quot;url&quot;:&quot;https:\\\/\\\/bioefekts.lv\\\/wp-content\\\/uploads\\\/2025\\\/01\\\/Zemenes-Thumbnail.jpg&quot;,&quot;id&quot;:18956,&quot;size&quot;:&quot;&quot;,&quot;alt&quot;:&quot;&quot;,&quot;source&quot;:&quot;library&quot;},&quot;lightbox&quot;:&quot;yes&quot;,&quot;video_type&quot;:&quot;youtube&quot;,&quot;controls&quot;:&quot;yes&quot;}\" data-widget_type=\"video.default\">\n\t\t\t\t<div class=\"elementor-widget-container\">\n\t\t\t\t\t\t\t<div class=\"elementor-wrapper elementor-open-lightbox\">\n\t\t\t\t\t\t\t<div class=\"elementor-custom-embed-image-overlay\" data-elementor-open-lightbox=\"yes\" data-elementor-lightbox=\"{&quot;type&quot;:&quot;video&quot;,&quot;videoType&quot;:&quot;youtube&quot;,&quot;url&quot;:&quot;https:\\\/\\\/www.youtube.com\\\/embed\\\/qv3VeuNt_l0?feature=oembed&amp;start&amp;end&amp;wmode=opaque&amp;loop=0&amp;controls=1&amp;mute=0&amp;rel=0&amp;cc_load_policy=0&quot;,&quot;autoplay&quot;:&quot;yes&quot;,&quot;modalOptions&quot;:{&quot;id&quot;:&quot;elementor-lightbox-d53e9ba&quot;,&quot;entranceAnimation&quot;:&quot;&quot;,&quot;entranceAnimation_tablet&quot;:&quot;&quot;,&quot;entranceAnimation_mobile&quot;:&quot;&quot;,&quot;videoAspectRatio&quot;:&quot;169&quot;}}\" data-e-action-hash=\"#elementor-action%3Aaction%3Dlightbox%26settings%3DeyJ0eXBlIjoidmlkZW8iLCJ2aWRlb1R5cGUiOiJ5b3V0dWJlIiwidXJsIjoiaHR0cHM6XC9cL3d3dy55b3V0dWJlLmNvbVwvZW1iZWRcL3F2M1ZldU50X2wwP2ZlYXR1cmU9b2VtYmVkJnN0YXJ0JmVuZCZ3bW9kZT1vcGFxdWUmbG9vcD0wJmNvbnRyb2xzPTEmbXV0ZT0wJnJlbD0wJmNjX2xvYWRfcG9saWN5PTAiLCJhdXRvcGxheSI6InllcyIsIm1vZGFsT3B0aW9ucyI6eyJpZCI6ImVsZW1lbnRvci1saWdodGJveC1kNTNlOWJhIiwiZW50cmFuY2VBbmltYXRpb24iOiIiLCJlbnRyYW5jZUFuaW1hdGlvbl90YWJsZXQiOiIiLCJlbnRyYW5jZUFuaW1hdGlvbl9tb2JpbGUiOiIiLCJ2aWRlb0FzcGVjdFJhdGlvIjoiMTY5In19\">\n\t\t\t\t\t\t\t\t\t\t\t<img loading=\"lazy\" decoding=\"async\" width=\"600\" height=\"338\" src=\"https:\/\/bioefekts.lv\/wp-content\/uploads\/2025\/01\/Zemenes-Thumbnail.jpg\" class=\"attachment-full size-full wp-image-18956 wvs-archive-product-image\" alt=\"st\u0101dam zemenes\" srcset=\"https:\/\/bioefekts.lv\/wp-content\/uploads\/2025\/01\/Zemenes-Thumbnail.jpg 600w, https:\/\/bioefekts.lv\/wp-content\/uploads\/2025\/01\/Zemenes-Thumbnail-430x242.jpg 430w, https:\/\/bioefekts.lv\/wp-content\/uploads\/2025\/01\/Zemenes-Thumbnail-150x85.jpg 150w, https:\/\/bioefekts.lv\/wp-content\/uploads\/2025\/01\/Zemenes-Thumbnail-400x225.jpg 400w\" sizes=\"auto, (max-width: 600px) 100vw, 600px\" \/>\t\t\t\t\t\t\t\t\t\t\t\t\t\t\t\t<div class=\"elementor-custom-embed-play\" role=\"button\" aria-label=\"Play Video\" tabindex=\"0\">\n\t\t\t\t\t\t\t<svg aria-hidden=\"true\" class=\"e-font-icon-svg e-eicon-play\" viewBox=\"0 0 1000 1000\" xmlns=\"http:\/\/www.w3.org\/2000\/svg\"><path d=\"M838 162C746 71 633 25 500 25 371 25 258 71 163 162 71 254 25 367 25 500 25 633 71 746 163 837 254 929 367 979 500 979 633 979 746 933 838 837 929 746 975 633 975 500 975 367 929 254 838 162M808 192C892 279 933 379 933 500 933 621 892 725 808 808 725 892 621 938 500 938 379 938 279 896 196 808 113 725 67 621 67 500 67 379 108 279 196 192 279 108 383 62 500 62 621 62 721 108 808 192M438 392V642L642 517 438 392Z\"><\/path><\/svg>\t\t\t\t\t\t<\/div>\n\t\t\t\t\t\t\t\t\t<\/div>\n\t\t\t\t\t<\/div>\n\t\t\t\t\t\t<\/div>\n\t\t\t\t<\/div>\n\t\t\t\t<\/div>\n\t\t<div class=\"elementor-element elementor-element-6223a387 e-con-full e-flex e-con e-child\" data-id=\"6223a387\" data-element_type=\"container\" data-e-type=\"container\">\n\t\t<a class=\"elementor-element elementor-element-1b9fce11 e-con-full e-flex e-con e-child\" data-id=\"1b9fce11\" data-element_type=\"container\" data-e-type=\"container\" data-settings=\"{&quot;background_background&quot;:&quot;classic&quot;}\" href=\"#elementor-action%3Aaction%3Dlightbox%26settings%3DeyJ0eXBlIjoidmlkZW8iLCJ2aWRlb1R5cGUiOiJ5b3V0dWJlIiwidXJsIjoiaHR0cHM6XC9cL3d3dy55b3V0dWJlLmNvbVwvZW1iZWRcL3F2M1ZldU50X2wwP2ZlYXR1cmU9b2VtYmVkIn0%3D\">\n\t\t\t\t<div class=\"elementor-element elementor-element-73bbc01a elementor-widget elementor-widget-heading\" data-id=\"73bbc01a\" data-element_type=\"widget\" data-e-type=\"widget\" data-widget_type=\"heading.default\">\n\t\t\t\t<div class=\"elementor-widget-container\">\n\t\t\t\t\t<p class=\"elementor-heading-title elementor-size-default\">Vaizdo pamoka, kaip sodinti Bra\u0161k\u0117ms su \"Bacilonu<\/p>\t\t\t\t<\/div>\n\t\t\t\t<\/div>\n\t\t\t\t<\/a>\n\t\t\t\t<\/div>\n\t\t\t\t<\/div>\n\t\t<div class=\"elementor-element elementor-element-74f0ea45 e-con-full e-flex e-con e-child\" data-id=\"74f0ea45\" data-element_type=\"container\" data-e-type=\"container\">\n\t\t<div class=\"elementor-element elementor-element-71496de9 e-con-full e-flex e-con e-child\" data-id=\"71496de9\" data-element_type=\"container\" data-e-type=\"container\">\n\t\t\t\t<\/div>\n\t\t<div class=\"elementor-element elementor-element-d217b7 e-con-full e-flex e-con e-child\" data-id=\"d217b7\" data-element_type=\"container\" data-e-type=\"container\">\n\t\t\t\t<\/div>\n\t\t\t\t<\/div>\n\t\t<div class=\"elementor-element elementor-element-1ab22504 e-con-full e-flex e-con e-child\" data-id=\"1ab22504\" data-element_type=\"container\" data-e-type=\"container\">\n\t\t<div class=\"elementor-element elementor-element-66e43dbe e-con-full e-flex e-con e-child\" data-id=\"66e43dbe\" data-element_type=\"container\" data-e-type=\"container\">\n\t\t\t\t<\/div>\n\t\t<div class=\"elementor-element elementor-element-40a183cb e-con-full e-flex e-con e-child\" data-id=\"40a183cb\" data-element_type=\"container\" data-e-type=\"container\">\n\t\t\t\t<\/div>\n\t\t\t\t<\/div>\n\t\t<div class=\"elementor-element elementor-element-15c4c778 e-con-full e-flex e-con e-child\" data-id=\"15c4c778\" data-element_type=\"container\" data-e-type=\"container\">\n\t\t<div class=\"elementor-element elementor-element-3f16e7b1 e-con-full e-flex e-con e-child\" data-id=\"3f16e7b1\" data-element_type=\"container\" data-e-type=\"container\">\n\t\t\t\t<\/div>\n\t\t<div class=\"elementor-element elementor-element-69d29453 e-con-full e-flex e-con e-child\" data-id=\"69d29453\" data-element_type=\"container\" data-e-type=\"container\">\n\t\t\t\t<\/div>\n\t\t\t\t<\/div>\n\t\t\t\t<\/div>\n\t\t\t\t\t<\/div>\n\t\t\t\t<\/div>\n\t\t<div class=\"wd-negative-gap elementor-element elementor-element-2c892bab e-flex e-con-boxed e-con e-parent\" data-id=\"2c892bab\" data-element_type=\"container\" data-e-type=\"container\">\n\t\t\t\t\t<div class=\"e-con-inner\">\n\t\t\t\t<div class=\"elementor-element elementor-element-6c655b36 elementor-widget elementor-widget-wd_text_block\" data-id=\"6c655b36\" data-element_type=\"widget\" data-e-type=\"widget\" data-widget_type=\"wd_text_block.default\">\n\t\t\t\t<div class=\"elementor-widget-container\">\n\t\t\t\t\t\t\t<div class=\"wd-text-block reset-last-child text-left\">\n\t\t\t\n\t\t\t<h2><strong>Naudokite taip<\/strong><\/h2>\n\t\t\t\t\t<\/div>\n\t\t\t\t\t\t<\/div>\n\t\t\t\t<\/div>\n\t\t\t\t\t<\/div>\n\t\t\t\t<\/div>\n\t\t<div class=\"wd-negative-gap elementor-element elementor-element-aebe771 e-grid e-con-boxed e-con e-parent\" data-id=\"aebe771\" data-element_type=\"container\" data-e-type=\"container\">\n\t\t\t\t\t<div class=\"e-con-inner\">\n\t\t\t\t<div class=\"elementor-element elementor-element-f462f7f elementor-position-top elementor-widget elementor-widget-image-box\" data-id=\"f462f7f\" data-element_type=\"widget\" data-e-type=\"widget\" data-widget_type=\"image-box.default\">\n\t\t\t\t<div class=\"elementor-widget-container\">\n\t\t\t\t\t<div class=\"elementor-image-box-wrapper\"><figure class=\"elementor-image-box-img\"><img loading=\"lazy\" decoding=\"async\" width=\"522\" height=\"494\" src=\"https:\/\/bioefekts.lv\/wp-content\/uploads\/2025\/01\/Usage-instruction-1.png\" class=\"attachment-full size-full wp-image-18936 wvs-archive-product-image\" alt=\"st\u0101du st\u0101da kop\u0101 ar m\u0113slojumu\" srcset=\"https:\/\/bioefekts.lv\/wp-content\/uploads\/2025\/01\/Usage-instruction-1.png 522w, https:\/\/bioefekts.lv\/wp-content\/uploads\/2025\/01\/Usage-instruction-1-430x407.png 430w, https:\/\/bioefekts.lv\/wp-content\/uploads\/2025\/01\/Usage-instruction-1-150x142.png 150w, https:\/\/bioefekts.lv\/wp-content\/uploads\/2025\/01\/Usage-instruction-1-317x300.png 317w\" sizes=\"auto, (max-width: 522px) 100vw, 522px\" \/><\/figure><div class=\"elementor-image-box-content\"><h3 class=\"elementor-image-box-title\">S\u0117ja<\/h3><p class=\"elementor-image-box-description\">Paskleiskite 5-10 cm gylyje \u012f dirv\u0105 prie\u0161 s\u0117jant pas\u0117lius arba \u012f s\u0117jos vadov\u0105 ir s\u0117klas s\u0117kite tiesiai ant preparato.<\/p><\/div><\/div>\t\t\t\t<\/div>\n\t\t\t\t<\/div>\n\t\t\t\t<div class=\"elementor-element elementor-element-ddcb957 elementor-position-top elementor-widget elementor-widget-image-box\" data-id=\"ddcb957\" data-element_type=\"widget\" data-e-type=\"widget\" data-widget_type=\"image-box.default\">\n\t\t\t\t<div class=\"elementor-widget-container\">\n\t\t\t\t\t<div class=\"elementor-image-box-wrapper\"><figure class=\"elementor-image-box-img\"><img loading=\"lazy\" decoding=\"async\" width=\"522\" height=\"494\" src=\"https:\/\/bioefekts.lv\/wp-content\/uploads\/2025\/02\/instruction-Beram.png\" class=\"attachment-full size-full wp-image-19284 wvs-archive-product-image\" alt=\"bioefekta produkts pal\u012bdz auga aug\u0161an\u0101\" srcset=\"https:\/\/bioefekts.lv\/wp-content\/uploads\/2025\/02\/instruction-Beram.png 522w, https:\/\/bioefekts.lv\/wp-content\/uploads\/2025\/02\/instruction-Beram-430x407.png 430w, https:\/\/bioefekts.lv\/wp-content\/uploads\/2025\/02\/instruction-Beram-150x142.png 150w, https:\/\/bioefekts.lv\/wp-content\/uploads\/2025\/02\/instruction-Beram-317x300.png 317w\" sizes=\"auto, (max-width: 522px) 100vw, 522px\" \/><\/figure><div class=\"elementor-image-box-content\"><h3 class=\"elementor-image-box-title\">Auginimo sezono metu<\/h3><p class=\"elementor-image-box-description\">pakartotinai 2-3 kartus per sezon\u0105.<\/p><\/div><\/div>\t\t\t\t<\/div>\n\t\t\t\t<\/div>\n\t\t\t\t<div class=\"elementor-element elementor-element-50bd68e4 elementor-position-top elementor-widget elementor-widget-image-box\" data-id=\"50bd68e4\" data-element_type=\"widget\" data-e-type=\"widget\" data-widget_type=\"image-box.default\">\n\t\t\t\t<div class=\"elementor-widget-container\">\n\t\t\t\t\t<div class=\"elementor-image-box-wrapper\"><figure class=\"elementor-image-box-img\"><img loading=\"lazy\" decoding=\"async\" width=\"522\" height=\"494\" src=\"https:\/\/bioefekts.lv\/wp-content\/uploads\/2025\/02\/instruction-Lejkanna.png\" class=\"attachment-full size-full wp-image-19288 wvs-archive-product-image\" alt=\"bioefekta produkts apstr\u0101d\u0101 augu\" srcset=\"https:\/\/bioefekts.lv\/wp-content\/uploads\/2025\/02\/instruction-Lejkanna.png 522w, https:\/\/bioefekts.lv\/wp-content\/uploads\/2025\/02\/instruction-Lejkanna-430x407.png 430w, https:\/\/bioefekts.lv\/wp-content\/uploads\/2025\/02\/instruction-Lejkanna-150x142.png 150w, https:\/\/bioefekts.lv\/wp-content\/uploads\/2025\/02\/instruction-Lejkanna-317x300.png 317w\" sizes=\"auto, (max-width: 522px) 100vw, 522px\" \/><\/figure><div class=\"elementor-image-box-content\"><h3 class=\"elementor-image-box-title\">Vis\u0105 sezon\u0105<\/h3><p class=\"elementor-image-box-description\">dirvo\u017eemis aplink augalo \u0161aknis turi b\u016bti dr\u0117gnas, kad mikroorganizmai gal\u0117t\u0173 daugintis ir atlikti savo darb\u0105.<\/p><\/div><\/div>\t\t\t\t<\/div>\n\t\t\t\t<\/div>\n\t\t\t\t<div class=\"elementor-element elementor-element-71f33996 elementor-position-top elementor-widget elementor-widget-image-box\" data-id=\"71f33996\" data-element_type=\"widget\" data-e-type=\"widget\" data-widget_type=\"image-box.default\">\n\t\t\t\t<div class=\"elementor-widget-container\">\n\t\t\t\t\t<div class=\"elementor-image-box-wrapper\"><figure class=\"elementor-image-box-img\"><img loading=\"lazy\" decoding=\"async\" width=\"522\" height=\"494\" src=\"https:\/\/bioefekts.lv\/wp-content\/uploads\/2025\/01\/Usage-instruction-4.png\" class=\"attachment-full size-full wp-image-18948 wvs-archive-product-image\" alt=\"St\u0101ds aug\" srcset=\"https:\/\/bioefekts.lv\/wp-content\/uploads\/2025\/01\/Usage-instruction-4.png 522w, https:\/\/bioefekts.lv\/wp-content\/uploads\/2025\/01\/Usage-instruction-4-430x407.png 430w, https:\/\/bioefekts.lv\/wp-content\/uploads\/2025\/01\/Usage-instruction-4-150x142.png 150w, https:\/\/bioefekts.lv\/wp-content\/uploads\/2025\/01\/Usage-instruction-4-317x300.png 317w\" sizes=\"auto, (max-width: 522px) 100vw, 522px\" \/><\/figure><div class=\"elementor-image-box-content\"><h3 class=\"elementor-image-box-title\">Rezultatas<\/h3><p class=\"elementor-image-box-description\">augalai b\u016bna gyvybingi, nuostabiai \u017eydi ir duoda gaus\u0173 derli\u0173, kuriame gausu svarbiausi\u0173 maistini\u0173 med\u017eiag\u0173.<\/p><\/div><\/div>\t\t\t\t<\/div>\n\t\t\t\t<\/div>\n\t\t\t\t\t<\/div>\n\t\t\t\t<\/div>\n\t\t<div class=\"elementor-element elementor-element-5486dd62 e-flex e-con-boxed e-con e-parent\" data-id=\"5486dd62\" data-element_type=\"container\" data-e-type=\"container\">\n\t\t\t\t\t<div class=\"e-con-inner\">\n\t\t\t\t\t<\/div>\n\t\t\t\t<\/div>\n\t\t\t\t<\/div>\n\t\t","protected":false},"excerpt":{"rendered":"<ul>\n<li>Padidina augalui prieinamo fosforo ir kalio kiek\u012f<\/li>\n<li>Skatina pas\u0117li\u0173 \u0161akn\u0173 sistemos vystym\u0105si<\/li>\n<li>Stiprina \u017eyd\u0117jim\u0105 ir vaisi\u0173 bei s\u0117kl\u0173 gamyb\u0105<\/li>\n<li>gerina ir praturtina dirvo\u017eem\u012f<\/li>\n<\/ul>\n","protected":false},"featured_media":18868,"comment_status":"open","ping_status":"closed","template":"","meta":{"om_disable_all_campaigns":false,"_monsterinsights_skip_tracking":false,"_monsterinsights_sitenote_active":false,"_monsterinsights_sitenote_note":"","_monsterinsights_sitenote_category":0},"product_brand":[],"product_cat":[240,239,238,237,315],"product_tag":[],"class_list":{"0":"post-20504","1":"product","2":"type-product","3":"status-publish","4":"has-post-thumbnail","6":"product_cat-kambariniams-augalams","7":"product_cat-paparciams","8":"product_cat-siltnamiams","9":"product_cat-sodui","10":"product_cat-subtimiksas","12":"first","13":"instock","14":"shipping-taxable","15":"purchasable","16":"product-type-variable","17":"has-default-attributes","18":"wvs-archive-product-wrapper"},"aioseo_notices":[],"_links":{"self":[{"href":"https:\/\/bioefekts.lv\/lt\/wp-json\/wp\/v2\/product\/20504","targetHints":{"allow":["GET"]}}],"collection":[{"href":"https:\/\/bioefekts.lv\/lt\/wp-json\/wp\/v2\/product"}],"about":[{"href":"https:\/\/bioefekts.lv\/lt\/wp-json\/wp\/v2\/types\/product"}],"replies":[{"embeddable":true,"href":"https:\/\/bioefekts.lv\/lt\/wp-json\/wp\/v2\/comments?post=20504"}],"version-history":[{"count":0,"href":"https:\/\/bioefekts.lv\/lt\/wp-json\/wp\/v2\/product\/20504\/revisions"}],"wp:featuredmedia":[{"embeddable":true,"href":"https:\/\/bioefekts.lv\/lt\/wp-json\/wp\/v2\/media\/18868"}],"wp:attachment":[{"href":"https:\/\/bioefekts.lv\/lt\/wp-json\/wp\/v2\/media?parent=20504"}],"wp:term":[{"taxonomy":"product_brand","embeddable":true,"href":"https:\/\/bioefekts.lv\/lt\/wp-json\/wp\/v2\/product_brand?post=20504"},{"taxonomy":"product_cat","embeddable":true,"href":"https:\/\/bioefekts.lv\/lt\/wp-json\/wp\/v2\/product_cat?post=20504"},{"taxonomy":"product_tag","embeddable":true,"href":"https:\/\/bioefekts.lv\/lt\/wp-json\/wp\/v2\/product_tag?post=20504"}],"curies":[{"name":"wp","href":"https:\/\/api.w.org\/{rel}","templated":true}]}}