{"id":20486,"date":"2025-01-20T16:25:49","date_gmt":"2025-01-20T13:25:49","guid":{"rendered":"https:\/\/bioefekts.lv\/product\/biokomposteris-iterpimui-i-dirvozemi\/"},"modified":"2025-08-31T12:49:43","modified_gmt":"2025-08-31T09:49:43","slug":"biokomposteris-iterpimui-i-dirvozemi","status":"publish","type":"product","link":"https:\/\/bioefekts.lv\/lt\/produktas\/biokomposteris-iterpimui-i-dirvozemi\/","title":{"rendered":"Biokomposteris &#8211; \u012fterpimui \u012f dirvo\u017eem\u012f"},"content":{"rendered":"\t\t<div data-elementor-type=\"product-post\" data-elementor-id=\"20486\" class=\"elementor elementor-20486 elementor-16565\" data-elementor-post-type=\"product\">\n\t\t\t\t<div class=\"elementor-element elementor-element-c4951f7 e-flex e-con-boxed e-con e-parent\" data-id=\"c4951f7\" data-element_type=\"container\" data-e-type=\"container\">\n\t\t\t\t\t<div class=\"e-con-inner\">\n\t\t<div class=\"elementor-element elementor-element-f32d9a e-con-full e-flex e-con e-child\" data-id=\"f32d9a\" data-element_type=\"container\" data-e-type=\"container\">\n\t\t\t\t<div class=\"elementor-element elementor-element-115665dd color-scheme-inherit text-left elementor-widget elementor-widget-text-editor\" data-id=\"115665dd\" data-element_type=\"widget\" data-e-type=\"widget\" data-widget_type=\"text-editor.default\">\n\t\t\t\t<div class=\"elementor-widget-container\">\n\t\t\t\t\t\t\t\t\t<p><strong>Biokomposteris<\/strong> &#8211; tai mikroorganizm\u0173, galin\u010di\u0173 skaidyti lignoceliulioz\u0119, kompleksas. Jis skaido sodo atliekas, med\u017eio dro\u017eles, smulkias \u0161akas, med\u017ei\u0173 lapus, nesuvir\u0161kintas organines atliekas, m\u0117\u0161l\u0105, \u0161iaudus, gerokai suma\u017eina pikt\u017eoli\u0173 s\u0117kl\u0173 dygim\u0105, pagerina komposto kokyb\u0119 ir mikrobiologin\u012f aktyvum\u0105. Organinis azotas ir anglis paver\u010diami \u012f augalams nauding\u0105 form\u0105. Prasid\u0117jus biologinio skaidymo procesui, kompostas \u012fkaista iki 60 \u00b0C. Kai komposto mas\u0117 suma\u017e\u0117ja 50 %, jis yra purus ir turi \u0161vie\u017eios \u017eem\u0117s kvap\u0105, j\u012f galima naudoti dirvo\u017eemiui praturtinti. Naudojant paruo\u0161t\u0105 kompost\u0105 atstatomas dirvo\u017eemio derlingumas, pager\u0117ja dirvo\u017eemio strukt\u016bra ir fizikin\u0117s savyb\u0117s, padid\u0117ja organini\u0173 med\u017eiag\u0173 kiekis dirvo\u017eemyje. Dirvo\u017eemis geriau sugeria ir sulaiko vanden\u012f, tod\u0117l augalai ilg\u0105 laik\u0105 gauna lengvai prieinam\u0173 maistini\u0173 med\u017eiag\u0173.<br>Biokomposteris S\u0117kmingai slopina nemaloni\u0173 kvap\u0173 susidarym\u0105 net sausuose tualetuose. Ta\u010diau reikia nepamir\u0161ti, kad, naudojant gyvus mikroorganizmus, \u012f \u0161irmos rezervuar\u0105 negalima pilti buitini\u0173 nuotek\u0173, kuriose yra chemini\u0173 plovikli\u0173.         <\/p><p><strong>SVARBU<\/strong><\/p><ul><li><p>Tr\u0105\u0161as leid\u017eiama naudoti ekologin\u0117je \u017eemdirbyst\u0117je pagal Europos Komisijos reglament\u0105 2021\/1165.<\/p><\/li><li>Nenaudokite biokomposterio su chemin\u0117mis med\u017eiagomis.<\/li><li>Efektyvum\u0105 didina pakankama dr\u0117gm\u0117, \u0161iluma (nuo +15\u00b0 iki +25\u00b0 C) ir oras.<\/li><li>Didesn\u0117s nei nurodyta doz\u0117s naudojimas nekenkia augalams, \u017emon\u0117ms, gyv\u016bnams ar aplinkai.<\/li><li>Nenaudokite vandens, kuriame yra fungicid\u0173, plovikli\u0173 ir kit\u0173 buitini\u0173 chemikal\u0173.<\/li><\/ul><p><strong>LAIKYMAS<\/strong><br>Preparatas turi b\u016bti laikomas nuo +3\u00b0 iki +27 \u00b0C temperat\u016broje. Neatidarytos pakuot\u0117s tinkamumo laikas &#8211; 2 metai nuo pagaminimo datos, \u017er. etiket\u0119.   <\/p>\t\t\t\t\t\t\t\t<\/div>\n\t\t\t\t<\/div>\n\t\t\t\t<\/div>\n\t\t<div class=\"elementor-element elementor-element-674d8a5 e-con-full e-flex e-con e-child\" data-id=\"674d8a5\" data-element_type=\"container\" data-e-type=\"container\" data-settings=\"{&quot;background_background&quot;:&quot;classic&quot;}\">\n\t\t\t\t<div class=\"elementor-element elementor-element-76b539dc elementor-widget elementor-widget-heading\" data-id=\"76b539dc\" data-element_type=\"widget\" data-e-type=\"widget\" data-widget_type=\"heading.default\">\n\t\t\t\t<div class=\"elementor-widget-container\">\n\t\t\t\t\t<h3 class=\"elementor-heading-title elementor-size-default\">Dozavimas:<\/h3>\t\t\t\t<\/div>\n\t\t\t\t<\/div>\n\t\t\t\t<div class=\"elementor-element elementor-element-600ea020 elementor-widget elementor-widget-wd_text_block\" data-id=\"600ea020\" data-element_type=\"widget\" data-e-type=\"widget\" data-widget_type=\"wd_text_block.default\">\n\t\t\t\t<div class=\"elementor-widget-container\">\n\t\t\t\t\t\t\t<div class=\"wd-text-block reset-last-child text-left\">\n\t\t\t\n\t\t\t<p>500 g\/0,5 m\u00b3 kompostuojamos med\u017eiagos<br>2 kg\/2 m\u00b3 kompostuojamos med\u017eiagos<\/p><p>Didesn\u0117s nei nurodyta doz\u0117s naudojimas nekenkia augalams, \u017emon\u0117ms, gyv\u016bnams ar aplinkai ir nesukelia atsparumo.<\/p><p><strong>Galiojimo laikas<\/strong>: neatidarytas - 2 metai<\/p>\n\t\t\t\t\t<\/div>\n\t\t\t\t\t\t<\/div>\n\t\t\t\t<\/div>\n\t\t\t\t<\/div>\n\t\t\t\t\t<\/div>\n\t\t\t\t<\/div>\n\t\t<div class=\"wd-negative-gap elementor-element elementor-element-53ad2788 e-flex e-con-boxed e-con e-parent\" data-id=\"53ad2788\" data-element_type=\"container\" data-e-type=\"container\">\n\t\t\t\t\t<div class=\"e-con-inner\">\n\t\t\t\t<div class=\"elementor-element elementor-element-7e9015f2 elementor-widget elementor-widget-heading\" data-id=\"7e9015f2\" data-element_type=\"widget\" data-e-type=\"widget\" data-widget_type=\"heading.default\">\n\t\t\t\t<div class=\"elementor-widget-container\">\n\t\t\t\t\t<h3 class=\"elementor-heading-title elementor-size-default\">Naudokite<\/h3>\t\t\t\t<\/div>\n\t\t\t\t<\/div>\n\t\t\t\t\t<\/div>\n\t\t\t\t<\/div>\n\t\t<div class=\"wd-negative-gap elementor-element elementor-element-504a26f8 e-flex e-con-boxed e-con e-parent\" data-id=\"504a26f8\" data-element_type=\"container\" data-e-type=\"container\">\n\t\t\t\t\t<div class=\"e-con-inner\">\n\t\t<div class=\"elementor-element elementor-element-7148097a e-con-full e-flex e-con e-child\" data-id=\"7148097a\" data-element_type=\"container\" data-e-type=\"container\">\n\t\t\t\t<div class=\"elementor-element elementor-element-6850d8a8 color-scheme-inherit text-left elementor-widget elementor-widget-text-editor\" data-id=\"6850d8a8\" data-element_type=\"widget\" data-e-type=\"widget\" data-widget_type=\"text-editor.default\">\n\t\t\t\t<div class=\"elementor-widget-container\">\n\t\t\t\t\t\t\t\t\t<p><strong>Komposto gaminimas<\/strong><br> 1<strong>.<\/strong> Komposto kr\u016bva ar d\u0117\u017e\u0117 turi b\u016bti i\u0161 dalies u\u017etamsintoje vietoje, \u012f kuri\u0105 vis\u0105 dien\u0105 nepatenka tiesioginiai saul\u0117s spinduliai.<br> 2<strong>.<\/strong> Paruo\u0161kite viet\u0105 arba \u012fsigykite d\u0117\u017e\u0119 su ventiliacija.<br> 3<strong>.<\/strong> Tinkamai sluoksniuokite.<br>Kad kompostas b\u016bt\u0173 greitas ir kokybi\u0161kas, laikykit\u0117s 2 pagrindini\u0173 med\u017eiag\u0173 grupi\u0173 santykio:<\/p><ul><li>\u017daliosios med\u017eiagos (turin\u010dios daug azoto): nevirtos virtuv\u0117s atliekos (dar\u017eovi\u0173 ir vaisi\u0173 \u017eievel\u0117s, kavos tir\u0161\u010diai, arbatos mai\u0161eliai), \u0161vie\u017eia \u017eol\u0117, \u017ealios sodo atliekos, m\u0117\u0161las.<\/li><li>Rudos med\u017eiagos (turin\u010dios daug anglies): lapai, \u0161akel\u0117s, \u0161iaudai, d\u017eiovintos sodo atliekos, \u0161ienas.<\/li><li>Nekompostuokite: m\u0117sos, \u017euvies, pieno ir riebal\u0173 atliek\u0173, perdirbtos medienos.<\/li><li>Tinkamas santykis yra 2-3 dalys rudos med\u017eiagos ir 1 dalis \u017ealios med\u017eiagos.<\/li><\/ul><p><strong>4.<\/strong> Kiekvien\u0105 sluoksn\u012f pabarstykite biokompostavimo kompostavimo kompostu, tada prid\u0117kite kit\u0105 sluoksn\u012f.<br><strong>5.<\/strong> U\u017etikrinkite dr\u0117gm\u0117s ir oro patekim\u0105 viso proceso metu. Kompostas turi b\u016bti dr\u0117gnas kaip i\u0161spausta kempin\u0117 &#8211; ne per sausas ir ne per dr\u0117gnas. Prireikus laistykite arba mai\u0161ykite kr\u016bv\u0105 &#8211; tai pagreitins kompostavimo proces\u0105.    <br><strong>6.<\/strong> Kompostavimo procesas trunka nuo 2 iki 12 m\u0117nesi\u0173, priklausomai nuo med\u017eiagos r\u016b\u0161ies, jos rupumo, mai\u0161ymo da\u017enumo, dr\u0117gm\u0117s kiekio, temperat\u016bros ir oro s\u0105lyg\u0173.<br><strong>Paruo\u0161tas kompostas<\/strong> bus tamsus, smulkus ir kvep\u0117s dr\u0117gna \u017eeme.<br>Jis naudojamas kaip dirvo\u017eemio gerinimo priemon\u0117, tr\u0105\u0161a ar mul\u010dias.<\/p>\t\t\t\t\t\t\t\t<\/div>\n\t\t\t\t<\/div>\n\t\t\t\t<\/div>\n\t\t<div class=\"elementor-element elementor-element-59bb029a e-con-full e-flex e-con e-child\" data-id=\"59bb029a\" data-element_type=\"container\" data-e-type=\"container\">\n\t\t<div class=\"elementor-element elementor-element-3b0c71d7 e-con-full e-flex e-con e-child\" data-id=\"3b0c71d7\" data-element_type=\"container\" data-e-type=\"container\">\n\t\t<div class=\"elementor-element elementor-element-659bafc1 e-con-full e-flex e-con e-child\" data-id=\"659bafc1\" data-element_type=\"container\" data-e-type=\"container\">\n\t\t\t\t<div class=\"elementor-element elementor-element-15ad7c6 elementor-widget elementor-widget-video\" data-id=\"15ad7c6\" data-element_type=\"widget\" data-e-type=\"widget\" data-settings=\"{&quot;youtube_url&quot;:&quot;https:\\\/\\\/youtu.be\\\/5t0hZLyivuY&quot;,&quot;autoplay&quot;:&quot;yes&quot;,&quot;show_image_overlay&quot;:&quot;yes&quot;,&quot;image_overlay&quot;:{&quot;url&quot;:&quot;https:\\\/\\\/bioefekts.lv\\\/wp-content\\\/uploads\\\/2025\\\/01\\\/Bio-Effect-YouTube-Thumbnail-Small.jpg&quot;,&quot;id&quot;:28238,&quot;size&quot;:&quot;&quot;,&quot;alt&quot;:&quot;&quot;,&quot;source&quot;:&quot;library&quot;},&quot;lightbox&quot;:&quot;yes&quot;,&quot;video_type&quot;:&quot;youtube&quot;,&quot;controls&quot;:&quot;yes&quot;}\" data-widget_type=\"video.default\">\n\t\t\t\t<div class=\"elementor-widget-container\">\n\t\t\t\t\t\t\t<div class=\"elementor-wrapper elementor-open-lightbox\">\n\t\t\t\t\t\t\t<div class=\"elementor-custom-embed-image-overlay\" data-elementor-open-lightbox=\"yes\" data-elementor-lightbox=\"{&quot;type&quot;:&quot;video&quot;,&quot;videoType&quot;:&quot;youtube&quot;,&quot;url&quot;:&quot;https:\\\/\\\/www.youtube.com\\\/embed\\\/5t0hZLyivuY?feature=oembed&amp;start&amp;end&amp;wmode=opaque&amp;loop=0&amp;controls=1&amp;mute=0&amp;rel=0&amp;cc_load_policy=0&quot;,&quot;autoplay&quot;:&quot;yes&quot;,&quot;modalOptions&quot;:{&quot;id&quot;:&quot;elementor-lightbox-15ad7c6&quot;,&quot;entranceAnimation&quot;:&quot;&quot;,&quot;entranceAnimation_tablet&quot;:&quot;&quot;,&quot;entranceAnimation_mobile&quot;:&quot;&quot;,&quot;videoAspectRatio&quot;:&quot;169&quot;}}\" data-e-action-hash=\"#elementor-action%3Aaction%3Dlightbox%26settings%3DeyJ0eXBlIjoidmlkZW8iLCJ2aWRlb1R5cGUiOiJ5b3V0dWJlIiwidXJsIjoiaHR0cHM6XC9cL3d3dy55b3V0dWJlLmNvbVwvZW1iZWRcLzV0MGhaTHlpdnVZP2ZlYXR1cmU9b2VtYmVkJnN0YXJ0JmVuZCZ3bW9kZT1vcGFxdWUmbG9vcD0wJmNvbnRyb2xzPTEmbXV0ZT0wJnJlbD0wJmNjX2xvYWRfcG9saWN5PTAiLCJhdXRvcGxheSI6InllcyIsIm1vZGFsT3B0aW9ucyI6eyJpZCI6ImVsZW1lbnRvci1saWdodGJveC0xNWFkN2M2IiwiZW50cmFuY2VBbmltYXRpb24iOiIiLCJlbnRyYW5jZUFuaW1hdGlvbl90YWJsZXQiOiIiLCJlbnRyYW5jZUFuaW1hdGlvbl9tb2JpbGUiOiIiLCJ2aWRlb0FzcGVjdFJhdGlvIjoiMTY5In19\">\n\t\t\t\t\t\t\t\t\t\t\t<img loading=\"lazy\" decoding=\"async\" width=\"600\" height=\"338\" src=\"https:\/\/bioefekts.lv\/wp-content\/uploads\/2025\/01\/Bio-Effect-YouTube-Thumbnail-Small.jpg\" class=\"attachment-full size-full wp-image-28238 wvs-archive-product-image\" alt=\"k\u0101 veidot kompostu\" srcset=\"https:\/\/bioefekts.lv\/wp-content\/uploads\/2025\/01\/Bio-Effect-YouTube-Thumbnail-Small.jpg 600w, https:\/\/bioefekts.lv\/wp-content\/uploads\/2025\/01\/Bio-Effect-YouTube-Thumbnail-Small-400x225.jpg 400w, https:\/\/bioefekts.lv\/wp-content\/uploads\/2025\/01\/Bio-Effect-YouTube-Thumbnail-Small-430x242.jpg 430w, https:\/\/bioefekts.lv\/wp-content\/uploads\/2025\/01\/Bio-Effect-YouTube-Thumbnail-Small-150x85.jpg 150w\" sizes=\"auto, (max-width: 600px) 100vw, 600px\" \/>\t\t\t\t\t\t\t\t\t\t\t\t\t\t\t\t<div class=\"elementor-custom-embed-play\" role=\"button\" aria-label=\"Play Video\" tabindex=\"0\">\n\t\t\t\t\t\t\t<svg aria-hidden=\"true\" class=\"e-font-icon-svg e-eicon-play\" viewBox=\"0 0 1000 1000\" xmlns=\"http:\/\/www.w3.org\/2000\/svg\"><path d=\"M838 162C746 71 633 25 500 25 371 25 258 71 163 162 71 254 25 367 25 500 25 633 71 746 163 837 254 929 367 979 500 979 633 979 746 933 838 837 929 746 975 633 975 500 975 367 929 254 838 162M808 192C892 279 933 379 933 500 933 621 892 725 808 808 725 892 621 938 500 938 379 938 279 896 196 808 113 725 67 621 67 500 67 379 108 279 196 192 279 108 383 62 500 62 621 62 721 108 808 192M438 392V642L642 517 438 392Z\"><\/path><\/svg>\t\t\t\t\t\t<\/div>\n\t\t\t\t\t\t\t\t\t<\/div>\n\t\t\t\t\t<\/div>\n\t\t\t\t\t\t<\/div>\n\t\t\t\t<\/div>\n\t\t\t\t<\/div>\n\t\t<div class=\"elementor-element elementor-element-312a63e0 e-con-full e-flex e-con e-child\" data-id=\"312a63e0\" data-element_type=\"container\" data-e-type=\"container\">\n\t\t<a class=\"elementor-element elementor-element-9e73f25 e-con-full e-flex e-con e-child\" data-id=\"9e73f25\" data-element_type=\"container\" data-e-type=\"container\" data-settings=\"{&quot;background_background&quot;:&quot;classic&quot;}\" href=\"#elementor-action%3Aaction%3Dlightbox%26settings%3DeyJ0eXBlIjoidmlkZW8iLCJ2aWRlb1R5cGUiOiJ5b3V0dWJlIiwidXJsIjoiaHR0cHM6XC9cL3d3dy55b3V0dWJlLmNvbVwvZW1iZWRcLzV0MGhaTHlpdnVZP2ZlYXR1cmU9b2VtYmVkIn0%3D\">\n\t\t\t\t<div class=\"elementor-element elementor-element-52cb3fa5 elementor-widget elementor-widget-heading\" data-id=\"52cb3fa5\" data-element_type=\"widget\" data-e-type=\"widget\" data-widget_type=\"heading.default\">\n\t\t\t\t<div class=\"elementor-widget-container\">\n\t\t\t\t\t<p class=\"elementor-heading-title elementor-size-default\">Vaizdo \u012fra\u0161o pamoka \u2013 kaip pasigaminti kompost\u0105<\/p>\t\t\t\t<\/div>\n\t\t\t\t<\/div>\n\t\t\t\t<\/a>\n\t\t\t\t<\/div>\n\t\t\t\t<\/div>\n\t\t<div class=\"elementor-element elementor-element-cd021ee e-con-full e-flex e-con e-child\" data-id=\"cd021ee\" data-element_type=\"container\" data-e-type=\"container\">\n\t\t<div class=\"elementor-element elementor-element-4a3ee586 e-con-full e-flex e-con e-child\" data-id=\"4a3ee586\" data-element_type=\"container\" data-e-type=\"container\">\n\t\t\t\t<\/div>\n\t\t<div class=\"elementor-element elementor-element-6d143414 e-con-full e-flex e-con e-child\" data-id=\"6d143414\" data-element_type=\"container\" data-e-type=\"container\">\n\t\t\t\t<\/div>\n\t\t\t\t<\/div>\n\t\t<div class=\"elementor-element elementor-element-5089bcea e-con-full e-flex e-con e-child\" data-id=\"5089bcea\" data-element_type=\"container\" data-e-type=\"container\">\n\t\t<div class=\"elementor-element elementor-element-6dab9627 e-con-full e-flex e-con e-child\" data-id=\"6dab9627\" data-element_type=\"container\" data-e-type=\"container\">\n\t\t\t\t<\/div>\n\t\t<div class=\"elementor-element elementor-element-18e6e896 e-con-full e-flex e-con e-child\" data-id=\"18e6e896\" data-element_type=\"container\" data-e-type=\"container\">\n\t\t\t\t<\/div>\n\t\t\t\t<\/div>\n\t\t<div class=\"elementor-element elementor-element-5d5f7889 e-con-full e-flex e-con e-child\" data-id=\"5d5f7889\" data-element_type=\"container\" data-e-type=\"container\">\n\t\t<div class=\"elementor-element elementor-element-4d5630b6 e-con-full e-flex e-con e-child\" data-id=\"4d5630b6\" data-element_type=\"container\" data-e-type=\"container\">\n\t\t\t\t<\/div>\n\t\t<div class=\"elementor-element elementor-element-5073d0cc e-con-full e-flex e-con e-child\" data-id=\"5073d0cc\" data-element_type=\"container\" data-e-type=\"container\">\n\t\t\t\t<\/div>\n\t\t\t\t<\/div>\n\t\t\t\t<\/div>\n\t\t\t\t\t<\/div>\n\t\t\t\t<\/div>\n\t\t\t\t<\/div>\n\t\t","protected":false},"excerpt":{"rendered":"<ul>\n<li style=\"text-align: left\">Pagreitina kompostavimo proces\u0105<\/li>\n<li style=\"text-align: left\">Gerina komposto mikrobiologin\u0119 kokyb\u0119<\/li>\n<li style=\"text-align: left\">Apsaugo nuo nemaloni\u0173 kvap\u0173 kompostavimo metu<\/li>\n<li style=\"text-align: left\">Suma\u017eina kvap\u0105 sausuose tualetuose<\/li>\n<\/ul>\n","protected":false},"featured_media":18828,"comment_status":"open","ping_status":"closed","template":"","meta":{"om_disable_all_campaigns":false,"_monsterinsights_skip_tracking":false,"_monsterinsights_sitenote_active":false,"_monsterinsights_sitenote_note":"","_monsterinsights_sitenote_category":0},"product_brand":[],"product_cat":[313,294,238,237],"product_tag":[],"class_list":{"0":"post-20486","1":"product","2":"type-product","3":"status-publish","4":"has-post-thumbnail","6":"product_cat-bio-komposteris","7":"product_cat-kita","8":"product_cat-siltnamiams","9":"product_cat-sodui","11":"first","12":"instock","13":"shipping-taxable","14":"purchasable","15":"product-type-variable","16":"has-default-attributes","17":"wvs-archive-product-wrapper"},"aioseo_notices":[],"_links":{"self":[{"href":"https:\/\/bioefekts.lv\/lt\/wp-json\/wp\/v2\/product\/20486","targetHints":{"allow":["GET"]}}],"collection":[{"href":"https:\/\/bioefekts.lv\/lt\/wp-json\/wp\/v2\/product"}],"about":[{"href":"https:\/\/bioefekts.lv\/lt\/wp-json\/wp\/v2\/types\/product"}],"replies":[{"embeddable":true,"href":"https:\/\/bioefekts.lv\/lt\/wp-json\/wp\/v2\/comments?post=20486"}],"version-history":[{"count":0,"href":"https:\/\/bioefekts.lv\/lt\/wp-json\/wp\/v2\/product\/20486\/revisions"}],"wp:featuredmedia":[{"embeddable":true,"href":"https:\/\/bioefekts.lv\/lt\/wp-json\/wp\/v2\/media\/18828"}],"wp:attachment":[{"href":"https:\/\/bioefekts.lv\/lt\/wp-json\/wp\/v2\/media?parent=20486"}],"wp:term":[{"taxonomy":"product_brand","embeddable":true,"href":"https:\/\/bioefekts.lv\/lt\/wp-json\/wp\/v2\/product_brand?post=20486"},{"taxonomy":"product_cat","embeddable":true,"href":"https:\/\/bioefekts.lv\/lt\/wp-json\/wp\/v2\/product_cat?post=20486"},{"taxonomy":"product_tag","embeddable":true,"href":"https:\/\/bioefekts.lv\/lt\/wp-json\/wp\/v2\/product_tag?post=20486"}],"curies":[{"name":"wp","href":"https:\/\/api.w.org\/{rel}","templated":true}]}}