{"id":20336,"date":"2024-07-25T14:42:36","date_gmt":"2024-07-25T14:42:36","guid":{"rendered":"https:\/\/bioefekts.lv\/product\/vitmine-skystas-koncentratas\/"},"modified":"2025-03-05T13:42:38","modified_gmt":"2025-03-05T13:42:38","slug":"vitmine-skystas-koncentratas","status":"publish","type":"product","link":"https:\/\/bioefekts.lv\/lt\/produktas\/vitmine-skystas-koncentratas\/","title":{"rendered":"Vitmin- skystas koncentratas"},"content":{"rendered":"\t\t<div data-elementor-type=\"product-post\" data-elementor-id=\"20336\" class=\"elementor elementor-20336 elementor-16111\" data-elementor-post-type=\"product\">\n\t\t\t\t<div class=\"elementor-element elementor-element-4b88b73e e-flex e-con-boxed e-con e-parent\" data-id=\"4b88b73e\" data-element_type=\"container\" data-e-type=\"container\">\n\t\t\t\t\t<div class=\"e-con-inner\">\n\t\t<div class=\"elementor-element elementor-element-335bfa5b e-con-full e-flex e-con e-child\" data-id=\"335bfa5b\" data-element_type=\"container\" data-e-type=\"container\">\n\t\t\t\t<div class=\"elementor-element elementor-element-2ceb49cd color-scheme-inherit text-left elementor-widget elementor-widget-text-editor\" data-id=\"2ceb49cd\" data-element_type=\"widget\" data-e-type=\"widget\" data-widget_type=\"text-editor.default\">\n\t\t\t\t<div class=\"elementor-widget-container\">\n\t\t\t\t\t\t\t\t\t<p><strong>VITMIN naudojamas<\/strong> s\u0117kl\u0173 dygimui ir augal\u0173 \u012fsi\u0161aknijimui, augal\u0173 augimui skatinti. Jis aktyvina med\u017eiag\u0173 apykait\u0105 ir gerina mineralini\u0173 med\u017eiag\u0173 pasisavinim\u0105. Vitmin ypa\u010d rekomenduojamas l\u0117tai dygstan\u010dioms s\u0117kloms, retiems ar vertingiems augalams ir peraugantiems augalams. Vitmine yra \u012fvairi\u0173 mikroorganizm\u0173 i\u0161skiriam\u0173 augalams nauding\u0173 auxino ir citokinino. S\u0117kl\u0173 apdorojimas Vitminu padidina s\u0117kl\u0173 apvalkalo pralaidum\u0105 ir pagerina s\u0117kl\u0173 dygim\u0105. Daig\u0173 apdorojimas Vitmin tirpalu laistant daigus pagerina \u012fsi\u0161aknijim\u0105 ir ekstensyvios \u0161akn\u0173 sistemos vystym\u0105si, sustiprina lap\u0173 ir stieb\u0173 augim\u0105, d\u0117l to augalai vienodai i\u0161auga. \u0160akn\u0173 svoris padid\u0117ja iki 60 %.<br>Vitmin taip pat skatina augal\u0173 imunitet\u0105 ir atsparum\u0105 nepalanki\u0173 aplinkos s\u0105lyg\u0173 sukeliamam stresui, j\u012f galima naudoti vis\u0173 r\u016b\u0161i\u0173 pas\u0117liams.<br>Preparatas veikia augal\u0173 vystym\u0105si trimis b\u016bdais: aktyvina baltym\u0173 sintez\u0119, didina ferment\u0173 aktyvum\u0105 ir gerina membran\u0173 transportines savybes. Jis skatina dygim\u0105, stiprios \u0161akn\u0173 sistemos vystym\u0105si, \u0161akojim\u0105si ir kr\u016bmijim\u0105si, \u017eiedini\u0173 pumpur\u0173 skai\u010diaus did\u0117jim\u0105 ir derliaus did\u0117jim\u0105. Vitminu apdorot\u0173 augal\u0173 derlius b\u016bna didesnis &#8211; vasarini\u0173 kvie\u010di\u0173 0,4-0,5 t\/ha; mie\u017ei\u0173 0,5 t\/ha; cukrini\u0173 runkeli\u0173 0,4-0,8 t\/ha &#8211; teiraukit\u0117s m\u016bs\u0173 konsultant\u0173 d\u0117l apdorojimo laiko ir doz\u0117s gamybiniuose laukuose.        <\/p><ul><li>Laistymas Vitmin tirpalu skatina \u0161akn\u0173 sistemos vystym\u0105si ir augalo geb\u0117jim\u0105 pasisavinti reikalingas maistines med\u017eiagas.<\/li><li>Pur\u0161kiant Vitmin tirpalu vegetacijos prad\u017eioje, grei\u010diau formuojasi \u0161onin\u0117s \u0161akos, \u017eiediniai pumpurai ir kr\u016bmijimasis.<\/li><li>Pur\u0161kiant Vitmin tirpal\u0105 derliaus nu\u0117mimo metu, padid\u0117ja augalo geb\u0117jimas subrandinti vis\u0105 derli\u0173.<\/li><li>Antroje vasaros pus\u0117je nupur\u0161kus Vitmin tirpalu, prat\u0119site augalo &#8222;jaunyst\u0119\", ilgiau i\u0161laikysite lapus, kaupsite maisting\u0105sias med\u017eiagas ir pasiruo\u0161ite \u017eiemojimui.<\/li><\/ul><p><strong>SVARBU<\/strong><\/p><ul><li><p>\u0160ias tr\u0105\u0161as leid\u017eiama naudoti ekologin\u0117je \u017eemdirbyst\u0117je pagal Europos Komisijos reglament\u0105 2021\/1165.<\/p><\/li><li>Efektyvum\u0105 didina pakankama dirvos dr\u0117gm\u0117 ir \u0161iluma (+15-25\u00b0 C).<\/li><li>Visas mikrobiologines tr\u0105\u0161as galima derinti tarpusavyje.<\/li><li>Tarp gydymo ir derliaus nu\u0117mimo n\u0117ra laukimo laikotarpio.<\/li><\/ul><p><strong>ADVISORY<\/strong><br><strong>500 ml, 1 l talpyklos turi b\u016bti laikomos<\/strong> nuo +3\u00b0 iki +10 \u00b0C temperat\u016broje, apsaugotos nuo saul\u0117s spinduli\u0173, originalioje pakuot\u0117je. Galiojimo laikas &#8211; 3 m\u0117nesiai nuo pagaminimo datos, \u017er. etiket\u0119. <br><strong>100 ml talpykl\u0117s turi b\u016bti laikomos<\/strong> nuo +3\u00b0 iki +27 \u00b0C temperat\u016broje, neatidarytos galioja 2 metus nuo pagaminimo datos, \u017er. etiket\u0119.<\/p>\t\t\t\t\t\t\t\t<\/div>\n\t\t\t\t<\/div>\n\t\t\t\t<\/div>\n\t\t<div class=\"elementor-element elementor-element-3aceabfa e-con-full e-flex e-con e-child\" data-id=\"3aceabfa\" data-element_type=\"container\" data-e-type=\"container\" data-settings=\"{&quot;background_background&quot;:&quot;classic&quot;}\">\n\t\t\t\t<div class=\"elementor-element elementor-element-7715c52f elementor-widget elementor-widget-heading\" data-id=\"7715c52f\" data-element_type=\"widget\" data-e-type=\"widget\" data-widget_type=\"heading.default\">\n\t\t\t\t<div class=\"elementor-widget-container\">\n\t\t\t\t\t<h3 class=\"elementor-heading-title elementor-size-default\">Doz\u0117s<\/h3>\t\t\t\t<\/div>\n\t\t\t\t<\/div>\n\t\t\t\t<div class=\"elementor-element elementor-element-4cc24461 elementor-widget elementor-widget-wd_text_block\" data-id=\"4cc24461\" data-element_type=\"widget\" data-e-type=\"widget\" data-widget_type=\"wd_text_block.default\">\n\t\t\t\t<div class=\"elementor-widget-container\">\n\t\t\t\t\t\t\t<div class=\"wd-text-block reset-last-child text-left\">\n\t\t\t\n\t\t\t<p>Paruo\u0161kite \u017eirkles:<\/p><p>100ml\/10l vandens<br><strong>500ml\/50l vandens<\/strong><br><br><strong> Galiojimo laikas:<\/strong><\/p><p><strong>100 ml<\/strong> neatidarytas - 2 metai,<br><strong>500 ml, 1 l<\/strong> neatidarytas - 3 m\u0117nesiai nuo pagaminimo datos.<\/p><p>Paruo\u0161tus tirpalus reikia naudoti nedelsiant.<\/p>\n\t\t\t\t\t<\/div>\n\t\t\t\t\t\t<\/div>\n\t\t\t\t<\/div>\n\t\t\t\t<\/div>\n\t\t\t\t\t<\/div>\n\t\t\t\t<\/div>\n\t\t<div class=\"wd-negative-gap elementor-element elementor-element-6bcd1146 e-flex e-con-boxed e-con e-parent\" data-id=\"6bcd1146\" data-element_type=\"container\" data-e-type=\"container\">\n\t\t\t\t\t<div class=\"e-con-inner\">\n\t\t\t\t<div class=\"elementor-element elementor-element-52493d8f elementor-widget elementor-widget-heading\" data-id=\"52493d8f\" data-element_type=\"widget\" data-e-type=\"widget\" data-widget_type=\"heading.default\">\n\t\t\t\t<div class=\"elementor-widget-container\">\n\t\t\t\t\t<h3 class=\"elementor-heading-title elementor-size-default\">Naudokite<\/h3>\t\t\t\t<\/div>\n\t\t\t\t<\/div>\n\t\t\t\t\t<\/div>\n\t\t\t\t<\/div>\n\t\t<div class=\"wd-negative-gap elementor-element elementor-element-42f258f4 e-flex e-con-boxed e-con e-parent\" data-id=\"42f258f4\" data-element_type=\"container\" data-e-type=\"container\">\n\t\t\t\t\t<div class=\"e-con-inner\">\n\t\t<div class=\"elementor-element elementor-element-5dc69a91 e-con-full e-flex e-con e-child\" data-id=\"5dc69a91\" data-element_type=\"container\" data-e-type=\"container\">\n\t\t\t\t<div class=\"elementor-element elementor-element-314ecd9a color-scheme-inherit text-left elementor-widget elementor-widget-text-editor\" data-id=\"314ecd9a\" data-element_type=\"widget\" data-e-type=\"widget\" data-widget_type=\"text-editor.default\">\n\t\t\t\t<div class=\"elementor-widget-container\">\n\t\t\t\t\t\t\t\t\t<ul><li><strong>S\u0117kl\u0173 apdorojimas<\/strong> &#8211; mirkykite paruo\u0161tame tirpale 30 minu\u010di\u0173 ir s\u0117kite. Smulkias s\u0117klas pas\u0117kite \u012f dirv\u0105, apipurk\u0161kite Vitmin tirpalu ir u\u017edenkite dirva. <\/li><li><strong>Augini\u0173 apdorojimas &#8211; auginiai<\/strong> laikomi 30 min. Auginiai paliekami Vitmino tirpale 30 min. ir toliau apdorojami pagal pasirinkt\u0105 metod\u0105. <\/li><li><strong>Sodinimas<\/strong> &#8211; plik\u0173 sodinuk\u0173 \u0161aknys apipur\u0161kiamos arba pamerkiamos \u012f tirpal\u0105 ir pasodinamos. \u012esigytus konteinerinius augalus, vazoninius augalus ar kitus sodinukus, kuri\u0173 \u0161akn\u0173 kamuolys padengtas dirvo\u017eemiu, prie\u0161 sodinim\u0105 reikia nupurk\u0161ti paruo\u0161tu tirpalu arba nupurk\u0161ti po sodinimo. <\/li><li><strong>Ankstesniais sezonais pasodintus augalus reik\u0117t\u0173 nupurk\u0161ti<\/strong> Vitmino tirpalu ir nupurk\u0161ti.<br>Sezono metu nepatartina purk\u0161ti augal\u0173, kuriuos reikia i\u0161tempti &#8211; agurk\u0173, moli\u016bg\u0173. Pomidor\u0173 augalus reik\u0117t\u0173 laistyti pirm\u0173j\u0173 3 tikr\u0173j\u0173 lapeli\u0173 tarpsniu, o ne purk\u0161ti v\u0117liau, kad neb\u016bt\u0173 skatinamas pa\u017eastinis augimas. <\/li><li><strong>Saul\u0117s nudegintus augalus nupur\u0161kite<\/strong>&#8222;Vitmin Shield\" (50 ml\/1 l vandens) ir pad\u0117site jiems grei\u010diau atsigauti ir i\u0161auginti naujus \u016bglius.<\/li><li><strong>Jei prognozuojami kar\u0161ti orai arba<\/strong> i\u0161vykstate atostogauti ir j\u016bs\u0173 augalai lieka be prie\u017ei\u016bros, apipurk\u0161kite juos Vitmin tirpalu, kad jie lengviau \u012fveikt\u0173 kar\u0161\u010dio ir sausros sukelt\u0105 stres\u0105 ir geriau jaust\u0173si.<\/li><li><strong>\u0160ildymo sezono prad\u017eioje<\/strong> kambariniai augalai apipur\u0161kiami Vitmino tirpalu, kad suma\u017e\u0117t\u0173 sauso oro ir klimato kaitos keliamas stresas. Persodinti ar persodinti kambariniai augalai laistomi i\u0161 koncentrato pagamintu Vitmin tirpalu, kad b\u016bt\u0173 skatinamas nauj\u0173 \u0161akn\u0173 vystymasis ir maisto med\u017eiag\u0173 \u012fsisavinimas. <\/li><li><strong>Jei prognozuojamos \u0161alnos<\/strong>, dien\u0105 prie\u0161 tai nupurk\u0161kite augalus Vitmin tirpalu ir jie ma\u017eiau nukent\u0117s. Taip pat patartina tuo pa\u010diu tirpalu purk\u0161ti ryt\u0105 po \u0161aln\u0173, kad augalai grei\u010diau sudygt\u0173 ir \u017eala b\u016bt\u0173 ma\u017eesn\u0117.<br>Dekoratyviniams augalams ir g\u0117l\u0117ms rekomenduojama doz\u0119 padidinti 2-3 kartus.<br>Produktas nekenksmingas \u017emon\u0117ms, gyv\u016bnams, bit\u0117ms ir kitiems apdulkintojams. <\/li><\/ul>\t\t\t\t\t\t\t\t<\/div>\n\t\t\t\t<\/div>\n\t\t\t\t<\/div>\n\t\t<div class=\"elementor-element elementor-element-70ba7743 e-con-full e-flex e-con e-child\" data-id=\"70ba7743\" data-element_type=\"container\" data-e-type=\"container\">\n\t\t<div class=\"elementor-element elementor-element-317004b1 e-con-full e-flex e-con e-child\" data-id=\"317004b1\" data-element_type=\"container\" data-e-type=\"container\">\n\t\t<div class=\"elementor-element elementor-element-415c1679 e-con-full e-flex e-con e-child\" data-id=\"415c1679\" data-element_type=\"container\" data-e-type=\"container\">\n\t\t\t\t<div class=\"elementor-element elementor-element-37762588 elementor-widget elementor-widget-video\" data-id=\"37762588\" data-element_type=\"widget\" data-e-type=\"widget\" data-settings=\"{&quot;youtube_url&quot;:&quot;https:\\\/\\\/www.youtube.com\\\/watch?v=qv3VeuNt_l0&quot;,&quot;autoplay&quot;:&quot;yes&quot;,&quot;show_image_overlay&quot;:&quot;yes&quot;,&quot;image_overlay&quot;:{&quot;url&quot;:&quot;https:\\\/\\\/bioefekts.lv\\\/wp-content\\\/uploads\\\/2025\\\/01\\\/Zemenes-Thumbnail.jpg&quot;,&quot;id&quot;:18956,&quot;size&quot;:&quot;&quot;,&quot;alt&quot;:&quot;&quot;,&quot;source&quot;:&quot;library&quot;},&quot;lightbox&quot;:&quot;yes&quot;,&quot;video_type&quot;:&quot;youtube&quot;,&quot;controls&quot;:&quot;yes&quot;}\" data-widget_type=\"video.default\">\n\t\t\t\t<div class=\"elementor-widget-container\">\n\t\t\t\t\t\t\t<div class=\"elementor-wrapper elementor-open-lightbox\">\n\t\t\t\t\t\t\t<div class=\"elementor-custom-embed-image-overlay\" data-elementor-open-lightbox=\"yes\" data-elementor-lightbox=\"{&quot;type&quot;:&quot;video&quot;,&quot;videoType&quot;:&quot;youtube&quot;,&quot;url&quot;:&quot;https:\\\/\\\/www.youtube.com\\\/embed\\\/qv3VeuNt_l0?feature=oembed&amp;start&amp;end&amp;wmode=opaque&amp;loop=0&amp;controls=1&amp;mute=0&amp;rel=0&amp;cc_load_policy=0&quot;,&quot;autoplay&quot;:&quot;yes&quot;,&quot;modalOptions&quot;:{&quot;id&quot;:&quot;elementor-lightbox-37762588&quot;,&quot;entranceAnimation&quot;:&quot;&quot;,&quot;entranceAnimation_tablet&quot;:&quot;&quot;,&quot;entranceAnimation_mobile&quot;:&quot;&quot;,&quot;videoAspectRatio&quot;:&quot;169&quot;}}\" data-e-action-hash=\"#elementor-action%3Aaction%3Dlightbox%26settings%3DeyJ0eXBlIjoidmlkZW8iLCJ2aWRlb1R5cGUiOiJ5b3V0dWJlIiwidXJsIjoiaHR0cHM6XC9cL3d3dy55b3V0dWJlLmNvbVwvZW1iZWRcL3F2M1ZldU50X2wwP2ZlYXR1cmU9b2VtYmVkJnN0YXJ0JmVuZCZ3bW9kZT1vcGFxdWUmbG9vcD0wJmNvbnRyb2xzPTEmbXV0ZT0wJnJlbD0wJmNjX2xvYWRfcG9saWN5PTAiLCJhdXRvcGxheSI6InllcyIsIm1vZGFsT3B0aW9ucyI6eyJpZCI6ImVsZW1lbnRvci1saWdodGJveC0zNzc2MjU4OCIsImVudHJhbmNlQW5pbWF0aW9uIjoiIiwiZW50cmFuY2VBbmltYXRpb25fdGFibGV0IjoiIiwiZW50cmFuY2VBbmltYXRpb25fbW9iaWxlIjoiIiwidmlkZW9Bc3BlY3RSYXRpbyI6IjE2OSJ9fQ%3D%3D\">\n\t\t\t\t\t\t\t\t\t\t\t<img loading=\"lazy\" decoding=\"async\" width=\"600\" height=\"338\" src=\"https:\/\/bioefekts.lv\/wp-content\/uploads\/2025\/01\/Zemenes-Thumbnail.jpg\" class=\"attachment-full size-full wp-image-18956 wvs-archive-product-image\" alt=\"st\u0101dam zemenes\" srcset=\"https:\/\/bioefekts.lv\/wp-content\/uploads\/2025\/01\/Zemenes-Thumbnail.jpg 600w, https:\/\/bioefekts.lv\/wp-content\/uploads\/2025\/01\/Zemenes-Thumbnail-430x242.jpg 430w, https:\/\/bioefekts.lv\/wp-content\/uploads\/2025\/01\/Zemenes-Thumbnail-150x85.jpg 150w, https:\/\/bioefekts.lv\/wp-content\/uploads\/2025\/01\/Zemenes-Thumbnail-400x225.jpg 400w\" sizes=\"auto, (max-width: 600px) 100vw, 600px\" \/>\t\t\t\t\t\t\t\t\t\t\t\t\t\t\t\t<div class=\"elementor-custom-embed-play\" role=\"button\" aria-label=\"Play Video\" tabindex=\"0\">\n\t\t\t\t\t\t\t<svg aria-hidden=\"true\" class=\"e-font-icon-svg e-eicon-play\" viewBox=\"0 0 1000 1000\" xmlns=\"http:\/\/www.w3.org\/2000\/svg\"><path d=\"M838 162C746 71 633 25 500 25 371 25 258 71 163 162 71 254 25 367 25 500 25 633 71 746 163 837 254 929 367 979 500 979 633 979 746 933 838 837 929 746 975 633 975 500 975 367 929 254 838 162M808 192C892 279 933 379 933 500 933 621 892 725 808 808 725 892 621 938 500 938 379 938 279 896 196 808 113 725 67 621 67 500 67 379 108 279 196 192 279 108 383 62 500 62 621 62 721 108 808 192M438 392V642L642 517 438 392Z\"><\/path><\/svg>\t\t\t\t\t\t<\/div>\n\t\t\t\t\t\t\t\t\t<\/div>\n\t\t\t\t\t<\/div>\n\t\t\t\t\t\t<\/div>\n\t\t\t\t<\/div>\n\t\t\t\t<\/div>\n\t\t<div class=\"elementor-element elementor-element-194f68b7 e-con-full e-flex e-con e-child\" data-id=\"194f68b7\" data-element_type=\"container\" data-e-type=\"container\">\n\t\t<a class=\"elementor-element elementor-element-4730bc5c e-con-full e-flex e-con e-child\" data-id=\"4730bc5c\" data-element_type=\"container\" data-e-type=\"container\" data-settings=\"{&quot;background_background&quot;:&quot;classic&quot;}\" href=\"#elementor-action%3Aaction%3Dlightbox%26settings%3DeyJ0eXBlIjoidmlkZW8iLCJ2aWRlb1R5cGUiOiJ5b3V0dWJlIiwidXJsIjoiaHR0cHM6XC9cL3d3dy55b3V0dWJlLmNvbVwvZW1iZWRcL3F2M1ZldU50X2wwP2ZlYXR1cmU9b2VtYmVkIn0%3D\">\n\t\t\t\t<div class=\"elementor-element elementor-element-2e222b2c elementor-widget elementor-widget-heading\" data-id=\"2e222b2c\" data-element_type=\"widget\" data-e-type=\"widget\" data-widget_type=\"heading.default\">\n\t\t\t\t<div class=\"elementor-widget-container\">\n\t\t\t\t\t<p class=\"elementor-heading-title elementor-size-default\">Vaizdo pamoka, kaip sodinti Bra\u0161k\u0117ms su \"Bacilonu<\/p>\t\t\t\t<\/div>\n\t\t\t\t<\/div>\n\t\t\t\t<\/a>\n\t\t\t\t<\/div>\n\t\t\t\t<\/div>\n\t\t<div class=\"elementor-element elementor-element-413a719a e-con-full e-flex e-con e-child\" data-id=\"413a719a\" data-element_type=\"container\" data-e-type=\"container\">\n\t\t<div class=\"elementor-element elementor-element-61531a96 e-con-full e-flex e-con e-child\" data-id=\"61531a96\" data-element_type=\"container\" data-e-type=\"container\">\n\t\t\t\t<\/div>\n\t\t<div class=\"elementor-element elementor-element-4fd97609 e-con-full e-flex e-con e-child\" data-id=\"4fd97609\" data-element_type=\"container\" data-e-type=\"container\">\n\t\t\t\t<\/div>\n\t\t\t\t<\/div>\n\t\t<div class=\"elementor-element elementor-element-316ce6b4 e-con-full e-flex e-con e-child\" data-id=\"316ce6b4\" data-element_type=\"container\" data-e-type=\"container\">\n\t\t<div class=\"elementor-element elementor-element-5c0f5708 e-con-full e-flex e-con e-child\" data-id=\"5c0f5708\" data-element_type=\"container\" data-e-type=\"container\">\n\t\t\t\t<\/div>\n\t\t<div class=\"elementor-element elementor-element-16d408a e-con-full e-flex e-con e-child\" data-id=\"16d408a\" data-element_type=\"container\" data-e-type=\"container\">\n\t\t\t\t<\/div>\n\t\t\t\t<\/div>\n\t\t<div class=\"elementor-element elementor-element-3bc7126d e-con-full e-flex e-con e-child\" data-id=\"3bc7126d\" data-element_type=\"container\" data-e-type=\"container\">\n\t\t<div class=\"elementor-element elementor-element-4f7c6082 e-con-full e-flex e-con e-child\" data-id=\"4f7c6082\" data-element_type=\"container\" data-e-type=\"container\">\n\t\t\t\t<\/div>\n\t\t<div class=\"elementor-element elementor-element-30f0e127 e-con-full e-flex e-con e-child\" data-id=\"30f0e127\" data-element_type=\"container\" data-e-type=\"container\">\n\t\t\t\t<\/div>\n\t\t\t\t<\/div>\n\t\t\t\t<\/div>\n\t\t\t\t\t<\/div>\n\t\t\t\t<\/div>\n\t\t<div class=\"wd-negative-gap elementor-element elementor-element-4e92c992 e-flex e-con-boxed e-con e-parent\" data-id=\"4e92c992\" data-element_type=\"container\" data-e-type=\"container\">\n\t\t\t\t\t<div class=\"e-con-inner\">\n\t\t\t\t<div class=\"elementor-element elementor-element-4400d201 elementor-widget elementor-widget-wd_text_block\" data-id=\"4400d201\" data-element_type=\"widget\" data-e-type=\"widget\" data-widget_type=\"wd_text_block.default\">\n\t\t\t\t<div class=\"elementor-widget-container\">\n\t\t\t\t\t\t\t<div class=\"wd-text-block reset-last-child text-left\">\n\t\t\t\n\t\t\t<h2><strong>Naudokite taip<\/strong><\/h2>\n\t\t\t\t\t<\/div>\n\t\t\t\t\t\t<\/div>\n\t\t\t\t<\/div>\n\t\t\t\t\t<\/div>\n\t\t\t\t<\/div>\n\t\t<div class=\"wd-negative-gap elementor-element elementor-element-5ddf4d36 e-grid e-con-boxed e-con e-parent\" data-id=\"5ddf4d36\" data-element_type=\"container\" data-e-type=\"container\">\n\t\t\t\t\t<div class=\"e-con-inner\">\n\t\t\t\t<div class=\"elementor-element elementor-element-65eb9f5e elementor-position-top elementor-widget elementor-widget-image-box\" data-id=\"65eb9f5e\" data-element_type=\"widget\" data-e-type=\"widget\" data-widget_type=\"image-box.default\">\n\t\t\t\t<div class=\"elementor-widget-container\">\n\t\t\t\t\t<div class=\"elementor-image-box-wrapper\"><figure class=\"elementor-image-box-img\"><img loading=\"lazy\" decoding=\"async\" width=\"522\" height=\"494\" src=\"https:\/\/bioefekts.lv\/wp-content\/uploads\/2025\/01\/Instruction-Spray-1.png\" class=\"attachment-full size-full wp-image-19272 wvs-archive-product-image\" alt=\"bioefekta products apstr\u0101d\u0101 augu\" srcset=\"https:\/\/bioefekts.lv\/wp-content\/uploads\/2025\/01\/Instruction-Spray-1.png 522w, https:\/\/bioefekts.lv\/wp-content\/uploads\/2025\/01\/Instruction-Spray-1-430x407.png 430w, https:\/\/bioefekts.lv\/wp-content\/uploads\/2025\/01\/Instruction-Spray-1-150x142.png 150w, https:\/\/bioefekts.lv\/wp-content\/uploads\/2025\/01\/Instruction-Spray-1-317x300.png 317w\" sizes=\"auto, (max-width: 522px) 100vw, 522px\" \/><\/figure><div class=\"elementor-image-box-content\"><h3 class=\"elementor-image-box-title\">S\u0117jos metu<\/h3><p class=\"elementor-image-box-description\">pur\u0161kiamos s\u0117klos arba stambios s\u0117klos mirkomos paruo\u0161tame tirpale ir tada s\u0117jamos, galima purk\u0161ti s\u0117klas, \u012fd\u0117tas \u012f s\u0117jos kreipian\u010di\u0105j\u0105.<\/p><\/div><\/div>\t\t\t\t<\/div>\n\t\t\t\t<\/div>\n\t\t\t\t<div class=\"elementor-element elementor-element-4b06e6ca elementor-position-top elementor-widget elementor-widget-image-box\" data-id=\"4b06e6ca\" data-element_type=\"widget\" data-e-type=\"widget\" data-widget_type=\"image-box.default\">\n\t\t\t\t<div class=\"elementor-widget-container\">\n\t\t\t\t\t<div class=\"elementor-image-box-wrapper\"><figure class=\"elementor-image-box-img\"><img loading=\"lazy\" decoding=\"async\" width=\"522\" height=\"494\" src=\"https:\/\/bioefekts.lv\/wp-content\/uploads\/2025\/02\/instruction-Lejkanna.png\" class=\"attachment-full size-full wp-image-19288 wvs-archive-product-image\" alt=\"bioefekta produkts apstr\u0101d\u0101 augu\" srcset=\"https:\/\/bioefekts.lv\/wp-content\/uploads\/2025\/02\/instruction-Lejkanna.png 522w, https:\/\/bioefekts.lv\/wp-content\/uploads\/2025\/02\/instruction-Lejkanna-430x407.png 430w, https:\/\/bioefekts.lv\/wp-content\/uploads\/2025\/02\/instruction-Lejkanna-150x142.png 150w, https:\/\/bioefekts.lv\/wp-content\/uploads\/2025\/02\/instruction-Lejkanna-317x300.png 317w\" sizes=\"auto, (max-width: 522px) 100vw, 522px\" \/><\/figure><div class=\"elementor-image-box-content\"><h3 class=\"elementor-image-box-title\">Augal\u0173 sodinimas<\/h3><p class=\"elementor-image-box-description\">plikas \u0161aknis turintys daigai mirkomi tirpale, tada rodomi. Sodinukai su \u0161akn\u0173 kamuoliu, padengtu dirvo\u017eemiu, sodinami ir laistomi paruo\u0161tu tirpalu, i\u0161laikant dirvo\u017eem\u012f dr\u0117gn\u0105.   <\/p><\/div><\/div>\t\t\t\t<\/div>\n\t\t\t\t<\/div>\n\t\t\t\t<div class=\"elementor-element elementor-element-7eb75f2a elementor-position-top elementor-widget elementor-widget-image-box\" data-id=\"7eb75f2a\" data-element_type=\"widget\" data-e-type=\"widget\" data-widget_type=\"image-box.default\">\n\t\t\t\t<div class=\"elementor-widget-container\">\n\t\t\t\t\t<div class=\"elementor-image-box-wrapper\"><figure class=\"elementor-image-box-img\"><img loading=\"lazy\" decoding=\"async\" width=\"522\" height=\"494\" src=\"https:\/\/bioefekts.lv\/wp-content\/uploads\/2025\/01\/Instruction-Spray-2.png\" class=\"attachment-full size-full wp-image-19276 wvs-archive-product-image\" alt=\"bioefekta products aizsarg\u0101 augu\" srcset=\"https:\/\/bioefekts.lv\/wp-content\/uploads\/2025\/01\/Instruction-Spray-2.png 522w, https:\/\/bioefekts.lv\/wp-content\/uploads\/2025\/01\/Instruction-Spray-2-430x407.png 430w, https:\/\/bioefekts.lv\/wp-content\/uploads\/2025\/01\/Instruction-Spray-2-150x142.png 150w, https:\/\/bioefekts.lv\/wp-content\/uploads\/2025\/01\/Instruction-Spray-2-317x300.png 317w\" sizes=\"auto, (max-width: 522px) 100vw, 522px\" \/><\/figure><div class=\"elementor-image-box-content\"><h3 class=\"elementor-image-box-title\">Sezono metu<\/h3><p class=\"elementor-image-box-description\">Purk\u0161kite ant\u017eemines augalo dalis, kad paskatintum\u0117te \u0161onini\u0173 \u0161ak\u0173 augim\u0105, padidintum\u0117te \u017eiedini\u0173 pumpur\u0173 skai\u010di\u0173. Nor\u0117dami suma\u017einti stres\u0105, purk\u0161kite likus 2 dienoms iki \u0161aln\u0173 ir i\u0161 karto po j\u0173, taip pat prie\u0161 prasidedant kar\u0161\u010diams, kad suma\u017eintum\u0117te pa\u017eeist\u0173 augal\u0173 skai\u010di\u0173. <\/p><\/div><\/div>\t\t\t\t<\/div>\n\t\t\t\t<\/div>\n\t\t\t\t<div class=\"elementor-element elementor-element-50058e97 elementor-position-top elementor-widget elementor-widget-image-box\" data-id=\"50058e97\" data-element_type=\"widget\" data-e-type=\"widget\" data-widget_type=\"image-box.default\">\n\t\t\t\t<div class=\"elementor-widget-container\">\n\t\t\t\t\t<div class=\"elementor-image-box-wrapper\"><figure class=\"elementor-image-box-img\"><img loading=\"lazy\" decoding=\"async\" width=\"522\" height=\"494\" src=\"https:\/\/bioefekts.lv\/wp-content\/uploads\/2025\/01\/Usage-instruction-4.png\" class=\"attachment-full size-full wp-image-18948 wvs-archive-product-image\" alt=\"St\u0101ds aug\" srcset=\"https:\/\/bioefekts.lv\/wp-content\/uploads\/2025\/01\/Usage-instruction-4.png 522w, https:\/\/bioefekts.lv\/wp-content\/uploads\/2025\/01\/Usage-instruction-4-430x407.png 430w, https:\/\/bioefekts.lv\/wp-content\/uploads\/2025\/01\/Usage-instruction-4-150x142.png 150w, https:\/\/bioefekts.lv\/wp-content\/uploads\/2025\/01\/Usage-instruction-4-317x300.png 317w\" sizes=\"auto, (max-width: 522px) 100vw, 522px\" \/><\/figure><div class=\"elementor-image-box-content\"><h3 class=\"elementor-image-box-title\">Rezultatas<\/h3><p class=\"elementor-image-box-description\">Augalas yra gyvybingas, nuostabiai \u017eydi ir duoda gaus\u0173 derli\u0173, kuriame gausu svarbiausi\u0173 maistini\u0173 med\u017eiag\u0173.<\/p><\/div><\/div>\t\t\t\t<\/div>\n\t\t\t\t<\/div>\n\t\t\t\t\t<\/div>\n\t\t\t\t<\/div>\n\t\t<div class=\"elementor-element elementor-element-2356ebcd e-flex e-con-boxed e-con e-parent\" data-id=\"2356ebcd\" data-element_type=\"container\" data-e-type=\"container\">\n\t\t\t\t\t<div class=\"e-con-inner\">\n\t\t\t\t\t<\/div>\n\t\t\t\t<\/div>\n\t\t\t\t<\/div>\n\t\t","protected":false},"excerpt":{"rendered":"<ul>\n<li style=\"text-align: left\">Gerina augal\u0173 augim\u0105 ir chlorofilo sintez\u0119<\/li>\n<li style=\"text-align: left\">Skatina stipri\u0105 \u0161akn\u0173 sistem\u0105 ir \u0161onines \u0161akas<\/li>\n<li style=\"text-align: left\">Padidina \u017eiedini\u0173 pumpur\u0173 u\u017esimezgim\u0105 ir prailgina \u017eyd\u0117jim\u0105<\/li>\n<li style=\"text-align: left\">Stabdo sen\u0117jim\u0105 ir didina kokybi\u0161k\u0173 augal\u0173 derli\u0173.<\/li>\n<li style=\"text-align: left\">Rekomenduojamas s\u0117kl\u0173 daiginimui ir augini\u0173 \u0161aknijimui<\/li>\n<\/ul>\n","protected":false},"featured_media":19076,"comment_status":"open","ping_status":"closed","template":"","meta":{"om_disable_all_campaigns":false,"_monsterinsights_skip_tracking":false,"_monsterinsights_sitenote_active":false,"_monsterinsights_sitenote_note":"","_monsterinsights_sitenote_category":0},"product_brand":[],"product_cat":[240,239,238,237,297],"product_tag":[],"class_list":{"0":"post-20336","1":"product","2":"type-product","3":"status-publish","4":"has-post-thumbnail","6":"product_cat-kambariniams-augalams","7":"product_cat-paparciams","8":"product_cat-siltnamiams","9":"product_cat-sodui","10":"product_cat-vitminas","12":"first","13":"instock","14":"shipping-taxable","15":"purchasable","16":"product-type-variable","17":"has-default-attributes","18":"wvs-archive-product-wrapper"},"aioseo_notices":[],"_links":{"self":[{"href":"https:\/\/bioefekts.lv\/lt\/wp-json\/wp\/v2\/product\/20336","targetHints":{"allow":["GET"]}}],"collection":[{"href":"https:\/\/bioefekts.lv\/lt\/wp-json\/wp\/v2\/product"}],"about":[{"href":"https:\/\/bioefekts.lv\/lt\/wp-json\/wp\/v2\/types\/product"}],"replies":[{"embeddable":true,"href":"https:\/\/bioefekts.lv\/lt\/wp-json\/wp\/v2\/comments?post=20336"}],"version-history":[{"count":0,"href":"https:\/\/bioefekts.lv\/lt\/wp-json\/wp\/v2\/product\/20336\/revisions"}],"wp:featuredmedia":[{"embeddable":true,"href":"https:\/\/bioefekts.lv\/lt\/wp-json\/wp\/v2\/media\/19076"}],"wp:attachment":[{"href":"https:\/\/bioefekts.lv\/lt\/wp-json\/wp\/v2\/media?parent=20336"}],"wp:term":[{"taxonomy":"product_brand","embeddable":true,"href":"https:\/\/bioefekts.lv\/lt\/wp-json\/wp\/v2\/product_brand?post=20336"},{"taxonomy":"product_cat","embeddable":true,"href":"https:\/\/bioefekts.lv\/lt\/wp-json\/wp\/v2\/product_cat?post=20336"},{"taxonomy":"product_tag","embeddable":true,"href":"https:\/\/bioefekts.lv\/lt\/wp-json\/wp\/v2\/product_tag?post=20336"}],"curies":[{"name":"wp","href":"https:\/\/api.w.org\/{rel}","templated":true}]}}