{"id":20315,"date":"2024-07-25T14:42:36","date_gmt":"2024-07-25T14:42:36","guid":{"rendered":"https:\/\/bioefekts.lv\/product\/zydinciu-kambariniu-augal-iterpti-i-dirvozemi\/"},"modified":"2025-02-28T09:04:11","modified_gmt":"2025-02-28T09:04:11","slug":"zydinciu-kambariniu-augal-iterpti-i-dirvozemi","status":"publish","type":"product","link":"https:\/\/bioefekts.lv\/lt\/produktas\/zydinciu-kambariniu-augal-iterpti-i-dirvozemi\/","title":{"rendered":"\u017dydin\u010di\u0173 kambarini\u0173 augal &#8211; \u012fterpti \u012f dirvo\u017eem\u012f"},"content":{"rendered":"\t\t<div data-elementor-type=\"product-post\" data-elementor-id=\"20315\" class=\"elementor elementor-20315 elementor-16116\" data-elementor-post-type=\"product\">\n\t\t\t\t<div class=\"elementor-element elementor-element-6899096a e-flex e-con-boxed e-con e-parent\" data-id=\"6899096a\" data-element_type=\"container\" data-e-type=\"container\">\n\t\t\t\t\t<div class=\"e-con-inner\">\n\t\t<div class=\"elementor-element elementor-element-685241b6 e-con-full e-flex e-con e-child\" data-id=\"685241b6\" data-element_type=\"container\" data-e-type=\"container\">\n\t\t\t\t<div class=\"elementor-element elementor-element-751600eb color-scheme-inherit text-left elementor-widget elementor-widget-text-editor\" data-id=\"751600eb\" data-element_type=\"widget\" data-e-type=\"widget\" data-widget_type=\"text-editor.default\">\n\t\t\t\t<div class=\"elementor-widget-container\">\n\t\t\t\t\t\t\t\t\t<p>Mikrobiologin\u0117s tr\u0105\u0161os, skirtos <strong>KAMBARINIAMS augalams, padeda <\/strong> didinti \u017eiedini\u0173 pumpur\u0173 skai\u010di\u0173, formuoti sveik\u0105 \u017eali\u0105j\u0105 mas\u0119, atsparum\u0105 nepalanki\u0173 aplinkos s\u0105lyg\u0173 (centrinio \u0161ildymo, saul\u0117s \u0161viesos tr\u016bkumo, oro sausumo) sukeltam stresui ir imunitet\u0105. Produkto sud\u0117tyje yra dirvo\u017eemio mikroorganizm\u0173, kurie \u0161akn\u0173 zonoje i\u0161skiria junginius, skatinan\u010dius \u0161akn\u0173 vystym\u0105si, fiksuoja ore esant\u012f azot\u0105 ir paver\u010dia j\u012f augalams tinkama naudoti forma. <br><strong>SVARBU<\/strong><\/p><ul><li><p>Tr\u0105\u0161as leid\u017eiama naudoti ekologin\u0117je \u017eemdirbyst\u0117je pagal Europos Komisijos reglament\u0105 2021\/1165.<\/p><\/li><li>Jo negalima mai\u0161yti su fungicidais.<\/li><li>Efektyvum\u0105 didina pakankama dirvos dr\u0117gm\u0117 ir \u0161iluma (+15-25\u00b0 C).<\/li><li>Didesn\u0117s nei nurodyta Doz\u0117s naudojimas nekenkia augalams, \u017emon\u0117ms, gyv\u016bnams ar aplinkai.<\/li><\/ul><p>Visas mikrobiologines tr\u0105\u0161as galima derinti tarpusavyje.<\/p><p><strong>LAIKYMAS<\/strong><br>Preparatas turi b\u016bti laikomas nuo +3\u00b0 iki +27 \u00b0C temperat\u016broje. Neatidarytos pakuot\u0117s tinkamumo laikas &#8211; 2 metai nuo pagaminimo datos, \u017er. etiket\u0119. <\/p>\t\t\t\t\t\t\t\t<\/div>\n\t\t\t\t<\/div>\n\t\t\t\t<\/div>\n\t\t<div class=\"elementor-element elementor-element-29d0e696 e-con-full e-flex e-con e-child\" data-id=\"29d0e696\" data-element_type=\"container\" data-e-type=\"container\" data-settings=\"{&quot;background_background&quot;:&quot;classic&quot;}\">\n\t\t\t\t<div class=\"elementor-element elementor-element-2f927317 elementor-widget elementor-widget-heading\" data-id=\"2f927317\" data-element_type=\"widget\" data-e-type=\"widget\" data-widget_type=\"heading.default\">\n\t\t\t\t<div class=\"elementor-widget-container\">\n\t\t\t\t\t<h3 class=\"elementor-heading-title elementor-size-default\">Doz\u0117s<\/h3>\t\t\t\t<\/div>\n\t\t\t\t<\/div>\n\t\t\t\t<div class=\"elementor-element elementor-element-65584ff9 elementor-widget elementor-widget-wd_text_block\" data-id=\"65584ff9\" data-element_type=\"widget\" data-e-type=\"widget\" data-widget_type=\"wd_text_block.default\">\n\t\t\t\t<div class=\"elementor-widget-container\">\n\t\t\t\t\t\t\t<div class=\"wd-text-block reset-last-child text-left\">\n\t\t\t\n\t\t\t<p>200g\/ 2kg dirvo\u017eemio<br><br>Naudojant didesn\u0119 nei nurodyta Doz\u0117s, nekenkia augalams, \u017emon\u0117ms, gyv\u016bnams ar aplinkai ir nesukelia atsparumo.<\/p><p><strong>Galiojimo laikas<\/strong>: neatidarytas - 2 metai<\/p>\n\t\t\t\t\t<\/div>\n\t\t\t\t\t\t<\/div>\n\t\t\t\t<\/div>\n\t\t\t\t<\/div>\n\t\t\t\t\t<\/div>\n\t\t\t\t<\/div>\n\t\t<div class=\"wd-negative-gap elementor-element elementor-element-293318e7 e-flex e-con-boxed e-con e-parent\" data-id=\"293318e7\" data-element_type=\"container\" data-e-type=\"container\">\n\t\t\t\t\t<div class=\"e-con-inner\">\n\t\t\t\t<div class=\"elementor-element elementor-element-55bf3705 elementor-widget elementor-widget-heading\" data-id=\"55bf3705\" data-element_type=\"widget\" data-e-type=\"widget\" data-widget_type=\"heading.default\">\n\t\t\t\t<div class=\"elementor-widget-container\">\n\t\t\t\t\t<h3 class=\"elementor-heading-title elementor-size-default\">Naudokite<\/h3>\t\t\t\t<\/div>\n\t\t\t\t<\/div>\n\t\t\t\t\t<\/div>\n\t\t\t\t<\/div>\n\t\t<div class=\"wd-negative-gap elementor-element elementor-element-7baf4688 e-flex e-con-boxed e-con e-parent\" data-id=\"7baf4688\" data-element_type=\"container\" data-e-type=\"container\">\n\t\t\t\t\t<div class=\"e-con-inner\">\n\t\t<div class=\"elementor-element elementor-element-4a0da4f6 e-con-full e-flex e-con e-child\" data-id=\"4a0da4f6\" data-element_type=\"container\" data-e-type=\"container\">\n\t\t\t\t<div class=\"elementor-element elementor-element-e9af1a6 color-scheme-inherit text-left elementor-widget elementor-widget-text-editor\" data-id=\"e9af1a6\" data-element_type=\"widget\" data-e-type=\"widget\" data-widget_type=\"text-editor.default\">\n\t\t\t\t<div class=\"elementor-widget-container\">\n\t\t\t\t\t\t\t\t\t<ul><li><strong>Sodinimas<\/strong> &#8211; \u012f paruo\u0161t\u0105 dirv\u0105 \u012fberkite rekomenduojam\u0105 tr\u0105\u0161\u0173 Doz\u0119, pripildykite vazonus ir sodinkite.<\/li><li><strong>Kambariniams augalams vazonuose ir konteineriuose<\/strong> &#8211; prasiskverbia \u012f vir\u0161utin\u012f dirvo\u017eemio sluoksn\u012f ir palaiko dirvo\u017eemio dr\u0117gm\u0119.<\/li><li>Rekomenduojama kelis kartus per sezon\u0105 pakartotinai purk\u0161ti prie augalo \u0161akn\u0173 ir palaikyti dirvos dr\u0117gm\u0119.<br>Produktas nekenksmingas \u017emon\u0117ms, gyv\u016bnams, bit\u0117ms ir kitiems apdulkintojams.<\/li><\/ul>\t\t\t\t\t\t\t\t<\/div>\n\t\t\t\t<\/div>\n\t\t\t\t<\/div>\n\t\t<div class=\"elementor-element elementor-element-42fac6e0 e-con-full e-flex e-con e-child\" data-id=\"42fac6e0\" data-element_type=\"container\" data-e-type=\"container\">\n\t\t<div class=\"elementor-element elementor-element-3d088c38 e-con-full e-flex e-con e-child\" data-id=\"3d088c38\" data-element_type=\"container\" data-e-type=\"container\">\n\t\t<div class=\"elementor-element elementor-element-2b226103 e-con-full e-flex e-con e-child\" data-id=\"2b226103\" data-element_type=\"container\" data-e-type=\"container\">\n\t\t\t\t<div class=\"elementor-element elementor-element-4ff4a3cc elementor-widget elementor-widget-video\" data-id=\"4ff4a3cc\" data-element_type=\"widget\" data-e-type=\"widget\" data-settings=\"{&quot;youtube_url&quot;:&quot;https:\\\/\\\/www.youtube.com\\\/watch?v=qv3VeuNt_l0&quot;,&quot;autoplay&quot;:&quot;yes&quot;,&quot;show_image_overlay&quot;:&quot;yes&quot;,&quot;image_overlay&quot;:{&quot;url&quot;:&quot;https:\\\/\\\/bioefekts.lv\\\/wp-content\\\/uploads\\\/2025\\\/01\\\/Zemenes-Thumbnail.jpg&quot;,&quot;id&quot;:&quot;16772&quot;,&quot;size&quot;:&quot;&quot;,&quot;alt&quot;:&quot;&quot;,&quot;source&quot;:&quot;library&quot;},&quot;lightbox&quot;:&quot;yes&quot;,&quot;video_type&quot;:&quot;youtube&quot;,&quot;controls&quot;:&quot;yes&quot;}\" data-widget_type=\"video.default\">\n\t\t\t\t<div class=\"elementor-widget-container\">\n\t\t\t\t\t\t\t<div class=\"elementor-wrapper elementor-open-lightbox\">\n\t\t\t\t\t\t\t<div class=\"elementor-custom-embed-image-overlay\" data-elementor-open-lightbox=\"yes\" data-elementor-lightbox=\"{&quot;type&quot;:&quot;video&quot;,&quot;videoType&quot;:&quot;youtube&quot;,&quot;url&quot;:&quot;https:\\\/\\\/www.youtube.com\\\/embed\\\/qv3VeuNt_l0?feature=oembed&amp;start&amp;end&amp;wmode=opaque&amp;loop=0&amp;controls=1&amp;mute=0&amp;rel=0&amp;cc_load_policy=0&quot;,&quot;autoplay&quot;:&quot;yes&quot;,&quot;modalOptions&quot;:{&quot;id&quot;:&quot;elementor-lightbox-4ff4a3cc&quot;,&quot;entranceAnimation&quot;:&quot;&quot;,&quot;entranceAnimation_tablet&quot;:&quot;&quot;,&quot;entranceAnimation_mobile&quot;:&quot;&quot;,&quot;videoAspectRatio&quot;:&quot;169&quot;}}\" data-e-action-hash=\"#elementor-action%3Aaction%3Dlightbox%26settings%3DeyJ0eXBlIjoidmlkZW8iLCJ2aWRlb1R5cGUiOiJ5b3V0dWJlIiwidXJsIjoiaHR0cHM6XC9cL3d3dy55b3V0dWJlLmNvbVwvZW1iZWRcL3F2M1ZldU50X2wwP2ZlYXR1cmU9b2VtYmVkJnN0YXJ0JmVuZCZ3bW9kZT1vcGFxdWUmbG9vcD0wJmNvbnRyb2xzPTEmbXV0ZT0wJnJlbD0wJmNjX2xvYWRfcG9saWN5PTAiLCJhdXRvcGxheSI6InllcyIsIm1vZGFsT3B0aW9ucyI6eyJpZCI6ImVsZW1lbnRvci1saWdodGJveC00ZmY0YTNjYyIsImVudHJhbmNlQW5pbWF0aW9uIjoiIiwiZW50cmFuY2VBbmltYXRpb25fdGFibGV0IjoiIiwiZW50cmFuY2VBbmltYXRpb25fbW9iaWxlIjoiIiwidmlkZW9Bc3BlY3RSYXRpbyI6IjE2OSJ9fQ%3D%3D\">\n\t\t\t\t\t\t\t\t\t\t\t<img loading=\"lazy\" decoding=\"async\" width=\"600\" height=\"338\" src=\"https:\/\/bioefekts.lv\/wp-content\/uploads\/2025\/01\/Zemenes-Thumbnail.jpg\" class=\"attachment-full size-full wp-image-16772 wvs-archive-product-image\" alt=\"st\u0101dam zemenes\" srcset=\"https:\/\/bioefekts.lv\/wp-content\/uploads\/2025\/01\/Zemenes-Thumbnail.jpg 600w, https:\/\/bioefekts.lv\/wp-content\/uploads\/2025\/01\/Zemenes-Thumbnail-430x242.jpg 430w, https:\/\/bioefekts.lv\/wp-content\/uploads\/2025\/01\/Zemenes-Thumbnail-150x85.jpg 150w, https:\/\/bioefekts.lv\/wp-content\/uploads\/2025\/01\/Zemenes-Thumbnail-400x225.jpg 400w\" sizes=\"auto, (max-width: 600px) 100vw, 600px\" \/>\t\t\t\t\t\t\t\t\t\t\t\t\t\t\t\t<div class=\"elementor-custom-embed-play\" role=\"button\" aria-label=\"Play Video\" tabindex=\"0\">\n\t\t\t\t\t\t\t<svg aria-hidden=\"true\" class=\"e-font-icon-svg e-eicon-play\" viewBox=\"0 0 1000 1000\" xmlns=\"http:\/\/www.w3.org\/2000\/svg\"><path d=\"M838 162C746 71 633 25 500 25 371 25 258 71 163 162 71 254 25 367 25 500 25 633 71 746 163 837 254 929 367 979 500 979 633 979 746 933 838 837 929 746 975 633 975 500 975 367 929 254 838 162M808 192C892 279 933 379 933 500 933 621 892 725 808 808 725 892 621 938 500 938 379 938 279 896 196 808 113 725 67 621 67 500 67 379 108 279 196 192 279 108 383 62 500 62 621 62 721 108 808 192M438 392V642L642 517 438 392Z\"><\/path><\/svg>\t\t\t\t\t\t<\/div>\n\t\t\t\t\t\t\t\t\t<\/div>\n\t\t\t\t\t<\/div>\n\t\t\t\t\t\t<\/div>\n\t\t\t\t<\/div>\n\t\t\t\t<\/div>\n\t\t<div class=\"elementor-element elementor-element-7fdb3b e-con-full e-flex e-con e-child\" data-id=\"7fdb3b\" data-element_type=\"container\" data-e-type=\"container\">\n\t\t<a class=\"elementor-element elementor-element-1bfaa644 e-con-full e-flex e-con e-child\" data-id=\"1bfaa644\" data-element_type=\"container\" data-e-type=\"container\" data-settings=\"{&quot;background_background&quot;:&quot;classic&quot;}\" href=\"#elementor-action%3Aaction%3Dlightbox%26settings%3DeyJ0eXBlIjoidmlkZW8iLCJ2aWRlb1R5cGUiOiJ5b3V0dWJlIiwidXJsIjoiaHR0cHM6XC9cL3d3dy55b3V0dWJlLmNvbVwvZW1iZWRcL3F2M1ZldU50X2wwP2ZlYXR1cmU9b2VtYmVkIn0%3D\">\n\t\t\t\t<div class=\"elementor-element elementor-element-18e634c1 elementor-widget elementor-widget-heading\" data-id=\"18e634c1\" data-element_type=\"widget\" data-e-type=\"widget\" data-widget_type=\"heading.default\">\n\t\t\t\t<div class=\"elementor-widget-container\">\n\t\t\t\t\t<p class=\"elementor-heading-title elementor-size-default\">Vaizdo pamoka, kaip sodinti Bra\u0161k\u0117ms su \"Bacilonu<\/p>\t\t\t\t<\/div>\n\t\t\t\t<\/div>\n\t\t\t\t<\/a>\n\t\t\t\t<\/div>\n\t\t\t\t<\/div>\n\t\t<div class=\"elementor-element elementor-element-1c4f4bb5 e-con-full e-flex e-con e-child\" data-id=\"1c4f4bb5\" data-element_type=\"container\" data-e-type=\"container\">\n\t\t<div class=\"elementor-element elementor-element-634ab3cf e-con-full e-flex e-con e-child\" data-id=\"634ab3cf\" data-element_type=\"container\" data-e-type=\"container\">\n\t\t\t\t<\/div>\n\t\t<div class=\"elementor-element elementor-element-45e5b2cc e-con-full e-flex e-con e-child\" data-id=\"45e5b2cc\" data-element_type=\"container\" data-e-type=\"container\">\n\t\t\t\t<\/div>\n\t\t\t\t<\/div>\n\t\t<div class=\"elementor-element elementor-element-697f511c e-con-full e-flex e-con e-child\" data-id=\"697f511c\" data-element_type=\"container\" data-e-type=\"container\">\n\t\t<div class=\"elementor-element elementor-element-73ea15df e-con-full e-flex e-con e-child\" data-id=\"73ea15df\" data-element_type=\"container\" data-e-type=\"container\">\n\t\t\t\t<\/div>\n\t\t<div class=\"elementor-element elementor-element-1dd63b54 e-con-full e-flex e-con e-child\" data-id=\"1dd63b54\" data-element_type=\"container\" data-e-type=\"container\">\n\t\t\t\t<\/div>\n\t\t\t\t<\/div>\n\t\t<div class=\"elementor-element elementor-element-67874a98 e-con-full e-flex e-con e-child\" data-id=\"67874a98\" data-element_type=\"container\" data-e-type=\"container\">\n\t\t<div class=\"elementor-element elementor-element-4db068d2 e-con-full e-flex e-con e-child\" data-id=\"4db068d2\" data-element_type=\"container\" data-e-type=\"container\">\n\t\t\t\t<\/div>\n\t\t<div class=\"elementor-element elementor-element-3e3c5c02 e-con-full e-flex e-con e-child\" data-id=\"3e3c5c02\" data-element_type=\"container\" data-e-type=\"container\">\n\t\t\t\t<\/div>\n\t\t\t\t<\/div>\n\t\t\t\t<\/div>\n\t\t\t\t\t<\/div>\n\t\t\t\t<\/div>\n\t\t<div class=\"wd-negative-gap elementor-element elementor-element-2996854d e-flex e-con-boxed e-con e-parent\" data-id=\"2996854d\" data-element_type=\"container\" data-e-type=\"container\">\n\t\t\t\t\t<div class=\"e-con-inner\">\n\t\t\t\t<div class=\"elementor-element elementor-element-20441096 elementor-widget elementor-widget-wd_text_block\" data-id=\"20441096\" data-element_type=\"widget\" data-e-type=\"widget\" data-widget_type=\"wd_text_block.default\">\n\t\t\t\t<div class=\"elementor-widget-container\">\n\t\t\t\t\t\t\t<div class=\"wd-text-block reset-last-child text-left\">\n\t\t\t\n\t\t\t<h2><strong>Naudokite taip<\/strong><\/h2>\n\t\t\t\t\t<\/div>\n\t\t\t\t\t\t<\/div>\n\t\t\t\t<\/div>\n\t\t\t\t\t<\/div>\n\t\t\t\t<\/div>\n\t\t<div class=\"wd-negative-gap elementor-element elementor-element-1b345e7b e-grid e-con-boxed e-con e-parent\" data-id=\"1b345e7b\" data-element_type=\"container\" data-e-type=\"container\">\n\t\t\t\t\t<div class=\"e-con-inner\">\n\t\t\t\t<div class=\"elementor-element elementor-element-3a5fdf0d elementor-position-top elementor-widget elementor-widget-image-box\" data-id=\"3a5fdf0d\" data-element_type=\"widget\" data-e-type=\"widget\" data-widget_type=\"image-box.default\">\n\t\t\t\t<div class=\"elementor-widget-container\">\n\t\t\t\t\t<div class=\"elementor-image-box-wrapper\"><figure class=\"elementor-image-box-img\"><img loading=\"lazy\" decoding=\"async\" width=\"522\" height=\"494\" src=\"https:\/\/bioefekts.lv\/wp-content\/uploads\/2025\/02\/Instruction-Roka-ber.png\" class=\"attachment-full size-full wp-image-17944 wvs-archive-product-image\" alt=\"cilv\u0113ka roka st\u0101da izmantojot bioefekta produktu\" srcset=\"https:\/\/bioefekts.lv\/wp-content\/uploads\/2025\/02\/Instruction-Roka-ber.png 522w, https:\/\/bioefekts.lv\/wp-content\/uploads\/2025\/02\/Instruction-Roka-ber-430x407.png 430w, https:\/\/bioefekts.lv\/wp-content\/uploads\/2025\/02\/Instruction-Roka-ber-150x142.png 150w, https:\/\/bioefekts.lv\/wp-content\/uploads\/2025\/02\/Instruction-Roka-ber-317x300.png 317w\" sizes=\"auto, (max-width: 522px) 100vw, 522px\" \/><\/figure><div class=\"elementor-image-box-content\"><h3 class=\"elementor-image-box-title\">Sodinimo metu<\/h3><p class=\"elementor-image-box-description\">Sumai\u0161ykite su rekomenduojama substrato Doze, pasodinkite \u012f vazon\u0105 ir sodinkite.<\/p><\/div><\/div>\t\t\t\t<\/div>\n\t\t\t\t<\/div>\n\t\t\t\t<div class=\"elementor-element elementor-element-98f03eb elementor-position-top elementor-widget elementor-widget-image-box\" data-id=\"98f03eb\" data-element_type=\"widget\" data-e-type=\"widget\" data-widget_type=\"image-box.default\">\n\t\t\t\t<div class=\"elementor-widget-container\">\n\t\t\t\t\t<div class=\"elementor-image-box-wrapper\"><figure class=\"elementor-image-box-img\"><img loading=\"lazy\" decoding=\"async\" width=\"522\" height=\"494\" src=\"https:\/\/bioefekts.lv\/wp-content\/uploads\/2025\/02\/instruction-Beram.png\" class=\"attachment-full size-full wp-image-17908 wvs-archive-product-image\" alt=\"bioefekta produkts pal\u012bdz auga aug\u0161an\u0101\" srcset=\"https:\/\/bioefekts.lv\/wp-content\/uploads\/2025\/02\/instruction-Beram.png 522w, https:\/\/bioefekts.lv\/wp-content\/uploads\/2025\/02\/instruction-Beram-430x407.png 430w, https:\/\/bioefekts.lv\/wp-content\/uploads\/2025\/02\/instruction-Beram-150x142.png 150w, https:\/\/bioefekts.lv\/wp-content\/uploads\/2025\/02\/instruction-Beram-317x300.png 317w\" sizes=\"auto, (max-width: 522px) 100vw, 522px\" \/><\/figure><div class=\"elementor-image-box-content\"><h3 class=\"elementor-image-box-title\">Augalams vazonuose<\/h3><p class=\"elementor-image-box-description\">tr\u0105\u0161os paskleid\u017eiamos ant dirvos, atsargiai \u012fterpiamos \u012f vir\u0161utin\u012f sluoksn\u012f, stengiantis nepa\u017eeisti \u0161akn\u0173, ir palaistomos.<\/p><\/div><\/div>\t\t\t\t<\/div>\n\t\t\t\t<\/div>\n\t\t\t\t<div class=\"elementor-element elementor-element-1047c216 elementor-position-top elementor-widget elementor-widget-image-box\" data-id=\"1047c216\" data-element_type=\"widget\" data-e-type=\"widget\" data-widget_type=\"image-box.default\">\n\t\t\t\t<div class=\"elementor-widget-container\">\n\t\t\t\t\t<div class=\"elementor-image-box-wrapper\"><figure class=\"elementor-image-box-img\"><img loading=\"lazy\" decoding=\"async\" width=\"522\" height=\"494\" src=\"https:\/\/bioefekts.lv\/wp-content\/uploads\/2025\/02\/instruction-Lejkanna.png\" class=\"attachment-full size-full wp-image-17909 wvs-archive-product-image\" alt=\"bioefekta produkts apstr\u0101d\u0101 augu\" srcset=\"https:\/\/bioefekts.lv\/wp-content\/uploads\/2025\/02\/instruction-Lejkanna.png 522w, https:\/\/bioefekts.lv\/wp-content\/uploads\/2025\/02\/instruction-Lejkanna-430x407.png 430w, https:\/\/bioefekts.lv\/wp-content\/uploads\/2025\/02\/instruction-Lejkanna-150x142.png 150w, https:\/\/bioefekts.lv\/wp-content\/uploads\/2025\/02\/instruction-Lejkanna-317x300.png 317w\" sizes=\"auto, (max-width: 522px) 100vw, 522px\" \/><\/figure><div class=\"elementor-image-box-content\"><h3 class=\"elementor-image-box-title\">vis\u0105 sezon\u0105<\/h3><p class=\"elementor-image-box-description\">dirvo\u017eemis aplink augalo \u0161aknis turi b\u016bti dr\u0117gnas, kad mikroorganizmai gal\u0117t\u0173 daugintis ir atlikti savo darb\u0105. Be tr\u0105\u0161\u0173, naudokite Vitmin, Vitmiksas arba Vitmic. <\/p><\/div><\/div>\t\t\t\t<\/div>\n\t\t\t\t<\/div>\n\t\t\t\t<div class=\"elementor-element elementor-element-8132090 elementor-position-top elementor-widget elementor-widget-image-box\" data-id=\"8132090\" data-element_type=\"widget\" data-e-type=\"widget\" data-widget_type=\"image-box.default\">\n\t\t\t\t<div class=\"elementor-widget-container\">\n\t\t\t\t\t<div class=\"elementor-image-box-wrapper\"><figure class=\"elementor-image-box-img\"><img loading=\"lazy\" decoding=\"async\" width=\"522\" height=\"494\" src=\"https:\/\/bioefekts.lv\/wp-content\/uploads\/2025\/01\/Usage-instruction-4.png\" class=\"attachment-full size-full wp-image-16690 wvs-archive-product-image\" alt=\"St\u0101ds aug\" srcset=\"https:\/\/bioefekts.lv\/wp-content\/uploads\/2025\/01\/Usage-instruction-4.png 522w, https:\/\/bioefekts.lv\/wp-content\/uploads\/2025\/01\/Usage-instruction-4-430x407.png 430w, https:\/\/bioefekts.lv\/wp-content\/uploads\/2025\/01\/Usage-instruction-4-150x142.png 150w, https:\/\/bioefekts.lv\/wp-content\/uploads\/2025\/01\/Usage-instruction-4-317x300.png 317w\" sizes=\"auto, (max-width: 522px) 100vw, 522px\" \/><\/figure><div class=\"elementor-image-box-content\"><h3 class=\"elementor-image-box-title\">Rezultatas<\/h3><p class=\"elementor-image-box-description\">augalai yra sveiki, ry\u0161kiai \u017ealios spalvos ir gra\u017ei\u0173 \u017eied\u0173.<\/p><\/div><\/div>\t\t\t\t<\/div>\n\t\t\t\t<\/div>\n\t\t\t\t\t<\/div>\n\t\t\t\t<\/div>\n\t\t<div class=\"elementor-element elementor-element-60d1a2d6 e-flex e-con-boxed e-con e-parent\" data-id=\"60d1a2d6\" data-element_type=\"container\" data-e-type=\"container\">\n\t\t\t\t\t<div class=\"e-con-inner\">\n\t\t\t\t\t<\/div>\n\t\t\t\t<\/div>\n\t\t\t\t<\/div>\n\t\t","protected":false},"excerpt":{"rendered":"<ul>\n<li style=\"text-align: left\">Pagerina augal\u0173 spalv\u0105 ir \u017eyd\u0117jim\u0105<\/li>\n<li style=\"text-align: left\">Skatina kambarini\u0173 augal\u0173 augim\u0105, stiprina \u0161akn\u0173 sistem\u0105<\/li>\n<li style=\"text-align: left\">Fiksuoja azot\u0105 ore ir paver\u010dia j\u012f tokia forma, kuri\u0105 gali pasisavinti augalas.<\/li>\n<li style=\"text-align: left\">pagerina augalo atsparum\u0105 stresui, kur\u012f sukelia patalp\u0173 aplinkos s\u0105lygos.<\/li>\n<\/ul>\n","protected":false},"featured_media":19048,"comment_status":"open","ping_status":"closed","template":"","meta":{"om_disable_all_campaigns":false,"_monsterinsights_skip_tracking":false,"_monsterinsights_sitenote_active":false,"_monsterinsights_sitenote_note":"","_monsterinsights_sitenote_category":0},"product_brand":[],"product_cat":[240],"product_tag":[],"class_list":{"0":"post-20315","1":"product","2":"type-product","3":"status-publish","4":"has-post-thumbnail","6":"product_cat-kambariniams-augalams","8":"first","9":"instock","10":"shipping-taxable","11":"purchasable","12":"product-type-variable","13":"has-default-attributes","14":"wvs-archive-product-wrapper"},"aioseo_notices":[],"_links":{"self":[{"href":"https:\/\/bioefekts.lv\/lt\/wp-json\/wp\/v2\/product\/20315","targetHints":{"allow":["GET"]}}],"collection":[{"href":"https:\/\/bioefekts.lv\/lt\/wp-json\/wp\/v2\/product"}],"about":[{"href":"https:\/\/bioefekts.lv\/lt\/wp-json\/wp\/v2\/types\/product"}],"replies":[{"embeddable":true,"href":"https:\/\/bioefekts.lv\/lt\/wp-json\/wp\/v2\/comments?post=20315"}],"version-history":[{"count":0,"href":"https:\/\/bioefekts.lv\/lt\/wp-json\/wp\/v2\/product\/20315\/revisions"}],"wp:featuredmedia":[{"embeddable":true,"href":"https:\/\/bioefekts.lv\/lt\/wp-json\/wp\/v2\/media\/19048"}],"wp:attachment":[{"href":"https:\/\/bioefekts.lv\/lt\/wp-json\/wp\/v2\/media?parent=20315"}],"wp:term":[{"taxonomy":"product_brand","embeddable":true,"href":"https:\/\/bioefekts.lv\/lt\/wp-json\/wp\/v2\/product_brand?post=20315"},{"taxonomy":"product_cat","embeddable":true,"href":"https:\/\/bioefekts.lv\/lt\/wp-json\/wp\/v2\/product_cat?post=20315"},{"taxonomy":"product_tag","embeddable":true,"href":"https:\/\/bioefekts.lv\/lt\/wp-json\/wp\/v2\/product_tag?post=20315"}],"curies":[{"name":"wp","href":"https:\/\/api.w.org\/{rel}","templated":true}]}}