{"id":20306,"date":"2024-07-25T14:42:36","date_gmt":"2024-07-25T14:42:36","guid":{"rendered":"https:\/\/bioefekts.lv\/product\/siltnamiams-iterpti-i-dirvozemi\/"},"modified":"2025-02-28T09:02:56","modified_gmt":"2025-02-28T09:02:56","slug":"siltnamiams-iterpti-i-dirvozemi","status":"publish","type":"product","link":"https:\/\/bioefekts.lv\/lt\/produktas\/siltnamiams-iterpti-i-dirvozemi\/","title":{"rendered":"\u0160iltnamiams &#8211; \u012fterpti \u012f dirvo\u017eem\u012f"},"content":{"rendered":"\t\t<div data-elementor-type=\"product-post\" data-elementor-id=\"20306\" class=\"elementor elementor-20306 elementor-16117\" data-elementor-post-type=\"product\">\n\t\t\t\t<div class=\"elementor-element elementor-element-533bfa18 e-flex e-con-boxed e-con e-parent\" data-id=\"533bfa18\" data-element_type=\"container\" data-e-type=\"container\">\n\t\t\t\t\t<div class=\"e-con-inner\">\n\t\t<div class=\"elementor-element elementor-element-773ed7a5 e-con-full e-flex e-con e-child\" data-id=\"773ed7a5\" data-element_type=\"container\" data-e-type=\"container\">\n\t\t\t\t<div class=\"elementor-element elementor-element-51df7b88 color-scheme-inherit text-left elementor-widget elementor-widget-text-editor\" data-id=\"51df7b88\" data-element_type=\"widget\" data-e-type=\"widget\" data-widget_type=\"text-editor.default\">\n\t\t\t\t<div class=\"elementor-widget-container\">\n\t\t\t\t\t\t\t\t\t<p><strong>\u0160iltnamiams<\/strong> senka grei\u010diau ir sudaro ypa\u010d palankias s\u0105lygas vystytis tiek naudingiems, tiek nepalankiems <strong>dirvo\u017eemio<\/strong> mikroorganizmams. Produkte esantys mikroorganizmai konkuruoja su patogenais d\u0117l vietos ir maistini\u0173 med\u017eiag\u0173, neleisdami jiems greitai daugintis ir u\u017etikrindami ger\u0105 prevencin\u012f poveik\u012f. Mikrobiologin\u0117s tr\u0105\u0161os \u0160iltnamiams su specialiai atrinktais mikroorganizmais padeda nat\u016braliai palaikyti \u0161iltnamio dirvo\u017eemio derlingum\u0105 ir augal\u0173 vystymuisi palanki\u0105 aplink\u0105, stiprina \u0161akn\u0173 sistem\u0105 ir imunitet\u0105, skatindamos med\u017eiag\u0173 apykait\u0105.  <\/p><p><strong>SVARBU<\/strong><\/p><ul><li><p>\u0160ias tr\u0105\u0161as leid\u017eiama naudoti ekologin\u0117je \u017eemdirbyst\u0117je pagal Europos Komisijos reglament\u0105 2021\/1165.<\/p><\/li><li>Jo negalima mai\u0161yti su fungicidais.<\/li><li>Efektyvum\u0105 didina pakankama dirvos dr\u0117gm\u0117 ir \u0161iluma (+15-25\u00b0 C).<\/li><li>Didesn\u0117s nei nurodyta Doz\u0117s naudojimas nekenkia augalams, \u017emon\u0117ms, gyv\u016bnams ar aplinkai.<\/li><li>Visas mikrobiologines tr\u0105\u0161as galima derinti tarpusavyje.<\/li><li>Tarp gydymo ir derliaus nu\u0117mimo n\u0117ra laukimo laikotarpio.<\/li><\/ul><p><strong>LAIKYMAS<\/strong><br>Preparatas turi b\u016bti laikomas nuo +3\u00b0 iki +27 \u00b0C temperat\u016broje. Neatidarytos pakuot\u0117s tinkamumo laikas &#8211; 2 metai nuo pagaminimo datos, \u017er. etiket\u0119. <\/p>\t\t\t\t\t\t\t\t<\/div>\n\t\t\t\t<\/div>\n\t\t\t\t<\/div>\n\t\t<div class=\"elementor-element elementor-element-72638d1b e-con-full e-flex e-con e-child\" data-id=\"72638d1b\" data-element_type=\"container\" data-e-type=\"container\" data-settings=\"{&quot;background_background&quot;:&quot;classic&quot;}\">\n\t\t\t\t<div class=\"elementor-element elementor-element-3da8e282 elementor-widget elementor-widget-heading\" data-id=\"3da8e282\" data-element_type=\"widget\" data-e-type=\"widget\" data-widget_type=\"heading.default\">\n\t\t\t\t<div class=\"elementor-widget-container\">\n\t\t\t\t\t<h3 class=\"elementor-heading-title elementor-size-default\">Doz\u0117s<\/h3>\t\t\t\t<\/div>\n\t\t\t\t<\/div>\n\t\t\t\t<div class=\"elementor-element elementor-element-fd769d7 elementor-widget elementor-widget-wd_text_block\" data-id=\"fd769d7\" data-element_type=\"widget\" data-e-type=\"widget\" data-widget_type=\"wd_text_block.default\">\n\t\t\t\t<div class=\"elementor-widget-container\">\n\t\t\t\t\t\t\t<div class=\"wd-text-block reset-last-child text-left\">\n\t\t\t\n\t\t\t<p>500g\/10m\u00b2<br>2kg\/40m\u00b2<br>5kg\/100m\u00b2<br><br>Nuskurdintose dirvose norma didinama 2-3 kartus.<br>Naudojant didesn\u0119 nei nurodyta doz\u0119, nekenkiama augalams, \u017emon\u0117ms, gyv\u016bnams ar aplinkai ir nei\u0161sivysto atsparumas.<\/p><p><strong>Galiojimo laikas<\/strong>: neatidarytas - 2 metai<\/p>\n\t\t\t\t\t<\/div>\n\t\t\t\t\t\t<\/div>\n\t\t\t\t<\/div>\n\t\t\t\t<\/div>\n\t\t\t\t\t<\/div>\n\t\t\t\t<\/div>\n\t\t<div class=\"wd-negative-gap elementor-element elementor-element-63f3b9d5 e-flex e-con-boxed e-con e-parent\" data-id=\"63f3b9d5\" data-element_type=\"container\" data-e-type=\"container\">\n\t\t\t\t\t<div class=\"e-con-inner\">\n\t\t\t\t<div class=\"elementor-element elementor-element-28462a0e elementor-widget elementor-widget-heading\" data-id=\"28462a0e\" data-element_type=\"widget\" data-e-type=\"widget\" data-widget_type=\"heading.default\">\n\t\t\t\t<div class=\"elementor-widget-container\">\n\t\t\t\t\t<h3 class=\"elementor-heading-title elementor-size-default\">Naudokite<\/h3>\t\t\t\t<\/div>\n\t\t\t\t<\/div>\n\t\t\t\t\t<\/div>\n\t\t\t\t<\/div>\n\t\t<div class=\"wd-negative-gap elementor-element elementor-element-764bfd19 e-flex e-con-boxed e-con e-parent\" data-id=\"764bfd19\" data-element_type=\"container\" data-e-type=\"container\">\n\t\t\t\t\t<div class=\"e-con-inner\">\n\t\t<div class=\"elementor-element elementor-element-c9d052 e-con-full e-flex e-con e-child\" data-id=\"c9d052\" data-element_type=\"container\" data-e-type=\"container\">\n\t\t\t\t<div class=\"elementor-element elementor-element-4d497262 color-scheme-inherit text-left elementor-widget elementor-widget-text-editor\" data-id=\"4d497262\" data-element_type=\"widget\" data-e-type=\"widget\" data-widget_type=\"text-editor.default\">\n\t\t\t\t<div class=\"elementor-widget-container\">\n\t\t\t\t\t\t\t\t\t<ul><li>Pavasar\u012f, likus dviem savait\u0117ms iki s\u0117jos ir sodinimo, 10-15 cm <strong>dirvo\u017eemio sluoksn\u012f<\/strong> supurenkite ir palaikykite dr\u0117gm\u0119. Per t\u0105 laik\u0105 mikroorganizmai prisitaikys prie dirvo\u017eemio ir prad\u0117s daugintis. Ruden\u012f, po derliaus nu\u0117mimo ir augalini\u0173 liekan\u0173, rekomenduojama dirv\u0105 patr\u0119\u0161ti Trichoderminu ir palaistyti.  <\/li><li><strong>Sodinimas &#8211; sodinimo<\/strong> duobut\u0117je prie \u0161akn\u0173 arba tiesiogiai prie \u0161akn\u0173. Jei tr\u0105\u0161os \u0160iltnamiams jau buvo panaudotos, \u012f duobut\u0119 po daigeliais j\u0173 nebetr\u0119\u0161kite. Subtimiksas, Trichoderminas, Bacilonas galima tr\u0119\u0161ti \u0161alia \u0161akn\u0173 &#8211; tr\u0105\u0161\u0173 pasirinkimas priklauso nuo augalo r\u016b\u0161ies ir pra\u0117jusio sezono patirties.  <\/li><li><strong>S\u0117ja &#8211; s\u0117jos<\/strong> vadove s\u0117klos s\u0117jamos tiesiai ant preparato. Kaip ir s\u0117jant, priklausomai nuo augalo r\u016b\u0161ies ir pra\u0117jusio sezono istorijos, galime prid\u0117ti Subtimiks\u0105, Trichodermin\u0105 arba Bacilon\u0105. <\/li><li><b>\u017diemos sode <\/b>&#8211; \u012f substrat\u0105 prie\u0161 sodinim\u0105. Jau pasodintiems Kambariniams augalams &#8211; paskleiskite ant dirvos ir \u012f j\u0105 \u012fmai\u0161ykite. <\/li><\/ul><p>Rekomenduojama kelis kartus per sezon\u0105 pakartotinai tepti produkt\u0105 prie augalo \u0161akn\u0173 ir palaikyti dirvos dr\u0117gm\u0119.<br>Produktas yra draugi\u0161kas \u017emon\u0117ms, gyv\u016bnams, bit\u0117ms ir kitiems apdulkintojams.<\/p>\t\t\t\t\t\t\t\t<\/div>\n\t\t\t\t<\/div>\n\t\t\t\t<\/div>\n\t\t<div class=\"elementor-element elementor-element-9d63bbf e-con-full e-flex e-con e-child\" data-id=\"9d63bbf\" data-element_type=\"container\" data-e-type=\"container\">\n\t\t<div class=\"elementor-element elementor-element-27d68836 e-con-full e-flex e-con e-child\" data-id=\"27d68836\" data-element_type=\"container\" data-e-type=\"container\">\n\t\t<div class=\"elementor-element elementor-element-494cf96 e-con-full e-flex e-con e-child\" data-id=\"494cf96\" data-element_type=\"container\" data-e-type=\"container\">\n\t\t\t\t<div class=\"elementor-element elementor-element-12219754 elementor-widget elementor-widget-video\" data-id=\"12219754\" data-element_type=\"widget\" data-e-type=\"widget\" data-settings=\"{&quot;youtube_url&quot;:&quot;https:\\\/\\\/www.youtube.com\\\/watch?v=qv3VeuNt_l0&quot;,&quot;autoplay&quot;:&quot;yes&quot;,&quot;show_image_overlay&quot;:&quot;yes&quot;,&quot;image_overlay&quot;:{&quot;url&quot;:&quot;https:\\\/\\\/bioefekts.lv\\\/wp-content\\\/uploads\\\/2025\\\/01\\\/Zemenes-Thumbnail.jpg&quot;,&quot;id&quot;:&quot;16772&quot;,&quot;size&quot;:&quot;&quot;,&quot;alt&quot;:&quot;&quot;,&quot;source&quot;:&quot;library&quot;},&quot;lightbox&quot;:&quot;yes&quot;,&quot;video_type&quot;:&quot;youtube&quot;,&quot;controls&quot;:&quot;yes&quot;}\" data-widget_type=\"video.default\">\n\t\t\t\t<div class=\"elementor-widget-container\">\n\t\t\t\t\t\t\t<div class=\"elementor-wrapper elementor-open-lightbox\">\n\t\t\t\t\t\t\t<div class=\"elementor-custom-embed-image-overlay\" data-elementor-open-lightbox=\"yes\" data-elementor-lightbox=\"{&quot;type&quot;:&quot;video&quot;,&quot;videoType&quot;:&quot;youtube&quot;,&quot;url&quot;:&quot;https:\\\/\\\/www.youtube.com\\\/embed\\\/qv3VeuNt_l0?feature=oembed&amp;start&amp;end&amp;wmode=opaque&amp;loop=0&amp;controls=1&amp;mute=0&amp;rel=0&amp;cc_load_policy=0&quot;,&quot;autoplay&quot;:&quot;yes&quot;,&quot;modalOptions&quot;:{&quot;id&quot;:&quot;elementor-lightbox-12219754&quot;,&quot;entranceAnimation&quot;:&quot;&quot;,&quot;entranceAnimation_tablet&quot;:&quot;&quot;,&quot;entranceAnimation_mobile&quot;:&quot;&quot;,&quot;videoAspectRatio&quot;:&quot;169&quot;}}\" data-e-action-hash=\"#elementor-action%3Aaction%3Dlightbox%26settings%3DeyJ0eXBlIjoidmlkZW8iLCJ2aWRlb1R5cGUiOiJ5b3V0dWJlIiwidXJsIjoiaHR0cHM6XC9cL3d3dy55b3V0dWJlLmNvbVwvZW1iZWRcL3F2M1ZldU50X2wwP2ZlYXR1cmU9b2VtYmVkJnN0YXJ0JmVuZCZ3bW9kZT1vcGFxdWUmbG9vcD0wJmNvbnRyb2xzPTEmbXV0ZT0wJnJlbD0wJmNjX2xvYWRfcG9saWN5PTAiLCJhdXRvcGxheSI6InllcyIsIm1vZGFsT3B0aW9ucyI6eyJpZCI6ImVsZW1lbnRvci1saWdodGJveC0xMjIxOTc1NCIsImVudHJhbmNlQW5pbWF0aW9uIjoiIiwiZW50cmFuY2VBbmltYXRpb25fdGFibGV0IjoiIiwiZW50cmFuY2VBbmltYXRpb25fbW9iaWxlIjoiIiwidmlkZW9Bc3BlY3RSYXRpbyI6IjE2OSJ9fQ%3D%3D\">\n\t\t\t\t\t\t\t\t\t\t\t<img loading=\"lazy\" decoding=\"async\" width=\"600\" height=\"338\" src=\"https:\/\/bioefekts.lv\/wp-content\/uploads\/2025\/01\/Zemenes-Thumbnail.jpg\" class=\"attachment-full size-full wp-image-16772 wvs-archive-product-image\" alt=\"st\u0101dam zemenes\" srcset=\"https:\/\/bioefekts.lv\/wp-content\/uploads\/2025\/01\/Zemenes-Thumbnail.jpg 600w, https:\/\/bioefekts.lv\/wp-content\/uploads\/2025\/01\/Zemenes-Thumbnail-430x242.jpg 430w, https:\/\/bioefekts.lv\/wp-content\/uploads\/2025\/01\/Zemenes-Thumbnail-150x85.jpg 150w, https:\/\/bioefekts.lv\/wp-content\/uploads\/2025\/01\/Zemenes-Thumbnail-400x225.jpg 400w\" sizes=\"auto, (max-width: 600px) 100vw, 600px\" \/>\t\t\t\t\t\t\t\t\t\t\t\t\t\t\t\t<div class=\"elementor-custom-embed-play\" role=\"button\" aria-label=\"Play Video\" tabindex=\"0\">\n\t\t\t\t\t\t\t<svg aria-hidden=\"true\" class=\"e-font-icon-svg e-eicon-play\" viewBox=\"0 0 1000 1000\" xmlns=\"http:\/\/www.w3.org\/2000\/svg\"><path d=\"M838 162C746 71 633 25 500 25 371 25 258 71 163 162 71 254 25 367 25 500 25 633 71 746 163 837 254 929 367 979 500 979 633 979 746 933 838 837 929 746 975 633 975 500 975 367 929 254 838 162M808 192C892 279 933 379 933 500 933 621 892 725 808 808 725 892 621 938 500 938 379 938 279 896 196 808 113 725 67 621 67 500 67 379 108 279 196 192 279 108 383 62 500 62 621 62 721 108 808 192M438 392V642L642 517 438 392Z\"><\/path><\/svg>\t\t\t\t\t\t<\/div>\n\t\t\t\t\t\t\t\t\t<\/div>\n\t\t\t\t\t<\/div>\n\t\t\t\t\t\t<\/div>\n\t\t\t\t<\/div>\n\t\t\t\t<\/div>\n\t\t<div class=\"elementor-element elementor-element-3879411c e-con-full e-flex e-con e-child\" data-id=\"3879411c\" data-element_type=\"container\" data-e-type=\"container\">\n\t\t<a class=\"elementor-element elementor-element-131e73bc e-con-full e-flex e-con e-child\" data-id=\"131e73bc\" data-element_type=\"container\" data-e-type=\"container\" data-settings=\"{&quot;background_background&quot;:&quot;classic&quot;}\" href=\"#elementor-action%3Aaction%3Dlightbox%26settings%3DeyJ0eXBlIjoidmlkZW8iLCJ2aWRlb1R5cGUiOiJ5b3V0dWJlIiwidXJsIjoiaHR0cHM6XC9cL3d3dy55b3V0dWJlLmNvbVwvZW1iZWRcL3F2M1ZldU50X2wwP2ZlYXR1cmU9b2VtYmVkIn0%3D\">\n\t\t\t\t<div class=\"elementor-element elementor-element-e6bb972 elementor-widget elementor-widget-heading\" data-id=\"e6bb972\" data-element_type=\"widget\" data-e-type=\"widget\" data-widget_type=\"heading.default\">\n\t\t\t\t<div class=\"elementor-widget-container\">\n\t\t\t\t\t<p class=\"elementor-heading-title elementor-size-default\">Vaizdo pamoka, kaip sodinti Bra\u0161k\u0117ms su \"Bacilonu<\/p>\t\t\t\t<\/div>\n\t\t\t\t<\/div>\n\t\t\t\t<\/a>\n\t\t\t\t<\/div>\n\t\t\t\t<\/div>\n\t\t<div class=\"elementor-element elementor-element-3bfe784a e-con-full e-flex e-con e-child\" data-id=\"3bfe784a\" data-element_type=\"container\" data-e-type=\"container\">\n\t\t<div class=\"elementor-element elementor-element-7ff06fa7 e-con-full e-flex e-con e-child\" data-id=\"7ff06fa7\" data-element_type=\"container\" data-e-type=\"container\">\n\t\t\t\t<\/div>\n\t\t<div class=\"elementor-element elementor-element-10183882 e-con-full e-flex e-con e-child\" data-id=\"10183882\" data-element_type=\"container\" data-e-type=\"container\">\n\t\t\t\t<\/div>\n\t\t\t\t<\/div>\n\t\t<div class=\"elementor-element elementor-element-5a811530 e-con-full e-flex e-con e-child\" data-id=\"5a811530\" data-element_type=\"container\" data-e-type=\"container\">\n\t\t<div class=\"elementor-element elementor-element-61b71cb5 e-con-full e-flex e-con e-child\" data-id=\"61b71cb5\" data-element_type=\"container\" data-e-type=\"container\">\n\t\t\t\t<\/div>\n\t\t<div class=\"elementor-element elementor-element-33ab598a e-con-full e-flex e-con e-child\" data-id=\"33ab598a\" data-element_type=\"container\" data-e-type=\"container\">\n\t\t\t\t<\/div>\n\t\t\t\t<\/div>\n\t\t<div class=\"elementor-element elementor-element-77cc336a e-con-full e-flex e-con e-child\" data-id=\"77cc336a\" data-element_type=\"container\" data-e-type=\"container\">\n\t\t<div class=\"elementor-element elementor-element-3b0e7aae e-con-full e-flex e-con e-child\" data-id=\"3b0e7aae\" data-element_type=\"container\" data-e-type=\"container\">\n\t\t\t\t<\/div>\n\t\t<div class=\"elementor-element elementor-element-4b521272 e-con-full e-flex e-con e-child\" data-id=\"4b521272\" data-element_type=\"container\" data-e-type=\"container\">\n\t\t\t\t<\/div>\n\t\t\t\t<\/div>\n\t\t\t\t<\/div>\n\t\t\t\t\t<\/div>\n\t\t\t\t<\/div>\n\t\t<div class=\"wd-negative-gap elementor-element elementor-element-3299892 e-flex e-con-boxed e-con e-parent\" data-id=\"3299892\" data-element_type=\"container\" data-e-type=\"container\">\n\t\t\t\t\t<div class=\"e-con-inner\">\n\t\t\t\t<div class=\"elementor-element elementor-element-3b052ef3 elementor-widget elementor-widget-wd_text_block\" data-id=\"3b052ef3\" data-element_type=\"widget\" data-e-type=\"widget\" data-widget_type=\"wd_text_block.default\">\n\t\t\t\t<div class=\"elementor-widget-container\">\n\t\t\t\t\t\t\t<div class=\"wd-text-block reset-last-child text-left\">\n\t\t\t\n\t\t\t<h2><strong>Naudokite taip<\/strong><\/h2>\n\t\t\t\t\t<\/div>\n\t\t\t\t\t\t<\/div>\n\t\t\t\t<\/div>\n\t\t\t\t\t<\/div>\n\t\t\t\t<\/div>\n\t\t<div class=\"wd-negative-gap elementor-element elementor-element-58947347 e-grid e-con-boxed e-con e-parent\" data-id=\"58947347\" data-element_type=\"container\" data-e-type=\"container\">\n\t\t\t\t\t<div class=\"e-con-inner\">\n\t\t\t\t<div class=\"elementor-element elementor-element-70f194be elementor-position-top elementor-widget elementor-widget-image-box\" data-id=\"70f194be\" data-element_type=\"widget\" data-e-type=\"widget\" data-widget_type=\"image-box.default\">\n\t\t\t\t<div class=\"elementor-widget-container\">\n\t\t\t\t\t<div class=\"elementor-image-box-wrapper\"><figure class=\"elementor-image-box-img\"><img loading=\"lazy\" decoding=\"async\" width=\"522\" height=\"494\" src=\"https:\/\/bioefekts.lv\/wp-content\/uploads\/2025\/02\/Instruction-Roka-ber.png\" class=\"attachment-full size-full wp-image-17944 wvs-archive-product-image\" alt=\"cilv\u0113ka roka st\u0101da izmantojot bioefekta produktu\" srcset=\"https:\/\/bioefekts.lv\/wp-content\/uploads\/2025\/02\/Instruction-Roka-ber.png 522w, https:\/\/bioefekts.lv\/wp-content\/uploads\/2025\/02\/Instruction-Roka-ber-430x407.png 430w, https:\/\/bioefekts.lv\/wp-content\/uploads\/2025\/02\/Instruction-Roka-ber-150x142.png 150w, https:\/\/bioefekts.lv\/wp-content\/uploads\/2025\/02\/Instruction-Roka-ber-317x300.png 317w\" sizes=\"auto, (max-width: 522px) 100vw, 522px\" \/><\/figure><div class=\"elementor-image-box-content\"><h3 class=\"elementor-image-box-title\">Dirvo\u017eemio gerinimas<\/h3><p class=\"elementor-image-box-description\">preparatas \u012fterpiamas \u012f dirv\u0105 5-10 cm gylyje ir laistoma, kol dirva dr\u0117gna, mikroorganizmai apsigyvens \u0160iltnamiams skirtoje dirvo\u017eemyje ir prad\u0117s daugintis.<\/p><\/div><\/div>\t\t\t\t<\/div>\n\t\t\t\t<\/div>\n\t\t\t\t<div class=\"elementor-element elementor-element-139a9104 elementor-position-top elementor-widget elementor-widget-image-box\" data-id=\"139a9104\" data-element_type=\"widget\" data-e-type=\"widget\" data-widget_type=\"image-box.default\">\n\t\t\t\t<div class=\"elementor-widget-container\">\n\t\t\t\t\t<div class=\"elementor-image-box-wrapper\"><figure class=\"elementor-image-box-img\"><img loading=\"lazy\" decoding=\"async\" width=\"522\" height=\"494\" src=\"https:\/\/bioefekts.lv\/wp-content\/uploads\/2025\/02\/Instruction-Roka-ber.png\" class=\"attachment-full size-full wp-image-17944 wvs-archive-product-image\" alt=\"cilv\u0113ka roka st\u0101da izmantojot bioefekta produktu\" srcset=\"https:\/\/bioefekts.lv\/wp-content\/uploads\/2025\/02\/Instruction-Roka-ber.png 522w, https:\/\/bioefekts.lv\/wp-content\/uploads\/2025\/02\/Instruction-Roka-ber-430x407.png 430w, https:\/\/bioefekts.lv\/wp-content\/uploads\/2025\/02\/Instruction-Roka-ber-150x142.png 150w, https:\/\/bioefekts.lv\/wp-content\/uploads\/2025\/02\/Instruction-Roka-ber-317x300.png 317w\" sizes=\"auto, (max-width: 522px) 100vw, 522px\" \/><\/figure><div class=\"elementor-image-box-content\"><h3 class=\"elementor-image-box-title\">Sodinimo metu<\/h3><p class=\"elementor-image-box-description\">jei dirva anks\u010diau nebuvo gerinta, produktas \u012fterpiamas \u012f s\u0117jos kreipian\u010di\u0105j\u0105 arba sodinimo duob\u0119 ir laikomasi \u012fprastos proced\u016bros. Jei norite, \u010dia galima \u012fterpti ir kit\u0173 mikrobiologini\u0173 tr\u0105\u0161\u0173. <\/p><\/div><\/div>\t\t\t\t<\/div>\n\t\t\t\t<\/div>\n\t\t\t\t<div class=\"elementor-element elementor-element-209e0e79 elementor-position-top elementor-widget elementor-widget-image-box\" data-id=\"209e0e79\" data-element_type=\"widget\" data-e-type=\"widget\" data-widget_type=\"image-box.default\">\n\t\t\t\t<div class=\"elementor-widget-container\">\n\t\t\t\t\t<div class=\"elementor-image-box-wrapper\"><figure class=\"elementor-image-box-img\"><img loading=\"lazy\" decoding=\"async\" width=\"522\" height=\"494\" src=\"https:\/\/bioefekts.lv\/wp-content\/uploads\/2025\/02\/instruction-Lejkanna.png\" class=\"attachment-full size-full wp-image-17909 wvs-archive-product-image\" alt=\"bioefekta produkts apstr\u0101d\u0101 augu\" srcset=\"https:\/\/bioefekts.lv\/wp-content\/uploads\/2025\/02\/instruction-Lejkanna.png 522w, https:\/\/bioefekts.lv\/wp-content\/uploads\/2025\/02\/instruction-Lejkanna-430x407.png 430w, https:\/\/bioefekts.lv\/wp-content\/uploads\/2025\/02\/instruction-Lejkanna-150x142.png 150w, https:\/\/bioefekts.lv\/wp-content\/uploads\/2025\/02\/instruction-Lejkanna-317x300.png 317w\" sizes=\"auto, (max-width: 522px) 100vw, 522px\" \/><\/figure><div class=\"elementor-image-box-content\"><h3 class=\"elementor-image-box-title\">Sezono metu<\/h3><p class=\"elementor-image-box-description\">dirvo\u017eemis aplink augalo \u0161aknis turi b\u016bti dr\u0117gnas, kad mikroorganizmai gal\u0117t\u0173 daugintis ir atlikti savo darb\u0105.<\/p><\/div><\/div>\t\t\t\t<\/div>\n\t\t\t\t<\/div>\n\t\t\t\t<div class=\"elementor-element elementor-element-1c7dd606 elementor-position-top elementor-widget elementor-widget-image-box\" data-id=\"1c7dd606\" data-element_type=\"widget\" data-e-type=\"widget\" data-widget_type=\"image-box.default\">\n\t\t\t\t<div class=\"elementor-widget-container\">\n\t\t\t\t\t<div class=\"elementor-image-box-wrapper\"><figure class=\"elementor-image-box-img\"><img loading=\"lazy\" decoding=\"async\" width=\"522\" height=\"494\" src=\"https:\/\/bioefekts.lv\/wp-content\/uploads\/2025\/01\/Usage-instruction-4.png\" class=\"attachment-full size-full wp-image-16690 wvs-archive-product-image\" alt=\"St\u0101ds aug\" srcset=\"https:\/\/bioefekts.lv\/wp-content\/uploads\/2025\/01\/Usage-instruction-4.png 522w, https:\/\/bioefekts.lv\/wp-content\/uploads\/2025\/01\/Usage-instruction-4-430x407.png 430w, https:\/\/bioefekts.lv\/wp-content\/uploads\/2025\/01\/Usage-instruction-4-150x142.png 150w, https:\/\/bioefekts.lv\/wp-content\/uploads\/2025\/01\/Usage-instruction-4-317x300.png 317w\" sizes=\"auto, (max-width: 522px) 100vw, 522px\" \/><\/figure><div class=\"elementor-image-box-content\"><h3 class=\"elementor-image-box-title\">Rezultatas<\/h3><p class=\"elementor-image-box-description\">augalai yra gyvybingi ir duoda gaus\u0173 derli\u0173, kuriame gausu svarbiausi\u0173 maistini\u0173 med\u017eiag\u0173.<\/p><\/div><\/div>\t\t\t\t<\/div>\n\t\t\t\t<\/div>\n\t\t\t\t\t<\/div>\n\t\t\t\t<\/div>\n\t\t<div class=\"elementor-element elementor-element-282d529 e-flex e-con-boxed e-con e-parent\" data-id=\"282d529\" data-element_type=\"container\" data-e-type=\"container\">\n\t\t\t\t\t<div class=\"e-con-inner\">\n\t\t\t\t\t<\/div>\n\t\t\t\t<\/div>\n\t\t\t\t<\/div>\n\t\t","protected":false},"excerpt":{"rendered":"<ul>\n<li style=\"text-align: left\">Gerina dirvo\u017eemio mikrobiologin\u0119 kokyb\u0119<\/li>\n<li style=\"text-align: left\">Palengvina med\u017eiag\u0173 jud\u0117jim\u0105<\/li>\n<li style=\"text-align: left\">Stiprina augalo imunitet\u0105<\/li>\n<li style=\"text-align: left\">pagerina augalo atsparum\u0105 stresui, kur\u012f sukelia \u0160iltnamiams b\u016bdingos s\u0105lygos.<\/li>\n<\/ul>\n","protected":false},"featured_media":18856,"comment_status":"open","ping_status":"closed","template":"","meta":{"om_disable_all_campaigns":false,"_monsterinsights_skip_tracking":false,"_monsterinsights_sitenote_active":false,"_monsterinsights_sitenote_note":"","_monsterinsights_sitenote_category":0},"product_brand":[],"product_cat":[238],"product_tag":[],"class_list":{"0":"post-20306","1":"product","2":"type-product","3":"status-publish","4":"has-post-thumbnail","6":"product_cat-siltnamiams","8":"first","9":"instock","10":"shipping-taxable","11":"purchasable","12":"product-type-variable","13":"has-default-attributes","14":"wvs-archive-product-wrapper"},"aioseo_notices":[],"_links":{"self":[{"href":"https:\/\/bioefekts.lv\/lt\/wp-json\/wp\/v2\/product\/20306","targetHints":{"allow":["GET"]}}],"collection":[{"href":"https:\/\/bioefekts.lv\/lt\/wp-json\/wp\/v2\/product"}],"about":[{"href":"https:\/\/bioefekts.lv\/lt\/wp-json\/wp\/v2\/types\/product"}],"replies":[{"embeddable":true,"href":"https:\/\/bioefekts.lv\/lt\/wp-json\/wp\/v2\/comments?post=20306"}],"version-history":[{"count":0,"href":"https:\/\/bioefekts.lv\/lt\/wp-json\/wp\/v2\/product\/20306\/revisions"}],"wp:featuredmedia":[{"embeddable":true,"href":"https:\/\/bioefekts.lv\/lt\/wp-json\/wp\/v2\/media\/18856"}],"wp:attachment":[{"href":"https:\/\/bioefekts.lv\/lt\/wp-json\/wp\/v2\/media?parent=20306"}],"wp:term":[{"taxonomy":"product_brand","embeddable":true,"href":"https:\/\/bioefekts.lv\/lt\/wp-json\/wp\/v2\/product_brand?post=20306"},{"taxonomy":"product_cat","embeddable":true,"href":"https:\/\/bioefekts.lv\/lt\/wp-json\/wp\/v2\/product_cat?post=20306"},{"taxonomy":"product_tag","embeddable":true,"href":"https:\/\/bioefekts.lv\/lt\/wp-json\/wp\/v2\/product_tag?post=20306"}],"curies":[{"name":"wp","href":"https:\/\/api.w.org\/{rel}","templated":true}]}}