{"id":19634,"date":"2025-02-23T21:57:36","date_gmt":"2025-02-23T21:57:36","guid":{"rendered":"https:\/\/bioefekts.lv\/refund_returns\/"},"modified":"2025-05-28T15:53:48","modified_gmt":"2025-05-28T12:53:48","slug":"refund_returns","status":"publish","type":"page","link":"https:\/\/bioefekts.lv\/lt\/refund_returns\/","title":{"rendered":"Gr\u0105\u017einimo politika"},"content":{"rendered":"\t\t<div data-elementor-type=\"wp-page\" data-elementor-id=\"19634\" class=\"elementor elementor-19634 elementor-19632\" data-elementor-post-type=\"page\">\n\t\t\t\t<div class=\"wd-negative-gap elementor-element elementor-element-d910e75 e-flex e-con-boxed e-con e-parent\" data-id=\"d910e75\" data-element_type=\"container\" data-e-type=\"container\">\n\t\t\t\t\t<div class=\"e-con-inner\">\n\t\t\t\t<div class=\"elementor-element elementor-element-59d92145 color-scheme-inherit text-left elementor-widget elementor-widget-text-editor\" data-id=\"59d92145\" data-element_type=\"widget\" data-e-type=\"widget\" data-widget_type=\"text-editor.default\">\n\t\t\t\t<div class=\"elementor-widget-container\">\n\t\t\t\t\t\t\t\t\t\n<div class=\"row\">\n<div class=\"col-xs-12\"><header class=\"page-header\">\n<h1 class=\"h1\">Produkto gr\u0105\u017einimo politika<\/h1>\n<\/header><\/div>\n<\/div>\n<div class=\"row\">\n<div class=\"col-xs-12\">\n<article class=\"ui-text\">\n<p>Prekes, \u012fsigytas internetin\u0117je parduotuv\u0117je bioefekts.lv, pagal Vyriausyb\u0117s nutarimo Nr. 255 \u201eNuotolini\u0173 sutar\u010di\u0173 s\u0105lygos\u201c 19 punkt\u0105 <a>vartotojas gali gr\u0105\u017einti per 14 dien\u0173 nuo preki\u0173 gavimo dienos  <sup>.<\/sup><\/a> Pagal Latvijos Respublikos vartotoj\u0173 apsaugos \u012fstatymo 12 straipsnio vienuolikt\u0105 dal\u012f \u201evartotojas atsako u\u017e prek\u0117s vert\u0117s suma\u017e\u0117jim\u0105, jeigu prek\u0117 buvo naudojama kitais tikslais, o ne prek\u0117s prigim\u010diai, savyb\u0117ms ir veikimui i\u0161siai\u0161kinti [&#8230;]\u201c. Bendrov\u0117 pra\u0161o Klient\u0173 atsi\u017evelgti \u012f tai, kad pasinaudojimo teise atsisakyti sutarties laikotarpiu vartotojas turi teis\u0119 naudotis gaminiu tiek, kiek tai b\u016btina gaminiui ap\u017ei\u016br\u0117ti (tiek, kiek gal\u0117t\u0173 b\u016bti prie\u0161 \u012fsigyjant gamin\u012f \u012fprastoje parduotuv\u0117je). Naudojimosi teise atsisakyti sutarties laikotarpiu vartotojas atsako u\u017e prek\u0117s naudojim\u0105 ne pagal paskirt\u012f, kuriai prek\u0117 buvo patikrinta, ir nesuderinam\u0105 su s\u0105\u017einingumo principu, taip pat u\u017e prek\u0117s vert\u0117s, kokyb\u0117s ir saugumo suma\u017e\u0117jim\u0105.   <\/p>\n<p>Tod\u0117l Bendrov\u0117 pasilieka teis\u0119 pareik\u0161ti vartotojui civilin\u012f ie\u0161kin\u012f teisme, siekdama i\u0161ie\u0161koti nuostolius, susijusius su gaminio vert\u0117s, kokyb\u0117s ir saugumo suma\u017e\u0117jimu, \u012fskaitant atvejus, kai gaminys gr\u0105\u017einamas ne originalioje pakuot\u0117je ir yra matom\u0173 aplaidaus naudojimo po\u017eymi\u0173 (pavyzd\u017eiui, pa\u017eeista polietileno ar plastiko pakuot\u0117, kurioje yra prek\u0117). Bendrov\u0117 taip pat pra\u0161o vartotojo pasilikti gaminio kartonin\u0119 d\u0117\u017eut\u0119 ir gr\u0105\u017einti j\u0105 kartu su gaminiu, nes ant pakuot\u0117s nurodytas gaminio serijos numeris. <\/p>\n<p>Visi atvejai, kai atsisakymo teise negalima pasinaudoti, aptarti <a href=\"https:\/\/likumi.lv\/ta\/id\/266462#p22\">Vyriausyb\u0117s reglamente Nr. 255<\/a>.<\/p>\n<p>Nor\u0117dami pasinaudoti teise atsisakyti sutarties, kreipkit\u0117s \u012f ribotos atsakomyb\u0117s bendrov\u0119 \u201eBIOEFEKTS\u201c, unikalus registracijos numeris 40103110309, juridinis adresas: L\u012bvzemes iela 30, Salaspilis, Salaspilio apskritis, LV-2169, tel: +371 27774433, el. pa\u0161tas: <a>info@bioefekts.lv<\/a><\/p>\n<p>Nor\u0117dami susigr\u0105\u017einti pinigus, ra\u0161tu u\u017epildykite atsisakymo form\u0105 ir \u012fteikite j\u0105 Bendrovei asmeni\u0161kai, atsi\u0173skite pa\u0161tu arba pasira\u0161ykite saugiu elektroniniu para\u0161u su laiko \u017eyma ir i\u0161si\u0173skite el. pa\u0161tu.<\/p>\n<p>Atsisi\u0173skite <a href=\"https:\/\/bioefekts.lv\/wp-content\/uploads\/2021\/05\/Withdrawl-Form-Atteikuma-veidlapa.docx\">atsisakymo form\u0105<\/a>.<\/p>\n<p><a href=\"https:\/\/bioefekts.lv\/en\/return-of-damaged-goods\/\">Defekt\u0173 turin\u010di\u0173 preki\u0173 gr\u0105\u017einimo forma,<\/a> kai gaunamos sugadintos prek\u0117s.<\/p>\n<p>Pasinaudojus teise atsisakyti sutarties, u\u017e produkt\u0105 sumok\u0117ta suma gr\u0105\u017einama \u012f nurodyt\u0105 atsiskaitom\u0105j\u0105 s\u0105skait\u0105 ne v\u0117liau kaip per 14 dien\u0173 nuo prane\u0161imo \u201eApie pasinaudojim\u0105 teise atsisakyti sutarties\u201c gavimo dienos. Pardav\u0117jas turi teis\u0119 sulaikyti vartotojo u\u017e prek\u0119 sumok\u0117t\u0105 pinig\u0173 sum\u0105 tol, kol ji bus gr\u0105\u017einta arba bus pateikti jos i\u0161siuntim\u0105 Pardav\u0117jui patvirtinantys dokumentai, priklausomai nuo to, kuris veiksmas atliktas anks\u010diau. <\/p>\n<p>Gr\u0105\u017einamos prek\u0117s turi b\u016bti pristatytos \u012f Bendrov\u0117s registruot\u0105 buvein\u0119 nedelsiant ir ne v\u0117liau kaip per 14 dien\u0173 nuo prane\u0161imo apie sprendim\u0105 atsisakyti nuotolin\u0117s sutarties. Jei prek\u0117 gr\u0105\u017einama siun\u010diant j\u0105 \u012f registruot\u0105j\u0105 buvein\u0119, su prek\u0117s gr\u0105\u017einimu susijusias i\u0161laidas apmoka vartotojas. <\/p>\n<p>Vartotojas yra atsakingas u\u017e produkto kokyb\u0117s ir saugos palaikym\u0105 atsisakymo nuo sutarties laikotarpiu (\u012fskaitant visi\u0161k\u0105 ir nepriekai\u0161ting\u0105 pakuot\u0117s i\u0161saugojim\u0105).<\/p>\n<p>Gr\u0105\u017einama prek\u0117 turi b\u016bti viso komplekto (su visais pakuot\u0117je buvusiais priedais) Jei prek\u0117 buvo \u012fsigyta akcijos metu kartu su kita papildoma preke, turi b\u016bti gr\u0105\u017einamas visas komplektas (visos prek\u0117s).<\/p>\n<p><sup id=\"piez\u012bme1\">1vartotojas<\/sup>&#8211; asmuo, kuris i\u0161rei\u0161kia nor\u0105 \u012fsigyti, \u012fsigyja arba gal\u0117t\u0173 \u012fsigyti ar naudoti produkt\u0105 tikslu, nesusijusiu su jo \u016bkine ar profesine veikla.<\/p>\n<\/article>\n<\/div>\n<\/div>\n\t\t\t\t\t\t\t\t<\/div>\n\t\t\t\t<\/div>\n\t\t\t\t\t<\/div>\n\t\t\t\t<\/div>\n\t\t\t\t<\/div>\n\t\t","protected":false},"excerpt":{"rendered":"<p>Produkto gr\u0105\u017einimo politika Prekes, \u012fsigytas internetin\u0117je parduotuv\u0117je bioefekts.lv, pagal Vyriausyb\u0117s nutarimo Nr. 255 \u201eNuotolini\u0173 sutar\u010di\u0173 s\u0105lygos\u201c 19 punkt\u0105 vartotojas gali<\/p>\n","protected":false},"author":1,"featured_media":0,"parent":0,"menu_order":0,"comment_status":"closed","ping_status":"closed","template":"","meta":{"om_disable_all_campaigns":false,"_monsterinsights_skip_tracking":false,"_monsterinsights_sitenote_active":false,"_monsterinsights_sitenote_note":"","_monsterinsights_sitenote_category":0,"footnotes":""},"class_list":["post-19634","page","type-page","status-publish","hentry"],"aioseo_notices":[],"_links":{"self":[{"href":"https:\/\/bioefekts.lv\/lt\/wp-json\/wp\/v2\/pages\/19634","targetHints":{"allow":["GET"]}}],"collection":[{"href":"https:\/\/bioefekts.lv\/lt\/wp-json\/wp\/v2\/pages"}],"about":[{"href":"https:\/\/bioefekts.lv\/lt\/wp-json\/wp\/v2\/types\/page"}],"author":[{"embeddable":true,"href":"https:\/\/bioefekts.lv\/lt\/wp-json\/wp\/v2\/users\/1"}],"replies":[{"embeddable":true,"href":"https:\/\/bioefekts.lv\/lt\/wp-json\/wp\/v2\/comments?post=19634"}],"version-history":[{"count":0,"href":"https:\/\/bioefekts.lv\/lt\/wp-json\/wp\/v2\/pages\/19634\/revisions"}],"wp:attachment":[{"href":"https:\/\/bioefekts.lv\/lt\/wp-json\/wp\/v2\/media?parent=19634"}],"curies":[{"name":"wp","href":"https:\/\/api.w.org\/{rel}","templated":true}]}}