{"id":20909,"date":"2024-07-25T14:42:36","date_gmt":"2024-07-25T14:42:36","guid":{"rendered":"https:\/\/bioefekts.lv\/product\/koogiviljadele-mulda-lisamiseks\/"},"modified":"2025-02-26T22:34:25","modified_gmt":"2025-02-26T22:34:25","slug":"koogiviljadele-mulda-lisamiseks","status":"publish","type":"product","link":"https:\/\/bioefekts.lv\/et\/toode\/koogiviljadele-mulda-lisamiseks\/","title":{"rendered":"K\u00f6\u00f6giviljadele &#8211; mulda lisamiseks"},"content":{"rendered":"\t\t<div data-elementor-type=\"product-post\" data-elementor-id=\"20909\" class=\"elementor elementor-20909 elementor-16118\" data-elementor-post-type=\"product\">\n\t\t\t\t<div class=\"wd-negative-gap elementor-element elementor-element-4e443e06 e-flex e-con-boxed e-con e-parent\" data-id=\"4e443e06\" data-element_type=\"container\" data-e-type=\"container\">\n\t\t\t\t\t<div class=\"e-con-inner\">\n\t\t\t\t<div class=\"elementor-element elementor-element-3ce67aa3 color-scheme-inherit text-left elementor-widget elementor-widget-text-editor\" data-id=\"3ce67aa3\" data-element_type=\"widget\" data-e-type=\"widget\" data-widget_type=\"text-editor.default\">\n\t\t\t\t<div class=\"elementor-widget-container\">\n\t\t\t\t\t\t\t\t\t<section class=\"section\">\n<div class=\"container\">\n<div class=\"row\">\n<div class=\"col-xs-12 col-md-10\">\n<div class=\"ui-text fits\" data-section-title=\"Apraksts\"><section id=\"ingredients\" class=\"section\">\n<div class=\"container\">\n<div class=\"row\">\n<div class=\"col-xs-12 col-md-10\">\n<h2 class=\"h2\"><\/h2>\n<\/div>\n<\/div>\n<\/div>\n<\/section><\/div>\n<\/div>\n<\/div>\n<\/div>\n<\/section><section id=\"ingredients\" class=\"section\">\n<div class=\"container\">\n<div class=\"row\">\n<div class=\"col-xs-12 col-md-10\"><\/div>\n<\/div>\n<\/div>\n<\/section>\t\t\t\t\t\t\t\t<\/div>\n\t\t\t\t<\/div>\n\t\t\t\t\t<\/div>\n\t\t\t\t<\/div>\n\t\t<div class=\"elementor-element elementor-element-7d8d5393 e-flex e-con-boxed e-con e-parent\" data-id=\"7d8d5393\" data-element_type=\"container\" data-e-type=\"container\">\n\t\t\t\t\t<div class=\"e-con-inner\">\n\t\t<div class=\"elementor-element elementor-element-27cace6f e-con-full e-flex e-con e-child\" data-id=\"27cace6f\" data-element_type=\"container\" data-e-type=\"container\">\n\t\t\t\t<div class=\"elementor-element elementor-element-7e25effa color-scheme-inherit text-left elementor-widget elementor-widget-text-editor\" data-id=\"7e25effa\" data-element_type=\"widget\" data-e-type=\"widget\" data-widget_type=\"text-editor.default\">\n\t\t\t\t<div class=\"elementor-widget-container\">\n\t\t\t\t\t\t\t\t\t<p>Mikroobiv\u00e4etis <strong>K\u00f6\u00f6giviljadele sisaldab<\/strong> keskkonnas p\u00fcsivaid mulla mikroorganisme &#8211; baktereid ja mikroskoopilisi seeni -, mis parandavad mulla kvaliteeti nii kaetud aladel kui ka avamaal. See sisaldab vabalt elavaid, \u00f5hukindlaid baktereid, mis fikseerivad l\u00e4mmastikku mullas ja muudavad selle taimedele kasutatavateks \u00fchenditeks. See v\u00e4hendab l\u00e4mmastikv\u00e4etiste levikut ja s\u00e4\u00e4stab ressursse. V\u00e4etis K\u00f6\u00f6giviljadele soodustab aktiivselt rohelise massi ja tugevate juurte teket ning tugevdab taimede vastupanuv\u00f5imet ebasoodsatele keskkonnatingimustele. See parandab mulla viljakust ja mikrobioloogilist aktiivsust.    <\/p><p><strong>T\u00c4HELEPANU<\/strong><\/p><ul><li><p>V\u00e4etis on lubatud kasutada mahep\u00f5llumajanduses vastavalt Euroopa Komisjoni m\u00e4\u00e4rusele 2021\/1165.<\/p><\/li><li>Seda ei tohi segada fungitsiididega.<\/li><li>Piisav mulla niiskus ja soojus (+15\u00b0 kuni +25\u00b0 C) suurendavad t\u00f5husust.<\/li><li>Kasutamine \u00fcle etten\u00e4htud Annust ei kahjusta taimi, inimesi, loomi ega keskkonda.<\/li><li>K\u00f5iki mikroobiv\u00e4etisi saab omavahel kombineerida.<\/li><li>Ravimise ja saagikoristuse vahel ei ole ooteaega.<\/li><\/ul><p><strong>S\u00c4ILITAMINE<\/strong><br>Preparaati tuleb s\u00e4ilitada temperatuuril +3\u00b0 kuni +27\u00b0C. Avamata pakendi k\u00f5lblikkusaeg &#8211; 2 aastat alates tootmiskuup\u00e4evast, vt etikett. <\/p>\t\t\t\t\t\t\t\t<\/div>\n\t\t\t\t<\/div>\n\t\t\t\t<\/div>\n\t\t<div class=\"elementor-element elementor-element-820243e e-con-full e-flex e-con e-child\" data-id=\"820243e\" data-element_type=\"container\" data-e-type=\"container\" data-settings=\"{&quot;background_background&quot;:&quot;classic&quot;}\">\n\t\t\t\t<div class=\"elementor-element elementor-element-5d12f61 elementor-widget elementor-widget-heading\" data-id=\"5d12f61\" data-element_type=\"widget\" data-e-type=\"widget\" data-widget_type=\"heading.default\">\n\t\t\t\t<div class=\"elementor-widget-container\">\n\t\t\t\t\t<h3 class=\"elementor-heading-title elementor-size-default\">Annust<\/h3>\t\t\t\t<\/div>\n\t\t\t\t<\/div>\n\t\t\t\t<div class=\"elementor-element elementor-element-2d5e843a elementor-widget elementor-widget-wd_text_block\" data-id=\"2d5e843a\" data-element_type=\"widget\" data-e-type=\"widget\" data-widget_type=\"wd_text_block.default\">\n\t\t\t\t<div class=\"elementor-widget-container\">\n\t\t\t\t\t\t\t<div class=\"wd-text-block reset-last-child text-left\">\n\t\t\t\n\t\t\t<p>1kg\/100m\u00b2<br>2kg\/200m\u00b2<\/p><p>Ammendatud muldadel suurendatakse Annust 2-3 korda.<br>M\u00e4\u00e4ratud annust suurem kasutamine ei kahjusta taimi, inimesi, loomi ega keskkonda ega p\u00f5hjusta resistentsuse teket.<\/p><p><strong>S\u00e4ilivusaeg<\/strong>: avamata - 2 aastat.<\/p>\n\t\t\t\t\t<\/div>\n\t\t\t\t\t\t<\/div>\n\t\t\t\t<\/div>\n\t\t\t\t<\/div>\n\t\t\t\t\t<\/div>\n\t\t\t\t<\/div>\n\t\t<div class=\"wd-negative-gap elementor-element elementor-element-1e78b818 e-flex e-con-boxed e-con e-parent\" data-id=\"1e78b818\" data-element_type=\"container\" data-e-type=\"container\">\n\t\t\t\t\t<div class=\"e-con-inner\">\n\t\t\t\t<div class=\"elementor-element elementor-element-5bed3a8a elementor-widget elementor-widget-heading\" data-id=\"5bed3a8a\" data-element_type=\"widget\" data-e-type=\"widget\" data-widget_type=\"heading.default\">\n\t\t\t\t<div class=\"elementor-widget-container\">\n\t\t\t\t\t<h3 class=\"elementor-heading-title elementor-size-default\">Kasutage<\/h3>\t\t\t\t<\/div>\n\t\t\t\t<\/div>\n\t\t\t\t\t<\/div>\n\t\t\t\t<\/div>\n\t\t<div class=\"wd-negative-gap elementor-element elementor-element-5dc1fbb6 e-flex e-con-boxed e-con e-parent\" data-id=\"5dc1fbb6\" data-element_type=\"container\" data-e-type=\"container\">\n\t\t\t\t\t<div class=\"e-con-inner\">\n\t\t<div class=\"elementor-element elementor-element-543c4026 e-con-full e-flex e-con e-child\" data-id=\"543c4026\" data-element_type=\"container\" data-e-type=\"container\">\n\t\t\t\t<div class=\"elementor-element elementor-element-5d4116c1 color-scheme-inherit text-left elementor-widget elementor-widget-text-editor\" data-id=\"5d4116c1\" data-element_type=\"widget\" data-e-type=\"widget\" data-widget_type=\"text-editor.default\">\n\t\t\t\t<div class=\"elementor-widget-container\">\n\t\t\t\t\t\t\t\t\t<ul><li><strong>Mullaparandus<\/strong> &#8211; tungib 10-15 cm s\u00fcgavusele pinnasesse, hoiab pinnase niiskena.<\/li><li><strong>Istutamine<\/strong> &#8211; istutusauku juurte l\u00e4hedale v\u00f5i otsekontaktis juurtega.<\/li><li><strong>K\u00fclvamine<\/strong> &#8211; h\u00f5\u00f5ruge k\u00fclvikorra sisse, k\u00fclvake seemned otse preparaadile.<br>Eelmiste aastate istutuste puhul &#8211; h\u00f5\u00f5ruge \u00fcmber taime (juurte l\u00e4hedale) ja hoidke niiskena.<\/li><li>Soovitatav on taimede juurte l\u00e4heduses mitu korda hooaja jooksul uuesti kanda ja hoida muld niiske.<br>Toode on s\u00f5bralik inimestele, loomadele, mesilastele ja teistele tolmeldajatele.<\/li><\/ul>\t\t\t\t\t\t\t\t<\/div>\n\t\t\t\t<\/div>\n\t\t\t\t<\/div>\n\t\t<div class=\"elementor-element elementor-element-fea153f e-con-full e-flex e-con e-child\" data-id=\"fea153f\" data-element_type=\"container\" data-e-type=\"container\">\n\t\t<div class=\"elementor-element elementor-element-6aac2dfe e-con-full e-flex e-con e-child\" data-id=\"6aac2dfe\" data-element_type=\"container\" data-e-type=\"container\">\n\t\t<div class=\"elementor-element elementor-element-149530fb e-con-full e-flex e-con e-child\" data-id=\"149530fb\" data-element_type=\"container\" data-e-type=\"container\">\n\t\t\t\t<div class=\"elementor-element elementor-element-3d0f9548 elementor-widget elementor-widget-video\" data-id=\"3d0f9548\" data-element_type=\"widget\" data-e-type=\"widget\" data-settings=\"{&quot;youtube_url&quot;:&quot;https:\\\/\\\/www.youtube.com\\\/watch?v=qv3VeuNt_l0&quot;,&quot;autoplay&quot;:&quot;yes&quot;,&quot;show_image_overlay&quot;:&quot;yes&quot;,&quot;image_overlay&quot;:{&quot;url&quot;:&quot;https:\\\/\\\/bioefekts.lv\\\/wp-content\\\/uploads\\\/2025\\\/01\\\/Zemenes-Thumbnail.jpg&quot;,&quot;id&quot;:&quot;16772&quot;,&quot;size&quot;:&quot;&quot;,&quot;alt&quot;:&quot;&quot;,&quot;source&quot;:&quot;library&quot;},&quot;lightbox&quot;:&quot;yes&quot;,&quot;video_type&quot;:&quot;youtube&quot;,&quot;controls&quot;:&quot;yes&quot;}\" data-widget_type=\"video.default\">\n\t\t\t\t<div class=\"elementor-widget-container\">\n\t\t\t\t\t\t\t<div class=\"elementor-wrapper elementor-open-lightbox\">\n\t\t\t\t\t\t\t<div class=\"elementor-custom-embed-image-overlay\" data-elementor-open-lightbox=\"yes\" data-elementor-lightbox=\"{&quot;type&quot;:&quot;video&quot;,&quot;videoType&quot;:&quot;youtube&quot;,&quot;url&quot;:&quot;https:\\\/\\\/www.youtube.com\\\/embed\\\/qv3VeuNt_l0?feature=oembed&amp;start&amp;end&amp;wmode=opaque&amp;loop=0&amp;controls=1&amp;mute=0&amp;rel=0&amp;cc_load_policy=0&quot;,&quot;autoplay&quot;:&quot;yes&quot;,&quot;modalOptions&quot;:{&quot;id&quot;:&quot;elementor-lightbox-3d0f9548&quot;,&quot;entranceAnimation&quot;:&quot;&quot;,&quot;entranceAnimation_tablet&quot;:&quot;&quot;,&quot;entranceAnimation_mobile&quot;:&quot;&quot;,&quot;videoAspectRatio&quot;:&quot;169&quot;}}\" data-e-action-hash=\"#elementor-action%3Aaction%3Dlightbox%26settings%3DeyJ0eXBlIjoidmlkZW8iLCJ2aWRlb1R5cGUiOiJ5b3V0dWJlIiwidXJsIjoiaHR0cHM6XC9cL3d3dy55b3V0dWJlLmNvbVwvZW1iZWRcL3F2M1ZldU50X2wwP2ZlYXR1cmU9b2VtYmVkJnN0YXJ0JmVuZCZ3bW9kZT1vcGFxdWUmbG9vcD0wJmNvbnRyb2xzPTEmbXV0ZT0wJnJlbD0wJmNjX2xvYWRfcG9saWN5PTAiLCJhdXRvcGxheSI6InllcyIsIm1vZGFsT3B0aW9ucyI6eyJpZCI6ImVsZW1lbnRvci1saWdodGJveC0zZDBmOTU0OCIsImVudHJhbmNlQW5pbWF0aW9uIjoiIiwiZW50cmFuY2VBbmltYXRpb25fdGFibGV0IjoiIiwiZW50cmFuY2VBbmltYXRpb25fbW9iaWxlIjoiIiwidmlkZW9Bc3BlY3RSYXRpbyI6IjE2OSJ9fQ%3D%3D\">\n\t\t\t\t\t\t\t\t\t\t\t<img loading=\"lazy\" decoding=\"async\" width=\"600\" height=\"338\" src=\"https:\/\/bioefekts.lv\/wp-content\/uploads\/2025\/01\/Zemenes-Thumbnail.jpg\" class=\"attachment-full size-full wp-image-16772 wvs-archive-product-image\" alt=\"st\u0101dam zemenes\" srcset=\"https:\/\/bioefekts.lv\/wp-content\/uploads\/2025\/01\/Zemenes-Thumbnail.jpg 600w, https:\/\/bioefekts.lv\/wp-content\/uploads\/2025\/01\/Zemenes-Thumbnail-430x242.jpg 430w, https:\/\/bioefekts.lv\/wp-content\/uploads\/2025\/01\/Zemenes-Thumbnail-150x85.jpg 150w, https:\/\/bioefekts.lv\/wp-content\/uploads\/2025\/01\/Zemenes-Thumbnail-400x225.jpg 400w\" sizes=\"auto, (max-width: 600px) 100vw, 600px\" \/>\t\t\t\t\t\t\t\t\t\t\t\t\t\t\t\t<div class=\"elementor-custom-embed-play\" role=\"button\" aria-label=\"Play Video\" tabindex=\"0\">\n\t\t\t\t\t\t\t<svg aria-hidden=\"true\" class=\"e-font-icon-svg e-eicon-play\" viewBox=\"0 0 1000 1000\" xmlns=\"http:\/\/www.w3.org\/2000\/svg\"><path d=\"M838 162C746 71 633 25 500 25 371 25 258 71 163 162 71 254 25 367 25 500 25 633 71 746 163 837 254 929 367 979 500 979 633 979 746 933 838 837 929 746 975 633 975 500 975 367 929 254 838 162M808 192C892 279 933 379 933 500 933 621 892 725 808 808 725 892 621 938 500 938 379 938 279 896 196 808 113 725 67 621 67 500 67 379 108 279 196 192 279 108 383 62 500 62 621 62 721 108 808 192M438 392V642L642 517 438 392Z\"><\/path><\/svg>\t\t\t\t\t\t<\/div>\n\t\t\t\t\t\t\t\t\t<\/div>\n\t\t\t\t\t<\/div>\n\t\t\t\t\t\t<\/div>\n\t\t\t\t<\/div>\n\t\t\t\t<\/div>\n\t\t<div class=\"elementor-element elementor-element-54db6cc6 e-con-full e-flex e-con e-child\" data-id=\"54db6cc6\" data-element_type=\"container\" data-e-type=\"container\">\n\t\t<a class=\"elementor-element elementor-element-4e1a5bb e-con-full e-flex e-con e-child\" data-id=\"4e1a5bb\" data-element_type=\"container\" data-e-type=\"container\" data-settings=\"{&quot;background_background&quot;:&quot;classic&quot;}\" href=\"#elementor-action%3Aaction%3Dlightbox%26settings%3DeyJ0eXBlIjoidmlkZW8iLCJ2aWRlb1R5cGUiOiJ5b3V0dWJlIiwidXJsIjoiaHR0cHM6XC9cL3d3dy55b3V0dWJlLmNvbVwvZW1iZWRcL3F2M1ZldU50X2wwP2ZlYXR1cmU9b2VtYmVkIn0%3D\">\n\t\t\t\t<div class=\"elementor-element elementor-element-178c2766 elementor-widget elementor-widget-heading\" data-id=\"178c2766\" data-element_type=\"widget\" data-e-type=\"widget\" data-widget_type=\"heading.default\">\n\t\t\t\t<div class=\"elementor-widget-container\">\n\t\t\t\t\t<p class=\"elementor-heading-title elementor-size-default\">Video \u00f5petus, kuidas istutada Maasikatele Bacilons<\/p>\t\t\t\t<\/div>\n\t\t\t\t<\/div>\n\t\t\t\t<\/a>\n\t\t\t\t<\/div>\n\t\t\t\t<\/div>\n\t\t<div class=\"elementor-element elementor-element-7682c769 e-con-full e-flex e-con e-child\" data-id=\"7682c769\" data-element_type=\"container\" data-e-type=\"container\">\n\t\t<div class=\"elementor-element elementor-element-7d0766f9 e-con-full e-flex e-con e-child\" data-id=\"7d0766f9\" data-element_type=\"container\" data-e-type=\"container\">\n\t\t\t\t<\/div>\n\t\t<div class=\"elementor-element elementor-element-33dc5dd0 e-con-full e-flex e-con e-child\" data-id=\"33dc5dd0\" data-element_type=\"container\" data-e-type=\"container\">\n\t\t\t\t<\/div>\n\t\t\t\t<\/div>\n\t\t<div class=\"elementor-element elementor-element-305cd744 e-con-full e-flex e-con e-child\" data-id=\"305cd744\" data-element_type=\"container\" data-e-type=\"container\">\n\t\t<div class=\"elementor-element elementor-element-25439700 e-con-full e-flex e-con e-child\" data-id=\"25439700\" data-element_type=\"container\" data-e-type=\"container\">\n\t\t\t\t<\/div>\n\t\t<div class=\"elementor-element elementor-element-48c6518b e-con-full e-flex e-con e-child\" data-id=\"48c6518b\" data-element_type=\"container\" data-e-type=\"container\">\n\t\t\t\t<\/div>\n\t\t\t\t<\/div>\n\t\t<div class=\"elementor-element elementor-element-7a840a29 e-con-full e-flex e-con e-child\" data-id=\"7a840a29\" data-element_type=\"container\" data-e-type=\"container\">\n\t\t<div class=\"elementor-element elementor-element-44ee8f38 e-con-full e-flex e-con e-child\" data-id=\"44ee8f38\" data-element_type=\"container\" data-e-type=\"container\">\n\t\t\t\t<\/div>\n\t\t<div class=\"elementor-element elementor-element-64f23f05 e-con-full e-flex e-con e-child\" data-id=\"64f23f05\" data-element_type=\"container\" data-e-type=\"container\">\n\t\t\t\t<\/div>\n\t\t\t\t<\/div>\n\t\t\t\t<\/div>\n\t\t\t\t\t<\/div>\n\t\t\t\t<\/div>\n\t\t<div class=\"wd-negative-gap elementor-element elementor-element-508ae0ba e-flex e-con-boxed e-con e-parent\" data-id=\"508ae0ba\" data-element_type=\"container\" data-e-type=\"container\">\n\t\t\t\t\t<div class=\"e-con-inner\">\n\t\t\t\t<div class=\"elementor-element elementor-element-1c00e665 elementor-widget elementor-widget-wd_text_block\" data-id=\"1c00e665\" data-element_type=\"widget\" data-e-type=\"widget\" data-widget_type=\"wd_text_block.default\">\n\t\t\t\t<div class=\"elementor-widget-container\">\n\t\t\t\t\t\t\t<div class=\"wd-text-block reset-last-child text-left\">\n\t\t\t\n\t\t\t<h2><strong>Kasutage j\u00e4rgmiselt<\/strong><\/h2>\n\t\t\t\t\t<\/div>\n\t\t\t\t\t\t<\/div>\n\t\t\t\t<\/div>\n\t\t\t\t\t<\/div>\n\t\t\t\t<\/div>\n\t\t<div class=\"wd-negative-gap elementor-element elementor-element-30c530d0 e-grid e-con-boxed e-con e-parent\" data-id=\"30c530d0\" data-element_type=\"container\" data-e-type=\"container\">\n\t\t\t\t\t<div class=\"e-con-inner\">\n\t\t\t\t<div class=\"elementor-element elementor-element-5ac3461e elementor-position-top elementor-widget elementor-widget-image-box\" data-id=\"5ac3461e\" data-element_type=\"widget\" data-e-type=\"widget\" data-widget_type=\"image-box.default\">\n\t\t\t\t<div class=\"elementor-widget-container\">\n\t\t\t\t\t<div class=\"elementor-image-box-wrapper\"><figure class=\"elementor-image-box-img\"><img loading=\"lazy\" decoding=\"async\" width=\"522\" height=\"494\" src=\"https:\/\/bioefekts.lv\/wp-content\/uploads\/2025\/02\/Instruction-Roka-ber.png\" class=\"attachment-full size-full wp-image-17944 wvs-archive-product-image\" alt=\"cilv\u0113ka roka st\u0101da izmantojot bioefekta produktu\" srcset=\"https:\/\/bioefekts.lv\/wp-content\/uploads\/2025\/02\/Instruction-Roka-ber.png 522w, https:\/\/bioefekts.lv\/wp-content\/uploads\/2025\/02\/Instruction-Roka-ber-430x407.png 430w, https:\/\/bioefekts.lv\/wp-content\/uploads\/2025\/02\/Instruction-Roka-ber-150x142.png 150w, https:\/\/bioefekts.lv\/wp-content\/uploads\/2025\/02\/Instruction-Roka-ber-317x300.png 317w\" sizes=\"auto, (max-width: 522px) 100vw, 522px\" \/><\/figure><div class=\"elementor-image-box-content\"><h3 class=\"elementor-image-box-title\">K\u00fclvamine<\/h3><p class=\"elementor-image-box-description\">Kandke 5-10 cm s\u00fcgavusele mulda enne k\u00fclvi v\u00f5i k\u00fclvieelselt ja k\u00fclvake seemned otse preparaadile.<\/p><\/div><\/div>\t\t\t\t<\/div>\n\t\t\t\t<\/div>\n\t\t\t\t<div class=\"elementor-element elementor-element-7f0be578 elementor-position-top elementor-widget elementor-widget-image-box\" data-id=\"7f0be578\" data-element_type=\"widget\" data-e-type=\"widget\" data-widget_type=\"image-box.default\">\n\t\t\t\t<div class=\"elementor-widget-container\">\n\t\t\t\t\t<div class=\"elementor-image-box-wrapper\"><figure class=\"elementor-image-box-img\"><img loading=\"lazy\" decoding=\"async\" width=\"522\" height=\"494\" src=\"https:\/\/bioefekts.lv\/wp-content\/uploads\/2025\/02\/instruction-Beram.png\" class=\"attachment-full size-full wp-image-17908 wvs-archive-product-image\" alt=\"bioefekta produkts pal\u012bdz auga aug\u0161an\u0101\" srcset=\"https:\/\/bioefekts.lv\/wp-content\/uploads\/2025\/02\/instruction-Beram.png 522w, https:\/\/bioefekts.lv\/wp-content\/uploads\/2025\/02\/instruction-Beram-430x407.png 430w, https:\/\/bioefekts.lv\/wp-content\/uploads\/2025\/02\/instruction-Beram-150x142.png 150w, https:\/\/bioefekts.lv\/wp-content\/uploads\/2025\/02\/instruction-Beram-317x300.png 317w\" sizes=\"auto, (max-width: 522px) 100vw, 522px\" \/><\/figure><div class=\"elementor-image-box-content\"><h3 class=\"elementor-image-box-title\">Kasvuperioodi jooksul<\/h3><p class=\"elementor-image-box-description\">korduvalt 2-3 korda hooaja jooksul.<\/p><\/div><\/div>\t\t\t\t<\/div>\n\t\t\t\t<\/div>\n\t\t\t\t<div class=\"elementor-element elementor-element-7bcda036 elementor-position-top elementor-widget elementor-widget-image-box\" data-id=\"7bcda036\" data-element_type=\"widget\" data-e-type=\"widget\" data-widget_type=\"image-box.default\">\n\t\t\t\t<div class=\"elementor-widget-container\">\n\t\t\t\t\t<div class=\"elementor-image-box-wrapper\"><figure class=\"elementor-image-box-img\"><img loading=\"lazy\" decoding=\"async\" width=\"522\" height=\"494\" src=\"https:\/\/bioefekts.lv\/wp-content\/uploads\/2025\/02\/instruction-Lejkanna.png\" class=\"attachment-full size-full wp-image-17909 wvs-archive-product-image\" alt=\"bioefekta produkts apstr\u0101d\u0101 augu\" srcset=\"https:\/\/bioefekts.lv\/wp-content\/uploads\/2025\/02\/instruction-Lejkanna.png 522w, https:\/\/bioefekts.lv\/wp-content\/uploads\/2025\/02\/instruction-Lejkanna-430x407.png 430w, https:\/\/bioefekts.lv\/wp-content\/uploads\/2025\/02\/instruction-Lejkanna-150x142.png 150w, https:\/\/bioefekts.lv\/wp-content\/uploads\/2025\/02\/instruction-Lejkanna-317x300.png 317w\" sizes=\"auto, (max-width: 522px) 100vw, 522px\" \/><\/figure><div class=\"elementor-image-box-content\"><h3 class=\"elementor-image-box-title\">Kogu hooaeg<\/h3><p class=\"elementor-image-box-description\">taimede juurte \u00fcmber olev muld tuleb hoida niiske, et mikroorganismid saaksid paljuneda ja oma t\u00f6\u00f6d teha.<\/p><\/div><\/div>\t\t\t\t<\/div>\n\t\t\t\t<\/div>\n\t\t\t\t<div class=\"elementor-element elementor-element-682f67f0 elementor-position-top elementor-widget elementor-widget-image-box\" data-id=\"682f67f0\" data-element_type=\"widget\" data-e-type=\"widget\" data-widget_type=\"image-box.default\">\n\t\t\t\t<div class=\"elementor-widget-container\">\n\t\t\t\t\t<div class=\"elementor-image-box-wrapper\"><figure class=\"elementor-image-box-img\"><img loading=\"lazy\" decoding=\"async\" width=\"522\" height=\"494\" src=\"https:\/\/bioefekts.lv\/wp-content\/uploads\/2025\/01\/Usage-instruction-4.png\" class=\"attachment-full size-full wp-image-16690 wvs-archive-product-image\" alt=\"St\u0101ds aug\" srcset=\"https:\/\/bioefekts.lv\/wp-content\/uploads\/2025\/01\/Usage-instruction-4.png 522w, https:\/\/bioefekts.lv\/wp-content\/uploads\/2025\/01\/Usage-instruction-4-430x407.png 430w, https:\/\/bioefekts.lv\/wp-content\/uploads\/2025\/01\/Usage-instruction-4-150x142.png 150w, https:\/\/bioefekts.lv\/wp-content\/uploads\/2025\/01\/Usage-instruction-4-317x300.png 317w\" sizes=\"auto, (max-width: 522px) 100vw, 522px\" \/><\/figure><div class=\"elementor-image-box-content\"><h3 class=\"elementor-image-box-title\">Tulemus<\/h3><p class=\"elementor-image-box-description\">Taim on eluj\u00f5uline, \u00f5itseb suurep\u00e4raselt ja annab rikkaliku saagi, mis on rikas oluliste toitainete poolest.<\/p><\/div><\/div>\t\t\t\t<\/div>\n\t\t\t\t<\/div>\n\t\t\t\t\t<\/div>\n\t\t\t\t<\/div>\n\t\t<div class=\"elementor-element elementor-element-38065e55 e-flex e-con-boxed e-con e-parent\" data-id=\"38065e55\" data-element_type=\"container\" data-e-type=\"container\">\n\t\t\t\t\t<div class=\"e-con-inner\">\n\t\t\t\t\t<\/div>\n\t\t\t\t<\/div>\n\t\t\t\t<\/div>\n\t\t","protected":false},"excerpt":{"rendered":"<ul>\n<li style=\"text-align: left\">Soodustab taimede kasvu<\/li>\n<li style=\"text-align: left\">Tugevdab juurestikku<\/li>\n<li style=\"text-align: left\">Varustab taimi p\u00f5llul ja kasvuhoonetel vajalike toitainetega.<\/li>\n<li style=\"text-align: left\">Parandab taime v\u00f5imet vastu seista ebasoodsatele keskkonnatingimustele.<\/li>\n<\/ul>\n","protected":false},"featured_media":18835,"comment_status":"open","ping_status":"closed","template":"","meta":{"om_disable_all_campaigns":false,"_monsterinsights_skip_tracking":false,"_monsterinsights_sitenote_active":false,"_monsterinsights_sitenote_note":"","_monsterinsights_sitenote_category":0},"product_brand":[],"product_cat":[234,246,257],"product_tag":[],"class_list":{"0":"post-20909","1":"product","2":"type-product","3":"status-publish","4":"has-post-thumbnail","6":"product_cat-aia-jaoks","7":"product_cat-kasvuhoonetele","8":"product_cat-koogiviljadele","10":"first","11":"instock","12":"shipping-taxable","13":"purchasable","14":"product-type-variable","15":"has-default-attributes","16":"wvs-archive-product-wrapper"},"aioseo_notices":[],"_links":{"self":[{"href":"https:\/\/bioefekts.lv\/et\/wp-json\/wp\/v2\/product\/20909","targetHints":{"allow":["GET"]}}],"collection":[{"href":"https:\/\/bioefekts.lv\/et\/wp-json\/wp\/v2\/product"}],"about":[{"href":"https:\/\/bioefekts.lv\/et\/wp-json\/wp\/v2\/types\/product"}],"replies":[{"embeddable":true,"href":"https:\/\/bioefekts.lv\/et\/wp-json\/wp\/v2\/comments?post=20909"}],"version-history":[{"count":0,"href":"https:\/\/bioefekts.lv\/et\/wp-json\/wp\/v2\/product\/20909\/revisions"}],"wp:featuredmedia":[{"embeddable":true,"href":"https:\/\/bioefekts.lv\/et\/wp-json\/wp\/v2\/media\/18835"}],"wp:attachment":[{"href":"https:\/\/bioefekts.lv\/et\/wp-json\/wp\/v2\/media?parent=20909"}],"wp:term":[{"taxonomy":"product_brand","embeddable":true,"href":"https:\/\/bioefekts.lv\/et\/wp-json\/wp\/v2\/product_brand?post=20909"},{"taxonomy":"product_cat","embeddable":true,"href":"https:\/\/bioefekts.lv\/et\/wp-json\/wp\/v2\/product_cat?post=20909"},{"taxonomy":"product_tag","embeddable":true,"href":"https:\/\/bioefekts.lv\/et\/wp-json\/wp\/v2\/product_tag?post=20909"}],"curies":[{"name":"wp","href":"https:\/\/api.w.org\/{rel}","templated":true}]}}