{"id":20904,"date":"2024-07-25T14:42:36","date_gmt":"2024-07-25T12:42:36","guid":{"rendered":"https:\/\/bioefekts.lv\/product\/maasikatele-mulda-lisamiseks\/"},"modified":"2025-05-28T16:10:36","modified_gmt":"2025-05-28T13:10:36","slug":"maasikatele-mulda-lisamiseks","status":"publish","type":"product","link":"https:\/\/bioefekts.lv\/et\/toode\/maasikatele-mulda-lisamiseks\/","title":{"rendered":"Maasikate puhul &#8211; mulda lisamiseks"},"content":{"rendered":"\t\t<div data-elementor-type=\"product-post\" data-elementor-id=\"20904\" class=\"elementor elementor-20904 elementor-20194\" data-elementor-post-type=\"product\">\n\t\t\t\t<div class=\"elementor-element elementor-element-56567f9d e-flex e-con-boxed e-con e-parent\" data-id=\"56567f9d\" data-element_type=\"container\" data-e-type=\"container\">\n\t\t\t\t\t<div class=\"e-con-inner\">\n\t\t<div class=\"elementor-element elementor-element-79edab61 e-con-full e-flex e-con e-child\" data-id=\"79edab61\" data-element_type=\"container\" data-e-type=\"container\">\n\t\t\t\t<div class=\"elementor-element elementor-element-18367e5e color-scheme-inherit text-left elementor-widget elementor-widget-text-editor\" data-id=\"18367e5e\" data-element_type=\"widget\" data-e-type=\"widget\" data-widget_type=\"text-editor.default\">\n\t\t\t\t<div class=\"elementor-widget-container\">\n\t\t\t\t\t\t\t\t\t<p>Mikroobiv\u00e4etised <strong>maasikatele sisaldavad<\/strong> mikroorganisme, mis aitavad kaasa juurestiku ja \u00f5ite arengule ning kvaliteetse saagi kasvatamisele. See parandab mulla viljakust ja tagab taimede jaoks toitainete k\u00e4ttesaadavuse mullas. V\u00e4etise kasutamine optimeerib elusorganismide mitmekesisust, suurendades taimede immuunsust ja vastupidavust muutuvatele ilmastikutingimustele. P\u00e4rast saagikoristust tuleks maasikataimi t\u00f6\u00f6delda maasikav\u00e4etisega, et koguda edukaks talvitumiseks vajalikke toitaineid.     <\/p><p><strong>T\u00c4HELEPANU<\/strong><\/p><ul><li><p>V\u00e4etis on lubatud kasutada mahep\u00f5llumajanduses vastavalt Euroopa Komisjoni m\u00e4\u00e4rusele 2021\/1165.<\/p><\/li><li>Seda ei tohi segada fungitsiididega.<\/li><li>Piisav mulla niiskus ja soojus (+15\u00b0 kuni +25\u00b0 C) suurendavad t\u00f5husust.<\/li><li>Kasutamine \u00fcle etten\u00e4htud annuse ei kahjusta taimi, inimesi, loomi ega keskkonda.<\/li><li>K\u00f5iki mikroobiv\u00e4etisi saab omavahel kombineerida.<\/li><li>Ravimise ja saagikoristuse vahel ei ole ooteaega.<\/li><\/ul><p><strong>S\u00c4ILITAMINE<\/strong><br>Preparaati tuleb s\u00e4ilitada temperatuuril +3\u00b0 kuni +27\u00b0C. Avamata pakendi k\u00f5lblikkusaeg &#8211; 2 aastat alates tootmiskuup\u00e4evast, vt etikett.   <\/p>\t\t\t\t\t\t\t\t<\/div>\n\t\t\t\t<\/div>\n\t\t\t\t<\/div>\n\t\t<div class=\"elementor-element elementor-element-264b69b9 e-con-full e-flex e-con e-child\" data-id=\"264b69b9\" data-element_type=\"container\" data-e-type=\"container\" data-settings=\"{&quot;background_background&quot;:&quot;classic&quot;}\">\n\t\t\t\t<div class=\"elementor-element elementor-element-75efaa45 elementor-widget elementor-widget-heading\" data-id=\"75efaa45\" data-element_type=\"widget\" data-e-type=\"widget\" data-widget_type=\"heading.default\">\n\t\t\t\t<div class=\"elementor-widget-container\">\n\t\t\t\t\t<h3 class=\"elementor-heading-title elementor-size-default\">Annustamine:<\/h3>\t\t\t\t<\/div>\n\t\t\t\t<\/div>\n\t\t\t\t<div class=\"elementor-element elementor-element-6b83ad71 elementor-widget elementor-widget-wd_text_block\" data-id=\"6b83ad71\" data-element_type=\"widget\" data-e-type=\"widget\" data-widget_type=\"wd_text_block.default\">\n\t\t\t\t<div class=\"elementor-widget-container\">\n\t\t\t\t\t\t\t<div class=\"wd-text-block reset-last-child text-left\">\n\t\t\t\n\t\t\t<p>200g\/ 2 m\u00b2<br>500g\/ 5 m\u00b2<br>2kg\/ 20 m\u00b2<\/p><p>V\u00e4hendatud mullastikus suurendatakse annust 2-3 korda.<br>Kasutamine \u00fcle etten\u00e4htud annuse ei kahjusta taimi, inimesi, loomi ega keskkonda ning ei tekita resistentsust.<br><strong><br> <\/strong> S\u00e4ilivusaeg: avamata - 2 aastat<\/p>\n\t\t\t\t\t<\/div>\n\t\t\t\t\t\t<\/div>\n\t\t\t\t<\/div>\n\t\t\t\t<\/div>\n\t\t\t\t\t<\/div>\n\t\t\t\t<\/div>\n\t\t<div class=\"wd-negative-gap elementor-element elementor-element-6373ad16 e-flex e-con-boxed e-con e-parent\" data-id=\"6373ad16\" data-element_type=\"container\" data-e-type=\"container\">\n\t\t\t\t\t<div class=\"e-con-inner\">\n\t\t\t\t<div class=\"elementor-element elementor-element-7437b66f elementor-widget elementor-widget-heading\" data-id=\"7437b66f\" data-element_type=\"widget\" data-e-type=\"widget\" data-widget_type=\"heading.default\">\n\t\t\t\t<div class=\"elementor-widget-container\">\n\t\t\t\t\t<h3 class=\"elementor-heading-title elementor-size-default\">Kasutage<\/h3>\t\t\t\t<\/div>\n\t\t\t\t<\/div>\n\t\t\t\t\t<\/div>\n\t\t\t\t<\/div>\n\t\t<div class=\"wd-negative-gap elementor-element elementor-element-b61b9e3 e-flex e-con-boxed e-con e-parent\" data-id=\"b61b9e3\" data-element_type=\"container\" data-e-type=\"container\">\n\t\t\t\t\t<div class=\"e-con-inner\">\n\t\t<div class=\"elementor-element elementor-element-50fd2859 e-con-full e-flex e-con e-child\" data-id=\"50fd2859\" data-element_type=\"container\" data-e-type=\"container\">\n\t\t\t\t<div class=\"elementor-element elementor-element-4d2e9539 color-scheme-inherit text-left elementor-widget elementor-widget-text-editor\" data-id=\"4d2e9539\" data-element_type=\"widget\" data-e-type=\"widget\" data-widget_type=\"text-editor.default\">\n\t\t\t\t<div class=\"elementor-widget-container\">\n\t\t\t\t\t\t\t\t\t<ul><li><strong>Mullaparandus<\/strong> &#8211; tungib 10-15 cm s\u00fcgavusele pinnasesse, hoiab pinnase niiskena.<\/li><li><strong>Istutamine<\/strong> &#8211; istutusauku juurte l\u00e4hedale v\u00f5i otsekontaktis juurtega.<\/li><li><strong>Eelmiste aastate istanduste<\/strong> puhul &#8211; kandke taimede \u00fcmber (juurte l\u00e4heduses) ja hoidke muld niiske.<br>Soovitatav on kanda toodet mitu korda hooaja jooksul uuesti taimede juurte l\u00e4hedusse ja hoida muld niiske.<\/li><li>Toode on s\u00f5bralik inimestele, loomadele, mesilastele ja teistele tolmeldajatele.<\/li><\/ul>\t\t\t\t\t\t\t\t<\/div>\n\t\t\t\t<\/div>\n\t\t\t\t<\/div>\n\t\t<div class=\"elementor-element elementor-element-5b7c2e3b e-con-full e-flex e-con e-child\" data-id=\"5b7c2e3b\" data-element_type=\"container\" data-e-type=\"container\">\n\t\t<div class=\"elementor-element elementor-element-7cf9bbb4 e-con-full e-flex e-con e-child\" data-id=\"7cf9bbb4\" data-element_type=\"container\" data-e-type=\"container\">\n\t\t<div class=\"elementor-element elementor-element-72f33555 e-con-full e-flex e-con e-child\" data-id=\"72f33555\" data-element_type=\"container\" data-e-type=\"container\">\n\t\t\t\t<div class=\"elementor-element elementor-element-61c64a11 elementor-widget elementor-widget-video\" data-id=\"61c64a11\" data-element_type=\"widget\" data-e-type=\"widget\" data-settings=\"{&quot;youtube_url&quot;:&quot;https:\\\/\\\/www.youtube.com\\\/watch?v=qv3VeuNt_l0&quot;,&quot;autoplay&quot;:&quot;yes&quot;,&quot;show_image_overlay&quot;:&quot;yes&quot;,&quot;image_overlay&quot;:{&quot;url&quot;:&quot;https:\\\/\\\/bioefekts.lv\\\/wp-content\\\/uploads\\\/2025\\\/01\\\/Zemenes-Thumbnail.jpg&quot;,&quot;id&quot;:18955,&quot;size&quot;:&quot;&quot;,&quot;alt&quot;:&quot;&quot;,&quot;source&quot;:&quot;library&quot;},&quot;lightbox&quot;:&quot;yes&quot;,&quot;video_type&quot;:&quot;youtube&quot;,&quot;controls&quot;:&quot;yes&quot;}\" data-widget_type=\"video.default\">\n\t\t\t\t<div class=\"elementor-widget-container\">\n\t\t\t\t\t\t\t<div class=\"elementor-wrapper elementor-open-lightbox\">\n\t\t\t\t\t\t\t<div class=\"elementor-custom-embed-image-overlay\" data-elementor-open-lightbox=\"yes\" data-elementor-lightbox=\"{&quot;type&quot;:&quot;video&quot;,&quot;videoType&quot;:&quot;youtube&quot;,&quot;url&quot;:&quot;https:\\\/\\\/www.youtube.com\\\/embed\\\/qv3VeuNt_l0?feature=oembed&amp;start&amp;end&amp;wmode=opaque&amp;loop=0&amp;controls=1&amp;mute=0&amp;rel=0&amp;cc_load_policy=0&quot;,&quot;autoplay&quot;:&quot;yes&quot;,&quot;modalOptions&quot;:{&quot;id&quot;:&quot;elementor-lightbox-61c64a11&quot;,&quot;entranceAnimation&quot;:&quot;&quot;,&quot;entranceAnimation_tablet&quot;:&quot;&quot;,&quot;entranceAnimation_mobile&quot;:&quot;&quot;,&quot;videoAspectRatio&quot;:&quot;169&quot;}}\" data-e-action-hash=\"#elementor-action%3Aaction%3Dlightbox%26settings%3DeyJ0eXBlIjoidmlkZW8iLCJ2aWRlb1R5cGUiOiJ5b3V0dWJlIiwidXJsIjoiaHR0cHM6XC9cL3d3dy55b3V0dWJlLmNvbVwvZW1iZWRcL3F2M1ZldU50X2wwP2ZlYXR1cmU9b2VtYmVkJnN0YXJ0JmVuZCZ3bW9kZT1vcGFxdWUmbG9vcD0wJmNvbnRyb2xzPTEmbXV0ZT0wJnJlbD0wJmNjX2xvYWRfcG9saWN5PTAiLCJhdXRvcGxheSI6InllcyIsIm1vZGFsT3B0aW9ucyI6eyJpZCI6ImVsZW1lbnRvci1saWdodGJveC02MWM2NGExMSIsImVudHJhbmNlQW5pbWF0aW9uIjoiIiwiZW50cmFuY2VBbmltYXRpb25fdGFibGV0IjoiIiwiZW50cmFuY2VBbmltYXRpb25fbW9iaWxlIjoiIiwidmlkZW9Bc3BlY3RSYXRpbyI6IjE2OSJ9fQ%3D%3D\">\n\t\t\t\t\t\t\t\t\t\t\t<img loading=\"lazy\" decoding=\"async\" width=\"600\" height=\"338\" src=\"https:\/\/bioefekts.lv\/wp-content\/uploads\/2025\/01\/Zemenes-Thumbnail.jpg\" class=\"attachment-full size-full wp-image-18955 wvs-archive-product-image\" alt=\"st\u0101dam zemenes\" srcset=\"https:\/\/bioefekts.lv\/wp-content\/uploads\/2025\/01\/Zemenes-Thumbnail.jpg 600w, https:\/\/bioefekts.lv\/wp-content\/uploads\/2025\/01\/Zemenes-Thumbnail-430x242.jpg 430w, https:\/\/bioefekts.lv\/wp-content\/uploads\/2025\/01\/Zemenes-Thumbnail-150x85.jpg 150w, https:\/\/bioefekts.lv\/wp-content\/uploads\/2025\/01\/Zemenes-Thumbnail-400x225.jpg 400w\" sizes=\"auto, (max-width: 600px) 100vw, 600px\" \/>\t\t\t\t\t\t\t\t\t\t\t\t\t\t\t\t<div class=\"elementor-custom-embed-play\" role=\"button\" aria-label=\"Play Video\" tabindex=\"0\">\n\t\t\t\t\t\t\t<svg aria-hidden=\"true\" class=\"e-font-icon-svg e-eicon-play\" viewBox=\"0 0 1000 1000\" xmlns=\"http:\/\/www.w3.org\/2000\/svg\"><path d=\"M838 162C746 71 633 25 500 25 371 25 258 71 163 162 71 254 25 367 25 500 25 633 71 746 163 837 254 929 367 979 500 979 633 979 746 933 838 837 929 746 975 633 975 500 975 367 929 254 838 162M808 192C892 279 933 379 933 500 933 621 892 725 808 808 725 892 621 938 500 938 379 938 279 896 196 808 113 725 67 621 67 500 67 379 108 279 196 192 279 108 383 62 500 62 621 62 721 108 808 192M438 392V642L642 517 438 392Z\"><\/path><\/svg>\t\t\t\t\t\t<\/div>\n\t\t\t\t\t\t\t\t\t<\/div>\n\t\t\t\t\t<\/div>\n\t\t\t\t\t\t<\/div>\n\t\t\t\t<\/div>\n\t\t\t\t<\/div>\n\t\t<div class=\"elementor-element elementor-element-2b023b71 e-con-full e-flex e-con e-child\" data-id=\"2b023b71\" data-element_type=\"container\" data-e-type=\"container\">\n\t\t<a class=\"elementor-element elementor-element-6c77abe9 e-con-full e-flex e-con e-child\" data-id=\"6c77abe9\" data-element_type=\"container\" data-e-type=\"container\" data-settings=\"{&quot;background_background&quot;:&quot;classic&quot;}\" href=\"#elementor-action%3Aaction%3Dlightbox%26settings%3DeyJ0eXBlIjoidmlkZW8iLCJ2aWRlb1R5cGUiOiJ5b3V0dWJlIiwidXJsIjoiaHR0cHM6XC9cL3d3dy55b3V0dWJlLmNvbVwvZW1iZWRcL3F2M1ZldU50X2wwP2ZlYXR1cmU9b2VtYmVkIn0%3D\">\n\t\t\t\t<div class=\"elementor-element elementor-element-40aafa7d elementor-widget elementor-widget-heading\" data-id=\"40aafa7d\" data-element_type=\"widget\" data-e-type=\"widget\" data-widget_type=\"heading.default\">\n\t\t\t\t<div class=\"elementor-widget-container\">\n\t\t\t\t\t<p class=\"elementor-heading-title elementor-size-default\">Video \u00f5petus selle kohta, kuidas istutada maasikaid Bacilloniga<\/p>\t\t\t\t<\/div>\n\t\t\t\t<\/div>\n\t\t\t\t<\/a>\n\t\t\t\t<\/div>\n\t\t\t\t<\/div>\n\t\t<div class=\"elementor-element elementor-element-736caafc e-con-full e-flex e-con e-child\" data-id=\"736caafc\" data-element_type=\"container\" data-e-type=\"container\">\n\t\t<div class=\"elementor-element elementor-element-19f2b054 e-con-full e-flex e-con e-child\" data-id=\"19f2b054\" data-element_type=\"container\" data-e-type=\"container\">\n\t\t\t\t<\/div>\n\t\t<div class=\"elementor-element elementor-element-609d77e6 e-con-full e-flex e-con e-child\" data-id=\"609d77e6\" data-element_type=\"container\" data-e-type=\"container\">\n\t\t\t\t<\/div>\n\t\t\t\t<\/div>\n\t\t<div class=\"elementor-element elementor-element-69e4d597 e-con-full e-flex e-con e-child\" data-id=\"69e4d597\" data-element_type=\"container\" data-e-type=\"container\">\n\t\t<div class=\"elementor-element elementor-element-223117b5 e-con-full e-flex e-con e-child\" data-id=\"223117b5\" data-element_type=\"container\" data-e-type=\"container\">\n\t\t\t\t<\/div>\n\t\t<div class=\"elementor-element elementor-element-7e5e9b69 e-con-full e-flex e-con e-child\" data-id=\"7e5e9b69\" data-element_type=\"container\" data-e-type=\"container\">\n\t\t\t\t<\/div>\n\t\t\t\t<\/div>\n\t\t<div class=\"elementor-element elementor-element-4031f34a e-con-full e-flex e-con e-child\" data-id=\"4031f34a\" data-element_type=\"container\" data-e-type=\"container\">\n\t\t<div class=\"elementor-element elementor-element-ef64349 e-con-full e-flex e-con e-child\" data-id=\"ef64349\" data-element_type=\"container\" data-e-type=\"container\">\n\t\t\t\t<\/div>\n\t\t<div class=\"elementor-element elementor-element-4f857eee e-con-full e-flex e-con e-child\" data-id=\"4f857eee\" data-element_type=\"container\" data-e-type=\"container\">\n\t\t\t\t<\/div>\n\t\t\t\t<\/div>\n\t\t\t\t<\/div>\n\t\t\t\t\t<\/div>\n\t\t\t\t<\/div>\n\t\t<div class=\"wd-negative-gap elementor-element elementor-element-5e01b922 e-flex e-con-boxed e-con e-parent\" data-id=\"5e01b922\" data-element_type=\"container\" data-e-type=\"container\">\n\t\t\t\t\t<div class=\"e-con-inner\">\n\t\t\t\t<div class=\"elementor-element elementor-element-5078b3bb elementor-widget elementor-widget-wd_text_block\" data-id=\"5078b3bb\" data-element_type=\"widget\" data-e-type=\"widget\" data-widget_type=\"wd_text_block.default\">\n\t\t\t\t<div class=\"elementor-widget-container\">\n\t\t\t\t\t\t\t<div class=\"wd-text-block reset-last-child text-left\">\n\t\t\t\n\t\t\t<h2><strong>Kasutage j\u00e4rgmiselt<\/strong><\/h2>\n\t\t\t\t\t<\/div>\n\t\t\t\t\t\t<\/div>\n\t\t\t\t<\/div>\n\t\t\t\t\t<\/div>\n\t\t\t\t<\/div>\n\t\t<div class=\"wd-negative-gap elementor-element elementor-element-649c0428 e-grid e-con-boxed e-con e-parent\" data-id=\"649c0428\" data-element_type=\"container\" data-e-type=\"container\">\n\t\t\t\t\t<div class=\"e-con-inner\">\n\t\t\t\t<div class=\"elementor-element elementor-element-12906b21 elementor-position-top elementor-widget elementor-widget-image-box\" data-id=\"12906b21\" data-element_type=\"widget\" data-e-type=\"widget\" data-widget_type=\"image-box.default\">\n\t\t\t\t<div class=\"elementor-widget-container\">\n\t\t\t\t\t<div class=\"elementor-image-box-wrapper\"><figure class=\"elementor-image-box-img\"><img loading=\"lazy\" decoding=\"async\" width=\"522\" height=\"494\" src=\"https:\/\/bioefekts.lv\/wp-content\/uploads\/2025\/02\/Instruction-Roka-ber.png\" class=\"attachment-full size-full wp-image-19343 wvs-archive-product-image\" alt=\"cilv\u0113ka roka st\u0101da izmantojot bioefekta produktu\" srcset=\"https:\/\/bioefekts.lv\/wp-content\/uploads\/2025\/02\/Instruction-Roka-ber.png 522w, https:\/\/bioefekts.lv\/wp-content\/uploads\/2025\/02\/Instruction-Roka-ber-430x407.png 430w, https:\/\/bioefekts.lv\/wp-content\/uploads\/2025\/02\/Instruction-Roka-ber-150x142.png 150w, https:\/\/bioefekts.lv\/wp-content\/uploads\/2025\/02\/Instruction-Roka-ber-317x300.png 317w\" sizes=\"auto, (max-width: 522px) 100vw, 522px\" \/><\/figure><div class=\"elementor-image-box-content\"><h3 class=\"elementor-image-box-title\">Istutamine<\/h3><p class=\"elementor-image-box-description\">preparaat t\u00f6\u00f6deldakse mulda 5-10 cm s\u00fcgavusele enne istutamist v\u00f5i pannakse istutusauku ja maasikad istutatakse otse preparaadile.Teie \u00e4ran\u00e4gemise j\u00e4rgi v\u00f5ib siia lisada ka muid mikroobiv\u00e4etisi, n\u00e4iteks Bacillon, Subtimix.<\/p><\/div><\/div>\t\t\t\t<\/div>\n\t\t\t\t<\/div>\n\t\t\t\t<div class=\"elementor-element elementor-element-60635ee elementor-position-top elementor-widget elementor-widget-image-box\" data-id=\"60635ee\" data-element_type=\"widget\" data-e-type=\"widget\" data-widget_type=\"image-box.default\">\n\t\t\t\t<div class=\"elementor-widget-container\">\n\t\t\t\t\t<div class=\"elementor-image-box-wrapper\"><figure class=\"elementor-image-box-img\"><img loading=\"lazy\" decoding=\"async\" width=\"522\" height=\"494\" src=\"https:\/\/bioefekts.lv\/wp-content\/uploads\/2025\/02\/instruction-Beram.png\" class=\"attachment-full size-full wp-image-19283 wvs-archive-product-image\" alt=\"bioefekta produkts pal\u012bdz auga aug\u0161an\u0101\" srcset=\"https:\/\/bioefekts.lv\/wp-content\/uploads\/2025\/02\/instruction-Beram.png 522w, https:\/\/bioefekts.lv\/wp-content\/uploads\/2025\/02\/instruction-Beram-430x407.png 430w, https:\/\/bioefekts.lv\/wp-content\/uploads\/2025\/02\/instruction-Beram-150x142.png 150w, https:\/\/bioefekts.lv\/wp-content\/uploads\/2025\/02\/instruction-Beram-317x300.png 317w\" sizes=\"auto, (max-width: 522px) 100vw, 522px\" \/><\/figure><div class=\"elementor-image-box-content\"><h3 class=\"elementor-image-box-title\">Kasvuperioodi jooksul<\/h3><p class=\"elementor-image-box-description\">Kandke korduvalt 2 korda hooaja jooksul taime juurte l\u00e4hedale. T\u00e4iendavaks v\u00e4etamiseks kasutage Vitmin, Vitmix v\u00f5i Vitmic.   <\/p><\/div><\/div>\t\t\t\t<\/div>\n\t\t\t\t<\/div>\n\t\t\t\t<div class=\"elementor-element elementor-element-1756dfa5 elementor-position-top elementor-widget elementor-widget-image-box\" data-id=\"1756dfa5\" data-element_type=\"widget\" data-e-type=\"widget\" data-widget_type=\"image-box.default\">\n\t\t\t\t<div class=\"elementor-widget-container\">\n\t\t\t\t\t<div class=\"elementor-image-box-wrapper\"><figure class=\"elementor-image-box-img\"><img loading=\"lazy\" decoding=\"async\" width=\"522\" height=\"494\" src=\"https:\/\/bioefekts.lv\/wp-content\/uploads\/2025\/01\/Usage-instruction-3.png\" class=\"attachment-full size-full wp-image-18943 wvs-archive-product-image\" alt=\"st\u0101du aplej ar \u016bdeni\" srcset=\"https:\/\/bioefekts.lv\/wp-content\/uploads\/2025\/01\/Usage-instruction-3.png 522w, https:\/\/bioefekts.lv\/wp-content\/uploads\/2025\/01\/Usage-instruction-3-430x407.png 430w, https:\/\/bioefekts.lv\/wp-content\/uploads\/2025\/01\/Usage-instruction-3-150x142.png 150w, https:\/\/bioefekts.lv\/wp-content\/uploads\/2025\/01\/Usage-instruction-3-317x300.png 317w\" sizes=\"auto, (max-width: 522px) 100vw, 522px\" \/><\/figure><div class=\"elementor-image-box-content\"><h3 class=\"elementor-image-box-title\">Kogu hooaeg<\/h3><p class=\"elementor-image-box-description\">taimede juurte \u00fcmber olev muld tuleb hoida niiske, et mikroorganismid saaksid paljuneda ja oma t\u00f6\u00f6d teha.<\/p><\/div><\/div>\t\t\t\t<\/div>\n\t\t\t\t<\/div>\n\t\t\t\t<div class=\"elementor-element elementor-element-6c080b2f elementor-position-top elementor-widget elementor-widget-image-box\" data-id=\"6c080b2f\" data-element_type=\"widget\" data-e-type=\"widget\" data-widget_type=\"image-box.default\">\n\t\t\t\t<div class=\"elementor-widget-container\">\n\t\t\t\t\t<div class=\"elementor-image-box-wrapper\"><figure class=\"elementor-image-box-img\"><img loading=\"lazy\" decoding=\"async\" width=\"522\" height=\"494\" src=\"https:\/\/bioefekts.lv\/wp-content\/uploads\/2025\/01\/Usage-instruction-4.png\" class=\"attachment-full size-full wp-image-18947 wvs-archive-product-image\" alt=\"St\u0101ds aug\" srcset=\"https:\/\/bioefekts.lv\/wp-content\/uploads\/2025\/01\/Usage-instruction-4.png 522w, https:\/\/bioefekts.lv\/wp-content\/uploads\/2025\/01\/Usage-instruction-4-430x407.png 430w, https:\/\/bioefekts.lv\/wp-content\/uploads\/2025\/01\/Usage-instruction-4-150x142.png 150w, https:\/\/bioefekts.lv\/wp-content\/uploads\/2025\/01\/Usage-instruction-4-317x300.png 317w\" sizes=\"auto, (max-width: 522px) 100vw, 522px\" \/><\/figure><div class=\"elementor-image-box-content\"><h3 class=\"elementor-image-box-title\">Tulemus<\/h3><p class=\"elementor-image-box-description\">Sest maasikad talvituvad h\u00e4sti ja annavad rikkaliku saagi, mis on rikas oluliste toitainete poolest.<\/p><\/div><\/div>\t\t\t\t<\/div>\n\t\t\t\t<\/div>\n\t\t\t\t\t<\/div>\n\t\t\t\t<\/div>\n\t\t<div class=\"elementor-element elementor-element-9b480b9 e-flex e-con-boxed e-con e-parent\" data-id=\"9b480b9\" data-element_type=\"container\" data-e-type=\"container\">\n\t\t\t\t\t<div class=\"e-con-inner\">\n\t\t\t\t\t<\/div>\n\t\t\t\t<\/div>\n\t\t\t\t<\/div>\n\t\t","protected":false},"excerpt":{"rendered":"<ul>\n<li style=\"text-align: left\">Tugevdab juurestikku<\/li>\n<li style=\"text-align: left\">Soodustab maasikataimede kasvu ja \u00f5itsemist.<\/li>\n<li style=\"text-align: left\">Stimuleerib kvaliteetsete p\u00f5llukultuuride moodustamist<\/li>\n<li style=\"text-align: left\">Optimeerib mulla elusorganismide mitmekesisust.<\/li>\n<\/ul>\n","protected":false},"featured_media":18879,"comment_status":"open","ping_status":"closed","template":"","meta":{"om_disable_all_campaigns":false,"_monsterinsights_skip_tracking":false,"_monsterinsights_sitenote_active":false,"_monsterinsights_sitenote_note":"","_monsterinsights_sitenote_category":0},"product_brand":[],"product_cat":[234,246],"product_tag":[],"class_list":{"0":"post-20904","1":"product","2":"type-product","3":"status-publish","4":"has-post-thumbnail","6":"product_cat-aia-jaoks","7":"product_cat-kasvuhoonetele","9":"first","10":"instock","11":"shipping-taxable","12":"purchasable","13":"product-type-variable","14":"has-default-attributes","15":"wvs-archive-product-wrapper"},"aioseo_notices":[],"_links":{"self":[{"href":"https:\/\/bioefekts.lv\/et\/wp-json\/wp\/v2\/product\/20904","targetHints":{"allow":["GET"]}}],"collection":[{"href":"https:\/\/bioefekts.lv\/et\/wp-json\/wp\/v2\/product"}],"about":[{"href":"https:\/\/bioefekts.lv\/et\/wp-json\/wp\/v2\/types\/product"}],"replies":[{"embeddable":true,"href":"https:\/\/bioefekts.lv\/et\/wp-json\/wp\/v2\/comments?post=20904"}],"version-history":[{"count":0,"href":"https:\/\/bioefekts.lv\/et\/wp-json\/wp\/v2\/product\/20904\/revisions"}],"wp:featuredmedia":[{"embeddable":true,"href":"https:\/\/bioefekts.lv\/et\/wp-json\/wp\/v2\/media\/18879"}],"wp:attachment":[{"href":"https:\/\/bioefekts.lv\/et\/wp-json\/wp\/v2\/media?parent=20904"}],"wp:term":[{"taxonomy":"product_brand","embeddable":true,"href":"https:\/\/bioefekts.lv\/et\/wp-json\/wp\/v2\/product_brand?post=20904"},{"taxonomy":"product_cat","embeddable":true,"href":"https:\/\/bioefekts.lv\/et\/wp-json\/wp\/v2\/product_cat?post=20904"},{"taxonomy":"product_tag","embeddable":true,"href":"https:\/\/bioefekts.lv\/et\/wp-json\/wp\/v2\/product_tag?post=20904"}],"curies":[{"name":"wp","href":"https:\/\/api.w.org\/{rel}","templated":true}]}}