{"id":20544,"date":"2025-01-26T22:11:05","date_gmt":"2025-01-26T22:11:05","guid":{"rendered":"https:\/\/bioefekts.lv\/product\/vitmine-kasutusvalmis\/"},"modified":"2025-03-05T14:09:42","modified_gmt":"2025-03-05T14:09:42","slug":"vitmine-kasutusvalmis","status":"publish","type":"product","link":"https:\/\/bioefekts.lv\/et\/toode\/vitmine-kasutusvalmis\/","title":{"rendered":"Vitmin &#8211; kasutusvalmis"},"content":{"rendered":"\t\t<div data-elementor-type=\"product-post\" data-elementor-id=\"20544\" class=\"elementor elementor-20544 elementor-17074\" data-elementor-post-type=\"product\">\n\t\t\t\t<div class=\"elementor-element elementor-element-22c0ad1b e-flex e-con-boxed e-con e-parent\" data-id=\"22c0ad1b\" data-element_type=\"container\" data-e-type=\"container\">\n\t\t\t\t\t<div class=\"e-con-inner\">\n\t\t<div class=\"elementor-element elementor-element-34580e5 e-con-full e-flex e-con e-child\" data-id=\"34580e5\" data-element_type=\"container\" data-e-type=\"container\">\n\t\t\t\t<div class=\"elementor-element elementor-element-4c34e552 color-scheme-inherit text-left elementor-widget elementor-widget-text-editor\" data-id=\"4c34e552\" data-element_type=\"widget\" data-e-type=\"widget\" data-widget_type=\"text-editor.default\">\n\t\t\t\t<div class=\"elementor-widget-container\">\n\t\t\t\t\t\t\t\t\t<p><strong>Vitmin kasutatakse<\/strong> seemnete idanemiseks ja taimede juurdumiseks ning taimede kasvu soodustamiseks. See aktiveerib ainevahetust ja parandab mineraalide omastamist. Vitmine on eriti soovitatav aeglaselt idanevate seemnete, haruldaste v\u00f5i v\u00e4\u00e4rtuslike kultuuride ja v\u00e4ljakasvavate taimede puhul. Vitmine sisaldab mitmesuguseid mikroorganismide poolt eritatud auxiini ja ts\u00fctokiini, mis on taimedele kasulikud. Seemnete t\u00f6\u00f6tlemine Vitminiga suurendab seemnekesta l\u00e4bilaskvust ja parandab seemnete idanemist. Pistikute t\u00f6\u00f6tlemine Vitmini lahusega seemikute kastmise teel parandab juurdumist ja ulatusliku juurestiku arengut, parandab lehtede ja varte kasvu ning annab tulemuseks \u00fchtlase taimekasvu. Juurte kaal suureneb kuni 60%.<br>Vitmin stimuleerib ka taimede immuunsust ja vastupidavust ebasoodsate keskkonnatingimuste p\u00f5hjustatud stressile, v\u00f5ib kasutada k\u00f5ikide kultuuride puhul.<br>Preparaat m\u00f5jutab taimede arengut 3 viisil &#8211; aktiveerib valgus\u00fcnteesi, suurendab ens\u00fc\u00fcmide aktiivsust, parandab membraanide transpordiomadusi. See soodustab tugeva juurestiku arengut, hargnemist ja hargnemist, \u00f5ienuppude arvu suurenemist ja saagikuse suurenemist. Vitmine&#8217;iga t\u00f6\u00f6deldud taimede saagikus on suurem &#8211; kevadnisu 0,4-0,5 t\/h; oder 0,5 t\/ha; suhkrupeet 0,4-0,8 t\/ha &#8211; t\u00f6\u00f6tlemisaja ja annuse kohta k\u00fcsige meie konsultantidelt.<br>Taimede kastmine Vitmine&#8217;i lahusega soodustab juurestiku arengut ja taime v\u00f5imet v\u00f5tta vajalikke toitaineid.<br>Vitmini lahusega pritsimine vegetatsiooniperioodi alguses suurendab k\u00fclgharude, \u00f5ienuppude moodustumist ja v\u00f5rsumist.<br>Vitmini lahusega pritsimine kogu vegetatsiooniperioodi v\u00e4ltel suurendab taime v\u00f5imet k\u00fcpseda kogu taimekultuur.<br>Vitmini lahusega pritsimine suve teisel poolel pikendab taime \"noorust\" ja pikemat lehep\u00fcsivust, toitainete kogumist ja ettevalmistust talvitumiseks.        <br><strong>T\u00c4HELEPANU<\/strong><\/p><ul><li><p>V\u00e4etis on lubatud kasutada mahep\u00f5llumajanduses vastavalt Euroopa Komisjoni m\u00e4\u00e4rusele 2021\/1165.<\/p><\/li><li>Piisav mulla niiskus ja soojus (+15\u00b0 kuni +25\u00b0 C) suurendavad t\u00f5husust.<\/li><li>K\u00f5iki mikroobiv\u00e4etisi saab omavahel kombineerida.<\/li><li>Ravimise ja saagikoristuse vahel ei ole ooteaega.<\/li><\/ul><p><strong>S\u00c4ILITAMINE<\/strong><br>Preparaati tuleb s\u00e4ilitada pimedas ja jahedas kohas (+3\u00b0 kuni +10\u00b0C), p\u00e4ikesevalguse eest kaitstult, originaalpakendis. S\u00e4ilivusaeg &#8211; 2 aastat alates tootmiskuup\u00e4evast, vt etikett. <\/p>\t\t\t\t\t\t\t\t<\/div>\n\t\t\t\t<\/div>\n\t\t\t\t<\/div>\n\t\t<div class=\"elementor-element elementor-element-5a7eec6a e-con-full e-flex e-con e-child\" data-id=\"5a7eec6a\" data-element_type=\"container\" data-e-type=\"container\" data-settings=\"{&quot;background_background&quot;:&quot;classic&quot;}\">\n\t\t\t\t<div class=\"elementor-element elementor-element-5e90068f elementor-widget elementor-widget-heading\" data-id=\"5e90068f\" data-element_type=\"widget\" data-e-type=\"widget\" data-widget_type=\"heading.default\">\n\t\t\t\t<div class=\"elementor-widget-container\">\n\t\t\t\t\t<h3 class=\"elementor-heading-title elementor-size-default\">Annust<\/h3>\t\t\t\t<\/div>\n\t\t\t\t<\/div>\n\t\t\t\t<div class=\"elementor-element elementor-element-16dabea1 elementor-widget elementor-widget-wd_text_block\" data-id=\"16dabea1\" data-element_type=\"widget\" data-e-type=\"widget\" data-widget_type=\"wd_text_block.default\">\n\t\t\t\t<div class=\"elementor-widget-container\">\n\t\t\t\t\t\t\t<div class=\"wd-text-block reset-last-child text-left\">\n\t\t\t\n\t\t\t<p>Valmis pritsimiseks seemnetele, pistikutele, lehtedele.<br><strong>S\u00e4ilivusaeg<\/strong>: avamata - 2 aastat.<\/p>\n\t\t\t\t\t<\/div>\n\t\t\t\t\t\t<\/div>\n\t\t\t\t<\/div>\n\t\t\t\t<\/div>\n\t\t\t\t\t<\/div>\n\t\t\t\t<\/div>\n\t\t<div class=\"wd-negative-gap elementor-element elementor-element-4581d0f9 e-flex e-con-boxed e-con e-parent\" data-id=\"4581d0f9\" data-element_type=\"container\" data-e-type=\"container\">\n\t\t\t\t\t<div class=\"e-con-inner\">\n\t\t\t\t<div class=\"elementor-element elementor-element-75173e29 elementor-widget elementor-widget-heading\" data-id=\"75173e29\" data-element_type=\"widget\" data-e-type=\"widget\" data-widget_type=\"heading.default\">\n\t\t\t\t<div class=\"elementor-widget-container\">\n\t\t\t\t\t<h3 class=\"elementor-heading-title elementor-size-default\">Kasutage<\/h3>\t\t\t\t<\/div>\n\t\t\t\t<\/div>\n\t\t\t\t\t<\/div>\n\t\t\t\t<\/div>\n\t\t<div class=\"wd-negative-gap elementor-element elementor-element-1070c6e5 e-flex e-con-boxed e-con e-parent\" data-id=\"1070c6e5\" data-element_type=\"container\" data-e-type=\"container\">\n\t\t\t\t\t<div class=\"e-con-inner\">\n\t\t<div class=\"elementor-element elementor-element-4bec8251 e-con-full e-flex e-con e-child\" data-id=\"4bec8251\" data-element_type=\"container\" data-e-type=\"container\">\n\t\t\t\t<div class=\"elementor-element elementor-element-6a691a0f color-scheme-inherit text-left elementor-widget elementor-widget-text-editor\" data-id=\"6a691a0f\" data-element_type=\"widget\" data-e-type=\"widget\" data-widget_type=\"text-editor.default\">\n\t\t\t\t<div class=\"elementor-widget-container\">\n\t\t\t\t\t\t\t\t\t<ul><li>Seemnet\u00f6\u00f6tlus &#8211; peenrad k\u00fclvatakse mulda, pritsitakse Vitmini lahusega ja kaetakse mullaga. J\u00e4medamate seemnete (oad, herned, sibulad, k\u00fc\u00fcslauk, kartulid, Sibullilledele, &#8230; ) leotamiseks kasutatakse kontsentraadist valmistatud lahust. <\/li><li>Pistikupuude t\u00f6\u00f6tlemine &#8211; l\u00f5igatud pistikupuud pritsitakse Vitmini lahusega, seej\u00e4rel t\u00f6\u00f6deldakse vastavalt valitud meetodile.<\/li><li>Istutamine &#8211; paljasjuursete istikute juured pritsitakse ja pannakse v\u00e4lja. Ostetud konteinertaimed, potitaimed v\u00f5i muud mullast juurtega istikud on soovitatav enne istutamist t\u00f6\u00f6delda kontsentraadist valmistatud lahusega. <\/li><li>Hooaja jooksul ei ole soovitatav pihustada Vitmin-lahust taimedele, mis vajavad venitamist &#8211; kurkidele, k\u00f5rvitsatele. Tomatitaimi tuleks kasta esimese 3 t\u00f5elise lehe staadiumis ja mitte pritsida hiljem, et mitte soodustada kaelkirjakute kasvu. <\/li><li>P\u00e4ikesep\u00f5letatud taimede pritsimine Vitmini lahusega (50ml\/1l vett) aitab neil kiiremini taastuda ja uusi v\u00f5rseid kasvatada.<br>Kui on oodata kuuma ilma v\u00f5i kui te l\u00e4hete puhkusele ja teie taimed j\u00e4\u00e4vad j\u00e4relevalveta, aitab Vitmini lahusega pritsimine taluda kuumust ja p\u00f5uastressi ning aitab neil end paremini tunda.<\/li><li>K\u00fctteperioodi alguses pritsitakse siseruumides kasvavaid taimi Vitmini lahusega, et v\u00e4hendada kuivast \u00f5hust ja kliimamuutustest tingitud stressi. \u00dcmber- v\u00f5i \u00fcmberistutatud toataimi kastetakse Vitmini kontsentraadist valmistatud lahusega, et soodustada uute juurte arengut ja toitainete omastamist. <\/li><li>Kui prognoositakse k\u00fclma, pritsige eelmisel p\u00e4eval Vitmini lahusega, siis on taimede kahjustused v\u00e4iksemad. Hommikul p\u00e4rast k\u00fclma on samuti soovitatav sama lahusega pritsida, et taimed kerkiksid kiiremini v\u00e4lja ja kahjustusi oleks v\u00e4hem. <\/li><\/ul><p>Dekoratiivsete taimede ja lillede puhul on soovitatav suurendada 2-3 Annust.<br>Toode on s\u00f5bralik inimestele, loomadele, mesilastele ja teistele tolmeldajatele.<\/p>\t\t\t\t\t\t\t\t<\/div>\n\t\t\t\t<\/div>\n\t\t\t\t<\/div>\n\t\t<div class=\"elementor-element elementor-element-f888495 e-con-full e-flex e-con e-child\" data-id=\"f888495\" data-element_type=\"container\" data-e-type=\"container\">\n\t\t<div class=\"elementor-element elementor-element-47145980 e-con-full e-flex e-con e-child\" data-id=\"47145980\" data-element_type=\"container\" data-e-type=\"container\">\n\t\t<div class=\"elementor-element elementor-element-15b97edd e-con-full e-flex e-con e-child\" data-id=\"15b97edd\" data-element_type=\"container\" data-e-type=\"container\">\n\t\t\t\t<div class=\"elementor-element elementor-element-798b62b0 elementor-widget elementor-widget-video\" data-id=\"798b62b0\" data-element_type=\"widget\" data-e-type=\"widget\" data-settings=\"{&quot;youtube_url&quot;:&quot;https:\\\/\\\/www.youtube.com\\\/watch?v=qv3VeuNt_l0&quot;,&quot;autoplay&quot;:&quot;yes&quot;,&quot;show_image_overlay&quot;:&quot;yes&quot;,&quot;image_overlay&quot;:{&quot;url&quot;:&quot;https:\\\/\\\/bioefekts.lv\\\/wp-content\\\/uploads\\\/2025\\\/01\\\/Zemenes-Thumbnail.jpg&quot;,&quot;id&quot;:18955,&quot;size&quot;:&quot;&quot;,&quot;alt&quot;:&quot;&quot;,&quot;source&quot;:&quot;library&quot;},&quot;lightbox&quot;:&quot;yes&quot;,&quot;video_type&quot;:&quot;youtube&quot;,&quot;controls&quot;:&quot;yes&quot;}\" data-widget_type=\"video.default\">\n\t\t\t\t<div class=\"elementor-widget-container\">\n\t\t\t\t\t\t\t<div class=\"elementor-wrapper elementor-open-lightbox\">\n\t\t\t\t\t\t\t<div class=\"elementor-custom-embed-image-overlay\" data-elementor-open-lightbox=\"yes\" data-elementor-lightbox=\"{&quot;type&quot;:&quot;video&quot;,&quot;videoType&quot;:&quot;youtube&quot;,&quot;url&quot;:&quot;https:\\\/\\\/www.youtube.com\\\/embed\\\/qv3VeuNt_l0?feature=oembed&amp;start&amp;end&amp;wmode=opaque&amp;loop=0&amp;controls=1&amp;mute=0&amp;rel=0&amp;cc_load_policy=0&quot;,&quot;autoplay&quot;:&quot;yes&quot;,&quot;modalOptions&quot;:{&quot;id&quot;:&quot;elementor-lightbox-798b62b0&quot;,&quot;entranceAnimation&quot;:&quot;&quot;,&quot;entranceAnimation_tablet&quot;:&quot;&quot;,&quot;entranceAnimation_mobile&quot;:&quot;&quot;,&quot;videoAspectRatio&quot;:&quot;169&quot;}}\" data-e-action-hash=\"#elementor-action%3Aaction%3Dlightbox%26settings%3DeyJ0eXBlIjoidmlkZW8iLCJ2aWRlb1R5cGUiOiJ5b3V0dWJlIiwidXJsIjoiaHR0cHM6XC9cL3d3dy55b3V0dWJlLmNvbVwvZW1iZWRcL3F2M1ZldU50X2wwP2ZlYXR1cmU9b2VtYmVkJnN0YXJ0JmVuZCZ3bW9kZT1vcGFxdWUmbG9vcD0wJmNvbnRyb2xzPTEmbXV0ZT0wJnJlbD0wJmNjX2xvYWRfcG9saWN5PTAiLCJhdXRvcGxheSI6InllcyIsIm1vZGFsT3B0aW9ucyI6eyJpZCI6ImVsZW1lbnRvci1saWdodGJveC03OThiNjJiMCIsImVudHJhbmNlQW5pbWF0aW9uIjoiIiwiZW50cmFuY2VBbmltYXRpb25fdGFibGV0IjoiIiwiZW50cmFuY2VBbmltYXRpb25fbW9iaWxlIjoiIiwidmlkZW9Bc3BlY3RSYXRpbyI6IjE2OSJ9fQ%3D%3D\">\n\t\t\t\t\t\t\t\t\t\t\t<img loading=\"lazy\" decoding=\"async\" width=\"600\" height=\"338\" src=\"https:\/\/bioefekts.lv\/wp-content\/uploads\/2025\/01\/Zemenes-Thumbnail.jpg\" class=\"attachment-full size-full wp-image-18955 wvs-archive-product-image\" alt=\"st\u0101dam zemenes\" srcset=\"https:\/\/bioefekts.lv\/wp-content\/uploads\/2025\/01\/Zemenes-Thumbnail.jpg 600w, https:\/\/bioefekts.lv\/wp-content\/uploads\/2025\/01\/Zemenes-Thumbnail-430x242.jpg 430w, https:\/\/bioefekts.lv\/wp-content\/uploads\/2025\/01\/Zemenes-Thumbnail-150x85.jpg 150w, https:\/\/bioefekts.lv\/wp-content\/uploads\/2025\/01\/Zemenes-Thumbnail-400x225.jpg 400w\" sizes=\"auto, (max-width: 600px) 100vw, 600px\" \/>\t\t\t\t\t\t\t\t\t\t\t\t\t\t\t\t<div class=\"elementor-custom-embed-play\" role=\"button\" aria-label=\"Play Video\" tabindex=\"0\">\n\t\t\t\t\t\t\t<svg aria-hidden=\"true\" class=\"e-font-icon-svg e-eicon-play\" viewBox=\"0 0 1000 1000\" xmlns=\"http:\/\/www.w3.org\/2000\/svg\"><path d=\"M838 162C746 71 633 25 500 25 371 25 258 71 163 162 71 254 25 367 25 500 25 633 71 746 163 837 254 929 367 979 500 979 633 979 746 933 838 837 929 746 975 633 975 500 975 367 929 254 838 162M808 192C892 279 933 379 933 500 933 621 892 725 808 808 725 892 621 938 500 938 379 938 279 896 196 808 113 725 67 621 67 500 67 379 108 279 196 192 279 108 383 62 500 62 621 62 721 108 808 192M438 392V642L642 517 438 392Z\"><\/path><\/svg>\t\t\t\t\t\t<\/div>\n\t\t\t\t\t\t\t\t\t<\/div>\n\t\t\t\t\t<\/div>\n\t\t\t\t\t\t<\/div>\n\t\t\t\t<\/div>\n\t\t\t\t<\/div>\n\t\t<div class=\"elementor-element elementor-element-6c3f4ef6 e-con-full e-flex e-con e-child\" data-id=\"6c3f4ef6\" data-element_type=\"container\" data-e-type=\"container\">\n\t\t<a class=\"elementor-element elementor-element-559b32d8 e-con-full e-flex e-con e-child\" data-id=\"559b32d8\" data-element_type=\"container\" data-e-type=\"container\" data-settings=\"{&quot;background_background&quot;:&quot;classic&quot;}\" href=\"#elementor-action%3Aaction%3Dlightbox%26settings%3DeyJ0eXBlIjoidmlkZW8iLCJ2aWRlb1R5cGUiOiJ5b3V0dWJlIiwidXJsIjoiaHR0cHM6XC9cL3d3dy55b3V0dWJlLmNvbVwvZW1iZWRcL3F2M1ZldU50X2wwP2ZlYXR1cmU9b2VtYmVkIn0%3D\">\n\t\t\t\t<div class=\"elementor-element elementor-element-36238d57 elementor-widget elementor-widget-heading\" data-id=\"36238d57\" data-element_type=\"widget\" data-e-type=\"widget\" data-widget_type=\"heading.default\">\n\t\t\t\t<div class=\"elementor-widget-container\">\n\t\t\t\t\t<p class=\"elementor-heading-title elementor-size-default\">Video \u00f5petus, kuidas istutada Maasikatele Bacilons<\/p>\t\t\t\t<\/div>\n\t\t\t\t<\/div>\n\t\t\t\t<\/a>\n\t\t\t\t<\/div>\n\t\t\t\t<\/div>\n\t\t<div class=\"elementor-element elementor-element-572a4436 e-con-full e-flex e-con e-child\" data-id=\"572a4436\" data-element_type=\"container\" data-e-type=\"container\">\n\t\t<div class=\"elementor-element elementor-element-417ecec4 e-con-full e-flex e-con e-child\" data-id=\"417ecec4\" data-element_type=\"container\" data-e-type=\"container\">\n\t\t\t\t<\/div>\n\t\t<div class=\"elementor-element elementor-element-74a0c593 e-con-full e-flex e-con e-child\" data-id=\"74a0c593\" data-element_type=\"container\" data-e-type=\"container\">\n\t\t\t\t<\/div>\n\t\t\t\t<\/div>\n\t\t<div class=\"elementor-element elementor-element-1d768a0b e-con-full e-flex e-con e-child\" data-id=\"1d768a0b\" data-element_type=\"container\" data-e-type=\"container\">\n\t\t<div class=\"elementor-element elementor-element-3ca7b343 e-con-full e-flex e-con e-child\" data-id=\"3ca7b343\" data-element_type=\"container\" data-e-type=\"container\">\n\t\t\t\t<\/div>\n\t\t<div class=\"elementor-element elementor-element-2f2e39e3 e-con-full e-flex e-con e-child\" data-id=\"2f2e39e3\" data-element_type=\"container\" data-e-type=\"container\">\n\t\t\t\t<\/div>\n\t\t\t\t<\/div>\n\t\t<div class=\"elementor-element elementor-element-431e2714 e-con-full e-flex e-con e-child\" data-id=\"431e2714\" data-element_type=\"container\" data-e-type=\"container\">\n\t\t<div class=\"elementor-element elementor-element-d0559c1 e-con-full e-flex e-con e-child\" data-id=\"d0559c1\" data-element_type=\"container\" data-e-type=\"container\">\n\t\t\t\t<\/div>\n\t\t<div class=\"elementor-element elementor-element-74da1d33 e-con-full e-flex e-con e-child\" data-id=\"74da1d33\" data-element_type=\"container\" data-e-type=\"container\">\n\t\t\t\t<\/div>\n\t\t\t\t<\/div>\n\t\t\t\t<\/div>\n\t\t\t\t\t<\/div>\n\t\t\t\t<\/div>\n\t\t<div class=\"wd-negative-gap elementor-element elementor-element-41a92e94 e-flex e-con-boxed e-con e-parent\" data-id=\"41a92e94\" data-element_type=\"container\" data-e-type=\"container\">\n\t\t\t\t\t<div class=\"e-con-inner\">\n\t\t\t\t<div class=\"elementor-element elementor-element-26e9dbc5 elementor-widget elementor-widget-wd_text_block\" data-id=\"26e9dbc5\" data-element_type=\"widget\" data-e-type=\"widget\" data-widget_type=\"wd_text_block.default\">\n\t\t\t\t<div class=\"elementor-widget-container\">\n\t\t\t\t\t\t\t<div class=\"wd-text-block reset-last-child text-left\">\n\t\t\t\n\t\t\t<h2><strong>Kasutage j\u00e4rgmiselt<\/strong><\/h2>\n\t\t\t\t\t<\/div>\n\t\t\t\t\t\t<\/div>\n\t\t\t\t<\/div>\n\t\t\t\t\t<\/div>\n\t\t\t\t<\/div>\n\t\t<div class=\"wd-negative-gap elementor-element elementor-element-7355a921 e-grid e-con-boxed e-con e-parent\" data-id=\"7355a921\" data-element_type=\"container\" data-e-type=\"container\">\n\t\t\t\t\t<div class=\"e-con-inner\">\n\t\t\t\t<div class=\"elementor-element elementor-element-3659fa43 elementor-position-top elementor-widget elementor-widget-image-box\" data-id=\"3659fa43\" data-element_type=\"widget\" data-e-type=\"widget\" data-widget_type=\"image-box.default\">\n\t\t\t\t<div class=\"elementor-widget-container\">\n\t\t\t\t\t<div class=\"elementor-image-box-wrapper\"><figure class=\"elementor-image-box-img\"><img loading=\"lazy\" decoding=\"async\" width=\"522\" height=\"494\" src=\"https:\/\/bioefekts.lv\/wp-content\/uploads\/2025\/01\/Instruction-Spray-1.png\" class=\"attachment-full size-full wp-image-19271 wvs-archive-product-image\" alt=\"bioefekta products apstr\u0101d\u0101 augu\" srcset=\"https:\/\/bioefekts.lv\/wp-content\/uploads\/2025\/01\/Instruction-Spray-1.png 522w, https:\/\/bioefekts.lv\/wp-content\/uploads\/2025\/01\/Instruction-Spray-1-430x407.png 430w, https:\/\/bioefekts.lv\/wp-content\/uploads\/2025\/01\/Instruction-Spray-1-150x142.png 150w, https:\/\/bioefekts.lv\/wp-content\/uploads\/2025\/01\/Instruction-Spray-1-317x300.png 317w\" sizes=\"auto, (max-width: 522px) 100vw, 522px\" \/><\/figure><div class=\"elementor-image-box-content\"><h3 class=\"elementor-image-box-title\">K\u00fclvi ajal<\/h3><p class=\"elementor-image-box-description\">seemned pritsitakse ja k\u00fclvatakse. K\u00fclvikorvi pandud seemneid v\u00f5ib samuti pritsida. <\/p><\/div><\/div>\t\t\t\t<\/div>\n\t\t\t\t<\/div>\n\t\t\t\t<div class=\"elementor-element elementor-element-3fe73213 elementor-position-top elementor-widget elementor-widget-image-box\" data-id=\"3fe73213\" data-element_type=\"widget\" data-e-type=\"widget\" data-widget_type=\"image-box.default\">\n\t\t\t\t<div class=\"elementor-widget-container\">\n\t\t\t\t\t<div class=\"elementor-image-box-wrapper\"><figure class=\"elementor-image-box-img\"><img loading=\"lazy\" decoding=\"async\" width=\"522\" height=\"494\" src=\"https:\/\/bioefekts.lv\/wp-content\/uploads\/2025\/01\/Instruction-Spray-2.png\" class=\"attachment-full size-full wp-image-19275 wvs-archive-product-image\" alt=\"bioefekta products aizsarg\u0101 augu\" srcset=\"https:\/\/bioefekts.lv\/wp-content\/uploads\/2025\/01\/Instruction-Spray-2.png 522w, https:\/\/bioefekts.lv\/wp-content\/uploads\/2025\/01\/Instruction-Spray-2-430x407.png 430w, https:\/\/bioefekts.lv\/wp-content\/uploads\/2025\/01\/Instruction-Spray-2-150x142.png 150w, https:\/\/bioefekts.lv\/wp-content\/uploads\/2025\/01\/Instruction-Spray-2-317x300.png 317w\" sizes=\"auto, (max-width: 522px) 100vw, 522px\" \/><\/figure><div class=\"elementor-image-box-content\"><h3 class=\"elementor-image-box-title\">Kasvuperioodi jooksul<\/h3><p class=\"elementor-image-box-description\">Pihustage taime \u00f5hulisi osi, et soodustada k\u00fclgmiste harude kasvu, suurendada \u00f5ienuppude arvu.<\/p><\/div><\/div>\t\t\t\t<\/div>\n\t\t\t\t<\/div>\n\t\t\t\t<div class=\"elementor-element elementor-element-4bc4b66 elementor-position-top elementor-widget elementor-widget-image-box\" data-id=\"4bc4b66\" data-element_type=\"widget\" data-e-type=\"widget\" data-widget_type=\"image-box.default\">\n\t\t\t\t<div class=\"elementor-widget-container\">\n\t\t\t\t\t<div class=\"elementor-image-box-wrapper\"><figure class=\"elementor-image-box-img\"><img loading=\"lazy\" decoding=\"async\" width=\"522\" height=\"494\" src=\"https:\/\/bioefekts.lv\/wp-content\/uploads\/2025\/01\/Instruction-Spray-2.png\" class=\"attachment-full size-full wp-image-19275 wvs-archive-product-image\" alt=\"bioefekta products aizsarg\u0101 augu\" srcset=\"https:\/\/bioefekts.lv\/wp-content\/uploads\/2025\/01\/Instruction-Spray-2.png 522w, https:\/\/bioefekts.lv\/wp-content\/uploads\/2025\/01\/Instruction-Spray-2-430x407.png 430w, https:\/\/bioefekts.lv\/wp-content\/uploads\/2025\/01\/Instruction-Spray-2-150x142.png 150w, https:\/\/bioefekts.lv\/wp-content\/uploads\/2025\/01\/Instruction-Spray-2-317x300.png 317w\" sizes=\"auto, (max-width: 522px) 100vw, 522px\" \/><\/figure><div class=\"elementor-image-box-content\"><h3 class=\"elementor-image-box-title\">Stressi leevendamiseks<\/h3><p class=\"elementor-image-box-description\">Kahjustatud taimede arvu v\u00e4hendamiseks pritsige 2 p\u00e4eva enne ja vahetult p\u00e4rast k\u00fclma, sealhulgas enne kuuma ilmaga algust.<\/p><\/div><\/div>\t\t\t\t<\/div>\n\t\t\t\t<\/div>\n\t\t\t\t<div class=\"elementor-element elementor-element-472cdb58 elementor-position-top elementor-widget elementor-widget-image-box\" data-id=\"472cdb58\" data-element_type=\"widget\" data-e-type=\"widget\" data-widget_type=\"image-box.default\">\n\t\t\t\t<div class=\"elementor-widget-container\">\n\t\t\t\t\t<div class=\"elementor-image-box-wrapper\"><figure class=\"elementor-image-box-img\"><img loading=\"lazy\" decoding=\"async\" width=\"522\" height=\"494\" src=\"https:\/\/bioefekts.lv\/wp-content\/uploads\/2025\/01\/Usage-instruction-4.png\" class=\"attachment-full size-full wp-image-18947 wvs-archive-product-image\" alt=\"St\u0101ds aug\" srcset=\"https:\/\/bioefekts.lv\/wp-content\/uploads\/2025\/01\/Usage-instruction-4.png 522w, https:\/\/bioefekts.lv\/wp-content\/uploads\/2025\/01\/Usage-instruction-4-430x407.png 430w, https:\/\/bioefekts.lv\/wp-content\/uploads\/2025\/01\/Usage-instruction-4-150x142.png 150w, https:\/\/bioefekts.lv\/wp-content\/uploads\/2025\/01\/Usage-instruction-4-317x300.png 317w\" sizes=\"auto, (max-width: 522px) 100vw, 522px\" \/><\/figure><div class=\"elementor-image-box-content\"><h3 class=\"elementor-image-box-title\">Tulemus<\/h3><p class=\"elementor-image-box-description\">Taim on eluj\u00f5uline, \u00f5itseb suurep\u00e4raselt ja annab rikkaliku saagi, mis on rikas oluliste toitainete poolest.<\/p><\/div><\/div>\t\t\t\t<\/div>\n\t\t\t\t<\/div>\n\t\t\t\t\t<\/div>\n\t\t\t\t<\/div>\n\t\t<div class=\"elementor-element elementor-element-7f731f0b e-flex e-con-boxed e-con e-parent\" data-id=\"7f731f0b\" data-element_type=\"container\" data-e-type=\"container\">\n\t\t\t\t\t<div class=\"e-con-inner\">\n\t\t\t\t\t<\/div>\n\t\t\t\t<\/div>\n\t\t\t\t<\/div>\n\t\t","protected":false},"excerpt":{"rendered":"<ul>\n<li style=\"text-align: left\">Parandab taimede kasvu ja klorof\u00fclli s\u00fcnteesi.<\/li>\n<li style=\"text-align: left\">soodustab tugevat juurestikku ja k\u00fclgharusid<\/li>\n<li style=\"text-align: left\">Suurendab \u00f5ienuppude paiknemist ja pikendab \u00f5itsemist.<\/li>\n<li style=\"text-align: left\">Takistab vananemist ja suurendab kvaliteetsete kultuuride tootmist.<\/li>\n<li style=\"text-align: left\">Soovitatav seemnete idanemiseks ja pistikute juurimiseks.<\/li>\n<\/ul>\n","protected":false},"featured_media":19079,"comment_status":"open","ping_status":"closed","template":"","meta":{"om_disable_all_campaigns":false,"_monsterinsights_skip_tracking":false,"_monsterinsights_sitenote_active":false,"_monsterinsights_sitenote_note":"","_monsterinsights_sitenote_category":0},"product_brand":[],"product_cat":[234,246,247,248,298],"product_tag":[],"class_list":{"0":"post-20544","1":"product","2":"type-product","3":"status-publish","4":"has-post-thumbnail","6":"product_cat-aia-jaoks","7":"product_cat-kasvuhoonetele","8":"product_cat-sonajalgade-jaoks","9":"product_cat-toataimedele","10":"product_cat-vitmin-et","12":"first","13":"instock","14":"shipping-taxable","15":"purchasable","16":"product-type-variable","17":"has-default-attributes","18":"wvs-archive-product-wrapper"},"aioseo_notices":[],"_links":{"self":[{"href":"https:\/\/bioefekts.lv\/et\/wp-json\/wp\/v2\/product\/20544","targetHints":{"allow":["GET"]}}],"collection":[{"href":"https:\/\/bioefekts.lv\/et\/wp-json\/wp\/v2\/product"}],"about":[{"href":"https:\/\/bioefekts.lv\/et\/wp-json\/wp\/v2\/types\/product"}],"replies":[{"embeddable":true,"href":"https:\/\/bioefekts.lv\/et\/wp-json\/wp\/v2\/comments?post=20544"}],"version-history":[{"count":0,"href":"https:\/\/bioefekts.lv\/et\/wp-json\/wp\/v2\/product\/20544\/revisions"}],"wp:featuredmedia":[{"embeddable":true,"href":"https:\/\/bioefekts.lv\/et\/wp-json\/wp\/v2\/media\/19079"}],"wp:attachment":[{"href":"https:\/\/bioefekts.lv\/et\/wp-json\/wp\/v2\/media?parent=20544"}],"wp:term":[{"taxonomy":"product_brand","embeddable":true,"href":"https:\/\/bioefekts.lv\/et\/wp-json\/wp\/v2\/product_brand?post=20544"},{"taxonomy":"product_cat","embeddable":true,"href":"https:\/\/bioefekts.lv\/et\/wp-json\/wp\/v2\/product_cat?post=20544"},{"taxonomy":"product_tag","embeddable":true,"href":"https:\/\/bioefekts.lv\/et\/wp-json\/wp\/v2\/product_tag?post=20544"}],"curies":[{"name":"wp","href":"https:\/\/api.w.org\/{rel}","templated":true}]}}