{"id":20503,"date":"2025-01-20T16:25:48","date_gmt":"2025-01-20T13:25:48","guid":{"rendered":"https:\/\/bioefekts.lv\/product\/biokomposter-vedel-kontsentraat\/"},"modified":"2025-08-31T12:45:38","modified_gmt":"2025-08-31T09:45:38","slug":"biokomposter-vedel-kontsentraat","status":"publish","type":"product","link":"https:\/\/bioefekts.lv\/et\/toode\/biokomposter-vedel-kontsentraat\/","title":{"rendered":"Biokomposter &#8211; vedel kontsentraat"},"content":{"rendered":"\t\t<div data-elementor-type=\"product-post\" data-elementor-id=\"20503\" class=\"elementor elementor-20503 elementor-16558\" data-elementor-post-type=\"product\">\n\t\t\t\t<div class=\"elementor-element elementor-element-5d4162cb e-flex e-con-boxed e-con e-parent\" data-id=\"5d4162cb\" data-element_type=\"container\" data-e-type=\"container\">\n\t\t\t\t\t<div class=\"e-con-inner\">\n\t\t<div class=\"elementor-element elementor-element-351aecf4 e-con-full e-flex e-con e-child\" data-id=\"351aecf4\" data-element_type=\"container\" data-e-type=\"container\">\n\t\t\t\t<div class=\"elementor-element elementor-element-7d9a002c color-scheme-inherit text-left elementor-widget elementor-widget-text-editor\" data-id=\"7d9a002c\" data-element_type=\"widget\" data-e-type=\"widget\" data-widget_type=\"text-editor.default\">\n\t\t\t\t<div class=\"elementor-widget-container\">\n\t\t\t\t\t\t\t\t\t<p><strong>Biokomposter<\/strong> on mikroorganismide kompleks, mis suudab lagundada lignotselluloosi. See lagundab aiaj\u00e4\u00e4tmeid, puiduhakke, peenraid, puulehti ja muid t\u00f6\u00f6tlemata orgaanilisi j\u00e4\u00e4tmeid, v\u00e4hendab oluliselt umbrohuseemnete idanemist, parandab kompostitavust ja mikrobioloogilist aktiivsust. Orgaaniline l\u00e4mmastik ja s\u00fcsinik muudetakse taimedele kasutatavaks. Kompostitav mass kuumeneb kuni 60 \u00b0C, kui algab bioloogiline lagunemisprotsess. Kui kompostimass on v\u00e4henenud 50%, on lahtine ja v\u00e4rske mullal\u00f5hnaga, v\u00f5ib komposti kasutada mulla rikastamiseks. Valmis komposti kasutamine taastab mulla viljakuse, parandab mulla struktuuri ja mulla f\u00fc\u00fcsikalisi omadusi. Muld imab ja s\u00e4ilitab paremini vett, pakkudes taimedele pikka aega kergesti k\u00e4ttesaadavaid toitaineid.<br>Biokomposter takistab edukalt ebameeldivate l\u00f5hnade teket, isegi kuivades tualettruumides. Siiski tuleb meeles pidada, et elusate mikroorganismide kasutamisel ei tohiks s\u00fcdamekodaniku mahutis kasutada keemilisi puhastusvahendeid sisaldavat majapidamisvett.         <\/p><p><strong>T\u00c4HELEPANU<\/strong><\/p><ul><li><p>V\u00e4etis on lubatud kasutada mahep\u00f5llumajanduses vastavalt Euroopa Komisjoni m\u00e4\u00e4rusele 2021\/1165.<\/p><\/li><li>\u00c4rge kasutage biokompostrit koos kemikaalidega.<\/li><li>Piisav niiskus, soojus (+15\u00b0 kuni +25\u00b0 C) ja \u00f5hk suurendavad t\u00f5husust.<\/li><li>Kasutamine \u00fcle etten\u00e4htud annuse ei kahjusta taimi, inimesi, loomi ega keskkonda.<\/li><li>\u00c4rge kasutage fungitsiide, puhastusvahendeid ja muid kodukeemiaid sisaldavat vett.<\/li><\/ul><p><strong>S\u00c4ILITAMINE<\/strong><br>Preparaati tuleb s\u00e4ilitada pimedas ja jahedas kohas (+3\u00b0 kuni +10\u00b0C), p\u00e4ikesevalguse eest kaitstult, originaalpakendis. S\u00e4ilivusaeg &#8211; 3 kuud alates tootmiskuup\u00e4evast, vt etikett.   <\/p>\t\t\t\t\t\t\t\t<\/div>\n\t\t\t\t<\/div>\n\t\t\t\t<\/div>\n\t\t<div class=\"elementor-element elementor-element-5e9c033f e-con-full e-flex e-con e-child\" data-id=\"5e9c033f\" data-element_type=\"container\" data-e-type=\"container\" data-settings=\"{&quot;background_background&quot;:&quot;classic&quot;}\">\n\t\t\t\t<div class=\"elementor-element elementor-element-4beed14d elementor-widget elementor-widget-heading\" data-id=\"4beed14d\" data-element_type=\"widget\" data-e-type=\"widget\" data-widget_type=\"heading.default\">\n\t\t\t\t<div class=\"elementor-widget-container\">\n\t\t\t\t\t<h3 class=\"elementor-heading-title elementor-size-default\">Annustamine:<\/h3>\t\t\t\t<\/div>\n\t\t\t\t<\/div>\n\t\t\t\t<div class=\"elementor-element elementor-element-1d6527c9 elementor-widget elementor-widget-wd_text_block\" data-id=\"1d6527c9\" data-element_type=\"widget\" data-e-type=\"widget\" data-widget_type=\"wd_text_block.default\">\n\t\t\t\t<div class=\"elementor-widget-container\">\n\t\t\t\t\t\t\t<div class=\"wd-text-block reset-last-child text-left\">\n\t\t\t\n\t\t\t<p>Valmistatud lahus 1l\/1m\u00b3 kompostitav materjal<\/p><p>Pihustada v\u00f5i puistata kompostihunnikutele. Lahjendage piisava veega, et seda kompostile laotada.   <\/p><p>Kasutamine \u00fcle etten\u00e4htud annuse ei kahjusta taimi, inimesi, loomi ega keskkonda ning ei p\u00f5hjusta resistentsust.<\/p><p><strong>S\u00e4ilivusaeg<\/strong>: avamata - 3 kuud<\/p>\n\t\t\t\t\t<\/div>\n\t\t\t\t\t\t<\/div>\n\t\t\t\t<\/div>\n\t\t\t\t<\/div>\n\t\t\t\t\t<\/div>\n\t\t\t\t<\/div>\n\t\t<div class=\"wd-negative-gap elementor-element elementor-element-61a519de e-flex e-con-boxed e-con e-parent\" data-id=\"61a519de\" data-element_type=\"container\" data-e-type=\"container\">\n\t\t\t\t\t<div class=\"e-con-inner\">\n\t\t\t\t<div class=\"elementor-element elementor-element-5561860d elementor-widget elementor-widget-heading\" data-id=\"5561860d\" data-element_type=\"widget\" data-e-type=\"widget\" data-widget_type=\"heading.default\">\n\t\t\t\t<div class=\"elementor-widget-container\">\n\t\t\t\t\t<h3 class=\"elementor-heading-title elementor-size-default\">Kasutage<\/h3>\t\t\t\t<\/div>\n\t\t\t\t<\/div>\n\t\t\t\t\t<\/div>\n\t\t\t\t<\/div>\n\t\t<div class=\"wd-negative-gap elementor-element elementor-element-279a9aef e-flex e-con-boxed e-con e-parent\" data-id=\"279a9aef\" data-element_type=\"container\" data-e-type=\"container\">\n\t\t\t\t\t<div class=\"e-con-inner\">\n\t\t<div class=\"elementor-element elementor-element-7183bc2c e-con-full e-flex e-con e-child\" data-id=\"7183bc2c\" data-element_type=\"container\" data-e-type=\"container\">\n\t\t\t\t<div class=\"elementor-element elementor-element-4de5d9fd color-scheme-inherit text-left elementor-widget elementor-widget-text-editor\" data-id=\"4de5d9fd\" data-element_type=\"widget\" data-e-type=\"widget\" data-widget_type=\"text-editor.default\">\n\t\t\t\t<div class=\"elementor-widget-container\">\n\t\t\t\t\t\t\t\t\t<p><strong>Komposti valmistamine<\/strong><br> 1<strong>.<\/strong> Kompostihunnik v\u00f5i -korpus peaks olema osaliselt varjulises kohas, mis ei ole kogu p\u00e4eva jooksul otsese p\u00e4ikesevalguse k\u00e4es.<br> 2<strong>.<\/strong> Valmistage koht ette v\u00f5i ostke ventilatsiooniga pr\u00fcgikast.<br> 3<strong>.<\/strong> Tehke \u00f5ige kihilisus.<br>Kiire ja hea kvaliteediga komposti saamiseks j\u00e4rgige 2 peamise materjalir\u00fchma vahekorda:<\/p><ul><li>Rohelised materjalid (l\u00e4mmastikurikkad): kuumt\u00f6\u00f6tlemata k\u00f6\u00f6gij\u00e4\u00e4tmed (k\u00f6\u00f6givilja- ja puuviljakoored, kohvipuru, teekotid), v\u00e4rske rohi, rohelised aiaj\u00e4\u00e4gid, s\u00f5nnik.<\/li><li>Pruunid materjalid (s\u00fcsinikurikkad): lehed, oksad, \u00f5led, kuivatatud aiaj\u00e4\u00e4tmed, hein.<\/li><li>\u00c4rge kompostige: liha-, kala-, piima- ja rasvaj\u00e4\u00e4tmed, t\u00f6\u00f6deldud puit.<\/li><li>\u00d5ige suhe on 2-3 osa pruuni materjali ja 1 osa rohelise materjali vahel.<\/li><\/ul><p><strong>4.<\/strong> Kastke iga kihti biokompostimislahusega, seej\u00e4rel lisage j\u00e4rgmine kiht.<br><strong>5.<\/strong> Tagage niiskuse ja \u00f5hu juurdep\u00e4\u00e4s kogu protsessi v\u00e4ltel. Kompost peaks olema niiske nagu v\u00e4ljapressitud k\u00e4sn &#8211; mitte liiga kuiv ja mitte liiga m\u00e4rg. Vajaduse korral kastke v\u00f5i segage kuhja &#8211; see kiirendab kompostimisprotsessi.    <br><strong>6.<\/strong> Kompostimisprotsess kestab 2-12 kuud, s\u00f5ltuvalt materjali t\u00fc\u00fcbist, segamissagedusest, niiskusesisaldusest, temperatuurist ja ilmastikutingimustest.<br><strong>Valmis kompost<\/strong> on tume, peenike ja l\u00f5hnab nagu m\u00e4rg maa ning seda kasutatakse mullaparandusainena, v\u00e4etisena v\u00f5i mullana.<br>Toode on s\u00f5bralik inimestele, loomadele, mesilastele ja teistele tolmeldajatele.<\/p>\t\t\t\t\t\t\t\t<\/div>\n\t\t\t\t<\/div>\n\t\t\t\t<\/div>\n\t\t<div class=\"elementor-element elementor-element-9af0584 e-con-full e-flex e-con e-child\" data-id=\"9af0584\" data-element_type=\"container\" data-e-type=\"container\">\n\t\t<div class=\"elementor-element elementor-element-57da5208 e-con-full e-flex e-con e-child\" data-id=\"57da5208\" data-element_type=\"container\" data-e-type=\"container\">\n\t\t<div class=\"elementor-element elementor-element-7fa66e7 e-con-full e-flex e-con e-child\" data-id=\"7fa66e7\" data-element_type=\"container\" data-e-type=\"container\">\n\t\t\t\t<div class=\"elementor-element elementor-element-56545da6 elementor-widget elementor-widget-video\" data-id=\"56545da6\" data-element_type=\"widget\" data-e-type=\"widget\" data-settings=\"{&quot;youtube_url&quot;:&quot;https:\\\/\\\/youtu.be\\\/5t0hZLyivuY&quot;,&quot;autoplay&quot;:&quot;yes&quot;,&quot;show_image_overlay&quot;:&quot;yes&quot;,&quot;image_overlay&quot;:{&quot;url&quot;:&quot;https:\\\/\\\/bioefekts.lv\\\/wp-content\\\/uploads\\\/2025\\\/01\\\/Bio-Effect-YouTube-Thumbnail-Small.jpg&quot;,&quot;id&quot;:28237,&quot;size&quot;:&quot;&quot;,&quot;alt&quot;:&quot;&quot;,&quot;source&quot;:&quot;library&quot;},&quot;lightbox&quot;:&quot;yes&quot;,&quot;video_type&quot;:&quot;youtube&quot;,&quot;controls&quot;:&quot;yes&quot;}\" data-widget_type=\"video.default\">\n\t\t\t\t<div class=\"elementor-widget-container\">\n\t\t\t\t\t\t\t<div class=\"elementor-wrapper elementor-open-lightbox\">\n\t\t\t\t\t\t\t<div class=\"elementor-custom-embed-image-overlay\" data-elementor-open-lightbox=\"yes\" data-elementor-lightbox=\"{&quot;type&quot;:&quot;video&quot;,&quot;videoType&quot;:&quot;youtube&quot;,&quot;url&quot;:&quot;https:\\\/\\\/www.youtube.com\\\/embed\\\/5t0hZLyivuY?feature=oembed&amp;start&amp;end&amp;wmode=opaque&amp;loop=0&amp;controls=1&amp;mute=0&amp;rel=0&amp;cc_load_policy=0&quot;,&quot;autoplay&quot;:&quot;yes&quot;,&quot;modalOptions&quot;:{&quot;id&quot;:&quot;elementor-lightbox-56545da6&quot;,&quot;entranceAnimation&quot;:&quot;&quot;,&quot;entranceAnimation_tablet&quot;:&quot;&quot;,&quot;entranceAnimation_mobile&quot;:&quot;&quot;,&quot;videoAspectRatio&quot;:&quot;169&quot;}}\" data-e-action-hash=\"#elementor-action%3Aaction%3Dlightbox%26settings%3DeyJ0eXBlIjoidmlkZW8iLCJ2aWRlb1R5cGUiOiJ5b3V0dWJlIiwidXJsIjoiaHR0cHM6XC9cL3d3dy55b3V0dWJlLmNvbVwvZW1iZWRcLzV0MGhaTHlpdnVZP2ZlYXR1cmU9b2VtYmVkJnN0YXJ0JmVuZCZ3bW9kZT1vcGFxdWUmbG9vcD0wJmNvbnRyb2xzPTEmbXV0ZT0wJnJlbD0wJmNjX2xvYWRfcG9saWN5PTAiLCJhdXRvcGxheSI6InllcyIsIm1vZGFsT3B0aW9ucyI6eyJpZCI6ImVsZW1lbnRvci1saWdodGJveC01NjU0NWRhNiIsImVudHJhbmNlQW5pbWF0aW9uIjoiIiwiZW50cmFuY2VBbmltYXRpb25fdGFibGV0IjoiIiwiZW50cmFuY2VBbmltYXRpb25fbW9iaWxlIjoiIiwidmlkZW9Bc3BlY3RSYXRpbyI6IjE2OSJ9fQ%3D%3D\">\n\t\t\t\t\t\t\t\t\t\t\t<img loading=\"lazy\" decoding=\"async\" width=\"600\" height=\"338\" src=\"https:\/\/bioefekts.lv\/wp-content\/uploads\/2025\/01\/Bio-Effect-YouTube-Thumbnail-Small.jpg\" class=\"attachment-full size-full wp-image-28237 wvs-archive-product-image\" alt=\"k\u0101 veidot kompostu\" srcset=\"https:\/\/bioefekts.lv\/wp-content\/uploads\/2025\/01\/Bio-Effect-YouTube-Thumbnail-Small.jpg 600w, https:\/\/bioefekts.lv\/wp-content\/uploads\/2025\/01\/Bio-Effect-YouTube-Thumbnail-Small-400x225.jpg 400w, https:\/\/bioefekts.lv\/wp-content\/uploads\/2025\/01\/Bio-Effect-YouTube-Thumbnail-Small-430x242.jpg 430w, https:\/\/bioefekts.lv\/wp-content\/uploads\/2025\/01\/Bio-Effect-YouTube-Thumbnail-Small-150x85.jpg 150w\" sizes=\"auto, (max-width: 600px) 100vw, 600px\" \/>\t\t\t\t\t\t\t\t\t\t\t\t\t\t\t\t<div class=\"elementor-custom-embed-play\" role=\"button\" aria-label=\"Play Video\" tabindex=\"0\">\n\t\t\t\t\t\t\t<svg aria-hidden=\"true\" class=\"e-font-icon-svg e-eicon-play\" viewBox=\"0 0 1000 1000\" xmlns=\"http:\/\/www.w3.org\/2000\/svg\"><path d=\"M838 162C746 71 633 25 500 25 371 25 258 71 163 162 71 254 25 367 25 500 25 633 71 746 163 837 254 929 367 979 500 979 633 979 746 933 838 837 929 746 975 633 975 500 975 367 929 254 838 162M808 192C892 279 933 379 933 500 933 621 892 725 808 808 725 892 621 938 500 938 379 938 279 896 196 808 113 725 67 621 67 500 67 379 108 279 196 192 279 108 383 62 500 62 621 62 721 108 808 192M438 392V642L642 517 438 392Z\"><\/path><\/svg>\t\t\t\t\t\t<\/div>\n\t\t\t\t\t\t\t\t\t<\/div>\n\t\t\t\t\t<\/div>\n\t\t\t\t\t\t<\/div>\n\t\t\t\t<\/div>\n\t\t\t\t<\/div>\n\t\t<div class=\"elementor-element elementor-element-423a02f7 e-con-full e-flex e-con e-child\" data-id=\"423a02f7\" data-element_type=\"container\" data-e-type=\"container\">\n\t\t<a class=\"elementor-element elementor-element-33f87466 e-con-full e-flex e-con e-child\" data-id=\"33f87466\" data-element_type=\"container\" data-e-type=\"container\" data-settings=\"{&quot;background_background&quot;:&quot;classic&quot;}\" href=\"#elementor-action%3Aaction%3Dlightbox%26settings%3DeyJ0eXBlIjoidmlkZW8iLCJ2aWRlb1R5cGUiOiJ5b3V0dWJlIiwidXJsIjoiaHR0cHM6XC9cL3d3dy55b3V0dWJlLmNvbVwvZW1iZWRcLzV0MGhaTHlpdnVZP2ZlYXR1cmU9b2VtYmVkIn0%3D\">\n\t\t\t\t<div class=\"elementor-element elementor-element-4340f3a5 elementor-widget elementor-widget-heading\" data-id=\"4340f3a5\" data-element_type=\"widget\" data-e-type=\"widget\" data-widget_type=\"heading.default\">\n\t\t\t\t<div class=\"elementor-widget-container\">\n\t\t\t\t\t<p class=\"elementor-heading-title elementor-size-default\">Video\u00f5petus - kuidas komposti teha<\/p>\t\t\t\t<\/div>\n\t\t\t\t<\/div>\n\t\t\t\t<\/a>\n\t\t\t\t<\/div>\n\t\t\t\t<\/div>\n\t\t<div class=\"elementor-element elementor-element-75dc6226 e-con-full e-flex e-con e-child\" data-id=\"75dc6226\" data-element_type=\"container\" data-e-type=\"container\">\n\t\t<div class=\"elementor-element elementor-element-6ea30cab e-con-full e-flex e-con e-child\" data-id=\"6ea30cab\" data-element_type=\"container\" data-e-type=\"container\">\n\t\t\t\t<\/div>\n\t\t<div class=\"elementor-element elementor-element-28e3f59a e-con-full e-flex e-con e-child\" data-id=\"28e3f59a\" data-element_type=\"container\" data-e-type=\"container\">\n\t\t\t\t<\/div>\n\t\t\t\t<\/div>\n\t\t<div class=\"elementor-element elementor-element-6f1b5d7c e-con-full e-flex e-con e-child\" data-id=\"6f1b5d7c\" data-element_type=\"container\" data-e-type=\"container\">\n\t\t<div class=\"elementor-element elementor-element-385d789f e-con-full e-flex e-con e-child\" data-id=\"385d789f\" data-element_type=\"container\" data-e-type=\"container\">\n\t\t\t\t<\/div>\n\t\t<div class=\"elementor-element elementor-element-5f9d6cab e-con-full e-flex e-con e-child\" data-id=\"5f9d6cab\" data-element_type=\"container\" data-e-type=\"container\">\n\t\t\t\t<\/div>\n\t\t\t\t<\/div>\n\t\t<div class=\"elementor-element elementor-element-3d967dcd e-con-full e-flex e-con e-child\" data-id=\"3d967dcd\" data-element_type=\"container\" data-e-type=\"container\">\n\t\t<div class=\"elementor-element elementor-element-75e5d5b2 e-con-full e-flex e-con e-child\" data-id=\"75e5d5b2\" data-element_type=\"container\" data-e-type=\"container\">\n\t\t\t\t<\/div>\n\t\t<div class=\"elementor-element elementor-element-64db74c1 e-con-full e-flex e-con e-child\" data-id=\"64db74c1\" data-element_type=\"container\" data-e-type=\"container\">\n\t\t\t\t<\/div>\n\t\t\t\t<\/div>\n\t\t\t\t<\/div>\n\t\t\t\t\t<\/div>\n\t\t\t\t<\/div>\n\t\t<div class=\"wd-negative-gap elementor-element elementor-element-209bf5c7 e-flex e-con-boxed e-con e-parent\" data-id=\"209bf5c7\" data-element_type=\"container\" data-e-type=\"container\">\n\t\t\t\t\t<div class=\"e-con-inner\">\n\t\t\t\t<div class=\"elementor-element elementor-element-fa6ba50 elementor-widget elementor-widget-wd_text_block\" data-id=\"fa6ba50\" data-element_type=\"widget\" data-e-type=\"widget\" data-widget_type=\"wd_text_block.default\">\n\t\t\t\t<div class=\"elementor-widget-container\">\n\t\t\t\t\t\t\t<div class=\"wd-text-block reset-last-child text-left\">\n\t\t\t\n\t\t\t\n\t\t\t\t\t<\/div>\n\t\t\t\t\t\t<\/div>\n\t\t\t\t<\/div>\n\t\t\t\t\t<\/div>\n\t\t\t\t<\/div>\n\t\t<div class=\"wd-negative-gap elementor-element elementor-element-705e09d9 e-grid e-con-boxed e-con e-parent\" data-id=\"705e09d9\" data-element_type=\"container\" data-e-type=\"container\">\n\t\t\t\t\t<div class=\"e-con-inner\">\n\t\t\t\t\t<\/div>\n\t\t\t\t<\/div>\n\t\t<div class=\"elementor-element elementor-element-7771ce73 e-flex e-con-boxed e-con e-parent\" data-id=\"7771ce73\" data-element_type=\"container\" data-e-type=\"container\">\n\t\t\t\t\t<div class=\"e-con-inner\">\n\t\t\t\t\t<\/div>\n\t\t\t\t<\/div>\n\t\t\t\t<\/div>\n\t\t","protected":false},"excerpt":{"rendered":"<ul>\n<li style=\"text-align: left\">Kiirendab kompostimisprotsessi<\/li>\n<li style=\"text-align: left\">Parandab komposti mikrobioloogilist kvaliteeti<\/li>\n<li style=\"text-align: left\">V\u00e4ltib ebameeldivaid l\u00f5hnu kompostimise ajal<\/li>\n<li style=\"text-align: left\">V\u00e4hendab l\u00f5hna kuivk\u00e4imlates<\/li>\n<\/ul>\n","protected":false},"featured_media":19175,"comment_status":"open","ping_status":"closed","template":"","meta":{"om_disable_all_campaigns":false,"_monsterinsights_skip_tracking":false,"_monsterinsights_sitenote_active":false,"_monsterinsights_sitenote_note":"","_monsterinsights_sitenote_category":0},"product_brand":[],"product_cat":[234,314,246,296],"product_tag":[],"class_list":{"0":"post-20503","1":"product","2":"type-product","3":"status-publish","4":"has-post-thumbnail","6":"product_cat-aia-jaoks","7":"product_cat-biokomposter","8":"product_cat-kasvuhoonetele","9":"product_cat-muud","11":"first","12":"instock","13":"shipping-taxable","14":"purchasable","15":"product-type-variable","16":"has-default-attributes","17":"wvs-archive-product-wrapper"},"aioseo_notices":[],"_links":{"self":[{"href":"https:\/\/bioefekts.lv\/et\/wp-json\/wp\/v2\/product\/20503","targetHints":{"allow":["GET"]}}],"collection":[{"href":"https:\/\/bioefekts.lv\/et\/wp-json\/wp\/v2\/product"}],"about":[{"href":"https:\/\/bioefekts.lv\/et\/wp-json\/wp\/v2\/types\/product"}],"replies":[{"embeddable":true,"href":"https:\/\/bioefekts.lv\/et\/wp-json\/wp\/v2\/comments?post=20503"}],"version-history":[{"count":0,"href":"https:\/\/bioefekts.lv\/et\/wp-json\/wp\/v2\/product\/20503\/revisions"}],"wp:featuredmedia":[{"embeddable":true,"href":"https:\/\/bioefekts.lv\/et\/wp-json\/wp\/v2\/media\/19175"}],"wp:attachment":[{"href":"https:\/\/bioefekts.lv\/et\/wp-json\/wp\/v2\/media?parent=20503"}],"wp:term":[{"taxonomy":"product_brand","embeddable":true,"href":"https:\/\/bioefekts.lv\/et\/wp-json\/wp\/v2\/product_brand?post=20503"},{"taxonomy":"product_cat","embeddable":true,"href":"https:\/\/bioefekts.lv\/et\/wp-json\/wp\/v2\/product_cat?post=20503"},{"taxonomy":"product_tag","embeddable":true,"href":"https:\/\/bioefekts.lv\/et\/wp-json\/wp\/v2\/product_tag?post=20503"}],"curies":[{"name":"wp","href":"https:\/\/api.w.org\/{rel}","templated":true}]}}