{"id":20415,"date":"2025-01-18T11:32:07","date_gmt":"2025-01-18T11:32:07","guid":{"rendered":"https:\/\/bioefekts.lv\/product\/bacilons-vedel-kontsentraat\/"},"modified":"2025-03-05T13:24:25","modified_gmt":"2025-03-05T13:24:25","slug":"bacilons-vedel-kontsentraat","status":"publish","type":"product","link":"https:\/\/bioefekts.lv\/et\/toode\/bacilons-vedel-kontsentraat\/","title":{"rendered":"Bacillon &#8211; vedel kontsentraat"},"content":{"rendered":"\t\t<div data-elementor-type=\"product-post\" data-elementor-id=\"20415\" class=\"elementor elementor-20415 elementor-16477\" data-elementor-post-type=\"product\">\n\t\t\t\t<div class=\"elementor-element elementor-element-2b438541 e-flex e-con-boxed e-con e-parent\" data-id=\"2b438541\" data-element_type=\"container\" data-e-type=\"container\">\n\t\t\t\t\t<div class=\"e-con-inner\">\n\t\t<div class=\"elementor-element elementor-element-153fc5ce e-con-full e-flex e-con e-child\" data-id=\"153fc5ce\" data-element_type=\"container\" data-e-type=\"container\">\n\t\t\t\t<div class=\"elementor-element elementor-element-1b824674 color-scheme-inherit text-left elementor-widget elementor-widget-text-editor\" data-id=\"1b824674\" data-element_type=\"widget\" data-e-type=\"widget\" data-widget_type=\"text-editor.default\">\n\t\t\t\t<div class=\"elementor-widget-container\">\n\t\t\t\t\t\t\t\t\t<p><strong>BACILLON suurendab<\/strong> taimede immuunsust, parandab taimede kasvu ja toitainete k\u00e4ttesaadavust, soodustab juurte arengut. Bacilons optimeerib elusorganismide mitmekesisust, tugevdab taimi kahjurikahjustuste ajal, resistentsus ei teki. Toodet tuleb kasutada mitu korda hooaja jooksul vastavalt vajadusele. Mikrobioloogiline preparaat sobib paljudele kultuuridele ja seda v\u00f5ib kasutada kogu kasvuperioodi jooksul nii siseruumides, kasvuhoonetel kui ka v\u00e4litingimustes. Seda kasutatakse eriti laialdaselt mahep\u00f5llumajandusettev\u00f5tetes. See ei ole kahjulik inimestele, loomadele, mesilastele ja teistele tolmeldajatele.     <\/p><p><strong>T\u00c4HELEPANU<\/strong><\/p><ul><li><p>V\u00e4etis on lubatud kasutada mahep\u00f5llumajanduses vastavalt Euroopa Komisjoni m\u00e4\u00e4rusele 2021\/1165.<\/p><\/li><li>T\u00f6\u00f6tlemise ja saagikoristuse vahel ei ole ooteaega ja saagi v\u00f5ib kohe \u00e4ra tarbida.<\/li><li>Seda ei tohi segada teiste insektitsiididega.<\/li><li>V\u00e4etise kasutamisel v\u00e4ltige otsest p\u00e4ikesevalgust.<\/li><li>Kasutamine \u00fcle etten\u00e4htud Annust ei kahjusta taimi, inimesi, loomi ega keskkonda.<\/li><\/ul><p><strong>ADVISORY<\/strong><br><strong>500ml, 1l mahutid tuleb s\u00e4ilitada<\/strong> +3\u00b0 kuni +10\u00b0C juures, p\u00e4ikesevalguse eest kaitstult, originaalpakendis. S\u00e4ilivusaeg &#8211; 3 kuud alates tootmiskuup\u00e4evast, vt etikett. <br><strong>100ml mahutid tuleb s\u00e4ilitada<\/strong> +3\u00b0 kuni +27\u00b0C, s\u00e4ilivusaeg avamata &#8211; 2 aastat alates tootmiskuup\u00e4evast, vt etikett.<\/p>\t\t\t\t\t\t\t\t<\/div>\n\t\t\t\t<\/div>\n\t\t\t\t<\/div>\n\t\t<div class=\"elementor-element elementor-element-1c572427 e-con-full e-flex e-con e-child\" data-id=\"1c572427\" data-element_type=\"container\" data-e-type=\"container\" data-settings=\"{&quot;background_background&quot;:&quot;classic&quot;}\">\n\t\t\t\t<div class=\"elementor-element elementor-element-17b4c18 elementor-widget elementor-widget-heading\" data-id=\"17b4c18\" data-element_type=\"widget\" data-e-type=\"widget\" data-widget_type=\"heading.default\">\n\t\t\t\t<div class=\"elementor-widget-container\">\n\t\t\t\t\t<h3 class=\"elementor-heading-title elementor-size-default\">Annust<\/h3>\t\t\t\t<\/div>\n\t\t\t\t<\/div>\n\t\t\t\t<div class=\"elementor-element elementor-element-36b00234 elementor-widget elementor-widget-wd_text_block\" data-id=\"36b00234\" data-element_type=\"widget\" data-e-type=\"widget\" data-widget_type=\"wd_text_block.default\">\n\t\t\t\t<div class=\"elementor-widget-container\">\n\t\t\t\t\t\t\t<div class=\"wd-text-block reset-last-child text-left\">\n\t\t\t\n\t\t\t<p>Valmistatud lahus 100ml\/500ml vett<\/p><p>Taimede pihustamiseks on soovitav lisada 1 liitri lahuse kohta 1 supilusikat\u00e4is rohelise seebi kontsentraati. Kastmislahuse puhul ei ole see vajalik. <\/p><p>Pihustada taimedele v\u00f5i kanda pinnasesse vastavalt vajadusele.<br>Ei kahjusta taimi, inimesi, loomi ega keskkonda, ei tekita resistentsust.<\/p><p><strong>Kehtivusaeg:<\/strong><\/p><p><strong>100ml<\/strong> avamata - 2 aastat,<br><strong>500ml, 1l<\/strong> avamata - 3 kuud alates tootmiskuup\u00e4evast.<\/p><p>Valmistatud lahused tuleb kohe \u00e4ra kasutada.<\/p>\n\t\t\t\t\t<\/div>\n\t\t\t\t\t\t<\/div>\n\t\t\t\t<\/div>\n\t\t\t\t<\/div>\n\t\t\t\t\t<\/div>\n\t\t\t\t<\/div>\n\t\t<div class=\"wd-negative-gap elementor-element elementor-element-7b79dc11 e-flex e-con-boxed e-con e-parent\" data-id=\"7b79dc11\" data-element_type=\"container\" data-e-type=\"container\">\n\t\t\t\t\t<div class=\"e-con-inner\">\n\t\t\t\t<div class=\"elementor-element elementor-element-2644aad5 elementor-widget elementor-widget-heading\" data-id=\"2644aad5\" data-element_type=\"widget\" data-e-type=\"widget\" data-widget_type=\"heading.default\">\n\t\t\t\t<div class=\"elementor-widget-container\">\n\t\t\t\t\t<h3 class=\"elementor-heading-title elementor-size-default\">Kasutage<\/h3>\t\t\t\t<\/div>\n\t\t\t\t<\/div>\n\t\t\t\t\t<\/div>\n\t\t\t\t<\/div>\n\t\t<div class=\"wd-negative-gap elementor-element elementor-element-2c21e571 e-flex e-con-boxed e-con e-parent\" data-id=\"2c21e571\" data-element_type=\"container\" data-e-type=\"container\">\n\t\t\t\t\t<div class=\"e-con-inner\">\n\t\t<div class=\"elementor-element elementor-element-23281cf1 e-con-full e-flex e-con e-child\" data-id=\"23281cf1\" data-element_type=\"container\" data-e-type=\"container\">\n\t\t\t\t<div class=\"elementor-element elementor-element-5c5ae004 color-scheme-inherit text-left elementor-widget elementor-widget-text-editor\" data-id=\"5c5ae004\" data-element_type=\"widget\" data-e-type=\"widget\" data-widget_type=\"text-editor.default\">\n\t\t\t\t<div class=\"elementor-widget-container\">\n\t\t\t\t\t\t\t\t\t<ul><li><strong>Taime maapealsed osad<\/strong> &#8211; pihustage taime lehtedele, p\u00fc\u00fcdes t\u00f6\u00f6delda ka lehtede alumist k\u00fclge. Eelistatavalt kasutage seda pilves p\u00e4eval v\u00f5i kuiva ilmaga \u00f5htul. Korrake pritsimist 2-3 korda iga 5-7 p\u00e4eva tagant.  <\/li><li><strong>Seemnete, seemnete t\u00f6\u00f6tlemine &#8211; peen<\/strong> raid k\u00fclvatakse, pritsitakse ettevalmistatud lahusega ja kaetakse mullaga. K\u00f5ige j\u00e4medamad seemned leotatakse lahuses, vajaduse korral kuivatatakse ja k\u00fclvatakse. Sibulaid, k\u00fc\u00fcslauku, sibullilledele leotatakse lahuses v\u00f5i pritsitakse, seej\u00e4rel pannakse v\u00e4lja. Maasikataimed, p\u00f5\u00f5saste ja puude istikud leotatakse vedelikus v\u00f5i pritsitakse ja pannakse v\u00e4lja.   <\/li><li><strong>Juurs\u00fcsteem, muld &#8211; kastke<\/strong> taime juured ja muld, vajadusel kastke uuesti.<\/li><li><strong>Ostetud konteinertaimed<\/strong>, potitaimed v\u00f5i muud mullaga juurtega taimed on soovitatav enne istutamist t\u00f6\u00f6delda ettevalmistatud lahusega.<\/li><li>T\u00f6\u00f6tlemise sagedus ja kogus on piiramatu, resistentsust ei teki.<br>Toode on s\u00f5bralik inimestele, loomadele, mesilastele ja teistele tolmeldajatele.<\/li><\/ul>\t\t\t\t\t\t\t\t<\/div>\n\t\t\t\t<\/div>\n\t\t\t\t<\/div>\n\t\t<div class=\"elementor-element elementor-element-2c15ee7b e-con-full e-flex e-con e-child\" data-id=\"2c15ee7b\" data-element_type=\"container\" data-e-type=\"container\">\n\t\t<div class=\"elementor-element elementor-element-50f9900b e-con-full e-flex e-con e-child\" data-id=\"50f9900b\" data-element_type=\"container\" data-e-type=\"container\">\n\t\t<div class=\"elementor-element elementor-element-6090cad0 e-con-full e-flex e-con e-child\" data-id=\"6090cad0\" data-element_type=\"container\" data-e-type=\"container\">\n\t\t\t\t<div class=\"elementor-element elementor-element-19576230 elementor-widget elementor-widget-video\" data-id=\"19576230\" data-element_type=\"widget\" data-e-type=\"widget\" data-settings=\"{&quot;youtube_url&quot;:&quot;https:\\\/\\\/www.youtube.com\\\/watch?v=qv3VeuNt_l0&quot;,&quot;autoplay&quot;:&quot;yes&quot;,&quot;show_image_overlay&quot;:&quot;yes&quot;,&quot;image_overlay&quot;:{&quot;url&quot;:&quot;https:\\\/\\\/bioefekts.lv\\\/wp-content\\\/uploads\\\/2025\\\/01\\\/Zemenes-Thumbnail.jpg&quot;,&quot;id&quot;:18955,&quot;size&quot;:&quot;&quot;,&quot;alt&quot;:&quot;&quot;,&quot;source&quot;:&quot;library&quot;},&quot;lightbox&quot;:&quot;yes&quot;,&quot;video_type&quot;:&quot;youtube&quot;,&quot;controls&quot;:&quot;yes&quot;}\" data-widget_type=\"video.default\">\n\t\t\t\t<div class=\"elementor-widget-container\">\n\t\t\t\t\t\t\t<div class=\"elementor-wrapper elementor-open-lightbox\">\n\t\t\t\t\t\t\t<div class=\"elementor-custom-embed-image-overlay\" data-elementor-open-lightbox=\"yes\" data-elementor-lightbox=\"{&quot;type&quot;:&quot;video&quot;,&quot;videoType&quot;:&quot;youtube&quot;,&quot;url&quot;:&quot;https:\\\/\\\/www.youtube.com\\\/embed\\\/qv3VeuNt_l0?feature=oembed&amp;start&amp;end&amp;wmode=opaque&amp;loop=0&amp;controls=1&amp;mute=0&amp;rel=0&amp;cc_load_policy=0&quot;,&quot;autoplay&quot;:&quot;yes&quot;,&quot;modalOptions&quot;:{&quot;id&quot;:&quot;elementor-lightbox-19576230&quot;,&quot;entranceAnimation&quot;:&quot;&quot;,&quot;entranceAnimation_tablet&quot;:&quot;&quot;,&quot;entranceAnimation_mobile&quot;:&quot;&quot;,&quot;videoAspectRatio&quot;:&quot;169&quot;}}\" data-e-action-hash=\"#elementor-action%3Aaction%3Dlightbox%26settings%3DeyJ0eXBlIjoidmlkZW8iLCJ2aWRlb1R5cGUiOiJ5b3V0dWJlIiwidXJsIjoiaHR0cHM6XC9cL3d3dy55b3V0dWJlLmNvbVwvZW1iZWRcL3F2M1ZldU50X2wwP2ZlYXR1cmU9b2VtYmVkJnN0YXJ0JmVuZCZ3bW9kZT1vcGFxdWUmbG9vcD0wJmNvbnRyb2xzPTEmbXV0ZT0wJnJlbD0wJmNjX2xvYWRfcG9saWN5PTAiLCJhdXRvcGxheSI6InllcyIsIm1vZGFsT3B0aW9ucyI6eyJpZCI6ImVsZW1lbnRvci1saWdodGJveC0xOTU3NjIzMCIsImVudHJhbmNlQW5pbWF0aW9uIjoiIiwiZW50cmFuY2VBbmltYXRpb25fdGFibGV0IjoiIiwiZW50cmFuY2VBbmltYXRpb25fbW9iaWxlIjoiIiwidmlkZW9Bc3BlY3RSYXRpbyI6IjE2OSJ9fQ%3D%3D\">\n\t\t\t\t\t\t\t\t\t\t\t<img loading=\"lazy\" decoding=\"async\" width=\"600\" height=\"338\" src=\"https:\/\/bioefekts.lv\/wp-content\/uploads\/2025\/01\/Zemenes-Thumbnail.jpg\" class=\"attachment-full size-full wp-image-18955 wvs-archive-product-image\" alt=\"st\u0101dam zemenes\" srcset=\"https:\/\/bioefekts.lv\/wp-content\/uploads\/2025\/01\/Zemenes-Thumbnail.jpg 600w, https:\/\/bioefekts.lv\/wp-content\/uploads\/2025\/01\/Zemenes-Thumbnail-430x242.jpg 430w, https:\/\/bioefekts.lv\/wp-content\/uploads\/2025\/01\/Zemenes-Thumbnail-150x85.jpg 150w, https:\/\/bioefekts.lv\/wp-content\/uploads\/2025\/01\/Zemenes-Thumbnail-400x225.jpg 400w\" sizes=\"auto, (max-width: 600px) 100vw, 600px\" \/>\t\t\t\t\t\t\t\t\t\t\t\t\t\t\t\t<div class=\"elementor-custom-embed-play\" role=\"button\" aria-label=\"Play Video\" tabindex=\"0\">\n\t\t\t\t\t\t\t<svg aria-hidden=\"true\" class=\"e-font-icon-svg e-eicon-play\" viewBox=\"0 0 1000 1000\" xmlns=\"http:\/\/www.w3.org\/2000\/svg\"><path d=\"M838 162C746 71 633 25 500 25 371 25 258 71 163 162 71 254 25 367 25 500 25 633 71 746 163 837 254 929 367 979 500 979 633 979 746 933 838 837 929 746 975 633 975 500 975 367 929 254 838 162M808 192C892 279 933 379 933 500 933 621 892 725 808 808 725 892 621 938 500 938 379 938 279 896 196 808 113 725 67 621 67 500 67 379 108 279 196 192 279 108 383 62 500 62 621 62 721 108 808 192M438 392V642L642 517 438 392Z\"><\/path><\/svg>\t\t\t\t\t\t<\/div>\n\t\t\t\t\t\t\t\t\t<\/div>\n\t\t\t\t\t<\/div>\n\t\t\t\t\t\t<\/div>\n\t\t\t\t<\/div>\n\t\t\t\t<\/div>\n\t\t<div class=\"elementor-element elementor-element-394be25b e-con-full e-flex e-con e-child\" data-id=\"394be25b\" data-element_type=\"container\" data-e-type=\"container\">\n\t\t<a class=\"elementor-element elementor-element-460aed97 e-con-full e-flex e-con e-child\" data-id=\"460aed97\" data-element_type=\"container\" data-e-type=\"container\" data-settings=\"{&quot;background_background&quot;:&quot;classic&quot;}\" href=\"#elementor-action%3Aaction%3Dlightbox%26settings%3DeyJ0eXBlIjoidmlkZW8iLCJ2aWRlb1R5cGUiOiJ5b3V0dWJlIiwidXJsIjoiaHR0cHM6XC9cL3d3dy55b3V0dWJlLmNvbVwvZW1iZWRcL3F2M1ZldU50X2wwP2ZlYXR1cmU9b2VtYmVkIn0%3D\">\n\t\t\t\t<div class=\"elementor-element elementor-element-26a08be3 elementor-widget elementor-widget-heading\" data-id=\"26a08be3\" data-element_type=\"widget\" data-e-type=\"widget\" data-widget_type=\"heading.default\">\n\t\t\t\t<div class=\"elementor-widget-container\">\n\t\t\t\t\t<p class=\"elementor-heading-title elementor-size-default\">Video \u00f5petus, kuidas istutada Maasikatele Bacilons<\/p>\t\t\t\t<\/div>\n\t\t\t\t<\/div>\n\t\t\t\t<\/a>\n\t\t\t\t<\/div>\n\t\t\t\t<\/div>\n\t\t<div class=\"elementor-element elementor-element-71ed2dfd e-con-full e-flex e-con e-child\" data-id=\"71ed2dfd\" data-element_type=\"container\" data-e-type=\"container\">\n\t\t<div class=\"elementor-element elementor-element-37d62d98 e-con-full e-flex e-con e-child\" data-id=\"37d62d98\" data-element_type=\"container\" data-e-type=\"container\">\n\t\t\t\t<\/div>\n\t\t<div class=\"elementor-element elementor-element-4bff1b7c e-con-full e-flex e-con e-child\" data-id=\"4bff1b7c\" data-element_type=\"container\" data-e-type=\"container\">\n\t\t\t\t<\/div>\n\t\t\t\t<\/div>\n\t\t<div class=\"elementor-element elementor-element-5649e7d2 e-con-full e-flex e-con e-child\" data-id=\"5649e7d2\" data-element_type=\"container\" data-e-type=\"container\">\n\t\t<div class=\"elementor-element elementor-element-6e2a892d e-con-full e-flex e-con e-child\" data-id=\"6e2a892d\" data-element_type=\"container\" data-e-type=\"container\">\n\t\t\t\t<\/div>\n\t\t<div class=\"elementor-element elementor-element-5b0225d6 e-con-full e-flex e-con e-child\" data-id=\"5b0225d6\" data-element_type=\"container\" data-e-type=\"container\">\n\t\t\t\t<\/div>\n\t\t\t\t<\/div>\n\t\t<div class=\"elementor-element elementor-element-14d11f86 e-con-full e-flex e-con e-child\" data-id=\"14d11f86\" data-element_type=\"container\" data-e-type=\"container\">\n\t\t<div class=\"elementor-element elementor-element-6ac5a854 e-con-full e-flex e-con e-child\" data-id=\"6ac5a854\" data-element_type=\"container\" data-e-type=\"container\">\n\t\t\t\t<\/div>\n\t\t<div class=\"elementor-element elementor-element-63cb27cf e-con-full e-flex e-con e-child\" data-id=\"63cb27cf\" data-element_type=\"container\" data-e-type=\"container\">\n\t\t\t\t<\/div>\n\t\t\t\t<\/div>\n\t\t\t\t<\/div>\n\t\t\t\t\t<\/div>\n\t\t\t\t<\/div>\n\t\t<div class=\"wd-negative-gap elementor-element elementor-element-4d6f5067 e-flex e-con-boxed e-con e-parent\" data-id=\"4d6f5067\" data-element_type=\"container\" data-e-type=\"container\">\n\t\t\t\t\t<div class=\"e-con-inner\">\n\t\t\t\t<div class=\"elementor-element elementor-element-1aba39b4 elementor-widget elementor-widget-wd_text_block\" data-id=\"1aba39b4\" data-element_type=\"widget\" data-e-type=\"widget\" data-widget_type=\"wd_text_block.default\">\n\t\t\t\t<div class=\"elementor-widget-container\">\n\t\t\t\t\t\t\t<div class=\"wd-text-block reset-last-child text-left\">\n\t\t\t\n\t\t\t<h2><strong>Kasutage j\u00e4rgmiselt<\/strong><\/h2>\n\t\t\t\t\t<\/div>\n\t\t\t\t\t\t<\/div>\n\t\t\t\t<\/div>\n\t\t\t\t\t<\/div>\n\t\t\t\t<\/div>\n\t\t<div class=\"wd-negative-gap elementor-element elementor-element-3a12eea1 e-grid e-con-boxed e-con e-parent\" data-id=\"3a12eea1\" data-element_type=\"container\" data-e-type=\"container\">\n\t\t\t\t\t<div class=\"e-con-inner\">\n\t\t\t\t<div class=\"elementor-element elementor-element-5076075a elementor-position-top elementor-widget elementor-widget-image-box\" data-id=\"5076075a\" data-element_type=\"widget\" data-e-type=\"widget\" data-widget_type=\"image-box.default\">\n\t\t\t\t<div class=\"elementor-widget-container\">\n\t\t\t\t\t<div class=\"elementor-image-box-wrapper\"><figure class=\"elementor-image-box-img\"><img loading=\"lazy\" decoding=\"async\" width=\"522\" height=\"494\" src=\"https:\/\/bioefekts.lv\/wp-content\/uploads\/2025\/01\/instruction-5.png\" class=\"attachment-full size-full wp-image-19279 wvs-archive-product-image\" alt=\"bioefekta produkti atjauno augsni\" srcset=\"https:\/\/bioefekts.lv\/wp-content\/uploads\/2025\/01\/instruction-5.png 522w, https:\/\/bioefekts.lv\/wp-content\/uploads\/2025\/01\/instruction-5-430x407.png 430w, https:\/\/bioefekts.lv\/wp-content\/uploads\/2025\/01\/instruction-5-150x142.png 150w, https:\/\/bioefekts.lv\/wp-content\/uploads\/2025\/01\/instruction-5-317x300.png 317w\" sizes=\"auto, (max-width: 522px) 100vw, 522px\" \/><\/figure><div class=\"elementor-image-box-content\"><h3 class=\"elementor-image-box-title\">Mulla parandamine<\/h3><p class=\"elementor-image-box-description\">enne k\u00fclvi pritsige v\u00f5i valage ettevalmistatud lahus mullale ja lisage v\u00e4etis 10-15 cm s\u00fcgavusele.<\/p><\/div><\/div>\t\t\t\t<\/div>\n\t\t\t\t<\/div>\n\t\t\t\t<div class=\"elementor-element elementor-element-15b9b871 elementor-position-top elementor-widget elementor-widget-image-box\" data-id=\"15b9b871\" data-element_type=\"widget\" data-e-type=\"widget\" data-widget_type=\"image-box.default\">\n\t\t\t\t<div class=\"elementor-widget-container\">\n\t\t\t\t\t<div class=\"elementor-image-box-wrapper\"><figure class=\"elementor-image-box-img\"><img loading=\"lazy\" decoding=\"async\" width=\"522\" height=\"494\" src=\"https:\/\/bioefekts.lv\/wp-content\/uploads\/2025\/01\/Instruction-Spray-1.png\" class=\"attachment-full size-full wp-image-19271 wvs-archive-product-image\" alt=\"bioefekta products apstr\u0101d\u0101 augu\" srcset=\"https:\/\/bioefekts.lv\/wp-content\/uploads\/2025\/01\/Instruction-Spray-1.png 522w, https:\/\/bioefekts.lv\/wp-content\/uploads\/2025\/01\/Instruction-Spray-1-430x407.png 430w, https:\/\/bioefekts.lv\/wp-content\/uploads\/2025\/01\/Instruction-Spray-1-150x142.png 150w, https:\/\/bioefekts.lv\/wp-content\/uploads\/2025\/01\/Instruction-Spray-1-317x300.png 317w\" sizes=\"auto, (max-width: 522px) 100vw, 522px\" \/><\/figure><div class=\"elementor-image-box-content\"><h3 class=\"elementor-image-box-title\">K\u00fclvi ajal<\/h3><p class=\"elementor-image-box-description\">seemned pritsitakse v\u00f5i j\u00e4medad seemned leotatakse ettevalmistatud lahuses ja seej\u00e4rel k\u00fclvatakse, k\u00fclvikorvi pandud seemneid v\u00f5ib pritsida.<\/p><\/div><\/div>\t\t\t\t<\/div>\n\t\t\t\t<\/div>\n\t\t\t\t<div class=\"elementor-element elementor-element-51db6cb1 elementor-position-top elementor-widget elementor-widget-image-box\" data-id=\"51db6cb1\" data-element_type=\"widget\" data-e-type=\"widget\" data-widget_type=\"image-box.default\">\n\t\t\t\t<div class=\"elementor-widget-container\">\n\t\t\t\t\t<div class=\"elementor-image-box-wrapper\"><figure class=\"elementor-image-box-img\"><img loading=\"lazy\" decoding=\"async\" width=\"522\" height=\"494\" src=\"https:\/\/bioefekts.lv\/wp-content\/uploads\/2025\/02\/instruction-Lejkanna.png\" class=\"attachment-full size-full wp-image-19287 wvs-archive-product-image\" alt=\"bioefekta produkts apstr\u0101d\u0101 augu\" srcset=\"https:\/\/bioefekts.lv\/wp-content\/uploads\/2025\/02\/instruction-Lejkanna.png 522w, https:\/\/bioefekts.lv\/wp-content\/uploads\/2025\/02\/instruction-Lejkanna-430x407.png 430w, https:\/\/bioefekts.lv\/wp-content\/uploads\/2025\/02\/instruction-Lejkanna-150x142.png 150w, https:\/\/bioefekts.lv\/wp-content\/uploads\/2025\/02\/instruction-Lejkanna-317x300.png 317w\" sizes=\"auto, (max-width: 522px) 100vw, 522px\" \/><\/figure><div class=\"elementor-image-box-content\"><h3 class=\"elementor-image-box-title\">Taimede istutamine<\/h3><p class=\"elementor-image-box-description\">paljasjuursed istikud leotatakse lahuses, seej\u00e4rel pannakse v\u00e4lja. Mullaga kaetud juurepalliga istikud istutatakse ja kastetakse ettevalmistatud lahusega, hoides mulda niiskena.  Kandke 2-3 korda hooaja jooksul uuesti.<\/p><\/div><\/div>\t\t\t\t<\/div>\n\t\t\t\t<\/div>\n\t\t\t\t<div class=\"elementor-element elementor-element-44131f64 elementor-position-top elementor-widget elementor-widget-image-box\" data-id=\"44131f64\" data-element_type=\"widget\" data-e-type=\"widget\" data-widget_type=\"image-box.default\">\n\t\t\t\t<div class=\"elementor-widget-container\">\n\t\t\t\t\t<div class=\"elementor-image-box-wrapper\"><figure class=\"elementor-image-box-img\"><img loading=\"lazy\" decoding=\"async\" width=\"522\" height=\"494\" src=\"https:\/\/bioefekts.lv\/wp-content\/uploads\/2025\/01\/Usage-instruction-4.png\" class=\"attachment-full size-full wp-image-18947 wvs-archive-product-image\" alt=\"St\u0101ds aug\" srcset=\"https:\/\/bioefekts.lv\/wp-content\/uploads\/2025\/01\/Usage-instruction-4.png 522w, https:\/\/bioefekts.lv\/wp-content\/uploads\/2025\/01\/Usage-instruction-4-430x407.png 430w, https:\/\/bioefekts.lv\/wp-content\/uploads\/2025\/01\/Usage-instruction-4-150x142.png 150w, https:\/\/bioefekts.lv\/wp-content\/uploads\/2025\/01\/Usage-instruction-4-317x300.png 317w\" sizes=\"auto, (max-width: 522px) 100vw, 522px\" \/><\/figure><div class=\"elementor-image-box-content\"><h3 class=\"elementor-image-box-title\">Tulemus<\/h3><p class=\"elementor-image-box-description\">Taim on eluj\u00f5uline, \u00f5itseb suurep\u00e4raselt ja annab rikkaliku saagi, mis on rikas oluliste toitainete poolest.<\/p><\/div><\/div>\t\t\t\t<\/div>\n\t\t\t\t<\/div>\n\t\t\t\t\t<\/div>\n\t\t\t\t<\/div>\n\t\t<div class=\"elementor-element elementor-element-1cb2f36f e-flex e-con-boxed e-con e-parent\" data-id=\"1cb2f36f\" data-element_type=\"container\" data-e-type=\"container\">\n\t\t\t\t\t<div class=\"e-con-inner\">\n\t\t\t\t\t<\/div>\n\t\t\t\t<\/div>\n\t\t\t\t<\/div>\n\t\t","protected":false},"excerpt":{"rendered":"<ul style=\"text-align: left;padding-left: 0;margin-left: 0\">\n<li style=\"margin-left: 30px\">Tugevdab taimi kahjurite leviku ajal<\/li>\n<li style=\"margin-left: 30px\">Optimeerib elusorganismide mitmekesisust<\/li>\n<li style=\"margin-left: 30px\">Parandab taime v\u00f5imet vastu seista ebasoodsatele keskkonnatingimustele.<\/li>\n<li style=\"margin-left: 30px\">Suurendab taimede immuunsust<\/li>\n<li style=\"margin-left: 30px\">Parandab taimede kasvu ja toitainete ringlust<\/li>\n<\/ul>\n","protected":false},"featured_media":18751,"comment_status":"open","ping_status":"closed","template":"","meta":{"om_disable_all_campaigns":false,"_monsterinsights_skip_tracking":false,"_monsterinsights_sitenote_active":false,"_monsterinsights_sitenote_note":"","_monsterinsights_sitenote_category":0},"product_brand":[],"product_cat":[234,303,246,247,248],"product_tag":[],"class_list":{"0":"post-20415","1":"product","2":"type-product","3":"status-publish","4":"has-post-thumbnail","6":"product_cat-aia-jaoks","7":"product_cat-bacilons-et","8":"product_cat-kasvuhoonetele","9":"product_cat-sonajalgade-jaoks","10":"product_cat-toataimedele","12":"first","13":"instock","14":"shipping-taxable","15":"purchasable","16":"product-type-variable","17":"has-default-attributes","18":"wvs-archive-product-wrapper"},"aioseo_notices":[],"_links":{"self":[{"href":"https:\/\/bioefekts.lv\/et\/wp-json\/wp\/v2\/product\/20415","targetHints":{"allow":["GET"]}}],"collection":[{"href":"https:\/\/bioefekts.lv\/et\/wp-json\/wp\/v2\/product"}],"about":[{"href":"https:\/\/bioefekts.lv\/et\/wp-json\/wp\/v2\/types\/product"}],"replies":[{"embeddable":true,"href":"https:\/\/bioefekts.lv\/et\/wp-json\/wp\/v2\/comments?post=20415"}],"version-history":[{"count":0,"href":"https:\/\/bioefekts.lv\/et\/wp-json\/wp\/v2\/product\/20415\/revisions"}],"wp:featuredmedia":[{"embeddable":true,"href":"https:\/\/bioefekts.lv\/et\/wp-json\/wp\/v2\/media\/18751"}],"wp:attachment":[{"href":"https:\/\/bioefekts.lv\/et\/wp-json\/wp\/v2\/media?parent=20415"}],"wp:term":[{"taxonomy":"product_brand","embeddable":true,"href":"https:\/\/bioefekts.lv\/et\/wp-json\/wp\/v2\/product_brand?post=20415"},{"taxonomy":"product_cat","embeddable":true,"href":"https:\/\/bioefekts.lv\/et\/wp-json\/wp\/v2\/product_cat?post=20415"},{"taxonomy":"product_tag","embeddable":true,"href":"https:\/\/bioefekts.lv\/et\/wp-json\/wp\/v2\/product_tag?post=20415"}],"curies":[{"name":"wp","href":"https:\/\/api.w.org\/{rel}","templated":true}]}}