{"id":20356,"date":"2024-07-25T14:42:36","date_gmt":"2024-07-25T14:42:36","guid":{"rendered":"https:\/\/bioefekts.lv\/product\/azotobakteriin-vedel-kontsentraat\/"},"modified":"2025-03-05T13:35:44","modified_gmt":"2025-03-05T13:35:44","slug":"azotobakteriin-vedel-kontsentraat","status":"publish","type":"product","link":"https:\/\/bioefekts.lv\/et\/toode\/azotobakteriin-vedel-kontsentraat\/","title":{"rendered":"Azotobacter &#8211; vedel kontsentraat"},"content":{"rendered":"\t\t<div data-elementor-type=\"product-post\" data-elementor-id=\"20356\" class=\"elementor elementor-20356 elementor-16110\" data-elementor-post-type=\"product\">\n\t\t\t\t<div class=\"elementor-element elementor-element-33fa2062 e-flex e-con-boxed e-con e-parent\" data-id=\"33fa2062\" data-element_type=\"container\" data-e-type=\"container\">\n\t\t\t\t\t<div class=\"e-con-inner\">\n\t\t<div class=\"elementor-element elementor-element-6903f168 e-con-full e-flex e-con e-child\" data-id=\"6903f168\" data-element_type=\"container\" data-e-type=\"container\">\n\t\t\t\t<div class=\"elementor-element elementor-element-4356fe65 color-scheme-inherit text-left elementor-widget elementor-widget-text-editor\" data-id=\"4356fe65\" data-element_type=\"widget\" data-e-type=\"widget\" data-widget_type=\"text-editor.default\">\n\t\t\t\t<div class=\"elementor-widget-container\">\n\t\t\t\t\t\t\t\t\t<p><strong>Azotobacter fikseerib<\/strong> \u00f5hul\u00e4mmastikku, teeb selle taimedele k\u00e4ttesaadavaks ja suurendab mulla viljakust. V\u00e4etis parandab taimede ainevahetust, kiirendab juurte ja varte kasvu ning soodustab rohelise massi moodustumist. V\u00e4etis tugevdab taimede immuunsust ja soodustab edukat talvitumist.<br>Azotobakteriin on mikrobioloogiline v\u00e4etis, mis sisaldab mikroorganisme liigist Azotobacter sp., mis osalevad aktiivselt l\u00e4mmastiku par-value protsessides. Bakterid elavad vabalt mullas, seovad \u00f5hul\u00e4mmastikku ja muudavad selle \u00fchenditeks, mida taimed saavad kasutada (v\u00f5ib kasutada umbes 20-40 kg\/ha). V\u00e4etis soodustab taimekasvu ja kasulikke mikroorganisme, mis konkureerivad patogeensete mikroorganismidega toitainete ja ruumi p\u00e4rast, parandavad mulla kvaliteeti ja suurendavad oluliselt saagikust.<br>Microbial Preperate&#8217;i v\u00f5ib kasutada k\u00f5ikide kultuuride, sealhulgas teravilja, K\u00f6\u00f6giviljadele, kartuli, dekoratiivsete kultuuride, viljapuude, marjade ja Maasikatele.     <\/p><p><strong>T\u00c4HELEPANU<\/strong><\/p><ul><li><p>V\u00e4etis on lubatud kasutada mahep\u00f5llumajanduses vastavalt Euroopa Komisjoni m\u00e4\u00e4rusele 2021\/1165.<\/p><\/li><li>Piisav mulla niiskus ja soojus (+15\u00b0 kuni +25\u00b0 C) suurendavad t\u00f5husust.<\/li><li>Kasutamine \u00fcle etten\u00e4htud Annust ei kahjusta taimi, inimesi, loomi ega keskkonda.<\/li><li>K\u00f5iki mikroobiv\u00e4etisi saab omavahel kombineerida.<\/li><li>Ravimise ja saagikoristuse vahel ei ole ooteaega.<\/li><\/ul><p><strong>S\u00c4ILITAMINE<\/strong><br>Preparaati tuleb s\u00e4ilitada pimedas ja jahedas kohas (+3\u00b0 kuni +10\u00b0C), p\u00e4ikesevalguse eest kaitstult, originaalpakendis. S\u00e4ilivusaeg &#8211; 3 kuud alates tootmiskuup\u00e4evast, vt etikett. <\/p>\t\t\t\t\t\t\t\t<\/div>\n\t\t\t\t<\/div>\n\t\t\t\t<\/div>\n\t\t<div class=\"elementor-element elementor-element-2c0ff196 e-con-full e-flex e-con e-child\" data-id=\"2c0ff196\" data-element_type=\"container\" data-e-type=\"container\" data-settings=\"{&quot;background_background&quot;:&quot;classic&quot;}\">\n\t\t\t\t<div class=\"elementor-element elementor-element-752f9d30 elementor-widget elementor-widget-heading\" data-id=\"752f9d30\" data-element_type=\"widget\" data-e-type=\"widget\" data-widget_type=\"heading.default\">\n\t\t\t\t<div class=\"elementor-widget-container\">\n\t\t\t\t\t<h3 class=\"elementor-heading-title elementor-size-default\">Annust<\/h3>\t\t\t\t<\/div>\n\t\t\t\t<\/div>\n\t\t\t\t<div class=\"elementor-element elementor-element-17f79d51 elementor-widget elementor-widget-wd_text_block\" data-id=\"17f79d51\" data-element_type=\"widget\" data-e-type=\"widget\" data-widget_type=\"wd_text_block.default\">\n\t\t\t\t<div class=\"elementor-widget-container\">\n\t\t\t\t\t\t\t<div class=\"wd-text-block reset-last-child text-left\">\n\t\t\t\n\t\t\t<p>1l\/ 200m\u00b2<br>5l\/ 1000m\u00b2<\/p><p>Ammendatud muldadel suurendatakse Annust 2-3 korda.<br>M\u00e4\u00e4ratud annust suurem kasutamine ei kahjusta taimi, inimesi, loomi ega keskkonda ega p\u00f5hjusta resistentsuse teket.<\/p><p><strong>S\u00e4ilivusaeg<\/strong>: avamata - 3 kuud, valmistatud lahus tuleb kohe \u00e4ra kasutada.<\/p>\n\t\t\t\t\t<\/div>\n\t\t\t\t\t\t<\/div>\n\t\t\t\t<\/div>\n\t\t\t\t<\/div>\n\t\t\t\t\t<\/div>\n\t\t\t\t<\/div>\n\t\t<div class=\"wd-negative-gap elementor-element elementor-element-140a8ba5 e-flex e-con-boxed e-con e-parent\" data-id=\"140a8ba5\" data-element_type=\"container\" data-e-type=\"container\">\n\t\t\t\t\t<div class=\"e-con-inner\">\n\t\t\t\t<div class=\"elementor-element elementor-element-6203719f elementor-widget elementor-widget-heading\" data-id=\"6203719f\" data-element_type=\"widget\" data-e-type=\"widget\" data-widget_type=\"heading.default\">\n\t\t\t\t<div class=\"elementor-widget-container\">\n\t\t\t\t\t<h3 class=\"elementor-heading-title elementor-size-default\">Kasutage<\/h3>\t\t\t\t<\/div>\n\t\t\t\t<\/div>\n\t\t\t\t\t<\/div>\n\t\t\t\t<\/div>\n\t\t<div class=\"wd-negative-gap elementor-element elementor-element-433f7ae4 e-flex e-con-boxed e-con e-parent\" data-id=\"433f7ae4\" data-element_type=\"container\" data-e-type=\"container\">\n\t\t\t\t\t<div class=\"e-con-inner\">\n\t\t<div class=\"elementor-element elementor-element-7ea68ca7 e-con-full e-flex e-con e-child\" data-id=\"7ea68ca7\" data-element_type=\"container\" data-e-type=\"container\">\n\t\t\t\t<div class=\"elementor-element elementor-element-284c8a17 color-scheme-inherit text-left elementor-widget elementor-widget-text-editor\" data-id=\"284c8a17\" data-element_type=\"widget\" data-e-type=\"widget\" data-widget_type=\"text-editor.default\">\n\t\t\t\t<div class=\"elementor-widget-container\">\n\t\t\t\t\t\t\t\t\t<ul><li><strong>Mullaparandus<\/strong> &#8211; ettevalmistatud lahus pihustatakse pinnasesse ja t\u00f6\u00f6deldakse 10-15 cm pealispinnale. Lahuse valmistamiseks kasutatavast veest peab piisama, et preparaati oleks v\u00f5imalik pihustada etten\u00e4htud alale. <\/li><li><strong>Seemnet\u00f6\u00f6tlus<\/strong> &#8211; seemned pritsitakse ja k\u00fclvatakse.<\/li><li><strong>Istutamine<\/strong> &#8211; paljasjuursete taimede juured pritsitakse v\u00f5i leotatakse lahuses (100 ml\/1 l vett) ja pannakse v\u00e4lja. <br> Eelmisel hooajal istutatud taimi on soovitatav kevadel Azotobakteriin&#8217;i lahusega t\u00f6\u00f6delda ja pritsida.<br>Toode on s\u00f5bralik inimesele, loomadele, mesilastele ja teistele tolmeldajatele. <\/li><\/ul>\t\t\t\t\t\t\t\t<\/div>\n\t\t\t\t<\/div>\n\t\t\t\t<\/div>\n\t\t<div class=\"elementor-element elementor-element-e16b7fd e-con-full e-flex e-con e-child\" data-id=\"e16b7fd\" data-element_type=\"container\" data-e-type=\"container\">\n\t\t<div class=\"elementor-element elementor-element-1478f54b e-con-full e-flex e-con e-child\" data-id=\"1478f54b\" data-element_type=\"container\" data-e-type=\"container\">\n\t\t<div class=\"elementor-element elementor-element-64eec74e e-con-full e-flex e-con e-child\" data-id=\"64eec74e\" data-element_type=\"container\" data-e-type=\"container\">\n\t\t\t\t<div class=\"elementor-element elementor-element-5947e78a elementor-widget elementor-widget-video\" data-id=\"5947e78a\" data-element_type=\"widget\" data-e-type=\"widget\" data-settings=\"{&quot;youtube_url&quot;:&quot;https:\\\/\\\/www.youtube.com\\\/watch?v=qv3VeuNt_l0&quot;,&quot;autoplay&quot;:&quot;yes&quot;,&quot;show_image_overlay&quot;:&quot;yes&quot;,&quot;image_overlay&quot;:{&quot;url&quot;:&quot;https:\\\/\\\/bioefekts.lv\\\/wp-content\\\/uploads\\\/2025\\\/01\\\/Zemenes-Thumbnail.jpg&quot;,&quot;id&quot;:18955,&quot;size&quot;:&quot;&quot;,&quot;alt&quot;:&quot;&quot;,&quot;source&quot;:&quot;library&quot;},&quot;lightbox&quot;:&quot;yes&quot;,&quot;video_type&quot;:&quot;youtube&quot;,&quot;controls&quot;:&quot;yes&quot;}\" data-widget_type=\"video.default\">\n\t\t\t\t<div class=\"elementor-widget-container\">\n\t\t\t\t\t\t\t<div class=\"elementor-wrapper elementor-open-lightbox\">\n\t\t\t\t\t\t\t<div class=\"elementor-custom-embed-image-overlay\" data-elementor-open-lightbox=\"yes\" data-elementor-lightbox=\"{&quot;type&quot;:&quot;video&quot;,&quot;videoType&quot;:&quot;youtube&quot;,&quot;url&quot;:&quot;https:\\\/\\\/www.youtube.com\\\/embed\\\/qv3VeuNt_l0?feature=oembed&amp;start&amp;end&amp;wmode=opaque&amp;loop=0&amp;controls=1&amp;mute=0&amp;rel=0&amp;cc_load_policy=0&quot;,&quot;autoplay&quot;:&quot;yes&quot;,&quot;modalOptions&quot;:{&quot;id&quot;:&quot;elementor-lightbox-5947e78a&quot;,&quot;entranceAnimation&quot;:&quot;&quot;,&quot;entranceAnimation_tablet&quot;:&quot;&quot;,&quot;entranceAnimation_mobile&quot;:&quot;&quot;,&quot;videoAspectRatio&quot;:&quot;169&quot;}}\" data-e-action-hash=\"#elementor-action%3Aaction%3Dlightbox%26settings%3DeyJ0eXBlIjoidmlkZW8iLCJ2aWRlb1R5cGUiOiJ5b3V0dWJlIiwidXJsIjoiaHR0cHM6XC9cL3d3dy55b3V0dWJlLmNvbVwvZW1iZWRcL3F2M1ZldU50X2wwP2ZlYXR1cmU9b2VtYmVkJnN0YXJ0JmVuZCZ3bW9kZT1vcGFxdWUmbG9vcD0wJmNvbnRyb2xzPTEmbXV0ZT0wJnJlbD0wJmNjX2xvYWRfcG9saWN5PTAiLCJhdXRvcGxheSI6InllcyIsIm1vZGFsT3B0aW9ucyI6eyJpZCI6ImVsZW1lbnRvci1saWdodGJveC01OTQ3ZTc4YSIsImVudHJhbmNlQW5pbWF0aW9uIjoiIiwiZW50cmFuY2VBbmltYXRpb25fdGFibGV0IjoiIiwiZW50cmFuY2VBbmltYXRpb25fbW9iaWxlIjoiIiwidmlkZW9Bc3BlY3RSYXRpbyI6IjE2OSJ9fQ%3D%3D\">\n\t\t\t\t\t\t\t\t\t\t\t<img loading=\"lazy\" decoding=\"async\" width=\"600\" height=\"338\" src=\"https:\/\/bioefekts.lv\/wp-content\/uploads\/2025\/01\/Zemenes-Thumbnail.jpg\" class=\"attachment-full size-full wp-image-18955 wvs-archive-product-image\" alt=\"st\u0101dam zemenes\" srcset=\"https:\/\/bioefekts.lv\/wp-content\/uploads\/2025\/01\/Zemenes-Thumbnail.jpg 600w, https:\/\/bioefekts.lv\/wp-content\/uploads\/2025\/01\/Zemenes-Thumbnail-430x242.jpg 430w, https:\/\/bioefekts.lv\/wp-content\/uploads\/2025\/01\/Zemenes-Thumbnail-150x85.jpg 150w, https:\/\/bioefekts.lv\/wp-content\/uploads\/2025\/01\/Zemenes-Thumbnail-400x225.jpg 400w\" sizes=\"auto, (max-width: 600px) 100vw, 600px\" \/>\t\t\t\t\t\t\t\t\t\t\t\t\t\t\t\t<div class=\"elementor-custom-embed-play\" role=\"button\" aria-label=\"Play Video\" tabindex=\"0\">\n\t\t\t\t\t\t\t<svg aria-hidden=\"true\" class=\"e-font-icon-svg e-eicon-play\" viewBox=\"0 0 1000 1000\" xmlns=\"http:\/\/www.w3.org\/2000\/svg\"><path d=\"M838 162C746 71 633 25 500 25 371 25 258 71 163 162 71 254 25 367 25 500 25 633 71 746 163 837 254 929 367 979 500 979 633 979 746 933 838 837 929 746 975 633 975 500 975 367 929 254 838 162M808 192C892 279 933 379 933 500 933 621 892 725 808 808 725 892 621 938 500 938 379 938 279 896 196 808 113 725 67 621 67 500 67 379 108 279 196 192 279 108 383 62 500 62 621 62 721 108 808 192M438 392V642L642 517 438 392Z\"><\/path><\/svg>\t\t\t\t\t\t<\/div>\n\t\t\t\t\t\t\t\t\t<\/div>\n\t\t\t\t\t<\/div>\n\t\t\t\t\t\t<\/div>\n\t\t\t\t<\/div>\n\t\t\t\t<\/div>\n\t\t<div class=\"elementor-element elementor-element-531672ea e-con-full e-flex e-con e-child\" data-id=\"531672ea\" data-element_type=\"container\" data-e-type=\"container\">\n\t\t<a class=\"elementor-element elementor-element-3616d31f e-con-full e-flex e-con e-child\" data-id=\"3616d31f\" data-element_type=\"container\" data-e-type=\"container\" data-settings=\"{&quot;background_background&quot;:&quot;classic&quot;}\" href=\"#elementor-action%3Aaction%3Dlightbox%26settings%3DeyJ0eXBlIjoidmlkZW8iLCJ2aWRlb1R5cGUiOiJ5b3V0dWJlIiwidXJsIjoiaHR0cHM6XC9cL3d3dy55b3V0dWJlLmNvbVwvZW1iZWRcL3F2M1ZldU50X2wwP2ZlYXR1cmU9b2VtYmVkIn0%3D\">\n\t\t\t\t<div class=\"elementor-element elementor-element-4b7839bb elementor-widget elementor-widget-heading\" data-id=\"4b7839bb\" data-element_type=\"widget\" data-e-type=\"widget\" data-widget_type=\"heading.default\">\n\t\t\t\t<div class=\"elementor-widget-container\">\n\t\t\t\t\t<p class=\"elementor-heading-title elementor-size-default\">Video \u00f5petus, kuidas istutada Maasikatele Bacilons<\/p>\t\t\t\t<\/div>\n\t\t\t\t<\/div>\n\t\t\t\t<\/a>\n\t\t\t\t<\/div>\n\t\t\t\t<\/div>\n\t\t<div class=\"elementor-element elementor-element-42443830 e-con-full e-flex e-con e-child\" data-id=\"42443830\" data-element_type=\"container\" data-e-type=\"container\">\n\t\t<div class=\"elementor-element elementor-element-314d9bc9 e-con-full e-flex e-con e-child\" data-id=\"314d9bc9\" data-element_type=\"container\" data-e-type=\"container\">\n\t\t\t\t<\/div>\n\t\t<div class=\"elementor-element elementor-element-3ccd2293 e-con-full e-flex e-con e-child\" data-id=\"3ccd2293\" data-element_type=\"container\" data-e-type=\"container\">\n\t\t\t\t<\/div>\n\t\t\t\t<\/div>\n\t\t<div class=\"elementor-element elementor-element-98e42e3 e-con-full e-flex e-con e-child\" data-id=\"98e42e3\" data-element_type=\"container\" data-e-type=\"container\">\n\t\t<div class=\"elementor-element elementor-element-6e09bad0 e-con-full e-flex e-con e-child\" data-id=\"6e09bad0\" data-element_type=\"container\" data-e-type=\"container\">\n\t\t\t\t<\/div>\n\t\t<div class=\"elementor-element elementor-element-3c1c8a1e e-con-full e-flex e-con e-child\" data-id=\"3c1c8a1e\" data-element_type=\"container\" data-e-type=\"container\">\n\t\t\t\t<\/div>\n\t\t\t\t<\/div>\n\t\t<div class=\"elementor-element elementor-element-1d4d0f38 e-con-full e-flex e-con e-child\" data-id=\"1d4d0f38\" data-element_type=\"container\" data-e-type=\"container\">\n\t\t<div class=\"elementor-element elementor-element-6d7e9cfe e-con-full e-flex e-con e-child\" data-id=\"6d7e9cfe\" data-element_type=\"container\" data-e-type=\"container\">\n\t\t\t\t<\/div>\n\t\t<div class=\"elementor-element elementor-element-3d29698d e-con-full e-flex e-con e-child\" data-id=\"3d29698d\" data-element_type=\"container\" data-e-type=\"container\">\n\t\t\t\t<\/div>\n\t\t\t\t<\/div>\n\t\t\t\t<\/div>\n\t\t\t\t\t<\/div>\n\t\t\t\t<\/div>\n\t\t<div class=\"wd-negative-gap elementor-element elementor-element-e68e93a e-flex e-con-boxed e-con e-parent\" data-id=\"e68e93a\" data-element_type=\"container\" data-e-type=\"container\">\n\t\t\t\t\t<div class=\"e-con-inner\">\n\t\t\t\t<div class=\"elementor-element elementor-element-b16c27b elementor-widget elementor-widget-wd_text_block\" data-id=\"b16c27b\" data-element_type=\"widget\" data-e-type=\"widget\" data-widget_type=\"wd_text_block.default\">\n\t\t\t\t<div class=\"elementor-widget-container\">\n\t\t\t\t\t\t\t<div class=\"wd-text-block reset-last-child text-left\">\n\t\t\t\n\t\t\t<h2><strong>Kasutage j\u00e4rgmiselt<\/strong><\/h2>\n\t\t\t\t\t<\/div>\n\t\t\t\t\t\t<\/div>\n\t\t\t\t<\/div>\n\t\t\t\t\t<\/div>\n\t\t\t\t<\/div>\n\t\t<div class=\"wd-negative-gap elementor-element elementor-element-3f0bd923 e-grid e-con-boxed e-con e-parent\" data-id=\"3f0bd923\" data-element_type=\"container\" data-e-type=\"container\">\n\t\t\t\t\t<div class=\"e-con-inner\">\n\t\t\t\t<div class=\"elementor-element elementor-element-4f3f4f4c elementor-position-top elementor-widget elementor-widget-image-box\" data-id=\"4f3f4f4c\" data-element_type=\"widget\" data-e-type=\"widget\" data-widget_type=\"image-box.default\">\n\t\t\t\t<div class=\"elementor-widget-container\">\n\t\t\t\t\t<div class=\"elementor-image-box-wrapper\"><figure class=\"elementor-image-box-img\"><img loading=\"lazy\" decoding=\"async\" width=\"522\" height=\"494\" src=\"https:\/\/bioefekts.lv\/wp-content\/uploads\/2025\/01\/instruction-5.png\" class=\"attachment-full size-full wp-image-19279 wvs-archive-product-image\" alt=\"bioefekta produkti atjauno augsni\" srcset=\"https:\/\/bioefekts.lv\/wp-content\/uploads\/2025\/01\/instruction-5.png 522w, https:\/\/bioefekts.lv\/wp-content\/uploads\/2025\/01\/instruction-5-430x407.png 430w, https:\/\/bioefekts.lv\/wp-content\/uploads\/2025\/01\/instruction-5-150x142.png 150w, https:\/\/bioefekts.lv\/wp-content\/uploads\/2025\/01\/instruction-5-317x300.png 317w\" sizes=\"auto, (max-width: 522px) 100vw, 522px\" \/><\/figure><div class=\"elementor-image-box-content\"><h3 class=\"elementor-image-box-title\">Mulla parandamiseks<\/h3><p class=\"elementor-image-box-description\">enne k\u00fclvi pritsige v\u00f5i valage ettevalmistatud lahus mullale ja lisage v\u00e4etis 10-15 cm s\u00fcgavusele.<\/p><\/div><\/div>\t\t\t\t<\/div>\n\t\t\t\t<\/div>\n\t\t\t\t<div class=\"elementor-element elementor-element-29294873 elementor-position-top elementor-widget elementor-widget-image-box\" data-id=\"29294873\" data-element_type=\"widget\" data-e-type=\"widget\" data-widget_type=\"image-box.default\">\n\t\t\t\t<div class=\"elementor-widget-container\">\n\t\t\t\t\t<div class=\"elementor-image-box-wrapper\"><figure class=\"elementor-image-box-img\"><img loading=\"lazy\" decoding=\"async\" width=\"522\" height=\"494\" src=\"https:\/\/bioefekts.lv\/wp-content\/uploads\/2025\/01\/Instruction-Spray-1.png\" class=\"attachment-full size-full wp-image-19271 wvs-archive-product-image\" alt=\"bioefekta products apstr\u0101d\u0101 augu\" srcset=\"https:\/\/bioefekts.lv\/wp-content\/uploads\/2025\/01\/Instruction-Spray-1.png 522w, https:\/\/bioefekts.lv\/wp-content\/uploads\/2025\/01\/Instruction-Spray-1-430x407.png 430w, https:\/\/bioefekts.lv\/wp-content\/uploads\/2025\/01\/Instruction-Spray-1-150x142.png 150w, https:\/\/bioefekts.lv\/wp-content\/uploads\/2025\/01\/Instruction-Spray-1-317x300.png 317w\" sizes=\"auto, (max-width: 522px) 100vw, 522px\" \/><\/figure><div class=\"elementor-image-box-content\"><h3 class=\"elementor-image-box-title\">K\u00fclvi ajal<\/h3><p class=\"elementor-image-box-description\">seemned pritsitakse v\u00f5i j\u00e4medad seemned leotatakse ettevalmistatud lahuses ja seej\u00e4rel k\u00fclvatakse, k\u00fclvikorvi pandud seemneid v\u00f5ib pritsida.<\/p><\/div><\/div>\t\t\t\t<\/div>\n\t\t\t\t<\/div>\n\t\t\t\t<div class=\"elementor-element elementor-element-11568af7 elementor-position-top elementor-widget elementor-widget-image-box\" data-id=\"11568af7\" data-element_type=\"widget\" data-e-type=\"widget\" data-widget_type=\"image-box.default\">\n\t\t\t\t<div class=\"elementor-widget-container\">\n\t\t\t\t\t<div class=\"elementor-image-box-wrapper\"><figure class=\"elementor-image-box-img\"><img loading=\"lazy\" decoding=\"async\" width=\"522\" height=\"494\" src=\"https:\/\/bioefekts.lv\/wp-content\/uploads\/2025\/02\/instruction-Lejkanna.png\" class=\"attachment-full size-full wp-image-19287 wvs-archive-product-image\" alt=\"bioefekta produkts apstr\u0101d\u0101 augu\" srcset=\"https:\/\/bioefekts.lv\/wp-content\/uploads\/2025\/02\/instruction-Lejkanna.png 522w, https:\/\/bioefekts.lv\/wp-content\/uploads\/2025\/02\/instruction-Lejkanna-430x407.png 430w, https:\/\/bioefekts.lv\/wp-content\/uploads\/2025\/02\/instruction-Lejkanna-150x142.png 150w, https:\/\/bioefekts.lv\/wp-content\/uploads\/2025\/02\/instruction-Lejkanna-317x300.png 317w\" sizes=\"auto, (max-width: 522px) 100vw, 522px\" \/><\/figure><div class=\"elementor-image-box-content\"><h3 class=\"elementor-image-box-title\">Istutamine,<\/h3><p class=\"elementor-image-box-description\">paljasjuursed istikud leotatakse lahuses, seej\u00e4rel pannakse v\u00e4lja. Mullaga kaetud juurepalliga istikud istutatakse ja kastetakse ettevalmistatud lahusega, hoides mulda niiskena. <\/p><\/div><\/div>\t\t\t\t<\/div>\n\t\t\t\t<\/div>\n\t\t\t\t<div class=\"elementor-element elementor-element-991cfa7 elementor-position-top elementor-widget elementor-widget-image-box\" data-id=\"991cfa7\" data-element_type=\"widget\" data-e-type=\"widget\" data-widget_type=\"image-box.default\">\n\t\t\t\t<div class=\"elementor-widget-container\">\n\t\t\t\t\t<div class=\"elementor-image-box-wrapper\"><figure class=\"elementor-image-box-img\"><img loading=\"lazy\" decoding=\"async\" width=\"522\" height=\"494\" src=\"https:\/\/bioefekts.lv\/wp-content\/uploads\/2025\/01\/Usage-instruction-4.png\" class=\"attachment-full size-full wp-image-18947 wvs-archive-product-image\" alt=\"St\u0101ds aug\" srcset=\"https:\/\/bioefekts.lv\/wp-content\/uploads\/2025\/01\/Usage-instruction-4.png 522w, https:\/\/bioefekts.lv\/wp-content\/uploads\/2025\/01\/Usage-instruction-4-430x407.png 430w, https:\/\/bioefekts.lv\/wp-content\/uploads\/2025\/01\/Usage-instruction-4-150x142.png 150w, https:\/\/bioefekts.lv\/wp-content\/uploads\/2025\/01\/Usage-instruction-4-317x300.png 317w\" sizes=\"auto, (max-width: 522px) 100vw, 522px\" \/><\/figure><div class=\"elementor-image-box-content\"><h3 class=\"elementor-image-box-title\">Tulemus<\/h3><p class=\"elementor-image-box-description\">Taim on eluj\u00f5uline, \u00f5itseb suurep\u00e4raselt ja annab rikkaliku saagi, mis on rikas oluliste toitainete poolest.<\/p><\/div><\/div>\t\t\t\t<\/div>\n\t\t\t\t<\/div>\n\t\t\t\t\t<\/div>\n\t\t\t\t<\/div>\n\t\t<div class=\"elementor-element elementor-element-6b6fd496 e-flex e-con-boxed e-con e-parent\" data-id=\"6b6fd496\" data-element_type=\"container\" data-e-type=\"container\">\n\t\t\t\t\t<div class=\"e-con-inner\">\n\t\t\t\t\t<\/div>\n\t\t\t\t<\/div>\n\t\t\t\t<\/div>\n\t\t","protected":false},"excerpt":{"rendered":"<ul>\n<li style=\"text-align: left\">Bakterid fikseerivad vaba \u00f5hul\u00e4mmastikku, muutes selle \u00fchenditeks, mida taimed saavad kasutada.<\/li>\n<li style=\"text-align: left\">Soodustab taimede kasvu<\/li>\n<li style=\"text-align: left\">Parandab pinnast<\/li>\n<li style=\"text-align: left\">Suurendab saagikust<\/li>\n<\/ul>\n","protected":false},"featured_media":18979,"comment_status":"open","ping_status":"closed","template":"","meta":{"om_disable_all_campaigns":false,"_monsterinsights_skip_tracking":false,"_monsterinsights_sitenote_active":false,"_monsterinsights_sitenote_note":"","_monsterinsights_sitenote_category":0},"product_brand":[],"product_cat":[234,246,247],"product_tag":[],"class_list":{"0":"post-20356","1":"product","2":"type-product","3":"status-publish","4":"has-post-thumbnail","6":"product_cat-aia-jaoks","7":"product_cat-kasvuhoonetele","8":"product_cat-sonajalgade-jaoks","10":"first","11":"instock","12":"shipping-taxable","13":"purchasable","14":"product-type-variable","15":"has-default-attributes","16":"wvs-archive-product-wrapper"},"aioseo_notices":[],"_links":{"self":[{"href":"https:\/\/bioefekts.lv\/et\/wp-json\/wp\/v2\/product\/20356","targetHints":{"allow":["GET"]}}],"collection":[{"href":"https:\/\/bioefekts.lv\/et\/wp-json\/wp\/v2\/product"}],"about":[{"href":"https:\/\/bioefekts.lv\/et\/wp-json\/wp\/v2\/types\/product"}],"replies":[{"embeddable":true,"href":"https:\/\/bioefekts.lv\/et\/wp-json\/wp\/v2\/comments?post=20356"}],"version-history":[{"count":0,"href":"https:\/\/bioefekts.lv\/et\/wp-json\/wp\/v2\/product\/20356\/revisions"}],"wp:featuredmedia":[{"embeddable":true,"href":"https:\/\/bioefekts.lv\/et\/wp-json\/wp\/v2\/media\/18979"}],"wp:attachment":[{"href":"https:\/\/bioefekts.lv\/et\/wp-json\/wp\/v2\/media?parent=20356"}],"wp:term":[{"taxonomy":"product_brand","embeddable":true,"href":"https:\/\/bioefekts.lv\/et\/wp-json\/wp\/v2\/product_brand?post=20356"},{"taxonomy":"product_cat","embeddable":true,"href":"https:\/\/bioefekts.lv\/et\/wp-json\/wp\/v2\/product_cat?post=20356"},{"taxonomy":"product_tag","embeddable":true,"href":"https:\/\/bioefekts.lv\/et\/wp-json\/wp\/v2\/product_tag?post=20356"}],"curies":[{"name":"wp","href":"https:\/\/api.w.org\/{rel}","templated":true}]}}