{"id":20341,"date":"2024-07-25T14:42:36","date_gmt":"2024-07-25T14:42:36","guid":{"rendered":"https:\/\/bioefekts.lv\/product\/vitmine-vedel-kontsentraat\/"},"modified":"2025-03-05T13:41:11","modified_gmt":"2025-03-05T13:41:11","slug":"vitmine-vedel-kontsentraat","status":"publish","type":"product","link":"https:\/\/bioefekts.lv\/et\/toode\/vitmine-vedel-kontsentraat\/","title":{"rendered":"Vitmin &#8211; vedel kontsentraat"},"content":{"rendered":"\t\t<div data-elementor-type=\"product-post\" data-elementor-id=\"20341\" class=\"elementor elementor-20341 elementor-16111\" data-elementor-post-type=\"product\">\n\t\t\t\t<div class=\"elementor-element elementor-element-4b88b73e e-flex e-con-boxed e-con e-parent\" data-id=\"4b88b73e\" data-element_type=\"container\" data-e-type=\"container\">\n\t\t\t\t\t<div class=\"e-con-inner\">\n\t\t<div class=\"elementor-element elementor-element-335bfa5b e-con-full e-flex e-con e-child\" data-id=\"335bfa5b\" data-element_type=\"container\" data-e-type=\"container\">\n\t\t\t\t<div class=\"elementor-element elementor-element-2ceb49cd color-scheme-inherit text-left elementor-widget elementor-widget-text-editor\" data-id=\"2ceb49cd\" data-element_type=\"widget\" data-e-type=\"widget\" data-widget_type=\"text-editor.default\">\n\t\t\t\t<div class=\"elementor-widget-container\">\n\t\t\t\t\t\t\t\t\t<p><strong>VITMIN kasutatakse<\/strong> seemnete idanemiseks ja taimede juurdumiseks, et soodustada taimede kasvu. See aktiveerib ainevahetust ja parandab mineraalide omastamist. Vitmin on eriti soovitatav aeglaselt idanevate seemnete, haruldaste v\u00f5i v\u00e4\u00e4rtuslike kultuuride ja v\u00e4ljakasvavate taimede puhul. Vitmin sisaldab mitmesuguseid mikroorganismide poolt eritatud auxiini ja ts\u00fctokiniini, mis on taimedele kasulikud. Seemnete t\u00f6\u00f6tlemine Vitmin suurendab seemnekesta l\u00e4bilaskvust ja parandab seemnete idanemist. Pistikute t\u00f6\u00f6tlemine Vitmin lahusega seemikute kastmise teel parandab juurdumist ja ulatusliku juurestiku arengut, parandab lehtede ja varte kasvu ning annab tulemuseks \u00fchtlase taimekasvu. Juurte kaal suureneb kuni 60%.<br>Vitmin stimuleerib ka taimede immuunsust ja vastupidavust ebasoodsate keskkonnatingimuste p\u00f5hjustatud stressile ning seda v\u00f5ib kasutada k\u00f5ikide kultuuride puhul.<br>Preparaat m\u00f5jutab taimede arengut kolmel viisil: see aktiveerib valgus\u00fcnteesi, suurendab ens\u00fc\u00fcmide aktiivsust ja parandab membraanide transpordiomadusi. See soodustab idanemist, tugeva juurestiku arengut, hargnemist ja hargnemist, \u00f5ienuppude arvu suurenemist ja saagikuse suurenemist. Vitminiga t\u00f6\u00f6deldud p\u00f5llukultuuride saagikus on suurem &#8211; kevadnisu 0,4-0,5 t\/h; oder 0,5 t\/ha; suhkrupeet 0,4-0,8 t\/ha &#8211; k\u00fcsige meie konsultantidelt t\u00f6\u00f6tlemisviisi ja -annuse kohta tootmisp\u00f5ldudel.        <\/p><ul><li>Vitmini lahusega kastmine soodustab juurestiku arengut ja taime v\u00f5imet v\u00f5tta vajalikke toitaineid.<\/li><li>Vitmini lahusega pritsimine vegetatsiooniperioodi alguses suurendab k\u00fclgharude, \u00f5ienuppude ja \u00f5itsemise teket.<\/li><li>Vitmini lahuse pihustamine saagikoristuse ajal suurendab taime v\u00f5imet k\u00fcpseda kogu saagi.<\/li><li>Vitmini lahusega pritsimine suve teisel poolel pikendab taime \"noorust\" ja pikemat lehep\u00fcsivust, toitainete kogumist ja ettevalmistust talvitumiseks.<\/li><\/ul><p><strong>T\u00c4HELEPANU<\/strong><\/p><ul><li><p>V\u00e4etis on lubatud kasutada mahep\u00f5llumajanduses vastavalt Euroopa Komisjoni m\u00e4\u00e4rusele 2021\/1165.<\/p><\/li><li>Piisav mulla niiskus ja soojus (+15\u00b0 kuni +25\u00b0 C) suurendavad t\u00f5husust.<\/li><li>K\u00f5iki mikroobiv\u00e4etisi saab omavahel kombineerida.<\/li><li>Ravimise ja saagikoristuse vahel ei ole ooteaega.<\/li><\/ul><p><strong>ADVISORY<\/strong><br><strong>500ml, 1l mahutid tuleb s\u00e4ilitada<\/strong> +3\u00b0 kuni +10\u00b0C juures, p\u00e4ikesevalguse eest kaitstult, originaalpakendis. S\u00e4ilivusaeg &#8211; 3 kuud alates tootmiskuup\u00e4evast, vt etikett. <br><strong>100ml mahutid tuleb s\u00e4ilitada<\/strong> +3\u00b0 kuni +27\u00b0C, s\u00e4ilivusaeg avamata &#8211; 2 aastat alates tootmiskuup\u00e4evast, vt etikett.<\/p>\t\t\t\t\t\t\t\t<\/div>\n\t\t\t\t<\/div>\n\t\t\t\t<\/div>\n\t\t<div class=\"elementor-element elementor-element-3aceabfa e-con-full e-flex e-con e-child\" data-id=\"3aceabfa\" data-element_type=\"container\" data-e-type=\"container\" data-settings=\"{&quot;background_background&quot;:&quot;classic&quot;}\">\n\t\t\t\t<div class=\"elementor-element elementor-element-7715c52f elementor-widget elementor-widget-heading\" data-id=\"7715c52f\" data-element_type=\"widget\" data-e-type=\"widget\" data-widget_type=\"heading.default\">\n\t\t\t\t<div class=\"elementor-widget-container\">\n\t\t\t\t\t<h3 class=\"elementor-heading-title elementor-size-default\">Annust<\/h3>\t\t\t\t<\/div>\n\t\t\t\t<\/div>\n\t\t\t\t<div class=\"elementor-element elementor-element-4cc24461 elementor-widget elementor-widget-wd_text_block\" data-id=\"4cc24461\" data-element_type=\"widget\" data-e-type=\"widget\" data-widget_type=\"wd_text_block.default\">\n\t\t\t\t<div class=\"elementor-widget-container\">\n\t\t\t\t\t\t\t<div class=\"wd-text-block reset-last-child text-left\">\n\t\t\t\n\t\t\t<p>Valmistage k\u00e4\u00e4rid ette:<\/p><p>100ml\/10l vesi<br><strong>500ml\/50l vesi<\/strong><br><br><strong> aegumiskuup\u00e4ev:<\/strong><\/p><p><strong>100ml<\/strong> avamata - 2 aastat,<br><strong>500ml, 1l<\/strong> avamata - 3 kuud alates tootmiskuup\u00e4evast.<\/p><p>Valmistatud lahused tuleb kohe \u00e4ra kasutada.<\/p>\n\t\t\t\t\t<\/div>\n\t\t\t\t\t\t<\/div>\n\t\t\t\t<\/div>\n\t\t\t\t<\/div>\n\t\t\t\t\t<\/div>\n\t\t\t\t<\/div>\n\t\t<div class=\"wd-negative-gap elementor-element elementor-element-6bcd1146 e-flex e-con-boxed e-con e-parent\" data-id=\"6bcd1146\" data-element_type=\"container\" data-e-type=\"container\">\n\t\t\t\t\t<div class=\"e-con-inner\">\n\t\t\t\t<div class=\"elementor-element elementor-element-52493d8f elementor-widget elementor-widget-heading\" data-id=\"52493d8f\" data-element_type=\"widget\" data-e-type=\"widget\" data-widget_type=\"heading.default\">\n\t\t\t\t<div class=\"elementor-widget-container\">\n\t\t\t\t\t<h3 class=\"elementor-heading-title elementor-size-default\">Kasutage<\/h3>\t\t\t\t<\/div>\n\t\t\t\t<\/div>\n\t\t\t\t\t<\/div>\n\t\t\t\t<\/div>\n\t\t<div class=\"wd-negative-gap elementor-element elementor-element-42f258f4 e-flex e-con-boxed e-con e-parent\" data-id=\"42f258f4\" data-element_type=\"container\" data-e-type=\"container\">\n\t\t\t\t\t<div class=\"e-con-inner\">\n\t\t<div class=\"elementor-element elementor-element-5dc69a91 e-con-full e-flex e-con e-child\" data-id=\"5dc69a91\" data-element_type=\"container\" data-e-type=\"container\">\n\t\t\t\t<div class=\"elementor-element elementor-element-314ecd9a color-scheme-inherit text-left elementor-widget elementor-widget-text-editor\" data-id=\"314ecd9a\" data-element_type=\"widget\" data-e-type=\"widget\" data-widget_type=\"text-editor.default\">\n\t\t\t\t<div class=\"elementor-widget-container\">\n\t\t\t\t\t\t\t\t\t<ul><li><strong>Seemnete t\u00f6\u00f6tlemine<\/strong> &#8211; leotada 30 minutit ettevalmistatud lahuses ja k\u00fclvata. K\u00fclvake peenraid mulda, pritsige Vitmini lahusega ja katke mullaga. <\/li><li><strong>Pistikute t\u00f6\u00f6tlemine<\/strong> &#8211; pistikuid hoitakse 30 minutit. Pistikud j\u00e4etakse 30 minutiks Vitmin-lahusesse. <\/li><li><strong>Istutamine<\/strong> &#8211; paljasjuursete taimede juured pritsitakse v\u00f5i leotatakse lahuses ja pannakse v\u00e4lja. Ostetud konteinertaimed, potitaimed v\u00f5i muud mullaga kaetud juurepalliga istikud tuleb enne istutamist pritsida ettevalmistatud lahusega v\u00f5i pritsida p\u00e4rast istutamist. <\/li><li><strong>Eelmisel hooajal istutatud taimi tuleks pritsida<\/strong> Vitmini lahusega ja pritsida.<br>Hooaja jooksul ei ole soovitatav pritsida Vitmini lahusega taimi, mis vajavad venitamist &#8211; kurgid, k\u00f5rvitsad. Tomatitaimi tuleks kasta esimese 3 t\u00f5elise lehe staadiumis ja mitte pritsida hiljem, et v\u00e4ltida aksillaarse kasvu soodustamist. <\/li><li><strong>P\u00e4ikesep\u00f5letatud taimede pihustamine<\/strong>Vitmin Shield<strong>iga<\/strong>(50 ml\/1 l vett) aitab neil kiiremini taastuda ja uusi v\u00f5rseid kasvatada.<\/li><li><strong>Kui prognoositakse kuuma ilma v\u00f5i<\/strong> kui te l\u00e4hete puhkusele ja teie taimed j\u00e4\u00e4vad j\u00e4relevalveta, pihustage neid Vitmini lahusega, et aidata neil kuumuse ja p\u00f5uastressiga toime tulla ja end paremini tunda.<\/li><li><strong>K\u00fctteperioodi alguses<\/strong> pritsitakse siseruumides kasvavaid taimi Vitmini lahusega, et v\u00e4hendada kuivast \u00f5hust ja kliimamuutustest tingitud stressi. \u00dcmber- v\u00f5i \u00fcmberistutatud toataimi kastetakse Vitmini kontsentraadist valmistatud lahusega, et soodustada uute juurte arengut ja toitainete omastamist. <\/li><li><strong>Kui prognoositakse k\u00fclma<\/strong>, pritsige eelmisel p\u00e4eval Vitmini lahusega, siis on taimede kahjustused v\u00e4iksemad. Sama lahust on soovitatav pritsida ka hommikul p\u00e4rast k\u00fclma, et taimed idaneksid kiiremini ja kahjustused v\u00e4heneksid.<br>Dekoratiivsete taimede ja lillede puhul on soovitatav suurendada annust 2-3 korda.<br>Toode on s\u00f5bralik inimestele, loomadele, mesilastele ja teistele tolmeldajatele. <\/li><\/ul>\t\t\t\t\t\t\t\t<\/div>\n\t\t\t\t<\/div>\n\t\t\t\t<\/div>\n\t\t<div class=\"elementor-element elementor-element-70ba7743 e-con-full e-flex e-con e-child\" data-id=\"70ba7743\" data-element_type=\"container\" data-e-type=\"container\">\n\t\t<div class=\"elementor-element elementor-element-317004b1 e-con-full e-flex e-con e-child\" data-id=\"317004b1\" data-element_type=\"container\" data-e-type=\"container\">\n\t\t<div class=\"elementor-element elementor-element-415c1679 e-con-full e-flex e-con e-child\" data-id=\"415c1679\" data-element_type=\"container\" data-e-type=\"container\">\n\t\t\t\t<div class=\"elementor-element elementor-element-37762588 elementor-widget elementor-widget-video\" data-id=\"37762588\" data-element_type=\"widget\" data-e-type=\"widget\" data-settings=\"{&quot;youtube_url&quot;:&quot;https:\\\/\\\/www.youtube.com\\\/watch?v=qv3VeuNt_l0&quot;,&quot;autoplay&quot;:&quot;yes&quot;,&quot;show_image_overlay&quot;:&quot;yes&quot;,&quot;image_overlay&quot;:{&quot;url&quot;:&quot;https:\\\/\\\/bioefekts.lv\\\/wp-content\\\/uploads\\\/2025\\\/01\\\/Zemenes-Thumbnail.jpg&quot;,&quot;id&quot;:18955,&quot;size&quot;:&quot;&quot;,&quot;alt&quot;:&quot;&quot;,&quot;source&quot;:&quot;library&quot;},&quot;lightbox&quot;:&quot;yes&quot;,&quot;video_type&quot;:&quot;youtube&quot;,&quot;controls&quot;:&quot;yes&quot;}\" data-widget_type=\"video.default\">\n\t\t\t\t<div class=\"elementor-widget-container\">\n\t\t\t\t\t\t\t<div class=\"elementor-wrapper elementor-open-lightbox\">\n\t\t\t\t\t\t\t<div class=\"elementor-custom-embed-image-overlay\" data-elementor-open-lightbox=\"yes\" data-elementor-lightbox=\"{&quot;type&quot;:&quot;video&quot;,&quot;videoType&quot;:&quot;youtube&quot;,&quot;url&quot;:&quot;https:\\\/\\\/www.youtube.com\\\/embed\\\/qv3VeuNt_l0?feature=oembed&amp;start&amp;end&amp;wmode=opaque&amp;loop=0&amp;controls=1&amp;mute=0&amp;rel=0&amp;cc_load_policy=0&quot;,&quot;autoplay&quot;:&quot;yes&quot;,&quot;modalOptions&quot;:{&quot;id&quot;:&quot;elementor-lightbox-37762588&quot;,&quot;entranceAnimation&quot;:&quot;&quot;,&quot;entranceAnimation_tablet&quot;:&quot;&quot;,&quot;entranceAnimation_mobile&quot;:&quot;&quot;,&quot;videoAspectRatio&quot;:&quot;169&quot;}}\" data-e-action-hash=\"#elementor-action%3Aaction%3Dlightbox%26settings%3DeyJ0eXBlIjoidmlkZW8iLCJ2aWRlb1R5cGUiOiJ5b3V0dWJlIiwidXJsIjoiaHR0cHM6XC9cL3d3dy55b3V0dWJlLmNvbVwvZW1iZWRcL3F2M1ZldU50X2wwP2ZlYXR1cmU9b2VtYmVkJnN0YXJ0JmVuZCZ3bW9kZT1vcGFxdWUmbG9vcD0wJmNvbnRyb2xzPTEmbXV0ZT0wJnJlbD0wJmNjX2xvYWRfcG9saWN5PTAiLCJhdXRvcGxheSI6InllcyIsIm1vZGFsT3B0aW9ucyI6eyJpZCI6ImVsZW1lbnRvci1saWdodGJveC0zNzc2MjU4OCIsImVudHJhbmNlQW5pbWF0aW9uIjoiIiwiZW50cmFuY2VBbmltYXRpb25fdGFibGV0IjoiIiwiZW50cmFuY2VBbmltYXRpb25fbW9iaWxlIjoiIiwidmlkZW9Bc3BlY3RSYXRpbyI6IjE2OSJ9fQ%3D%3D\">\n\t\t\t\t\t\t\t\t\t\t\t<img loading=\"lazy\" decoding=\"async\" width=\"600\" height=\"338\" src=\"https:\/\/bioefekts.lv\/wp-content\/uploads\/2025\/01\/Zemenes-Thumbnail.jpg\" class=\"attachment-full size-full wp-image-18955 wvs-archive-product-image\" alt=\"st\u0101dam zemenes\" srcset=\"https:\/\/bioefekts.lv\/wp-content\/uploads\/2025\/01\/Zemenes-Thumbnail.jpg 600w, https:\/\/bioefekts.lv\/wp-content\/uploads\/2025\/01\/Zemenes-Thumbnail-430x242.jpg 430w, https:\/\/bioefekts.lv\/wp-content\/uploads\/2025\/01\/Zemenes-Thumbnail-150x85.jpg 150w, https:\/\/bioefekts.lv\/wp-content\/uploads\/2025\/01\/Zemenes-Thumbnail-400x225.jpg 400w\" sizes=\"auto, (max-width: 600px) 100vw, 600px\" \/>\t\t\t\t\t\t\t\t\t\t\t\t\t\t\t\t<div class=\"elementor-custom-embed-play\" role=\"button\" aria-label=\"Play Video\" tabindex=\"0\">\n\t\t\t\t\t\t\t<svg aria-hidden=\"true\" class=\"e-font-icon-svg e-eicon-play\" viewBox=\"0 0 1000 1000\" xmlns=\"http:\/\/www.w3.org\/2000\/svg\"><path d=\"M838 162C746 71 633 25 500 25 371 25 258 71 163 162 71 254 25 367 25 500 25 633 71 746 163 837 254 929 367 979 500 979 633 979 746 933 838 837 929 746 975 633 975 500 975 367 929 254 838 162M808 192C892 279 933 379 933 500 933 621 892 725 808 808 725 892 621 938 500 938 379 938 279 896 196 808 113 725 67 621 67 500 67 379 108 279 196 192 279 108 383 62 500 62 621 62 721 108 808 192M438 392V642L642 517 438 392Z\"><\/path><\/svg>\t\t\t\t\t\t<\/div>\n\t\t\t\t\t\t\t\t\t<\/div>\n\t\t\t\t\t<\/div>\n\t\t\t\t\t\t<\/div>\n\t\t\t\t<\/div>\n\t\t\t\t<\/div>\n\t\t<div class=\"elementor-element elementor-element-194f68b7 e-con-full e-flex e-con e-child\" data-id=\"194f68b7\" data-element_type=\"container\" data-e-type=\"container\">\n\t\t<a class=\"elementor-element elementor-element-4730bc5c e-con-full e-flex e-con e-child\" data-id=\"4730bc5c\" data-element_type=\"container\" data-e-type=\"container\" data-settings=\"{&quot;background_background&quot;:&quot;classic&quot;}\" href=\"#elementor-action%3Aaction%3Dlightbox%26settings%3DeyJ0eXBlIjoidmlkZW8iLCJ2aWRlb1R5cGUiOiJ5b3V0dWJlIiwidXJsIjoiaHR0cHM6XC9cL3d3dy55b3V0dWJlLmNvbVwvZW1iZWRcL3F2M1ZldU50X2wwP2ZlYXR1cmU9b2VtYmVkIn0%3D\">\n\t\t\t\t<div class=\"elementor-element elementor-element-2e222b2c elementor-widget elementor-widget-heading\" data-id=\"2e222b2c\" data-element_type=\"widget\" data-e-type=\"widget\" data-widget_type=\"heading.default\">\n\t\t\t\t<div class=\"elementor-widget-container\">\n\t\t\t\t\t<p class=\"elementor-heading-title elementor-size-default\">Video \u00f5petus, kuidas istutada Maasikatele Bacilons<\/p>\t\t\t\t<\/div>\n\t\t\t\t<\/div>\n\t\t\t\t<\/a>\n\t\t\t\t<\/div>\n\t\t\t\t<\/div>\n\t\t<div class=\"elementor-element elementor-element-413a719a e-con-full e-flex e-con e-child\" data-id=\"413a719a\" data-element_type=\"container\" data-e-type=\"container\">\n\t\t<div class=\"elementor-element elementor-element-61531a96 e-con-full e-flex e-con e-child\" data-id=\"61531a96\" data-element_type=\"container\" data-e-type=\"container\">\n\t\t\t\t<\/div>\n\t\t<div class=\"elementor-element elementor-element-4fd97609 e-con-full e-flex e-con e-child\" data-id=\"4fd97609\" data-element_type=\"container\" data-e-type=\"container\">\n\t\t\t\t<\/div>\n\t\t\t\t<\/div>\n\t\t<div class=\"elementor-element elementor-element-316ce6b4 e-con-full e-flex e-con e-child\" data-id=\"316ce6b4\" data-element_type=\"container\" data-e-type=\"container\">\n\t\t<div class=\"elementor-element elementor-element-5c0f5708 e-con-full e-flex e-con e-child\" data-id=\"5c0f5708\" data-element_type=\"container\" data-e-type=\"container\">\n\t\t\t\t<\/div>\n\t\t<div class=\"elementor-element elementor-element-16d408a e-con-full e-flex e-con e-child\" data-id=\"16d408a\" data-element_type=\"container\" data-e-type=\"container\">\n\t\t\t\t<\/div>\n\t\t\t\t<\/div>\n\t\t<div class=\"elementor-element elementor-element-3bc7126d e-con-full e-flex e-con e-child\" data-id=\"3bc7126d\" data-element_type=\"container\" data-e-type=\"container\">\n\t\t<div class=\"elementor-element elementor-element-4f7c6082 e-con-full e-flex e-con e-child\" data-id=\"4f7c6082\" data-element_type=\"container\" data-e-type=\"container\">\n\t\t\t\t<\/div>\n\t\t<div class=\"elementor-element elementor-element-30f0e127 e-con-full e-flex e-con e-child\" data-id=\"30f0e127\" data-element_type=\"container\" data-e-type=\"container\">\n\t\t\t\t<\/div>\n\t\t\t\t<\/div>\n\t\t\t\t<\/div>\n\t\t\t\t\t<\/div>\n\t\t\t\t<\/div>\n\t\t<div class=\"wd-negative-gap elementor-element elementor-element-4e92c992 e-flex e-con-boxed e-con e-parent\" data-id=\"4e92c992\" data-element_type=\"container\" data-e-type=\"container\">\n\t\t\t\t\t<div class=\"e-con-inner\">\n\t\t\t\t<div class=\"elementor-element elementor-element-4400d201 elementor-widget elementor-widget-wd_text_block\" data-id=\"4400d201\" data-element_type=\"widget\" data-e-type=\"widget\" data-widget_type=\"wd_text_block.default\">\n\t\t\t\t<div class=\"elementor-widget-container\">\n\t\t\t\t\t\t\t<div class=\"wd-text-block reset-last-child text-left\">\n\t\t\t\n\t\t\t<h2><strong>Kasutage j\u00e4rgmiselt<\/strong><\/h2>\n\t\t\t\t\t<\/div>\n\t\t\t\t\t\t<\/div>\n\t\t\t\t<\/div>\n\t\t\t\t\t<\/div>\n\t\t\t\t<\/div>\n\t\t<div class=\"wd-negative-gap elementor-element elementor-element-5ddf4d36 e-grid e-con-boxed e-con e-parent\" data-id=\"5ddf4d36\" data-element_type=\"container\" data-e-type=\"container\">\n\t\t\t\t\t<div class=\"e-con-inner\">\n\t\t\t\t<div class=\"elementor-element elementor-element-65eb9f5e elementor-position-top elementor-widget elementor-widget-image-box\" data-id=\"65eb9f5e\" data-element_type=\"widget\" data-e-type=\"widget\" data-widget_type=\"image-box.default\">\n\t\t\t\t<div class=\"elementor-widget-container\">\n\t\t\t\t\t<div class=\"elementor-image-box-wrapper\"><figure class=\"elementor-image-box-img\"><img loading=\"lazy\" decoding=\"async\" width=\"522\" height=\"494\" src=\"https:\/\/bioefekts.lv\/wp-content\/uploads\/2025\/01\/Instruction-Spray-1.png\" class=\"attachment-full size-full wp-image-19271 wvs-archive-product-image\" alt=\"bioefekta products apstr\u0101d\u0101 augu\" srcset=\"https:\/\/bioefekts.lv\/wp-content\/uploads\/2025\/01\/Instruction-Spray-1.png 522w, https:\/\/bioefekts.lv\/wp-content\/uploads\/2025\/01\/Instruction-Spray-1-430x407.png 430w, https:\/\/bioefekts.lv\/wp-content\/uploads\/2025\/01\/Instruction-Spray-1-150x142.png 150w, https:\/\/bioefekts.lv\/wp-content\/uploads\/2025\/01\/Instruction-Spray-1-317x300.png 317w\" sizes=\"auto, (max-width: 522px) 100vw, 522px\" \/><\/figure><div class=\"elementor-image-box-content\"><h3 class=\"elementor-image-box-title\">K\u00fclvi ajal<\/h3><p class=\"elementor-image-box-description\">seemned pritsitakse v\u00f5i j\u00e4medad seemned leotatakse ettevalmistatud lahuses ja seej\u00e4rel k\u00fclvatakse, k\u00fclvikorvi pandud seemneid v\u00f5ib pritsida.<\/p><\/div><\/div>\t\t\t\t<\/div>\n\t\t\t\t<\/div>\n\t\t\t\t<div class=\"elementor-element elementor-element-4b06e6ca elementor-position-top elementor-widget elementor-widget-image-box\" data-id=\"4b06e6ca\" data-element_type=\"widget\" data-e-type=\"widget\" data-widget_type=\"image-box.default\">\n\t\t\t\t<div class=\"elementor-widget-container\">\n\t\t\t\t\t<div class=\"elementor-image-box-wrapper\"><figure class=\"elementor-image-box-img\"><img loading=\"lazy\" decoding=\"async\" width=\"522\" height=\"494\" src=\"https:\/\/bioefekts.lv\/wp-content\/uploads\/2025\/02\/instruction-Lejkanna.png\" class=\"attachment-full size-full wp-image-19287 wvs-archive-product-image\" alt=\"bioefekta produkts apstr\u0101d\u0101 augu\" srcset=\"https:\/\/bioefekts.lv\/wp-content\/uploads\/2025\/02\/instruction-Lejkanna.png 522w, https:\/\/bioefekts.lv\/wp-content\/uploads\/2025\/02\/instruction-Lejkanna-430x407.png 430w, https:\/\/bioefekts.lv\/wp-content\/uploads\/2025\/02\/instruction-Lejkanna-150x142.png 150w, https:\/\/bioefekts.lv\/wp-content\/uploads\/2025\/02\/instruction-Lejkanna-317x300.png 317w\" sizes=\"auto, (max-width: 522px) 100vw, 522px\" \/><\/figure><div class=\"elementor-image-box-content\"><h3 class=\"elementor-image-box-title\">Taimede istutamine<\/h3><p class=\"elementor-image-box-description\">paljasjuursed istikud leotatakse lahuses, seej\u00e4rel pannakse v\u00e4lja. Mullaga kaetud juurepalliga istikud istutatakse ja kastetakse ettevalmistatud lahusega, hoides mulda niiskena.   <\/p><\/div><\/div>\t\t\t\t<\/div>\n\t\t\t\t<\/div>\n\t\t\t\t<div class=\"elementor-element elementor-element-7eb75f2a elementor-position-top elementor-widget elementor-widget-image-box\" data-id=\"7eb75f2a\" data-element_type=\"widget\" data-e-type=\"widget\" data-widget_type=\"image-box.default\">\n\t\t\t\t<div class=\"elementor-widget-container\">\n\t\t\t\t\t<div class=\"elementor-image-box-wrapper\"><figure class=\"elementor-image-box-img\"><img loading=\"lazy\" decoding=\"async\" width=\"522\" height=\"494\" src=\"https:\/\/bioefekts.lv\/wp-content\/uploads\/2025\/01\/Instruction-Spray-2.png\" class=\"attachment-full size-full wp-image-19275 wvs-archive-product-image\" alt=\"bioefekta products aizsarg\u0101 augu\" srcset=\"https:\/\/bioefekts.lv\/wp-content\/uploads\/2025\/01\/Instruction-Spray-2.png 522w, https:\/\/bioefekts.lv\/wp-content\/uploads\/2025\/01\/Instruction-Spray-2-430x407.png 430w, https:\/\/bioefekts.lv\/wp-content\/uploads\/2025\/01\/Instruction-Spray-2-150x142.png 150w, https:\/\/bioefekts.lv\/wp-content\/uploads\/2025\/01\/Instruction-Spray-2-317x300.png 317w\" sizes=\"auto, (max-width: 522px) 100vw, 522px\" \/><\/figure><div class=\"elementor-image-box-content\"><h3 class=\"elementor-image-box-title\">Hooajal<\/h3><p class=\"elementor-image-box-description\">Pihustage taime \u00f5hulisi osi, et soodustada k\u00fclgmiste harude kasvu, suurendada \u00f5ienuppude arvu. Stressi v\u00e4hendamiseks pritsige 2 p\u00e4eva enne ja vahetult p\u00e4rast k\u00fclma, sealhulgas enne kuumade ilmade algust, et v\u00e4hendada kahjustatud taimede arvu. <\/p><\/div><\/div>\t\t\t\t<\/div>\n\t\t\t\t<\/div>\n\t\t\t\t<div class=\"elementor-element elementor-element-50058e97 elementor-position-top elementor-widget elementor-widget-image-box\" data-id=\"50058e97\" data-element_type=\"widget\" data-e-type=\"widget\" data-widget_type=\"image-box.default\">\n\t\t\t\t<div class=\"elementor-widget-container\">\n\t\t\t\t\t<div class=\"elementor-image-box-wrapper\"><figure class=\"elementor-image-box-img\"><img loading=\"lazy\" decoding=\"async\" width=\"522\" height=\"494\" src=\"https:\/\/bioefekts.lv\/wp-content\/uploads\/2025\/01\/Usage-instruction-4.png\" class=\"attachment-full size-full wp-image-18947 wvs-archive-product-image\" alt=\"St\u0101ds aug\" srcset=\"https:\/\/bioefekts.lv\/wp-content\/uploads\/2025\/01\/Usage-instruction-4.png 522w, https:\/\/bioefekts.lv\/wp-content\/uploads\/2025\/01\/Usage-instruction-4-430x407.png 430w, https:\/\/bioefekts.lv\/wp-content\/uploads\/2025\/01\/Usage-instruction-4-150x142.png 150w, https:\/\/bioefekts.lv\/wp-content\/uploads\/2025\/01\/Usage-instruction-4-317x300.png 317w\" sizes=\"auto, (max-width: 522px) 100vw, 522px\" \/><\/figure><div class=\"elementor-image-box-content\"><h3 class=\"elementor-image-box-title\">Tulemus<\/h3><p class=\"elementor-image-box-description\">Taim on eluj\u00f5uline, \u00f5itseb suurep\u00e4raselt ja annab rikkaliku saagi, mis on rikas oluliste toitainete poolest.<\/p><\/div><\/div>\t\t\t\t<\/div>\n\t\t\t\t<\/div>\n\t\t\t\t\t<\/div>\n\t\t\t\t<\/div>\n\t\t<div class=\"elementor-element elementor-element-2356ebcd e-flex e-con-boxed e-con e-parent\" data-id=\"2356ebcd\" data-element_type=\"container\" data-e-type=\"container\">\n\t\t\t\t\t<div class=\"e-con-inner\">\n\t\t\t\t\t<\/div>\n\t\t\t\t<\/div>\n\t\t\t\t<\/div>\n\t\t","protected":false},"excerpt":{"rendered":"<ul>\n<li style=\"text-align: left\">Parandab taimede kasvu ja klorof\u00fclli s\u00fcnteesi.<\/li>\n<li style=\"text-align: left\">soodustab tugevat juurestikku ja k\u00fclgharusid<\/li>\n<li style=\"text-align: left\">Suurendab \u00f5ienuppude paiknemist ja pikendab \u00f5itsemist.<\/li>\n<li style=\"text-align: left\">Takistab vananemist ja suurendab kvaliteetsete kultuuride tootmist.<\/li>\n<li style=\"text-align: left\">Soovitatav seemnete idanemiseks ja pistikute juurimiseks.<\/li>\n<\/ul>\n","protected":false},"featured_media":19075,"comment_status":"open","ping_status":"closed","template":"","meta":{"om_disable_all_campaigns":false,"_monsterinsights_skip_tracking":false,"_monsterinsights_sitenote_active":false,"_monsterinsights_sitenote_note":"","_monsterinsights_sitenote_category":0},"product_brand":[],"product_cat":[234,246,247,248,298],"product_tag":[],"class_list":{"0":"post-20341","1":"product","2":"type-product","3":"status-publish","4":"has-post-thumbnail","6":"product_cat-aia-jaoks","7":"product_cat-kasvuhoonetele","8":"product_cat-sonajalgade-jaoks","9":"product_cat-toataimedele","10":"product_cat-vitmin-et","12":"first","13":"instock","14":"shipping-taxable","15":"purchasable","16":"product-type-variable","17":"has-default-attributes","18":"wvs-archive-product-wrapper"},"aioseo_notices":[],"_links":{"self":[{"href":"https:\/\/bioefekts.lv\/et\/wp-json\/wp\/v2\/product\/20341","targetHints":{"allow":["GET"]}}],"collection":[{"href":"https:\/\/bioefekts.lv\/et\/wp-json\/wp\/v2\/product"}],"about":[{"href":"https:\/\/bioefekts.lv\/et\/wp-json\/wp\/v2\/types\/product"}],"replies":[{"embeddable":true,"href":"https:\/\/bioefekts.lv\/et\/wp-json\/wp\/v2\/comments?post=20341"}],"version-history":[{"count":0,"href":"https:\/\/bioefekts.lv\/et\/wp-json\/wp\/v2\/product\/20341\/revisions"}],"wp:featuredmedia":[{"embeddable":true,"href":"https:\/\/bioefekts.lv\/et\/wp-json\/wp\/v2\/media\/19075"}],"wp:attachment":[{"href":"https:\/\/bioefekts.lv\/et\/wp-json\/wp\/v2\/media?parent=20341"}],"wp:term":[{"taxonomy":"product_brand","embeddable":true,"href":"https:\/\/bioefekts.lv\/et\/wp-json\/wp\/v2\/product_brand?post=20341"},{"taxonomy":"product_cat","embeddable":true,"href":"https:\/\/bioefekts.lv\/et\/wp-json\/wp\/v2\/product_cat?post=20341"},{"taxonomy":"product_tag","embeddable":true,"href":"https:\/\/bioefekts.lv\/et\/wp-json\/wp\/v2\/product_tag?post=20341"}],"curies":[{"name":"wp","href":"https:\/\/api.w.org\/{rel}","templated":true}]}}