{"id":20316,"date":"2024-07-25T14:42:36","date_gmt":"2024-07-25T14:42:36","guid":{"rendered":"https:\/\/bioefekts.lv\/product\/rodulilledele-mulda-lisamiseks\/"},"modified":"2025-02-28T08:37:00","modified_gmt":"2025-02-28T08:37:00","slug":"rodulilledele-mulda-lisamiseks","status":"publish","type":"product","link":"https:\/\/bioefekts.lv\/et\/toode\/rodulilledele-mulda-lisamiseks\/","title":{"rendered":"R\u00f5dulilledele &#8211; mulda lisamiseks"},"content":{"rendered":"\t\t<div data-elementor-type=\"product-post\" data-elementor-id=\"20316\" class=\"elementor elementor-20316 elementor-16113\" data-elementor-post-type=\"product\">\n\t\t\t\t<div class=\"elementor-element elementor-element-196c0541 e-flex e-con-boxed e-con e-parent\" data-id=\"196c0541\" data-element_type=\"container\" data-e-type=\"container\">\n\t\t\t\t\t<div class=\"e-con-inner\">\n\t\t<div class=\"elementor-element elementor-element-472f3c61 e-con-full e-flex e-con e-child\" data-id=\"472f3c61\" data-element_type=\"container\" data-e-type=\"container\">\n\t\t\t\t<div class=\"elementor-element elementor-element-2713a90 color-scheme-inherit text-left elementor-widget elementor-widget-text-editor\" data-id=\"2713a90\" data-element_type=\"widget\" data-e-type=\"widget\" data-widget_type=\"text-editor.default\">\n\t\t\t\t<div class=\"elementor-widget-container\">\n\t\t\t\t\t\t\t\t\t<p>Soovitatav <strong>k\u00f5ikidele R\u00f5dulilledele<\/strong>.<br>Mikroobiv\u00e4etised sisaldavad mulla mikroorganisme, mis moodustavad s\u00fcnergiaid taimede juurtega, vabastavad aineid, mis stimuleerivad taimede arengut, fikseerivad l\u00e4mmastikku \u00f5hus ja muudavad selle taimedele k\u00e4ttesaadavasse vormi, suurendades toitainete k\u00e4ttesaadavust taimedele. Preparaat tagab soodsa mikrofloora s\u00e4ilimise mullas, soodustab taime v\u00f5imet vastu seista ebasoodsast keskkonnast tulenevale stressile ja parandab immuunsust, soodustab juurestiku ja varte arengut ning soodustab rikkalikku \u00f5itsemist. <\/p><p><strong>T\u00c4HELEPANU<\/strong><\/p><ul><li><p>V\u00e4etis on lubatud kasutada mahep\u00f5llumajanduses vastavalt Euroopa Komisjoni m\u00e4\u00e4rusele 2021\/1165.<\/p><\/li><li>Seda ei tohi segada fungitsiididega.<\/li><li>Piisav mulla niiskus ja soojus (+15\u00b0 kuni +25\u00b0 C) suurendavad t\u00f5husust.<\/li><li>Kasutamine \u00fcle etten\u00e4htud Annust ei kahjusta taimi, inimesi, loomi ega keskkonda.<\/li><li>K\u00f5iki mikroobiv\u00e4etisi saab omavahel kombineerida.<\/li><li>Ravimise ja saagikoristuse vahel ei ole ooteaega.<\/li><\/ul><p><strong>S\u00c4ILITAMINE<\/strong><br>Preparaati tuleb s\u00e4ilitada temperatuuril +3\u00b0 kuni +27\u00b0C. Avamata pakendi k\u00f5lblikkusaeg &#8211; 2 aastat alates tootmiskuup\u00e4evast, vt etikett. <\/p>\t\t\t\t\t\t\t\t<\/div>\n\t\t\t\t<\/div>\n\t\t\t\t<\/div>\n\t\t<div class=\"elementor-element elementor-element-30a38a06 e-con-full e-flex e-con e-child\" data-id=\"30a38a06\" data-element_type=\"container\" data-e-type=\"container\" data-settings=\"{&quot;background_background&quot;:&quot;classic&quot;}\">\n\t\t\t\t<div class=\"elementor-element elementor-element-3fd0b6e5 elementor-widget elementor-widget-heading\" data-id=\"3fd0b6e5\" data-element_type=\"widget\" data-e-type=\"widget\" data-widget_type=\"heading.default\">\n\t\t\t\t<div class=\"elementor-widget-container\">\n\t\t\t\t\t<h3 class=\"elementor-heading-title elementor-size-default\">Annust<\/h3>\t\t\t\t<\/div>\n\t\t\t\t<\/div>\n\t\t\t\t<div class=\"elementor-element elementor-element-58d18a52 elementor-widget elementor-widget-wd_text_block\" data-id=\"58d18a52\" data-element_type=\"widget\" data-e-type=\"widget\" data-widget_type=\"wd_text_block.default\">\n\t\t\t\t<div class=\"elementor-widget-container\">\n\t\t\t\t\t\t\t<div class=\"wd-text-block reset-last-child text-left\">\n\t\t\t\n\t\t\t<p>200g\/2kg mulla<br>500g\/5kg mulla<br><br>Kurnatud muldades suurendatakse Annust 2-3 korda.<br>M\u00e4\u00e4ratud annust \u00fcletav kasutamine ei kahjusta taimi, inimesi, loomi ega keskkonda ning ei p\u00f5hjusta resistentsuse teket.<\/p><p><strong>S\u00e4ilivusaeg<\/strong>: avamata - 2 aastat<\/p>\n\t\t\t\t\t<\/div>\n\t\t\t\t\t\t<\/div>\n\t\t\t\t<\/div>\n\t\t\t\t<\/div>\n\t\t\t\t\t<\/div>\n\t\t\t\t<\/div>\n\t\t<div class=\"wd-negative-gap elementor-element elementor-element-1fe1267 e-flex e-con-boxed e-con e-parent\" data-id=\"1fe1267\" data-element_type=\"container\" data-e-type=\"container\">\n\t\t\t\t\t<div class=\"e-con-inner\">\n\t\t\t\t<div class=\"elementor-element elementor-element-63e122a8 elementor-widget elementor-widget-heading\" data-id=\"63e122a8\" data-element_type=\"widget\" data-e-type=\"widget\" data-widget_type=\"heading.default\">\n\t\t\t\t<div class=\"elementor-widget-container\">\n\t\t\t\t\t<h3 class=\"elementor-heading-title elementor-size-default\">Kasutage<\/h3>\t\t\t\t<\/div>\n\t\t\t\t<\/div>\n\t\t\t\t\t<\/div>\n\t\t\t\t<\/div>\n\t\t<div class=\"wd-negative-gap elementor-element elementor-element-7fd0066c e-flex e-con-boxed e-con e-parent\" data-id=\"7fd0066c\" data-element_type=\"container\" data-e-type=\"container\">\n\t\t\t\t\t<div class=\"e-con-inner\">\n\t\t<div class=\"elementor-element elementor-element-68c18670 e-con-full e-flex e-con e-child\" data-id=\"68c18670\" data-element_type=\"container\" data-e-type=\"container\">\n\t\t\t\t<div class=\"elementor-element elementor-element-1a87a335 color-scheme-inherit text-left elementor-widget elementor-widget-text-editor\" data-id=\"1a87a335\" data-element_type=\"widget\" data-e-type=\"widget\" data-widget_type=\"text-editor.default\">\n\t\t\t\t<div class=\"elementor-widget-container\">\n\t\t\t\t\t\t\t\t\t<ul><li><strong>Mulla ettevalmistamine<\/strong> &#8211; segage 100 g v\u00e4etist 1 kg substraadiga ja kasutage istutamiseks, k\u00fclvamiseks.<\/li><li><strong>Istutamine<\/strong> &#8211; istutusauku juurte l\u00e4hedale v\u00f5i otsekontaktis juurtega. Hooaja jooksul on soovitatav pritsida taimi valmis Vitmiks. <\/li><li>Soovitatav on taimede juurte l\u00e4heduses mitu korda hooaja jooksul uuesti kanda ja hoida muld niiske.<br>Toode on s\u00f5bralik inimestele, loomadele, mesilastele ja teistele tolmeldajatele.<\/li><\/ul>\t\t\t\t\t\t\t\t<\/div>\n\t\t\t\t<\/div>\n\t\t\t\t<\/div>\n\t\t<div class=\"elementor-element elementor-element-751080ef e-con-full e-flex e-con e-child\" data-id=\"751080ef\" data-element_type=\"container\" data-e-type=\"container\">\n\t\t<div class=\"elementor-element elementor-element-1559fb2c e-con-full e-flex e-con e-child\" data-id=\"1559fb2c\" data-element_type=\"container\" data-e-type=\"container\">\n\t\t<div class=\"elementor-element elementor-element-71dd5184 e-con-full e-flex e-con e-child\" data-id=\"71dd5184\" data-element_type=\"container\" data-e-type=\"container\">\n\t\t\t\t<div class=\"elementor-element elementor-element-31a94f75 elementor-widget elementor-widget-video\" data-id=\"31a94f75\" data-element_type=\"widget\" data-e-type=\"widget\" data-settings=\"{&quot;youtube_url&quot;:&quot;https:\\\/\\\/www.youtube.com\\\/watch?v=qv3VeuNt_l0&quot;,&quot;autoplay&quot;:&quot;yes&quot;,&quot;show_image_overlay&quot;:&quot;yes&quot;,&quot;image_overlay&quot;:{&quot;url&quot;:&quot;https:\\\/\\\/bioefekts.lv\\\/wp-content\\\/uploads\\\/2025\\\/01\\\/Zemenes-Thumbnail.jpg&quot;,&quot;id&quot;:&quot;16772&quot;,&quot;size&quot;:&quot;&quot;,&quot;alt&quot;:&quot;&quot;,&quot;source&quot;:&quot;library&quot;},&quot;lightbox&quot;:&quot;yes&quot;,&quot;video_type&quot;:&quot;youtube&quot;,&quot;controls&quot;:&quot;yes&quot;}\" data-widget_type=\"video.default\">\n\t\t\t\t<div class=\"elementor-widget-container\">\n\t\t\t\t\t\t\t<div class=\"elementor-wrapper elementor-open-lightbox\">\n\t\t\t\t\t\t\t<div class=\"elementor-custom-embed-image-overlay\" data-elementor-open-lightbox=\"yes\" data-elementor-lightbox=\"{&quot;type&quot;:&quot;video&quot;,&quot;videoType&quot;:&quot;youtube&quot;,&quot;url&quot;:&quot;https:\\\/\\\/www.youtube.com\\\/embed\\\/qv3VeuNt_l0?feature=oembed&amp;start&amp;end&amp;wmode=opaque&amp;loop=0&amp;controls=1&amp;mute=0&amp;rel=0&amp;cc_load_policy=0&quot;,&quot;autoplay&quot;:&quot;yes&quot;,&quot;modalOptions&quot;:{&quot;id&quot;:&quot;elementor-lightbox-31a94f75&quot;,&quot;entranceAnimation&quot;:&quot;&quot;,&quot;entranceAnimation_tablet&quot;:&quot;&quot;,&quot;entranceAnimation_mobile&quot;:&quot;&quot;,&quot;videoAspectRatio&quot;:&quot;169&quot;}}\" data-e-action-hash=\"#elementor-action%3Aaction%3Dlightbox%26settings%3DeyJ0eXBlIjoidmlkZW8iLCJ2aWRlb1R5cGUiOiJ5b3V0dWJlIiwidXJsIjoiaHR0cHM6XC9cL3d3dy55b3V0dWJlLmNvbVwvZW1iZWRcL3F2M1ZldU50X2wwP2ZlYXR1cmU9b2VtYmVkJnN0YXJ0JmVuZCZ3bW9kZT1vcGFxdWUmbG9vcD0wJmNvbnRyb2xzPTEmbXV0ZT0wJnJlbD0wJmNjX2xvYWRfcG9saWN5PTAiLCJhdXRvcGxheSI6InllcyIsIm1vZGFsT3B0aW9ucyI6eyJpZCI6ImVsZW1lbnRvci1saWdodGJveC0zMWE5NGY3NSIsImVudHJhbmNlQW5pbWF0aW9uIjoiIiwiZW50cmFuY2VBbmltYXRpb25fdGFibGV0IjoiIiwiZW50cmFuY2VBbmltYXRpb25fbW9iaWxlIjoiIiwidmlkZW9Bc3BlY3RSYXRpbyI6IjE2OSJ9fQ%3D%3D\">\n\t\t\t\t\t\t\t\t\t\t\t<img loading=\"lazy\" decoding=\"async\" width=\"600\" height=\"338\" src=\"https:\/\/bioefekts.lv\/wp-content\/uploads\/2025\/01\/Zemenes-Thumbnail.jpg\" class=\"attachment-full size-full wp-image-16772 wvs-archive-product-image\" alt=\"st\u0101dam zemenes\" srcset=\"https:\/\/bioefekts.lv\/wp-content\/uploads\/2025\/01\/Zemenes-Thumbnail.jpg 600w, https:\/\/bioefekts.lv\/wp-content\/uploads\/2025\/01\/Zemenes-Thumbnail-430x242.jpg 430w, https:\/\/bioefekts.lv\/wp-content\/uploads\/2025\/01\/Zemenes-Thumbnail-150x85.jpg 150w, https:\/\/bioefekts.lv\/wp-content\/uploads\/2025\/01\/Zemenes-Thumbnail-400x225.jpg 400w\" sizes=\"auto, (max-width: 600px) 100vw, 600px\" \/>\t\t\t\t\t\t\t\t\t\t\t\t\t\t\t\t<div class=\"elementor-custom-embed-play\" role=\"button\" aria-label=\"Play Video\" tabindex=\"0\">\n\t\t\t\t\t\t\t<svg aria-hidden=\"true\" class=\"e-font-icon-svg e-eicon-play\" viewBox=\"0 0 1000 1000\" xmlns=\"http:\/\/www.w3.org\/2000\/svg\"><path d=\"M838 162C746 71 633 25 500 25 371 25 258 71 163 162 71 254 25 367 25 500 25 633 71 746 163 837 254 929 367 979 500 979 633 979 746 933 838 837 929 746 975 633 975 500 975 367 929 254 838 162M808 192C892 279 933 379 933 500 933 621 892 725 808 808 725 892 621 938 500 938 379 938 279 896 196 808 113 725 67 621 67 500 67 379 108 279 196 192 279 108 383 62 500 62 621 62 721 108 808 192M438 392V642L642 517 438 392Z\"><\/path><\/svg>\t\t\t\t\t\t<\/div>\n\t\t\t\t\t\t\t\t\t<\/div>\n\t\t\t\t\t<\/div>\n\t\t\t\t\t\t<\/div>\n\t\t\t\t<\/div>\n\t\t\t\t<\/div>\n\t\t<div class=\"elementor-element elementor-element-45804011 e-con-full e-flex e-con e-child\" data-id=\"45804011\" data-element_type=\"container\" data-e-type=\"container\">\n\t\t<a class=\"elementor-element elementor-element-710f7dbd e-con-full e-flex e-con e-child\" data-id=\"710f7dbd\" data-element_type=\"container\" data-e-type=\"container\" data-settings=\"{&quot;background_background&quot;:&quot;classic&quot;}\" href=\"#elementor-action%3Aaction%3Dlightbox%26settings%3DeyJ0eXBlIjoidmlkZW8iLCJ2aWRlb1R5cGUiOiJ5b3V0dWJlIiwidXJsIjoiaHR0cHM6XC9cL3d3dy55b3V0dWJlLmNvbVwvZW1iZWRcL3F2M1ZldU50X2wwP2ZlYXR1cmU9b2VtYmVkIn0%3D\">\n\t\t\t\t<div class=\"elementor-element elementor-element-48fa3af2 elementor-widget elementor-widget-heading\" data-id=\"48fa3af2\" data-element_type=\"widget\" data-e-type=\"widget\" data-widget_type=\"heading.default\">\n\t\t\t\t<div class=\"elementor-widget-container\">\n\t\t\t\t\t<p class=\"elementor-heading-title elementor-size-default\">Video \u00f5petus selle kohta, kuidas maasikatele Bacilonsi istutada<\/p>\t\t\t\t<\/div>\n\t\t\t\t<\/div>\n\t\t\t\t<\/a>\n\t\t\t\t<\/div>\n\t\t\t\t<\/div>\n\t\t<div class=\"elementor-element elementor-element-3a7c3319 e-con-full e-flex e-con e-child\" data-id=\"3a7c3319\" data-element_type=\"container\" data-e-type=\"container\">\n\t\t<div class=\"elementor-element elementor-element-2e3e7d3 e-con-full e-flex e-con e-child\" data-id=\"2e3e7d3\" data-element_type=\"container\" data-e-type=\"container\">\n\t\t\t\t<\/div>\n\t\t<div class=\"elementor-element elementor-element-448a81fd e-con-full e-flex e-con e-child\" data-id=\"448a81fd\" data-element_type=\"container\" data-e-type=\"container\">\n\t\t\t\t<\/div>\n\t\t\t\t<\/div>\n\t\t<div class=\"elementor-element elementor-element-111e46dc e-con-full e-flex e-con e-child\" data-id=\"111e46dc\" data-element_type=\"container\" data-e-type=\"container\">\n\t\t<div class=\"elementor-element elementor-element-7e30f32a e-con-full e-flex e-con e-child\" data-id=\"7e30f32a\" data-element_type=\"container\" data-e-type=\"container\">\n\t\t\t\t<\/div>\n\t\t<div class=\"elementor-element elementor-element-150eb3e7 e-con-full e-flex e-con e-child\" data-id=\"150eb3e7\" data-element_type=\"container\" data-e-type=\"container\">\n\t\t\t\t<\/div>\n\t\t\t\t<\/div>\n\t\t<div class=\"elementor-element elementor-element-154fa427 e-con-full e-flex e-con e-child\" data-id=\"154fa427\" data-element_type=\"container\" data-e-type=\"container\">\n\t\t<div class=\"elementor-element elementor-element-5879d48c e-con-full e-flex e-con e-child\" data-id=\"5879d48c\" data-element_type=\"container\" data-e-type=\"container\">\n\t\t\t\t<\/div>\n\t\t<div class=\"elementor-element elementor-element-719d5bdd e-con-full e-flex e-con e-child\" data-id=\"719d5bdd\" data-element_type=\"container\" data-e-type=\"container\">\n\t\t\t\t<\/div>\n\t\t\t\t<\/div>\n\t\t\t\t<\/div>\n\t\t\t\t\t<\/div>\n\t\t\t\t<\/div>\n\t\t<div class=\"wd-negative-gap elementor-element elementor-element-21137d0b e-flex e-con-boxed e-con e-parent\" data-id=\"21137d0b\" data-element_type=\"container\" data-e-type=\"container\">\n\t\t\t\t\t<div class=\"e-con-inner\">\n\t\t\t\t<div class=\"elementor-element elementor-element-70fb46b8 elementor-widget elementor-widget-wd_text_block\" data-id=\"70fb46b8\" data-element_type=\"widget\" data-e-type=\"widget\" data-widget_type=\"wd_text_block.default\">\n\t\t\t\t<div class=\"elementor-widget-container\">\n\t\t\t\t\t\t\t<div class=\"wd-text-block reset-last-child text-left\">\n\t\t\t\n\t\t\t<h2><strong>Kasutage j\u00e4rgmiselt<\/strong><\/h2>\n\t\t\t\t\t<\/div>\n\t\t\t\t\t\t<\/div>\n\t\t\t\t<\/div>\n\t\t\t\t\t<\/div>\n\t\t\t\t<\/div>\n\t\t<div class=\"wd-negative-gap elementor-element elementor-element-703c5513 e-grid e-con-boxed e-con e-parent\" data-id=\"703c5513\" data-element_type=\"container\" data-e-type=\"container\">\n\t\t\t\t\t<div class=\"e-con-inner\">\n\t\t\t\t<div class=\"elementor-element elementor-element-5abe8c44 elementor-position-top elementor-widget elementor-widget-image-box\" data-id=\"5abe8c44\" data-element_type=\"widget\" data-e-type=\"widget\" data-widget_type=\"image-box.default\">\n\t\t\t\t<div class=\"elementor-widget-container\">\n\t\t\t\t\t<div class=\"elementor-image-box-wrapper\"><figure class=\"elementor-image-box-img\"><img loading=\"lazy\" decoding=\"async\" width=\"522\" height=\"494\" src=\"https:\/\/bioefekts.lv\/wp-content\/uploads\/2025\/02\/Instruction-Roka-ber.png\" class=\"attachment-full size-full wp-image-17944 wvs-archive-product-image\" alt=\"cilv\u0113ka roka st\u0101da izmantojot bioefekta produktu\" srcset=\"https:\/\/bioefekts.lv\/wp-content\/uploads\/2025\/02\/Instruction-Roka-ber.png 522w, https:\/\/bioefekts.lv\/wp-content\/uploads\/2025\/02\/Instruction-Roka-ber-430x407.png 430w, https:\/\/bioefekts.lv\/wp-content\/uploads\/2025\/02\/Instruction-Roka-ber-150x142.png 150w, https:\/\/bioefekts.lv\/wp-content\/uploads\/2025\/02\/Instruction-Roka-ber-317x300.png 317w\" sizes=\"auto, (max-width: 522px) 100vw, 522px\" \/><\/figure><div class=\"elementor-image-box-content\"><h3 class=\"elementor-image-box-title\">Istutamise ajal<\/h3><p class=\"elementor-image-box-description\">Segada soovitatud Annusega substraadiga, kasutada istutamiseks.<\/p><\/div><\/div>\t\t\t\t<\/div>\n\t\t\t\t<\/div>\n\t\t\t\t<div class=\"elementor-element elementor-element-63ce02ba elementor-position-top elementor-widget elementor-widget-image-box\" data-id=\"63ce02ba\" data-element_type=\"widget\" data-e-type=\"widget\" data-widget_type=\"image-box.default\">\n\t\t\t\t<div class=\"elementor-widget-container\">\n\t\t\t\t\t<div class=\"elementor-image-box-wrapper\"><figure class=\"elementor-image-box-img\"><img loading=\"lazy\" decoding=\"async\" width=\"522\" height=\"494\" src=\"https:\/\/bioefekts.lv\/wp-content\/uploads\/2025\/02\/instruction-Beram.png\" class=\"attachment-full size-full wp-image-17908 wvs-archive-product-image\" alt=\"bioefekta produkts pal\u012bdz auga aug\u0161an\u0101\" srcset=\"https:\/\/bioefekts.lv\/wp-content\/uploads\/2025\/02\/instruction-Beram.png 522w, https:\/\/bioefekts.lv\/wp-content\/uploads\/2025\/02\/instruction-Beram-430x407.png 430w, https:\/\/bioefekts.lv\/wp-content\/uploads\/2025\/02\/instruction-Beram-150x142.png 150w, https:\/\/bioefekts.lv\/wp-content\/uploads\/2025\/02\/instruction-Beram-317x300.png 317w\" sizes=\"auto, (max-width: 522px) 100vw, 522px\" \/><\/figure><div class=\"elementor-image-box-content\"><h3 class=\"elementor-image-box-title\">Kasvuperioodi jooksul<\/h3><p class=\"elementor-image-box-description\">Kanna korduvalt 2-3 korda hooaja jooksul taime juurte l\u00e4hedale ja kasuta ka v\u00e4etist Vitmin, Vitmiks v\u00f5i Vitmic.<\/p><\/div><\/div>\t\t\t\t<\/div>\n\t\t\t\t<\/div>\n\t\t\t\t<div class=\"elementor-element elementor-element-76ec9851 elementor-position-top elementor-widget elementor-widget-image-box\" data-id=\"76ec9851\" data-element_type=\"widget\" data-e-type=\"widget\" data-widget_type=\"image-box.default\">\n\t\t\t\t<div class=\"elementor-widget-container\">\n\t\t\t\t\t<div class=\"elementor-image-box-wrapper\"><figure class=\"elementor-image-box-img\"><img loading=\"lazy\" decoding=\"async\" width=\"522\" height=\"494\" src=\"https:\/\/bioefekts.lv\/wp-content\/uploads\/2025\/02\/instruction-Lejkanna.png\" class=\"attachment-full size-full wp-image-17909 wvs-archive-product-image\" alt=\"bioefekta produkts apstr\u0101d\u0101 augu\" srcset=\"https:\/\/bioefekts.lv\/wp-content\/uploads\/2025\/02\/instruction-Lejkanna.png 522w, https:\/\/bioefekts.lv\/wp-content\/uploads\/2025\/02\/instruction-Lejkanna-430x407.png 430w, https:\/\/bioefekts.lv\/wp-content\/uploads\/2025\/02\/instruction-Lejkanna-150x142.png 150w, https:\/\/bioefekts.lv\/wp-content\/uploads\/2025\/02\/instruction-Lejkanna-317x300.png 317w\" sizes=\"auto, (max-width: 522px) 100vw, 522px\" \/><\/figure><div class=\"elementor-image-box-content\"><h3 class=\"elementor-image-box-title\">Kogu hooaeg<\/h3><p class=\"elementor-image-box-description\">taimede juurte \u00fcmber olev muld tuleb hoida niiske, et mikroorganismid saaksid paljuneda ja oma t\u00f6\u00f6d teha.<\/p><\/div><\/div>\t\t\t\t<\/div>\n\t\t\t\t<\/div>\n\t\t\t\t<div class=\"elementor-element elementor-element-790bc7a6 elementor-position-top elementor-widget elementor-widget-image-box\" data-id=\"790bc7a6\" data-element_type=\"widget\" data-e-type=\"widget\" data-widget_type=\"image-box.default\">\n\t\t\t\t<div class=\"elementor-widget-container\">\n\t\t\t\t\t<div class=\"elementor-image-box-wrapper\"><figure class=\"elementor-image-box-img\"><img loading=\"lazy\" decoding=\"async\" width=\"522\" height=\"494\" src=\"https:\/\/bioefekts.lv\/wp-content\/uploads\/2025\/01\/Usage-instruction-4.png\" class=\"attachment-full size-full wp-image-16690 wvs-archive-product-image\" alt=\"St\u0101ds aug\" srcset=\"https:\/\/bioefekts.lv\/wp-content\/uploads\/2025\/01\/Usage-instruction-4.png 522w, https:\/\/bioefekts.lv\/wp-content\/uploads\/2025\/01\/Usage-instruction-4-430x407.png 430w, https:\/\/bioefekts.lv\/wp-content\/uploads\/2025\/01\/Usage-instruction-4-150x142.png 150w, https:\/\/bioefekts.lv\/wp-content\/uploads\/2025\/01\/Usage-instruction-4-317x300.png 317w\" sizes=\"auto, (max-width: 522px) 100vw, 522px\" \/><\/figure><div class=\"elementor-image-box-content\"><h3 class=\"elementor-image-box-title\">Tulemus<\/h3><p class=\"elementor-image-box-description\">meie r\u00f5dukastide taimed kasvavad v\u00e4rviliselt ja k\u00f5ik armastavad neid.<\/p><\/div><\/div>\t\t\t\t<\/div>\n\t\t\t\t<\/div>\n\t\t\t\t\t<\/div>\n\t\t\t\t<\/div>\n\t\t<div class=\"elementor-element elementor-element-12424e7f e-flex e-con-boxed e-con e-parent\" data-id=\"12424e7f\" data-element_type=\"container\" data-e-type=\"container\">\n\t\t\t\t\t<div class=\"e-con-inner\">\n\t\t\t\t\t<\/div>\n\t\t\t\t<\/div>\n\t\t\t\t<\/div>\n\t\t","protected":false},"excerpt":{"rendered":"<ul>\n<li style=\"text-align: left\">Fikseerib \u00f5hus leiduvat l\u00e4mmastikku ja muudab selle taime poolt omastatavaks.<\/li>\n<li style=\"text-align: left\">Tugevdab taime juurestikku<\/li>\n<li style=\"text-align: left\">Soodustab tervislikku t\u00fcvede moodustumist<\/li>\n<li style=\"text-align: left\">Parandab taime v\u00f5imet vastu seista ebasoodsatele keskkonnatingimustele.<\/li>\n<\/ul>\n","protected":false},"featured_media":18823,"comment_status":"open","ping_status":"closed","template":"","meta":{"om_disable_all_campaigns":false,"_monsterinsights_skip_tracking":false,"_monsterinsights_sitenote_active":false,"_monsterinsights_sitenote_note":"","_monsterinsights_sitenote_category":0},"product_brand":[],"product_cat":[247,248],"product_tag":[],"class_list":{"0":"post-20316","1":"product","2":"type-product","3":"status-publish","4":"has-post-thumbnail","6":"product_cat-sonajalgade-jaoks","7":"product_cat-toataimedele","9":"first","10":"instock","11":"shipping-taxable","12":"purchasable","13":"product-type-variable","14":"has-default-attributes","15":"wvs-archive-product-wrapper"},"aioseo_notices":[],"_links":{"self":[{"href":"https:\/\/bioefekts.lv\/et\/wp-json\/wp\/v2\/product\/20316","targetHints":{"allow":["GET"]}}],"collection":[{"href":"https:\/\/bioefekts.lv\/et\/wp-json\/wp\/v2\/product"}],"about":[{"href":"https:\/\/bioefekts.lv\/et\/wp-json\/wp\/v2\/types\/product"}],"replies":[{"embeddable":true,"href":"https:\/\/bioefekts.lv\/et\/wp-json\/wp\/v2\/comments?post=20316"}],"version-history":[{"count":0,"href":"https:\/\/bioefekts.lv\/et\/wp-json\/wp\/v2\/product\/20316\/revisions"}],"wp:featuredmedia":[{"embeddable":true,"href":"https:\/\/bioefekts.lv\/et\/wp-json\/wp\/v2\/media\/18823"}],"wp:attachment":[{"href":"https:\/\/bioefekts.lv\/et\/wp-json\/wp\/v2\/media?parent=20316"}],"wp:term":[{"taxonomy":"product_brand","embeddable":true,"href":"https:\/\/bioefekts.lv\/et\/wp-json\/wp\/v2\/product_brand?post=20316"},{"taxonomy":"product_cat","embeddable":true,"href":"https:\/\/bioefekts.lv\/et\/wp-json\/wp\/v2\/product_cat?post=20316"},{"taxonomy":"product_tag","embeddable":true,"href":"https:\/\/bioefekts.lv\/et\/wp-json\/wp\/v2\/product_tag?post=20316"}],"curies":[{"name":"wp","href":"https:\/\/api.w.org\/{rel}","templated":true}]}}