{"id":19633,"date":"2025-02-23T21:57:36","date_gmt":"2025-02-23T21:57:36","guid":{"rendered":"https:\/\/bioefekts.lv\/refund_returns\/"},"modified":"2025-05-28T15:53:48","modified_gmt":"2025-05-28T12:53:48","slug":"refund_returns","status":"publish","type":"page","link":"https:\/\/bioefekts.lv\/et\/refund_returns\/","title":{"rendered":"Tagastamispoliitika"},"content":{"rendered":"\t\t<div data-elementor-type=\"wp-page\" data-elementor-id=\"19633\" class=\"elementor elementor-19633 elementor-19632\" data-elementor-post-type=\"page\">\n\t\t\t\t<div class=\"wd-negative-gap elementor-element elementor-element-d910e75 e-flex e-con-boxed e-con e-parent\" data-id=\"d910e75\" data-element_type=\"container\" data-e-type=\"container\">\n\t\t\t\t\t<div class=\"e-con-inner\">\n\t\t\t\t<div class=\"elementor-element elementor-element-59d92145 color-scheme-inherit text-left elementor-widget elementor-widget-text-editor\" data-id=\"59d92145\" data-element_type=\"widget\" data-e-type=\"widget\" data-widget_type=\"text-editor.default\">\n\t\t\t\t<div class=\"elementor-widget-container\">\n\t\t\t\t\t\t\t\t\t\n<div class=\"row\">\n<div class=\"col-xs-12\"><header class=\"page-header\">\n<h1 class=\"h1\">Toote tagastamise poliitika<\/h1>\n<\/header><\/div>\n<\/div>\n<div class=\"row\">\n<div class=\"col-xs-12\">\n<article class=\"ui-text\">\n<p>Veebipoest bioefekts.lv ostetud kaupu v\u00f5ib <a>tarbija <sup>1<\/sup><\/a> tagastada 14 p\u00e4eva jooksul alates kauba k\u00e4ttesaamisest vastavalt kabineti m\u00e4\u00e4ruse nr 255 \u201eKauglepingute tingimused\u201c punktile 19. L\u00e4ti Vabariigi tarbijakaitseseaduse paragrahvi 12 l\u00f5ike 11 kohaselt \u201evastutab tarbija toote v\u00e4\u00e4rtuse v\u00e4henemise eest, kui toodet on kasutatud muul eesm\u00e4rgil kui toote olemuse, omaduste ja toimimise kindlakstegemiseks [&#8230;]\u201c. Ettev\u00f5te palub klientidel arvestada, et taganemis\u00f5iguse kasutamise ajal on tarbijal \u00f5igus kasutada toodet vajalikul m\u00e4\u00e4ral toote kontrollimiseks (nii palju, kui see v\u00f5iks olla enne toote ostmist tavapoes). Taganemis\u00f5iguse kasutamise ajal vastutab tarbija kauba kasutamise eest, mis \u00fcletab kauba kontrollimise eesm\u00e4rki ja on vastuolus hea usu p\u00f5him\u00f5ttega ning v\u00e4hendab kauba v\u00e4\u00e4rtust, kvaliteeti ja ohutust.   <\/p>\n<p>Sellest tulenevalt j\u00e4tab ettev\u00f5te endale \u00f5iguse algatada tsiviilhagi tarbija vastu kohtus, et n\u00f5uda kahju h\u00fcvitamist seoses toote v\u00e4\u00e4rtuse, kvaliteedi ja ohutuse v\u00e4henemisega, sealhulgas juhul, kui toode ei ole tagastatud originaalpakendis ja kui on n\u00e4htavad m\u00e4rgid hooletust kasutamisest (n\u00e4iteks kahjustatud pol\u00fcet\u00fcleen- v\u00f5i plastpakend, mis sisaldab kaupa). Samuti palub ettev\u00f5te tarbijal s\u00e4ilitada toote karp ja tagastada see koos tootega, kuna pakendil on m\u00e4rgitud toote seerianumber. <\/p>\n<p>K\u00f5iki juhtumeid, mil taganemis\u00f5igust ei saa kasutada, on k\u00e4sitletud <a href=\"https:\/\/likumi.lv\/ta\/id\/266462#p22\">kabineti m\u00e4\u00e4ruses nr 255<\/a>.<\/p>\n<p>Taganemis\u00f5iguse kasutamiseks v\u00f5tke palun \u00fchendust aktsiaseltsiga \u201eBIOEFEKTS\u201c, \u00fchtne registreerimisnumber 40103110309, juriidiline aadress: L\u012bvzemes iela 30, Salaspils, Salaspilsi maakond, LV-2169, tel: +371 27774433, e-post: <a>info@bioefekts.lv<\/a><\/p>\n<p>Tagasimakse saamiseks t\u00e4itke taganemisvorm kirjalikult ja andke see ettev\u00f5ttele isiklikult, posti teel v\u00f5i turvalise elektroonilise allkirjaga ja ajatempliga allkirjastatuna ning saatke see e-posti teel.<\/p>\n<p>Laadige alla <a href=\"https:\/\/bioefekts.lv\/wp-content\/uploads\/2021\/05\/Withdrawl-Form-Atteikuma-veidlapa.docx\">tagasiv\u00f5tmise vorm<\/a>.<\/p>\n<p><a href=\"https:\/\/bioefekts.lv\/en\/return-of-damaged-goods\/\">Vigastatud kauba tagastusvorm<\/a>, kui kahjustatud kaup on k\u00e4tte saadud.<\/p>\n<p>Taganemis\u00f5iguse kasutamise korral tagastatakse toote eest makstud summa m\u00e4\u00e4ratud arvelduskontole hiljemalt 14 p\u00e4eva jooksul alates teate \u201eTaganemis\u00f5iguse kasutamise kohta\u201c k\u00e4ttesaamise kuup\u00e4evast. M\u00fc\u00fcjal on \u00f5igus pidada kinni tarbija poolt kauba eest makstud rahasumma kuni selle tagastamiseni v\u00f5i selle saatmist M\u00fc\u00fcjale t\u00f5endavate dokumentide esitamiseni, s\u00f5ltuvalt sellest, kumb toiming on tehtud varem. <\/p>\n<p>Tagastatud kaup tuleb toimetada ettev\u00f5tte registrij\u00e4rgsesse kontorisse viivitamata ja hiljemalt 14 p\u00e4eva jooksul alates kauglepingust taganemise otsuse teatavakstegemisest. Kui toode tagastatakse registrij\u00e4rgsesse kontorisse saatmise teel, kannab toote tagastamisega seotud kulud tarbija. <\/p>\n<p>Tarbija vastutab toote kvaliteedi ja ohutuse s\u00e4ilitamise eest taganemis\u00f5iguse kasutamise ajal (sealhulgas pakendi t\u00e4ieliku ja laitmatu s\u00e4ilitamise eest).<\/p>\n<p>Tagastatav toode peab olema t\u00e4ies komplektis (peab sisaldama k\u00f5iki pakendis olevaid tarvikuid) Kui toode on ostetud kampaania ajal koos m\u00f5ne teise lisatud tootega, tuleb tagastada kogu komplekt (k\u00f5ik tooted).<\/p>\n<p><sup id=\"piez\u012bme1\">1tarbija<\/sup>&#8211; isik, kes avaldab soovi osta, omandab v\u00f5i v\u00f5ib osta v\u00f5i kasutada toodet eesm\u00e4rgil, mis ei ole seotud tema majandus- v\u00f5i kutsetegevusega.<\/p>\n<\/article>\n<\/div>\n<\/div>\n\t\t\t\t\t\t\t\t<\/div>\n\t\t\t\t<\/div>\n\t\t\t\t\t<\/div>\n\t\t\t\t<\/div>\n\t\t\t\t<\/div>\n\t\t","protected":false},"excerpt":{"rendered":"<p>Toote tagastamise poliitika Veebipoest bioefekts.lv ostetud kaupu v\u00f5ib tarbija 1 tagastada 14 p\u00e4eva jooksul alates kauba k\u00e4ttesaamisest vastavalt kabineti m\u00e4\u00e4ruse<\/p>\n","protected":false},"author":1,"featured_media":0,"parent":0,"menu_order":0,"comment_status":"closed","ping_status":"closed","template":"","meta":{"om_disable_all_campaigns":false,"_monsterinsights_skip_tracking":false,"_monsterinsights_sitenote_active":false,"_monsterinsights_sitenote_note":"","_monsterinsights_sitenote_category":0,"footnotes":""},"class_list":["post-19633","page","type-page","status-publish","hentry"],"aioseo_notices":[],"_links":{"self":[{"href":"https:\/\/bioefekts.lv\/et\/wp-json\/wp\/v2\/pages\/19633","targetHints":{"allow":["GET"]}}],"collection":[{"href":"https:\/\/bioefekts.lv\/et\/wp-json\/wp\/v2\/pages"}],"about":[{"href":"https:\/\/bioefekts.lv\/et\/wp-json\/wp\/v2\/types\/page"}],"author":[{"embeddable":true,"href":"https:\/\/bioefekts.lv\/et\/wp-json\/wp\/v2\/users\/1"}],"replies":[{"embeddable":true,"href":"https:\/\/bioefekts.lv\/et\/wp-json\/wp\/v2\/comments?post=19633"}],"version-history":[{"count":0,"href":"https:\/\/bioefekts.lv\/et\/wp-json\/wp\/v2\/pages\/19633\/revisions"}],"wp:attachment":[{"href":"https:\/\/bioefekts.lv\/et\/wp-json\/wp\/v2\/media?parent=19633"}],"curies":[{"name":"wp","href":"https:\/\/api.w.org\/{rel}","templated":true}]}}