{"id":19948,"date":"2025-01-20T16:31:21","date_gmt":"2025-01-20T16:31:21","guid":{"rendered":"https:\/\/bioefekts.lv\/product\/subtimix-for-incorporation-into-the-soil\/"},"modified":"2025-04-27T23:43:29","modified_gmt":"2025-04-27T20:43:29","slug":"subtimix-for-incorporation-into-the-soil","status":"publish","type":"product","link":"https:\/\/bioefekts.lv\/en\/product\/subtimix-for-incorporation-into-the-soil\/","title":{"rendered":"Subtimix &#8211; for incorporation into soil"},"content":{"rendered":"\t\t<div data-elementor-type=\"product-post\" data-elementor-id=\"19948\" class=\"elementor elementor-19948 elementor-16582\" data-elementor-post-type=\"product\">\n\t\t\t\t<div class=\"elementor-element elementor-element-38556dd8 e-flex e-con-boxed e-con e-parent\" data-id=\"38556dd8\" data-element_type=\"container\" data-e-type=\"container\">\n\t\t\t\t\t<div class=\"e-con-inner\">\n\t\t<div class=\"elementor-element elementor-element-30dc2fae e-con-full e-flex e-con e-child\" data-id=\"30dc2fae\" data-element_type=\"container\" data-e-type=\"container\">\n\t\t\t\t<div class=\"elementor-element elementor-element-45dd0817 color-scheme-inherit text-left elementor-widget elementor-widget-text-editor\" data-id=\"45dd0817\" data-element_type=\"widget\" data-e-type=\"widget\" data-widget_type=\"text-editor.default\">\n\t\t\t\t<div class=\"elementor-widget-container\">\n\t\t\t\t\t\t\t\t\t<p>The micro-organisms in the <strong>sub-mix<\/strong> convert the phosphorus and potassium compounds in the soil into a form that is usable by plants. Phosphorus and potassium enhance flower, fruit and seed formation and increase the quantity of quality harvests, contribute to faster crop ripening and more successful overwintering. Subtimix It contributes to the establishment of a strong root system, stem development and growth, improves and enriches the soil, increases the number of micro-organisms in the rhizosphere that are beneficial to the plant.  <br>The microbiological preparation contains soil micro-organisms that also produce phytohormones and antimicrobial substances that strengthen the plant&#8217;s resistance and induce a protective response, increasing the plant&#8217;s natural immunity. The product is suitable for a wide range of soil types and crops and can be used throughout the growing season indoors, in greenhouses and outdoors. <\/p><p><strong>IMPORTANT<\/strong><\/p><ul><li><p>The fertiliser is authorised for use in organic farming in accordance with European Commission Regulation 2021\/1165.<\/p><\/li><li>It should not be mixed with fungicides.<\/li><li>Sufficient soil moisture and warmth (+15\u00b0 to +25\u00b0 C) increase efficiency.<\/li><li>Use above the specified dose does not cause harm to plants, humans, animals or the environment.<\/li><li>All microbial fertilisers can be combined with each other.<\/li><li>There is no waiting period between treatment and harvest.<\/li><\/ul><p><strong>STORAGE<\/strong><br>The preparation should be stored at +3\u00b0 to +27\u00b0C. Shelf life for unopened packaging &#8211; 2 years from the date of manufacture, see label. <\/p>\t\t\t\t\t\t\t\t<\/div>\n\t\t\t\t<\/div>\n\t\t\t\t<\/div>\n\t\t<div class=\"elementor-element elementor-element-204735e3 e-con-full e-flex e-con e-child\" data-id=\"204735e3\" data-element_type=\"container\" data-e-type=\"container\" data-settings=\"{&quot;background_background&quot;:&quot;classic&quot;}\">\n\t\t\t\t<div class=\"elementor-element elementor-element-13e3435a elementor-widget elementor-widget-heading\" data-id=\"13e3435a\" data-element_type=\"widget\" data-e-type=\"widget\" data-widget_type=\"heading.default\">\n\t\t\t\t<div class=\"elementor-widget-container\">\n\t\t\t\t\t<h3 class=\"elementor-heading-title elementor-size-default\">Dosage:<\/h3>\t\t\t\t<\/div>\n\t\t\t\t<\/div>\n\t\t\t\t<div class=\"elementor-element elementor-element-56659221 elementor-widget elementor-widget-wd_text_block\" data-id=\"56659221\" data-element_type=\"widget\" data-e-type=\"widget\" data-widget_type=\"wd_text_block.default\">\n\t\t\t\t<div class=\"elementor-widget-container\">\n\t\t\t\t\t\t\t<div class=\"wd-text-block reset-last-child text-left\">\n\t\t\t\n\t\t\t<p>200g\/20m\u00b2<br>500g\/50m\u00b2<br>2kg\/200m\u00b2<br>5kg\/500m\u00b2<br>In depleted soils, the rate is increased 2-3 times.<br>Use above the specified rate does not harm plants, humans, animals or the environment and does not cause resistance.<br><strong>Shelf life<\/strong>: unopened - 2 years<\/p>\n\t\t\t\t\t<\/div>\n\t\t\t\t\t\t<\/div>\n\t\t\t\t<\/div>\n\t\t\t\t<\/div>\n\t\t\t\t\t<\/div>\n\t\t\t\t<\/div>\n\t\t<div class=\"wd-negative-gap elementor-element elementor-element-3b6abc9a e-flex e-con-boxed e-con e-parent\" data-id=\"3b6abc9a\" data-element_type=\"container\" data-e-type=\"container\">\n\t\t\t\t\t<div class=\"e-con-inner\">\n\t\t\t\t<div class=\"elementor-element elementor-element-4c8ed1fc elementor-widget elementor-widget-heading\" data-id=\"4c8ed1fc\" data-element_type=\"widget\" data-e-type=\"widget\" data-widget_type=\"heading.default\">\n\t\t\t\t<div class=\"elementor-widget-container\">\n\t\t\t\t\t<h3 class=\"elementor-heading-title elementor-size-default\">Use<\/h3>\t\t\t\t<\/div>\n\t\t\t\t<\/div>\n\t\t\t\t\t<\/div>\n\t\t\t\t<\/div>\n\t\t<div class=\"wd-negative-gap elementor-element elementor-element-6fe7037f e-flex e-con-boxed e-con e-parent\" data-id=\"6fe7037f\" data-element_type=\"container\" data-e-type=\"container\">\n\t\t\t\t\t<div class=\"e-con-inner\">\n\t\t<div class=\"elementor-element elementor-element-31e9618e e-con-full e-flex e-con e-child\" data-id=\"31e9618e\" data-element_type=\"container\" data-e-type=\"container\">\n\t\t\t\t<div class=\"elementor-element elementor-element-2d383bde color-scheme-inherit text-left elementor-widget elementor-widget-text-editor\" data-id=\"2d383bde\" data-element_type=\"widget\" data-e-type=\"widget\" data-widget_type=\"text-editor.default\">\n\t\t\t\t<div class=\"elementor-widget-container\">\n\t\t\t\t\t\t\t\t\t<ul><li><strong>Soil improvement<\/strong> &#8211; penetrates 10-15 cm into the topsoil, keeps the soil moist.<\/li><li><strong>Planting<\/strong> &#8211; in the planting hole near the roots or in direct contact with the roots.<\/li><li><strong>Sowing<\/strong> &#8211; rub into the sowing guide, sow seeds directly on the preparation.<br>For previous years&#8217; plantings &#8211; rub around the plant (near the roots) and keep moist.<\/li><li><strong>For indoor plants<\/strong> &#8211; add to the substrate before planting. For already planted houseplants, it is applied and worked into the topsoil. <\/li><\/ul><p>It is recommended to reapply the product several times a season near the roots of the plant and to keep the soil moist.<br>The product is friendly to humans, animals, bees and other pollinators.<\/p>\t\t\t\t\t\t\t\t<\/div>\n\t\t\t\t<\/div>\n\t\t\t\t<\/div>\n\t\t<div class=\"elementor-element elementor-element-4df3be50 e-con-full e-flex e-con e-child\" data-id=\"4df3be50\" data-element_type=\"container\" data-e-type=\"container\">\n\t\t<div class=\"elementor-element elementor-element-2caf66bf e-con-full e-flex e-con e-child\" data-id=\"2caf66bf\" data-element_type=\"container\" data-e-type=\"container\">\n\t\t<div class=\"elementor-element elementor-element-1302932c e-con-full e-flex e-con e-child\" data-id=\"1302932c\" data-element_type=\"container\" data-e-type=\"container\">\n\t\t\t\t<div class=\"elementor-element elementor-element-d53e9ba elementor-widget elementor-widget-video\" data-id=\"d53e9ba\" data-element_type=\"widget\" data-e-type=\"widget\" data-settings=\"{&quot;youtube_url&quot;:&quot;https:\\\/\\\/www.youtube.com\\\/watch?v=qv3VeuNt_l0&quot;,&quot;autoplay&quot;:&quot;yes&quot;,&quot;show_image_overlay&quot;:&quot;yes&quot;,&quot;image_overlay&quot;:{&quot;url&quot;:&quot;https:\\\/\\\/bioefekts.lv\\\/wp-content\\\/uploads\\\/2025\\\/01\\\/Zemenes-Thumbnail.jpg&quot;,&quot;id&quot;:18954,&quot;size&quot;:&quot;&quot;,&quot;alt&quot;:&quot;&quot;,&quot;source&quot;:&quot;library&quot;},&quot;lightbox&quot;:&quot;yes&quot;,&quot;video_type&quot;:&quot;youtube&quot;,&quot;controls&quot;:&quot;yes&quot;}\" data-widget_type=\"video.default\">\n\t\t\t\t<div class=\"elementor-widget-container\">\n\t\t\t\t\t\t\t<div class=\"elementor-wrapper elementor-open-lightbox\">\n\t\t\t\t\t\t\t<div class=\"elementor-custom-embed-image-overlay\" data-elementor-open-lightbox=\"yes\" data-elementor-lightbox=\"{&quot;type&quot;:&quot;video&quot;,&quot;videoType&quot;:&quot;youtube&quot;,&quot;url&quot;:&quot;https:\\\/\\\/www.youtube.com\\\/embed\\\/qv3VeuNt_l0?feature=oembed&amp;start&amp;end&amp;wmode=opaque&amp;loop=0&amp;controls=1&amp;mute=0&amp;rel=0&amp;cc_load_policy=0&quot;,&quot;autoplay&quot;:&quot;yes&quot;,&quot;modalOptions&quot;:{&quot;id&quot;:&quot;elementor-lightbox-d53e9ba&quot;,&quot;entranceAnimation&quot;:&quot;&quot;,&quot;entranceAnimation_tablet&quot;:&quot;&quot;,&quot;entranceAnimation_mobile&quot;:&quot;&quot;,&quot;videoAspectRatio&quot;:&quot;169&quot;}}\" data-e-action-hash=\"#elementor-action%3Aaction%3Dlightbox%26settings%3DeyJ0eXBlIjoidmlkZW8iLCJ2aWRlb1R5cGUiOiJ5b3V0dWJlIiwidXJsIjoiaHR0cHM6XC9cL3d3dy55b3V0dWJlLmNvbVwvZW1iZWRcL3F2M1ZldU50X2wwP2ZlYXR1cmU9b2VtYmVkJnN0YXJ0JmVuZCZ3bW9kZT1vcGFxdWUmbG9vcD0wJmNvbnRyb2xzPTEmbXV0ZT0wJnJlbD0wJmNjX2xvYWRfcG9saWN5PTAiLCJhdXRvcGxheSI6InllcyIsIm1vZGFsT3B0aW9ucyI6eyJpZCI6ImVsZW1lbnRvci1saWdodGJveC1kNTNlOWJhIiwiZW50cmFuY2VBbmltYXRpb24iOiIiLCJlbnRyYW5jZUFuaW1hdGlvbl90YWJsZXQiOiIiLCJlbnRyYW5jZUFuaW1hdGlvbl9tb2JpbGUiOiIiLCJ2aWRlb0FzcGVjdFJhdGlvIjoiMTY5In19\">\n\t\t\t\t\t\t\t\t\t\t\t<img loading=\"lazy\" decoding=\"async\" width=\"600\" height=\"338\" src=\"https:\/\/bioefekts.lv\/wp-content\/uploads\/2025\/01\/Zemenes-Thumbnail.jpg\" class=\"attachment-full size-full wp-image-18954 wvs-archive-product-image\" alt=\"st\u0101dam zemenes\" srcset=\"https:\/\/bioefekts.lv\/wp-content\/uploads\/2025\/01\/Zemenes-Thumbnail.jpg 600w, https:\/\/bioefekts.lv\/wp-content\/uploads\/2025\/01\/Zemenes-Thumbnail-430x242.jpg 430w, https:\/\/bioefekts.lv\/wp-content\/uploads\/2025\/01\/Zemenes-Thumbnail-150x85.jpg 150w, https:\/\/bioefekts.lv\/wp-content\/uploads\/2025\/01\/Zemenes-Thumbnail-400x225.jpg 400w\" sizes=\"auto, (max-width: 600px) 100vw, 600px\" \/>\t\t\t\t\t\t\t\t\t\t\t\t\t\t\t\t<div class=\"elementor-custom-embed-play\" role=\"button\" aria-label=\"Play Video\" tabindex=\"0\">\n\t\t\t\t\t\t\t<svg aria-hidden=\"true\" class=\"e-font-icon-svg e-eicon-play\" viewBox=\"0 0 1000 1000\" xmlns=\"http:\/\/www.w3.org\/2000\/svg\"><path d=\"M838 162C746 71 633 25 500 25 371 25 258 71 163 162 71 254 25 367 25 500 25 633 71 746 163 837 254 929 367 979 500 979 633 979 746 933 838 837 929 746 975 633 975 500 975 367 929 254 838 162M808 192C892 279 933 379 933 500 933 621 892 725 808 808 725 892 621 938 500 938 379 938 279 896 196 808 113 725 67 621 67 500 67 379 108 279 196 192 279 108 383 62 500 62 621 62 721 108 808 192M438 392V642L642 517 438 392Z\"><\/path><\/svg>\t\t\t\t\t\t<\/div>\n\t\t\t\t\t\t\t\t\t<\/div>\n\t\t\t\t\t<\/div>\n\t\t\t\t\t\t<\/div>\n\t\t\t\t<\/div>\n\t\t\t\t<\/div>\n\t\t<div class=\"elementor-element elementor-element-6223a387 e-con-full e-flex e-con e-child\" data-id=\"6223a387\" data-element_type=\"container\" data-e-type=\"container\">\n\t\t<a class=\"elementor-element elementor-element-1b9fce11 e-con-full e-flex e-con e-child\" data-id=\"1b9fce11\" data-element_type=\"container\" data-e-type=\"container\" data-settings=\"{&quot;background_background&quot;:&quot;classic&quot;}\" href=\"#elementor-action%3Aaction%3Dlightbox%26settings%3DeyJ0eXBlIjoidmlkZW8iLCJ2aWRlb1R5cGUiOiJ5b3V0dWJlIiwidXJsIjoiaHR0cHM6XC9cL3d3dy55b3V0dWJlLmNvbVwvZW1iZWRcL3F2M1ZldU50X2wwP2ZlYXR1cmU9b2VtYmVkIn0%3D\">\n\t\t\t\t<div class=\"elementor-element elementor-element-73bbc01a elementor-widget elementor-widget-heading\" data-id=\"73bbc01a\" data-element_type=\"widget\" data-e-type=\"widget\" data-widget_type=\"heading.default\">\n\t\t\t\t<div class=\"elementor-widget-container\">\n\t\t\t\t\t<p class=\"elementor-heading-title elementor-size-default\">Video tutorial on how to plant Strawberries with Bacillon<\/p>\t\t\t\t<\/div>\n\t\t\t\t<\/div>\n\t\t\t\t<\/a>\n\t\t\t\t<\/div>\n\t\t\t\t<\/div>\n\t\t<div class=\"elementor-element elementor-element-74f0ea45 e-con-full e-flex e-con e-child\" data-id=\"74f0ea45\" data-element_type=\"container\" data-e-type=\"container\">\n\t\t<div class=\"elementor-element elementor-element-71496de9 e-con-full e-flex e-con e-child\" data-id=\"71496de9\" data-element_type=\"container\" data-e-type=\"container\">\n\t\t\t\t<\/div>\n\t\t<div class=\"elementor-element elementor-element-d217b7 e-con-full e-flex e-con e-child\" data-id=\"d217b7\" data-element_type=\"container\" data-e-type=\"container\">\n\t\t\t\t<\/div>\n\t\t\t\t<\/div>\n\t\t<div class=\"elementor-element elementor-element-1ab22504 e-con-full e-flex e-con e-child\" data-id=\"1ab22504\" data-element_type=\"container\" data-e-type=\"container\">\n\t\t<div class=\"elementor-element elementor-element-66e43dbe e-con-full e-flex e-con e-child\" data-id=\"66e43dbe\" data-element_type=\"container\" data-e-type=\"container\">\n\t\t\t\t<\/div>\n\t\t<div class=\"elementor-element elementor-element-40a183cb e-con-full e-flex e-con e-child\" data-id=\"40a183cb\" data-element_type=\"container\" data-e-type=\"container\">\n\t\t\t\t<\/div>\n\t\t\t\t<\/div>\n\t\t<div class=\"elementor-element elementor-element-15c4c778 e-con-full e-flex e-con e-child\" data-id=\"15c4c778\" data-element_type=\"container\" data-e-type=\"container\">\n\t\t<div class=\"elementor-element elementor-element-3f16e7b1 e-con-full e-flex e-con e-child\" data-id=\"3f16e7b1\" data-element_type=\"container\" data-e-type=\"container\">\n\t\t\t\t<\/div>\n\t\t<div class=\"elementor-element elementor-element-69d29453 e-con-full e-flex e-con e-child\" data-id=\"69d29453\" data-element_type=\"container\" data-e-type=\"container\">\n\t\t\t\t<\/div>\n\t\t\t\t<\/div>\n\t\t\t\t<\/div>\n\t\t\t\t\t<\/div>\n\t\t\t\t<\/div>\n\t\t<div class=\"wd-negative-gap elementor-element elementor-element-2c892bab e-flex e-con-boxed e-con e-parent\" data-id=\"2c892bab\" data-element_type=\"container\" data-e-type=\"container\">\n\t\t\t\t\t<div class=\"e-con-inner\">\n\t\t\t\t<div class=\"elementor-element elementor-element-6c655b36 elementor-widget elementor-widget-wd_text_block\" data-id=\"6c655b36\" data-element_type=\"widget\" data-e-type=\"widget\" data-widget_type=\"wd_text_block.default\">\n\t\t\t\t<div class=\"elementor-widget-container\">\n\t\t\t\t\t\t\t<div class=\"wd-text-block reset-last-child text-left\">\n\t\t\t\n\t\t\t<h2><strong>Use as follows<\/strong><\/h2>\n\t\t\t\t\t<\/div>\n\t\t\t\t\t\t<\/div>\n\t\t\t\t<\/div>\n\t\t\t\t\t<\/div>\n\t\t\t\t<\/div>\n\t\t<div class=\"wd-negative-gap elementor-element elementor-element-aebe771 e-grid e-con-boxed e-con e-parent\" data-id=\"aebe771\" data-element_type=\"container\" data-e-type=\"container\">\n\t\t\t\t\t<div class=\"e-con-inner\">\n\t\t\t\t<div class=\"elementor-element elementor-element-f462f7f elementor-position-top elementor-widget elementor-widget-image-box\" data-id=\"f462f7f\" data-element_type=\"widget\" data-e-type=\"widget\" data-widget_type=\"image-box.default\">\n\t\t\t\t<div class=\"elementor-widget-container\">\n\t\t\t\t\t<div class=\"elementor-image-box-wrapper\"><figure class=\"elementor-image-box-img\"><img loading=\"lazy\" decoding=\"async\" width=\"522\" height=\"494\" src=\"https:\/\/bioefekts.lv\/wp-content\/uploads\/2025\/01\/Usage-instruction-1.png\" class=\"attachment-full size-full wp-image-18934 wvs-archive-product-image\" alt=\"st\u0101du st\u0101da kop\u0101 ar m\u0113slojumu\" srcset=\"https:\/\/bioefekts.lv\/wp-content\/uploads\/2025\/01\/Usage-instruction-1.png 522w, https:\/\/bioefekts.lv\/wp-content\/uploads\/2025\/01\/Usage-instruction-1-430x407.png 430w, https:\/\/bioefekts.lv\/wp-content\/uploads\/2025\/01\/Usage-instruction-1-150x142.png 150w, https:\/\/bioefekts.lv\/wp-content\/uploads\/2025\/01\/Usage-instruction-1-317x300.png 317w\" sizes=\"auto, (max-width: 522px) 100vw, 522px\" \/><\/figure><div class=\"elementor-image-box-content\"><h3 class=\"elementor-image-box-title\">Sowing<\/h3><p class=\"elementor-image-box-description\">Apply 5-10 cm deep in the soil before sowing the crop or in a sowing guide and sow the seeds directly on the preparation.<\/p><\/div><\/div>\t\t\t\t<\/div>\n\t\t\t\t<\/div>\n\t\t\t\t<div class=\"elementor-element elementor-element-ddcb957 elementor-position-top elementor-widget elementor-widget-image-box\" data-id=\"ddcb957\" data-element_type=\"widget\" data-e-type=\"widget\" data-widget_type=\"image-box.default\">\n\t\t\t\t<div class=\"elementor-widget-container\">\n\t\t\t\t\t<div class=\"elementor-image-box-wrapper\"><figure class=\"elementor-image-box-img\"><img loading=\"lazy\" decoding=\"async\" width=\"522\" height=\"494\" src=\"https:\/\/bioefekts.lv\/wp-content\/uploads\/2025\/02\/instruction-Beram.png\" class=\"attachment-full size-full wp-image-19282 wvs-archive-product-image\" alt=\"bioefekta produkts pal\u012bdz auga aug\u0161an\u0101\" srcset=\"https:\/\/bioefekts.lv\/wp-content\/uploads\/2025\/02\/instruction-Beram.png 522w, https:\/\/bioefekts.lv\/wp-content\/uploads\/2025\/02\/instruction-Beram-430x407.png 430w, https:\/\/bioefekts.lv\/wp-content\/uploads\/2025\/02\/instruction-Beram-150x142.png 150w, https:\/\/bioefekts.lv\/wp-content\/uploads\/2025\/02\/instruction-Beram-317x300.png 317w\" sizes=\"auto, (max-width: 522px) 100vw, 522px\" \/><\/figure><div class=\"elementor-image-box-content\"><h3 class=\"elementor-image-box-title\">During sowing<\/h3><p class=\"elementor-image-box-description\">repeatedly 2-3 times per season.<\/p><\/div><\/div>\t\t\t\t<\/div>\n\t\t\t\t<\/div>\n\t\t\t\t<div class=\"elementor-element elementor-element-50bd68e4 elementor-position-top elementor-widget elementor-widget-image-box\" data-id=\"50bd68e4\" data-element_type=\"widget\" data-e-type=\"widget\" data-widget_type=\"image-box.default\">\n\t\t\t\t<div class=\"elementor-widget-container\">\n\t\t\t\t\t<div class=\"elementor-image-box-wrapper\"><figure class=\"elementor-image-box-img\"><img loading=\"lazy\" decoding=\"async\" width=\"522\" height=\"494\" src=\"https:\/\/bioefekts.lv\/wp-content\/uploads\/2025\/02\/instruction-Lejkanna.png\" class=\"attachment-full size-full wp-image-19286 wvs-archive-product-image\" alt=\"bioefekta produkts apstr\u0101d\u0101 augu\" srcset=\"https:\/\/bioefekts.lv\/wp-content\/uploads\/2025\/02\/instruction-Lejkanna.png 522w, https:\/\/bioefekts.lv\/wp-content\/uploads\/2025\/02\/instruction-Lejkanna-430x407.png 430w, https:\/\/bioefekts.lv\/wp-content\/uploads\/2025\/02\/instruction-Lejkanna-150x142.png 150w, https:\/\/bioefekts.lv\/wp-content\/uploads\/2025\/02\/instruction-Lejkanna-317x300.png 317w\" sizes=\"auto, (max-width: 522px) 100vw, 522px\" \/><\/figure><div class=\"elementor-image-box-content\"><h3 class=\"elementor-image-box-title\">All season<\/h3><p class=\"elementor-image-box-description\">the soil around the roots of the plant should be kept moist so that the micro-organisms can multiply and do their work.<\/p><\/div><\/div>\t\t\t\t<\/div>\n\t\t\t\t<\/div>\n\t\t\t\t<div class=\"elementor-element elementor-element-71f33996 elementor-position-top elementor-widget elementor-widget-image-box\" data-id=\"71f33996\" data-element_type=\"widget\" data-e-type=\"widget\" data-widget_type=\"image-box.default\">\n\t\t\t\t<div class=\"elementor-widget-container\">\n\t\t\t\t\t<div class=\"elementor-image-box-wrapper\"><figure class=\"elementor-image-box-img\"><img loading=\"lazy\" decoding=\"async\" width=\"522\" height=\"494\" src=\"https:\/\/bioefekts.lv\/wp-content\/uploads\/2025\/01\/Usage-instruction-4.png\" class=\"attachment-full size-full wp-image-18946 wvs-archive-product-image\" alt=\"St\u0101ds aug\" srcset=\"https:\/\/bioefekts.lv\/wp-content\/uploads\/2025\/01\/Usage-instruction-4.png 522w, https:\/\/bioefekts.lv\/wp-content\/uploads\/2025\/01\/Usage-instruction-4-430x407.png 430w, https:\/\/bioefekts.lv\/wp-content\/uploads\/2025\/01\/Usage-instruction-4-150x142.png 150w, https:\/\/bioefekts.lv\/wp-content\/uploads\/2025\/01\/Usage-instruction-4-317x300.png 317w\" sizes=\"auto, (max-width: 522px) 100vw, 522px\" \/><\/figure><div class=\"elementor-image-box-content\"><h3 class=\"elementor-image-box-title\">As a result<\/h3><p class=\"elementor-image-box-description\">the plants are vigorous, bloom gloriously and produce a bountiful harvest, rich in essential nutrients.<\/p><\/div><\/div>\t\t\t\t<\/div>\n\t\t\t\t<\/div>\n\t\t\t\t\t<\/div>\n\t\t\t\t<\/div>\n\t\t<div class=\"elementor-element elementor-element-5486dd62 e-flex e-con-boxed e-con e-parent\" data-id=\"5486dd62\" data-element_type=\"container\" data-e-type=\"container\">\n\t\t\t\t\t<div class=\"e-con-inner\">\n\t\t\t\t\t<\/div>\n\t\t\t\t<\/div>\n\t\t\t\t<\/div>\n\t\t","protected":false},"excerpt":{"rendered":"<ul>\n<li>Increases the amount of phosphorus and potassium available to the plant<\/li>\n<li>Promotes the development of the crop root system<\/li>\n<li>Enhances flowering and fruit and seed production<\/li>\n<li>Improves and enriches the soil<\/li>\n<\/ul>\n","protected":false},"featured_media":18866,"comment_status":"open","ping_status":"closed","template":"","meta":{"om_disable_all_campaigns":false,"_monsterinsights_skip_tracking":false,"_monsterinsights_sitenote_active":false,"_monsterinsights_sitenote_note":"","_monsterinsights_sitenote_category":0},"product_brand":[],"product_cat":[224,223,225,218,282],"product_tag":[],"class_list":{"0":"post-19948","1":"product","2":"type-product","3":"status-publish","4":"has-post-thumbnail","6":"product_cat-for-ferns","7":"product_cat-for-greenhouses","8":"product_cat-for-indoor-plants","9":"product_cat-for-the-garden","10":"product_cat-subtimix","12":"first","13":"instock","14":"shipping-taxable","15":"purchasable","16":"product-type-variable","17":"has-default-attributes","18":"wvs-archive-product-wrapper"},"aioseo_notices":[],"_links":{"self":[{"href":"https:\/\/bioefekts.lv\/en\/wp-json\/wp\/v2\/product\/19948","targetHints":{"allow":["GET"]}}],"collection":[{"href":"https:\/\/bioefekts.lv\/en\/wp-json\/wp\/v2\/product"}],"about":[{"href":"https:\/\/bioefekts.lv\/en\/wp-json\/wp\/v2\/types\/product"}],"replies":[{"embeddable":true,"href":"https:\/\/bioefekts.lv\/en\/wp-json\/wp\/v2\/comments?post=19948"}],"version-history":[{"count":0,"href":"https:\/\/bioefekts.lv\/en\/wp-json\/wp\/v2\/product\/19948\/revisions"}],"wp:featuredmedia":[{"embeddable":true,"href":"https:\/\/bioefekts.lv\/en\/wp-json\/wp\/v2\/media\/18866"}],"wp:attachment":[{"href":"https:\/\/bioefekts.lv\/en\/wp-json\/wp\/v2\/media?parent=19948"}],"wp:term":[{"taxonomy":"product_brand","embeddable":true,"href":"https:\/\/bioefekts.lv\/en\/wp-json\/wp\/v2\/product_brand?post=19948"},{"taxonomy":"product_cat","embeddable":true,"href":"https:\/\/bioefekts.lv\/en\/wp-json\/wp\/v2\/product_cat?post=19948"},{"taxonomy":"product_tag","embeddable":true,"href":"https:\/\/bioefekts.lv\/en\/wp-json\/wp\/v2\/product_tag?post=19948"}],"curies":[{"name":"wp","href":"https:\/\/api.w.org\/{rel}","templated":true}]}}