{"id":19838,"date":"2024-07-25T14:42:37","date_gmt":"2024-07-25T14:42:37","guid":{"rendered":"https:\/\/bioefekts.lv\/product\/for-lilies-for-incorporation-into-the-soil\/"},"modified":"2025-03-03T12:21:03","modified_gmt":"2025-03-03T12:21:03","slug":"for-lilies-for-incorporation-into-the-soil","status":"publish","type":"product","link":"https:\/\/bioefekts.lv\/en\/product\/for-lilies-for-incorporation-into-the-soil\/","title":{"rendered":"For Lilies &#8211; for incorporation into the soil"},"content":{"rendered":"\t\t<div data-elementor-type=\"product-post\" data-elementor-id=\"19838\" class=\"elementor elementor-19838 elementor-16125\" data-elementor-post-type=\"product\">\n\t\t\t\t<div class=\"elementor-element elementor-element-ca46552 e-flex e-con-boxed e-con e-parent\" data-id=\"ca46552\" data-element_type=\"container\" data-e-type=\"container\">\n\t\t\t\t\t<div class=\"e-con-inner\">\n\t\t<div class=\"elementor-element elementor-element-4d7f612 e-con-full e-flex e-con e-child\" data-id=\"4d7f612\" data-element_type=\"container\" data-e-type=\"container\">\n\t\t\t\t<div class=\"elementor-element elementor-element-2bfc065f color-scheme-inherit text-left elementor-widget elementor-widget-text-editor\" data-id=\"2bfc065f\" data-element_type=\"widget\" data-e-type=\"widget\" data-widget_type=\"text-editor.default\">\n\t\t\t\t<div class=\"elementor-widget-container\">\n\t\t\t\t\t\t\t\t\t<p>The microbiological preparation <strong>LILY<\/strong> contains micro-organisms that promote root and stem growth, strengthen inflorescences, promote abundant flowering and ensure strong bulb formation. The product significantly strengthens plant resistance to stress caused by adverse environmental conditions. The product helps to naturally regenerate the soil in areas where lilies have been growing for several years, providing a favourable environment for the root system and plant development. Improves winter hardiness.   <\/p><p><strong>IMPORTANT<\/strong><\/p><ul><li><p>The fertiliser is authorised for use in organic farming in accordance with European Commission Regulation 2021\/1165.<\/p><\/li><li>It should not be mixed with fungicides.<\/li><li>Sufficient soil moisture and warmth (+15\u00b0 to +25\u00b0 C) increase efficiency.<\/li><li>Use above the specified dose does not cause harm to plants, humans, animals or the environment.<\/li><li>All microbial fertilisers can be combined with each other.<\/li><li>There is no waiting period between treatment and harvest.<\/li><\/ul><p><strong>STORAGE<\/strong><br>The preparation should be stored at +3\u00b0 to +27\u00b0C. Shelf life for unopened packaging &#8211; 2 years from the date of manufacture, see label. <\/p>\t\t\t\t\t\t\t\t<\/div>\n\t\t\t\t<\/div>\n\t\t\t\t<\/div>\n\t\t<div class=\"elementor-element elementor-element-34085fec e-con-full e-flex e-con e-child\" data-id=\"34085fec\" data-element_type=\"container\" data-e-type=\"container\" data-settings=\"{&quot;background_background&quot;:&quot;classic&quot;}\">\n\t\t\t\t<div class=\"elementor-element elementor-element-7e146247 elementor-widget elementor-widget-heading\" data-id=\"7e146247\" data-element_type=\"widget\" data-e-type=\"widget\" data-widget_type=\"heading.default\">\n\t\t\t\t<div class=\"elementor-widget-container\">\n\t\t\t\t\t<h3 class=\"elementor-heading-title elementor-size-default\">Dosage:<\/h3>\t\t\t\t<\/div>\n\t\t\t\t<\/div>\n\t\t\t\t<div class=\"elementor-element elementor-element-36061a85 elementor-widget elementor-widget-wd_text_block\" data-id=\"36061a85\" data-element_type=\"widget\" data-e-type=\"widget\" data-widget_type=\"wd_text_block.default\">\n\t\t\t\t<div class=\"elementor-widget-container\">\n\t\t\t\t\t\t\t<div class=\"wd-text-block reset-last-child text-left\">\n\t\t\t\n\t\t\t<p>200g\/4m\u00b2 or 3-5 plants<br>500g\/10m\u00b2 or 7-10 plants<br>1kg\/20m\u00b2 or 15-20 plants<\/p><p>In depleted soils, the rate is increased by a factor of 2-3.<br>Use above the specified rate does not cause harm to plants, humans, animals or the environment and does not result in the development of resistance.<\/p><p><strong>Shelf life<\/strong>: unopened - 2 years<\/p>\n\t\t\t\t\t<\/div>\n\t\t\t\t\t\t<\/div>\n\t\t\t\t<\/div>\n\t\t\t\t<\/div>\n\t\t\t\t\t<\/div>\n\t\t\t\t<\/div>\n\t\t<div class=\"wd-negative-gap elementor-element elementor-element-6cdc3162 e-flex e-con-boxed e-con e-parent\" data-id=\"6cdc3162\" data-element_type=\"container\" data-e-type=\"container\">\n\t\t\t\t\t<div class=\"e-con-inner\">\n\t\t\t\t<div class=\"elementor-element elementor-element-302c47b0 elementor-widget elementor-widget-heading\" data-id=\"302c47b0\" data-element_type=\"widget\" data-e-type=\"widget\" data-widget_type=\"heading.default\">\n\t\t\t\t<div class=\"elementor-widget-container\">\n\t\t\t\t\t<h3 class=\"elementor-heading-title elementor-size-default\">Use<\/h3>\t\t\t\t<\/div>\n\t\t\t\t<\/div>\n\t\t\t\t\t<\/div>\n\t\t\t\t<\/div>\n\t\t<div class=\"wd-negative-gap elementor-element elementor-element-7633501 e-flex e-con-boxed e-con e-parent\" data-id=\"7633501\" data-element_type=\"container\" data-e-type=\"container\">\n\t\t\t\t\t<div class=\"e-con-inner\">\n\t\t<div class=\"elementor-element elementor-element-683c0a0e e-con-full e-flex e-con e-child\" data-id=\"683c0a0e\" data-element_type=\"container\" data-e-type=\"container\">\n\t\t\t\t<div class=\"elementor-element elementor-element-45de4b2f color-scheme-inherit text-left elementor-widget elementor-widget-text-editor\" data-id=\"45de4b2f\" data-element_type=\"widget\" data-e-type=\"widget\" data-widget_type=\"text-editor.default\">\n\t\t\t\t<div class=\"elementor-widget-container\">\n\t\t\t\t\t\t\t\t\t<ul><li><strong>Soil improvement<\/strong> &#8211; penetrates 10-15 cm into the topsoil, keeps the soil moist.<\/li><li><strong>Planting<\/strong> &#8211; in the planting hole near the roots or in direct contact with the roots.<\/li><li><strong>For previous years&#8217; plantings<\/strong> &#8211; root around the plant (near the roots) and keep moist.<\/li><li><strong>For indoor plants<\/strong> &#8211; add to the substrate before planting. For already planted houseplants, it is applied and worked into the topsoil. <\/li><li>It is recommended to reapply several times a season near the roots of the plant and to keep the soil moist.<br>The product is friendly to humans, animals, bees and other pollinators.<\/li><\/ul>\t\t\t\t\t\t\t\t<\/div>\n\t\t\t\t<\/div>\n\t\t\t\t<\/div>\n\t\t<div class=\"elementor-element elementor-element-5e5c56a7 e-con-full e-flex e-con e-child\" data-id=\"5e5c56a7\" data-element_type=\"container\" data-e-type=\"container\">\n\t\t<div class=\"elementor-element elementor-element-3315ae3c e-con-full e-flex e-con e-child\" data-id=\"3315ae3c\" data-element_type=\"container\" data-e-type=\"container\">\n\t\t<div class=\"elementor-element elementor-element-38826f55 e-con-full e-flex e-con e-child\" data-id=\"38826f55\" data-element_type=\"container\" data-e-type=\"container\">\n\t\t\t\t<div class=\"elementor-element elementor-element-15e40636 elementor-widget elementor-widget-video\" data-id=\"15e40636\" data-element_type=\"widget\" data-e-type=\"widget\" data-settings=\"{&quot;youtube_url&quot;:&quot;https:\\\/\\\/www.youtube.com\\\/watch?v=qv3VeuNt_l0&quot;,&quot;autoplay&quot;:&quot;yes&quot;,&quot;show_image_overlay&quot;:&quot;yes&quot;,&quot;image_overlay&quot;:{&quot;url&quot;:&quot;https:\\\/\\\/bioefekts.lv\\\/wp-content\\\/uploads\\\/2025\\\/01\\\/Zemenes-Thumbnail.jpg&quot;,&quot;id&quot;:&quot;16772&quot;,&quot;size&quot;:&quot;&quot;,&quot;alt&quot;:&quot;&quot;,&quot;source&quot;:&quot;library&quot;},&quot;lightbox&quot;:&quot;yes&quot;,&quot;video_type&quot;:&quot;youtube&quot;,&quot;controls&quot;:&quot;yes&quot;}\" data-widget_type=\"video.default\">\n\t\t\t\t<div class=\"elementor-widget-container\">\n\t\t\t\t\t\t\t<div class=\"elementor-wrapper elementor-open-lightbox\">\n\t\t\t\t\t\t\t<div class=\"elementor-custom-embed-image-overlay\" data-elementor-open-lightbox=\"yes\" data-elementor-lightbox=\"{&quot;type&quot;:&quot;video&quot;,&quot;videoType&quot;:&quot;youtube&quot;,&quot;url&quot;:&quot;https:\\\/\\\/www.youtube.com\\\/embed\\\/qv3VeuNt_l0?feature=oembed&amp;start&amp;end&amp;wmode=opaque&amp;loop=0&amp;controls=1&amp;mute=0&amp;rel=0&amp;cc_load_policy=0&quot;,&quot;autoplay&quot;:&quot;yes&quot;,&quot;modalOptions&quot;:{&quot;id&quot;:&quot;elementor-lightbox-15e40636&quot;,&quot;entranceAnimation&quot;:&quot;&quot;,&quot;entranceAnimation_tablet&quot;:&quot;&quot;,&quot;entranceAnimation_mobile&quot;:&quot;&quot;,&quot;videoAspectRatio&quot;:&quot;169&quot;}}\" data-e-action-hash=\"#elementor-action%3Aaction%3Dlightbox%26settings%3DeyJ0eXBlIjoidmlkZW8iLCJ2aWRlb1R5cGUiOiJ5b3V0dWJlIiwidXJsIjoiaHR0cHM6XC9cL3d3dy55b3V0dWJlLmNvbVwvZW1iZWRcL3F2M1ZldU50X2wwP2ZlYXR1cmU9b2VtYmVkJnN0YXJ0JmVuZCZ3bW9kZT1vcGFxdWUmbG9vcD0wJmNvbnRyb2xzPTEmbXV0ZT0wJnJlbD0wJmNjX2xvYWRfcG9saWN5PTAiLCJhdXRvcGxheSI6InllcyIsIm1vZGFsT3B0aW9ucyI6eyJpZCI6ImVsZW1lbnRvci1saWdodGJveC0xNWU0MDYzNiIsImVudHJhbmNlQW5pbWF0aW9uIjoiIiwiZW50cmFuY2VBbmltYXRpb25fdGFibGV0IjoiIiwiZW50cmFuY2VBbmltYXRpb25fbW9iaWxlIjoiIiwidmlkZW9Bc3BlY3RSYXRpbyI6IjE2OSJ9fQ%3D%3D\">\n\t\t\t\t\t\t\t\t\t\t\t<img loading=\"lazy\" decoding=\"async\" width=\"600\" height=\"338\" src=\"https:\/\/bioefekts.lv\/wp-content\/uploads\/2025\/01\/Zemenes-Thumbnail.jpg\" class=\"attachment-full size-full wp-image-16772 wvs-archive-product-image\" alt=\"st\u0101dam zemenes\" srcset=\"https:\/\/bioefekts.lv\/wp-content\/uploads\/2025\/01\/Zemenes-Thumbnail.jpg 600w, https:\/\/bioefekts.lv\/wp-content\/uploads\/2025\/01\/Zemenes-Thumbnail-430x242.jpg 430w, https:\/\/bioefekts.lv\/wp-content\/uploads\/2025\/01\/Zemenes-Thumbnail-150x85.jpg 150w, https:\/\/bioefekts.lv\/wp-content\/uploads\/2025\/01\/Zemenes-Thumbnail-400x225.jpg 400w\" sizes=\"auto, (max-width: 600px) 100vw, 600px\" \/>\t\t\t\t\t\t\t\t\t\t\t\t\t\t\t\t<div class=\"elementor-custom-embed-play\" role=\"button\" aria-label=\"Play Video\" tabindex=\"0\">\n\t\t\t\t\t\t\t<svg aria-hidden=\"true\" class=\"e-font-icon-svg e-eicon-play\" viewBox=\"0 0 1000 1000\" xmlns=\"http:\/\/www.w3.org\/2000\/svg\"><path d=\"M838 162C746 71 633 25 500 25 371 25 258 71 163 162 71 254 25 367 25 500 25 633 71 746 163 837 254 929 367 979 500 979 633 979 746 933 838 837 929 746 975 633 975 500 975 367 929 254 838 162M808 192C892 279 933 379 933 500 933 621 892 725 808 808 725 892 621 938 500 938 379 938 279 896 196 808 113 725 67 621 67 500 67 379 108 279 196 192 279 108 383 62 500 62 621 62 721 108 808 192M438 392V642L642 517 438 392Z\"><\/path><\/svg>\t\t\t\t\t\t<\/div>\n\t\t\t\t\t\t\t\t\t<\/div>\n\t\t\t\t\t<\/div>\n\t\t\t\t\t\t<\/div>\n\t\t\t\t<\/div>\n\t\t\t\t<\/div>\n\t\t<div class=\"elementor-element elementor-element-76e8c4f3 e-con-full e-flex e-con e-child\" data-id=\"76e8c4f3\" data-element_type=\"container\" data-e-type=\"container\">\n\t\t<a class=\"elementor-element elementor-element-45d95dae e-con-full e-flex e-con e-child\" data-id=\"45d95dae\" data-element_type=\"container\" data-e-type=\"container\" data-settings=\"{&quot;background_background&quot;:&quot;classic&quot;}\" href=\"#elementor-action%3Aaction%3Dlightbox%26settings%3DeyJ0eXBlIjoidmlkZW8iLCJ2aWRlb1R5cGUiOiJ5b3V0dWJlIiwidXJsIjoiaHR0cHM6XC9cL3d3dy55b3V0dWJlLmNvbVwvZW1iZWRcL3F2M1ZldU50X2wwP2ZlYXR1cmU9b2VtYmVkIn0%3D\">\n\t\t\t\t<div class=\"elementor-element elementor-element-4240dea4 elementor-widget elementor-widget-heading\" data-id=\"4240dea4\" data-element_type=\"widget\" data-e-type=\"widget\" data-widget_type=\"heading.default\">\n\t\t\t\t<div class=\"elementor-widget-container\">\n\t\t\t\t\t<p class=\"elementor-heading-title elementor-size-default\">Video tutorial on how to plant Strawberries with Bacillon<\/p>\t\t\t\t<\/div>\n\t\t\t\t<\/div>\n\t\t\t\t<\/a>\n\t\t\t\t<\/div>\n\t\t\t\t<\/div>\n\t\t<div class=\"elementor-element elementor-element-708f6234 e-con-full e-flex e-con e-child\" data-id=\"708f6234\" data-element_type=\"container\" data-e-type=\"container\">\n\t\t<div class=\"elementor-element elementor-element-2aeb08db e-con-full e-flex e-con e-child\" data-id=\"2aeb08db\" data-element_type=\"container\" data-e-type=\"container\">\n\t\t\t\t<\/div>\n\t\t<div class=\"elementor-element elementor-element-589eeb43 e-con-full e-flex e-con e-child\" data-id=\"589eeb43\" data-element_type=\"container\" data-e-type=\"container\">\n\t\t\t\t<\/div>\n\t\t\t\t<\/div>\n\t\t<div class=\"elementor-element elementor-element-388e8bad e-con-full e-flex e-con e-child\" data-id=\"388e8bad\" data-element_type=\"container\" data-e-type=\"container\">\n\t\t<div class=\"elementor-element elementor-element-4a7b3976 e-con-full e-flex e-con e-child\" data-id=\"4a7b3976\" data-element_type=\"container\" data-e-type=\"container\">\n\t\t\t\t<\/div>\n\t\t<div class=\"elementor-element elementor-element-43052a61 e-con-full e-flex e-con e-child\" data-id=\"43052a61\" data-element_type=\"container\" data-e-type=\"container\">\n\t\t\t\t<\/div>\n\t\t\t\t<\/div>\n\t\t<div class=\"elementor-element elementor-element-45dd04c9 e-con-full e-flex e-con e-child\" data-id=\"45dd04c9\" data-element_type=\"container\" data-e-type=\"container\">\n\t\t<div class=\"elementor-element elementor-element-3291d723 e-con-full e-flex e-con e-child\" data-id=\"3291d723\" data-element_type=\"container\" data-e-type=\"container\">\n\t\t\t\t<\/div>\n\t\t<div class=\"elementor-element elementor-element-15631661 e-con-full e-flex e-con e-child\" data-id=\"15631661\" data-element_type=\"container\" data-e-type=\"container\">\n\t\t\t\t<\/div>\n\t\t\t\t<\/div>\n\t\t\t\t<\/div>\n\t\t\t\t\t<\/div>\n\t\t\t\t<\/div>\n\t\t<div class=\"wd-negative-gap elementor-element elementor-element-3970b0e3 e-flex e-con-boxed e-con e-parent\" data-id=\"3970b0e3\" data-element_type=\"container\" data-e-type=\"container\">\n\t\t\t\t\t<div class=\"e-con-inner\">\n\t\t\t\t<div class=\"elementor-element elementor-element-4642b30e elementor-widget elementor-widget-wd_text_block\" data-id=\"4642b30e\" data-element_type=\"widget\" data-e-type=\"widget\" data-widget_type=\"wd_text_block.default\">\n\t\t\t\t<div class=\"elementor-widget-container\">\n\t\t\t\t\t\t\t<div class=\"wd-text-block reset-last-child text-left\">\n\t\t\t\n\t\t\t<h2><strong>Use as follows<\/strong><\/h2>\n\t\t\t\t\t<\/div>\n\t\t\t\t\t\t<\/div>\n\t\t\t\t<\/div>\n\t\t\t\t\t<\/div>\n\t\t\t\t<\/div>\n\t\t<div class=\"wd-negative-gap elementor-element elementor-element-7a6097c9 e-grid e-con-boxed e-con e-parent\" data-id=\"7a6097c9\" data-element_type=\"container\" data-e-type=\"container\">\n\t\t\t\t\t<div class=\"e-con-inner\">\n\t\t\t\t<div class=\"elementor-element elementor-element-4f2216a6 elementor-position-top elementor-widget elementor-widget-image-box\" data-id=\"4f2216a6\" data-element_type=\"widget\" data-e-type=\"widget\" data-widget_type=\"image-box.default\">\n\t\t\t\t<div class=\"elementor-widget-container\">\n\t\t\t\t\t<div class=\"elementor-image-box-wrapper\"><figure class=\"elementor-image-box-img\"><img loading=\"lazy\" decoding=\"async\" width=\"522\" height=\"494\" src=\"https:\/\/bioefekts.lv\/wp-content\/uploads\/2025\/02\/Instruction-Roka-ber.png\" class=\"attachment-full size-full wp-image-17944 wvs-archive-product-image\" alt=\"cilv\u0113ka roka st\u0101da izmantojot bioefekta produktu\" srcset=\"https:\/\/bioefekts.lv\/wp-content\/uploads\/2025\/02\/Instruction-Roka-ber.png 522w, https:\/\/bioefekts.lv\/wp-content\/uploads\/2025\/02\/Instruction-Roka-ber-430x407.png 430w, https:\/\/bioefekts.lv\/wp-content\/uploads\/2025\/02\/Instruction-Roka-ber-150x142.png 150w, https:\/\/bioefekts.lv\/wp-content\/uploads\/2025\/02\/Instruction-Roka-ber-317x300.png 317w\" sizes=\"auto, (max-width: 522px) 100vw, 522px\" \/><\/figure><div class=\"elementor-image-box-content\"><h3 class=\"elementor-image-box-title\">At the time of planting<\/h3><p class=\"elementor-image-box-description\">Apply 5-10 cm deep in the soil before planting the lilies or in the planting hole and plant the flowers directly on top of the preparation.<\/p><\/div><\/div>\t\t\t\t<\/div>\n\t\t\t\t<\/div>\n\t\t\t\t<div class=\"elementor-element elementor-element-29b274df elementor-position-top elementor-widget elementor-widget-image-box\" data-id=\"29b274df\" data-element_type=\"widget\" data-e-type=\"widget\" data-widget_type=\"image-box.default\">\n\t\t\t\t<div class=\"elementor-widget-container\">\n\t\t\t\t\t<div class=\"elementor-image-box-wrapper\"><figure class=\"elementor-image-box-img\"><img loading=\"lazy\" decoding=\"async\" width=\"522\" height=\"494\" src=\"https:\/\/bioefekts.lv\/wp-content\/uploads\/2025\/02\/instruction-Beram.png\" class=\"attachment-full size-full wp-image-17908 wvs-archive-product-image\" alt=\"bioefekta produkts pal\u012bdz auga aug\u0161an\u0101\" srcset=\"https:\/\/bioefekts.lv\/wp-content\/uploads\/2025\/02\/instruction-Beram.png 522w, https:\/\/bioefekts.lv\/wp-content\/uploads\/2025\/02\/instruction-Beram-430x407.png 430w, https:\/\/bioefekts.lv\/wp-content\/uploads\/2025\/02\/instruction-Beram-150x142.png 150w, https:\/\/bioefekts.lv\/wp-content\/uploads\/2025\/02\/instruction-Beram-317x300.png 317w\" sizes=\"auto, (max-width: 522px) 100vw, 522px\" \/><\/figure><div class=\"elementor-image-box-content\"><h3 class=\"elementor-image-box-title\">During the growing season<\/h3><p class=\"elementor-image-box-description\">repeatedly 2-3 times per season.<\/p><\/div><\/div>\t\t\t\t<\/div>\n\t\t\t\t<\/div>\n\t\t\t\t<div class=\"elementor-element elementor-element-5999cde9 elementor-position-top elementor-widget elementor-widget-image-box\" data-id=\"5999cde9\" data-element_type=\"widget\" data-e-type=\"widget\" data-widget_type=\"image-box.default\">\n\t\t\t\t<div class=\"elementor-widget-container\">\n\t\t\t\t\t<div class=\"elementor-image-box-wrapper\"><figure class=\"elementor-image-box-img\"><img loading=\"lazy\" decoding=\"async\" width=\"522\" height=\"494\" src=\"https:\/\/bioefekts.lv\/wp-content\/uploads\/2025\/02\/instruction-Lejkanna.png\" class=\"attachment-full size-full wp-image-17909 wvs-archive-product-image\" alt=\"bioefekta produkts apstr\u0101d\u0101 augu\" srcset=\"https:\/\/bioefekts.lv\/wp-content\/uploads\/2025\/02\/instruction-Lejkanna.png 522w, https:\/\/bioefekts.lv\/wp-content\/uploads\/2025\/02\/instruction-Lejkanna-430x407.png 430w, https:\/\/bioefekts.lv\/wp-content\/uploads\/2025\/02\/instruction-Lejkanna-150x142.png 150w, https:\/\/bioefekts.lv\/wp-content\/uploads\/2025\/02\/instruction-Lejkanna-317x300.png 317w\" sizes=\"auto, (max-width: 522px) 100vw, 522px\" \/><\/figure><div class=\"elementor-image-box-content\"><h3 class=\"elementor-image-box-title\">All season<\/h3><p class=\"elementor-image-box-description\">the soil around the roots of the plant should be kept moist so that the micro-organisms can multiply and do their work.<\/p><\/div><\/div>\t\t\t\t<\/div>\n\t\t\t\t<\/div>\n\t\t\t\t<div class=\"elementor-element elementor-element-50f60cd7 elementor-position-top elementor-widget elementor-widget-image-box\" data-id=\"50f60cd7\" data-element_type=\"widget\" data-e-type=\"widget\" data-widget_type=\"image-box.default\">\n\t\t\t\t<div class=\"elementor-widget-container\">\n\t\t\t\t\t<div class=\"elementor-image-box-wrapper\"><figure class=\"elementor-image-box-img\"><img loading=\"lazy\" decoding=\"async\" width=\"522\" height=\"494\" src=\"https:\/\/bioefekts.lv\/wp-content\/uploads\/2025\/01\/Usage-instruction-4.png\" class=\"attachment-full size-full wp-image-16690 wvs-archive-product-image\" alt=\"St\u0101ds aug\" srcset=\"https:\/\/bioefekts.lv\/wp-content\/uploads\/2025\/01\/Usage-instruction-4.png 522w, https:\/\/bioefekts.lv\/wp-content\/uploads\/2025\/01\/Usage-instruction-4-430x407.png 430w, https:\/\/bioefekts.lv\/wp-content\/uploads\/2025\/01\/Usage-instruction-4-150x142.png 150w, https:\/\/bioefekts.lv\/wp-content\/uploads\/2025\/01\/Usage-instruction-4-317x300.png 317w\" sizes=\"auto, (max-width: 522px) 100vw, 522px\" \/><\/figure><div class=\"elementor-image-box-content\"><h3 class=\"elementor-image-box-title\">Result<\/h3><p class=\"elementor-image-box-description\">The plant is healthy, blooms gloriously, forms strong root bulbs and overwinters well.<\/p><\/div><\/div>\t\t\t\t<\/div>\n\t\t\t\t<\/div>\n\t\t\t\t\t<\/div>\n\t\t\t\t<\/div>\n\t\t<div class=\"elementor-element elementor-element-298ce6c5 e-flex e-con-boxed e-con e-parent\" data-id=\"298ce6c5\" data-element_type=\"container\" data-e-type=\"container\">\n\t\t\t\t\t<div class=\"e-con-inner\">\n\t\t\t\t\t<\/div>\n\t\t\t\t<\/div>\n\t\t\t\t<\/div>\n\t\t","protected":false},"excerpt":{"rendered":"<ul>\n<li style=\"text-align: left\">Improves lily growth and flowering<\/li>\n<li style=\"text-align: left\">Enriches the soil<\/li>\n<li style=\"text-align: left\">Promotes the formation of quality root bulbs and successful overwintering<\/li>\n<li style=\"text-align: left\">Improves the plant&#8217;s ability to resist stress caused by adverse environmental conditions<\/li>\n<\/ul>\n","protected":false},"featured_media":18842,"comment_status":"open","ping_status":"closed","template":"","meta":{"om_disable_all_campaigns":false,"_monsterinsights_skip_tracking":false,"_monsterinsights_sitenote_active":false,"_monsterinsights_sitenote_note":"","_monsterinsights_sitenote_category":0},"product_brand":[],"product_cat":[224,218],"product_tag":[],"class_list":{"0":"post-19838","1":"product","2":"type-product","3":"status-publish","4":"has-post-thumbnail","6":"product_cat-for-ferns","7":"product_cat-for-the-garden","9":"first","10":"instock","11":"shipping-taxable","12":"purchasable","13":"product-type-variable","14":"has-default-attributes","15":"wvs-archive-product-wrapper"},"aioseo_notices":[],"_links":{"self":[{"href":"https:\/\/bioefekts.lv\/en\/wp-json\/wp\/v2\/product\/19838","targetHints":{"allow":["GET"]}}],"collection":[{"href":"https:\/\/bioefekts.lv\/en\/wp-json\/wp\/v2\/product"}],"about":[{"href":"https:\/\/bioefekts.lv\/en\/wp-json\/wp\/v2\/types\/product"}],"replies":[{"embeddable":true,"href":"https:\/\/bioefekts.lv\/en\/wp-json\/wp\/v2\/comments?post=19838"}],"version-history":[{"count":0,"href":"https:\/\/bioefekts.lv\/en\/wp-json\/wp\/v2\/product\/19838\/revisions"}],"wp:featuredmedia":[{"embeddable":true,"href":"https:\/\/bioefekts.lv\/en\/wp-json\/wp\/v2\/media\/18842"}],"wp:attachment":[{"href":"https:\/\/bioefekts.lv\/en\/wp-json\/wp\/v2\/media?parent=19838"}],"wp:term":[{"taxonomy":"product_brand","embeddable":true,"href":"https:\/\/bioefekts.lv\/en\/wp-json\/wp\/v2\/product_brand?post=19838"},{"taxonomy":"product_cat","embeddable":true,"href":"https:\/\/bioefekts.lv\/en\/wp-json\/wp\/v2\/product_cat?post=19838"},{"taxonomy":"product_tag","embeddable":true,"href":"https:\/\/bioefekts.lv\/en\/wp-json\/wp\/v2\/product_tag?post=19838"}],"curies":[{"name":"wp","href":"https:\/\/api.w.org\/{rel}","templated":true}]}}